{"id":1307,"date":"2018-05-18T14:57:00","date_gmt":"2018-05-18T11:57:00","guid":{"rendered":"https:\/\/www.viking-intl.com\/Viking-intl\/?page_id=1307"},"modified":"2026-02-20T20:52:35","modified_gmt":"2026-02-20T20:52:35","slug":"fluido-de-perforacion","status":"publish","type":"page","link":"https:\/\/viking-intl.com\/es\/drilling-fluid\/","title":{"rendered":"Fluido de perforaci\u00f3n"},"content":{"rendered":"<div id=\"pg-1307-0\"  class=\"panel-grid\" ><div class=\"panel-grid-core\"><div id=\"pgc-1307-0-0\"  class=\"panel-grid-cell\" ><\/div><div id=\"pgc-1307-0-1\"  class=\"panel-grid-cell\" ><div class=\"panel-widget-style\" ><div class=\"thinkupslider-sc style1\" data-height=\"248\"><div id=\"thinkupshortcodesthinkup_builder_thinkupslider\" class=\"thinkupslider-sc-core\"><div class=\"rslides-container\" data-speed=\"4000\"><div class=\"rslides-inner page-inner\"><ul class=\"slides\"><li><img decoding=\"async\" src=\"https:\/\/viking-intl.com\/wp-content\/themes\/Renden_Pro\/images\/transparent.png\" style=\"background: url(https:\/\/viking-intl.com\/wp-content\/uploads\/2024\/12\/Drillling-Fluid.jpg) no-repeat center; background-size: cover;\" alt=\"\" \/><div class=\"rslides-content\"><div class=\"wrap-safari\"><div class=\"rslides-content-inner\"><div class=\"featured\"><\/div><\/div><\/div><\/div><\/li><li><img decoding=\"async\" src=\"https:\/\/viking-intl.com\/wp-content\/themes\/Renden_Pro\/images\/transparent.png\" style=\"background: url(https:\/\/viking-intl.com\/wp-content\/uploads\/2024\/12\/Picture2.jpg) no-repeat center; background-size: cover;\" alt=\"\" \/><div class=\"rslides-content\"><div class=\"wrap-safari\"><div class=\"rslides-content-inner\"><div class=\"featured\"><\/div><\/div><\/div><\/div><\/li><li><img decoding=\"async\" src=\"https:\/\/viking-intl.com\/wp-content\/themes\/Renden_Pro\/images\/transparent.png\" style=\"background: url(https:\/\/viking-intl.com\/wp-content\/uploads\/2024\/12\/Picture4.jpg) no-repeat center; background-size: cover;\" alt=\"\" \/><div class=\"rslides-content\"><div class=\"wrap-safari\"><div class=\"rslides-content-inner\"><div class=\"featured\"><\/div><\/div><\/div><\/div><\/li><\/ul><\/div><\/div><\/div><\/div><\/div><\/div><div id=\"pgc-1307-0-2\"  class=\"panel-grid-cell\" ><\/div><\/div><\/div><div id=\"pg-1307-1\"  class=\"panel-grid\" ><div class=\"panel-grid-core\"><div id=\"pgc-1307-1-0\"  class=\"panel-grid-cell\" ><\/div><div id=\"pgc-1307-1-1\"  class=\"panel-grid-cell\" ><div class=\"panel-widget-style\" >\t\t\t<div class=\"textwidget\"><p>Viking International ofrece servicios de fluidos de perforaci\u00f3n con calidad comprobada desde 2010. El equipo de fluidos de perforaci\u00f3n ha dise\u00f1ado y aplicado soluciones para m\u00e1s de 200 proyectos de pozos de petr\u00f3leo y gas y 60 proyectos de pozos geot\u00e9rmicos en Turqu\u00eda. Tenemos un historial de satisfacci\u00f3n del cliente a largo plazo gracias a nuestra experiencia y capacidades operativas para adaptarnos a las diversas necesidades. El equipo de fluidos de perforaci\u00f3n de Viking ha mantenido una relaci\u00f3n operativa a largo plazo con numerosos operadores de petr\u00f3leo y gas y energ\u00eda geot\u00e9rmica gracias a su enfoque de establecer est\u00e1ndares m\u00e1s altos para los campos petroleros. Hasta la fecha, las soluciones ofrecidas han proporcionado avances observables para las operaciones de nuestros clientes. Sin embargo, Viking siempre lleva el rendimiento al siguiente nivel con actividades de investigaci\u00f3n y desarrollo para minimizar los efectos sobre el medio ambiente, los riesgos y los costos.<\/p>\n<p>\u201cIngeniero de lodos\u201d es el nombre que se le da a un individuo de una empresa de servicios en campos petroleros que tiene la tarea de mantener un sistema de fluido de perforaci\u00f3n o fluido de completamiento en una plataforma de perforaci\u00f3n de petr\u00f3leo y\/o gas. Este individuo generalmente trabaja para la empresa de fluidos de perforaci\u00f3n y est\u00e1 espec\u00edficamente capacitado en tecnolog\u00eda y productos qu\u00edmicos de fluidos de perforaci\u00f3n.<\/p>\n<ul>\n<li>Anticipar y determinar c\u00f3mo se comportar\u00e1n productos espec\u00edficos o combinaciones de productos de fluidos de perforaci\u00f3n en el entorno del pozo como parte del programa de lodos.<\/li>\n<li>Prepara programas de lodo.<\/li>\n<li>Servicios de ingenier\u00eda in situ para fluidos de perforaci\u00f3n y completamiento de pozos.<\/li>\n<li>Entregar productos de lodo de perforaci\u00f3n en la ubicaci\u00f3n del cliente.<\/li>\n<li>Optimizar el rendimiento de la perforaci\u00f3n y minimizar el riesgo asociado a problemas relacionados con los fluidos.<\/li>\n<li>Monitorear los sistemas de control de s\u00f3lidos.<\/li>\n<li>Control de presi\u00f3n.<\/li>\n<li>El costo del fluido de perforaci\u00f3n suele ser alrededor del 10% (puede variar mucho) del costo total de perforaci\u00f3n de un pozo.<\/li>\n<\/ul>\n<\/div>\n\t\t<\/div><\/div><div id=\"pgc-1307-1-2\"  class=\"panel-grid-cell\" ><\/div><\/div><\/div><div id=\"pg-1307-2\"  class=\"panel-grid\" ><div class=\"panel-grid-core\"><div id=\"pgc-1307-2-0\"  class=\"panel-grid-cell\" ><\/div><div id=\"pgc-1307-2-1\"  class=\"panel-grid-cell\" ><div class=\"panel-widget-style\" ><p><img decoding=\"async\" src=\"https:\/\/viking-intl.com\/wp-content\/uploads\/2026\/02\/Drilling-Fluid.png\" alt=\"\" ><\/p><\/div><\/div><div id=\"pgc-1307-2-2\"  class=\"panel-grid-cell\" ><\/div><\/div><\/div><div id=\"pg-1307-3\"  class=\"panel-grid\" ><div class=\"panel-grid-core\"><div id=\"pgc-1307-3-0\"  class=\"panel-grid-cell\" ><\/div><div id=\"pgc-1307-3-1\"  class=\"panel-grid-cell\" ><div class=\"panel-widget-style\" ><p><img decoding=\"async\" src=\"https:\/\/viking-intl.com\/wp-content\/uploads\/2024\/12\/Picture8.jpg\" alt=\"\" ><\/p><\/div><\/div><div id=\"pgc-1307-3-2\"  class=\"panel-grid-cell\" ><\/div><\/div><\/div>","protected":false},"excerpt":{"rendered":"<p>Viking International provides Drilling Fluids services with the proven quality since 2010, Drilling Fluids team has designed and applied solutions for more than 200 Oil &amp; Gas and 60 Geothermal wells projects in Turkey. We have a track record of long-term customer satisfaction with our expertise and operational capabilities to adapting varying needs. Viking Drilling<\/p>\n<p class=\"more-link\"><a href=\"https:\/\/viking-intl.com\/es\/drilling-fluid\/\" class=\"themebutton2\">Read More<\/a><\/p>","protected":false},"author":1,"featured_media":0,"parent":0,"menu_order":0,"comment_status":"closed","ping_status":"closed","template":"","meta":{"footnotes":""},"categories":[63],"tags":[],"class_list":["post-1307","page","type-page","status-publish","hentry","category-drilling-fluid"],"_links":{"self":[{"href":"https:\/\/viking-intl.com\/es\/wp-json\/wp\/v2\/pages\/1307","targetHints":{"allow":["GET"]}}],"collection":[{"href":"https:\/\/viking-intl.com\/es\/wp-json\/wp\/v2\/pages"}],"about":[{"href":"https:\/\/viking-intl.com\/es\/wp-json\/wp\/v2\/types\/page"}],"author":[{"embeddable":true,"href":"https:\/\/viking-intl.com\/es\/wp-json\/wp\/v2\/users\/1"}],"replies":[{"embeddable":true,"href":"https:\/\/viking-intl.com\/es\/wp-json\/wp\/v2\/comments?post=1307"}],"version-history":[{"count":6,"href":"https:\/\/viking-intl.com\/es\/wp-json\/wp\/v2\/pages\/1307\/revisions"}],"predecessor-version":[{"id":2052,"href":"https:\/\/viking-intl.com\/es\/wp-json\/wp\/v2\/pages\/1307\/revisions\/2052"}],"wp:attachment":[{"href":"https:\/\/viking-intl.com\/es\/wp-json\/wp\/v2\/media?parent=1307"}],"wp:term":[{"taxonomy":"category","embeddable":true,"href":"https:\/\/viking-intl.com\/es\/wp-json\/wp\/v2\/categories?post=1307"},{"taxonomy":"post_tag","embeddable":true,"href":"https:\/\/viking-intl.com\/es\/wp-json\/wp\/v2\/tags?post=1307"}],"curies":[{"name":"wp","href":"https:\/\/api.w.org\/{rel}","templated":true}]}}