{"id":270,"date":"2017-11-24T16:59:13","date_gmt":"2017-11-24T13:59:13","guid":{"rendered":"https:\/\/www.viking-intl.com\/Viking-intl\/?page_id=270"},"modified":"2026-02-19T13:12:50","modified_gmt":"2026-02-19T13:12:50","slug":"servicios-de-perforacion","status":"publish","type":"page","link":"https:\/\/viking-intl.com\/es\/products-services\/drilling-services\/","title":{"rendered":"Servicios de Perforaci\u00f3n"},"content":{"rendered":"<div id=\"pg-270-0\"  class=\"panel-grid\" ><div class=\"panel-grid-core\"><div id=\"pgc-270-0-0\"  class=\"panel-grid-cell\" ><\/div><div id=\"pgc-270-0-1\"  class=\"panel-grid-cell\" ><div class=\"panel-widget-style\" ><div class=\"thinkupslider-sc style1\" data-height=\"200\"><div id=\"thinkupshortcodesthinkup_builder_thinkupslider\" class=\"thinkupslider-sc-core\"><div class=\"rslides-container\" data-speed=\"4000\"><div class=\"rslides-inner page-inner\"><ul class=\"slides\"><li><img decoding=\"async\" src=\"https:\/\/viking-intl.com\/wp-content\/themes\/Renden_Pro\/images\/transparent.png\" style=\"background: url(https:\/\/viking-intl.com\/wp-content\/uploads\/2017\/11\/4-Raising-Substructure-on-Rig-I-10-in-No-Iraq_1st-picture_Randy-Arnold_VS_913.jpg) no-repeat center; background-size: cover;\" alt=\"\" \/><div class=\"rslides-content\"><div class=\"wrap-safari\"><div class=\"rslides-content-inner\"><div class=\"featured\"><\/div><\/div><\/div><\/div><\/li><li><img decoding=\"async\" src=\"https:\/\/viking-intl.com\/wp-content\/themes\/Renden_Pro\/images\/transparent.png\" style=\"background: url(https:\/\/viking-intl.com\/wp-content\/uploads\/2024\/12\/29-Rig-31-Delvina-Albania_Hugo-Egas_VS_0314-1.jpg) no-repeat center; background-size: cover;\" alt=\"\" \/><div class=\"rslides-content\"><div class=\"wrap-safari\"><div class=\"rslides-content-inner\"><div class=\"featured\"><\/div><\/div><\/div><\/div><\/li><\/ul><\/div><\/div><\/div><\/div><\/div><\/div><div id=\"pgc-270-0-2\"  class=\"panel-grid-cell\" ><\/div><\/div><\/div><div id=\"pg-270-1\"  class=\"panel-grid\" ><div class=\"panel-grid-core\"><div id=\"pgc-270-1-0\"  class=\"panel-grid-cell\" ><\/div><div id=\"pgc-270-1-1\"  class=\"panel-grid-cell\" ><div class=\"panel-widget-style\" ><div class=\"customtitle style5\"><h3 style=\"font-weight: 700;font-style: normal;\"><span>Equipos de Perforaci\u00f3n por Contrato<\/span><\/h3><\/div><\/div><\/div><div id=\"pgc-270-1-2\"  class=\"panel-grid-cell\" ><\/div><\/div><\/div><div id=\"pg-270-2\"  class=\"panel-grid\" ><div class=\"panel-grid-core\"><div id=\"pgc-270-2-0\"  class=\"panel-grid-cell\" ><\/div><div id=\"pgc-270-2-1\"  class=\"panel-grid-cell\" ><div class=\"panel-widget-style\" >\t\t\t<div class=\"textwidget\"><p>Viking Services proporciona servicios de perforaci\u00f3n por contrato en tierra con una flota en constante expansi\u00f3n de plataformas de perforaci\u00f3n terrestres comercializables que operan principalmente en las regiones productoras de petr\u00f3leo y gas natural dentro de las \u00e1reas MENA y CEE. El equipo de Servicios de Perforaci\u00f3n de Viking est\u00e1 orientado al rendimiento, proporcionando equipos tecnol\u00f3gicamente avanzados, amplia experiencia en la industria, un entorno operativo seguro y servicio de calidad a nuestros clientes en la industria mundial del petr\u00f3leo y el gas.<\/p>\n<p>Continuamos invirtiendo en nuestra flota de equipos de perforaci\u00f3n, mejorando as\u00ed la calidad y versatilidad de los equipos de Viking Services mediante la actualizaci\u00f3n y\/o adquisici\u00f3n de equipos altamente especializados que se prestan a la reconfiguraci\u00f3n para nuevas aplicaciones de perforaci\u00f3n necesarias para explotar los avances tecnol\u00f3gicos. Dise\u00f1amos y construimos equipos para satisfacer las necesidades de perforaci\u00f3n de pozos en diferentes \u00e1reas operativas.<\/p>\n<p>Nos comprometemos a superar los requisitos de eficiencia, seguridad y calidad de perforaci\u00f3n de nuestros clientes. Nos guiamos por los siguientes principios: las personas son nuestro mayor activo, la seguridad es nuestra principal responsabilidad, y la disciplina financiera y la excelencia operativa son nuestra \u00e9tica de trabajo.<\/p>\n<p>Nuestra tecnolog\u00eda, experiencia y equipos de alta calidad nos ayudan a ofrecer resultados en proyectos de perforaci\u00f3n desafiantes y a satisfacer las estrictas demandas de los clientes. Dise\u00f1amos equipos con funciones automatizadas que reducen el tiempo no productivo y aumentan la seguridad al eliminar peligros operativos y distanciar a las personas de \u00e1reas peligrosas.<\/p>\n<\/div>\n\t\t<\/div><\/div><div id=\"pgc-270-2-2\"  class=\"panel-grid-cell\" ><\/div><\/div><\/div><div id=\"pg-270-3\"  class=\"panel-grid\" ><div class=\"panel-grid-core\"><div id=\"pgc-270-3-0\"  class=\"panel-grid-cell\" ><\/div><div id=\"pgc-270-3-1\"  class=\"panel-grid-cell\" ><div class=\"panel-widget-style\" ><div class=\"divider\"><\/div><\/div><\/div><div id=\"pgc-270-3-2\"  class=\"panel-grid-cell\" ><\/div><\/div><\/div><div id=\"pg-270-4\"  class=\"panel-grid\" ><div class=\"panel-grid-core\"><div id=\"pgc-270-4-0\"  class=\"panel-grid-cell\" ><\/div><div id=\"pgc-270-4-1\"  class=\"panel-grid-cell\" ><\/div><div id=\"pgc-270-4-2\"  class=\"panel-grid-cell\" ><div class=\"panel-widget-style\" ><div class=\"services-builder style1\"><div class=\"iconimage\"><a href=\"https:\/\/viking-intl.com\/es\/productos-servicios\/servicios-de-perforacion\/perforacion\/\"><img decoding=\"async\" src=\"https:\/\/viking-intl.com\/wp-content\/uploads\/2024\/12\/Rig-I-31-Delvina-Albania_Erol-Diniz_VS_0614-1.jpg\" alt=\"Servicios de Perforaci\u00f3n\" \/><\/a><\/div><div class=\"iconmain\"><h3>Servicios de Perforaci\u00f3n<\/h3><p class=\"iconurl\"><a href=\"https:\/\/viking-intl.com\/es\/productos-servicios\/servicios-de-perforacion\/perforacion\/\">Leer m\u00e1s<\/a><\/p><\/div><\/div><\/div><\/div><div id=\"pgc-270-4-3\"  class=\"panel-grid-cell\" ><\/div><div id=\"pgc-270-4-4\"  class=\"panel-grid-cell\" ><\/div><\/div><\/div>","protected":false},"excerpt":{"rendered":"<p>Contract Drilling Rigs Viking Services provides onshore contract drilling services with an ever-expanding fleet of marketable land-based drilling rigs that operate primarily in the oil and natural gas producing regions within the MENA and CEE areas. Viking\u2019s Drilling Services team is performance-oriented, providing technologically advanced equipment, extensive industry experience, a safe operating environment, and quality<\/p>\n<p class=\"more-link\"><a href=\"https:\/\/viking-intl.com\/es\/products-services\/drilling-services\/\" class=\"themebutton2\">Read More<\/a><\/p>","protected":false},"author":1,"featured_media":0,"parent":287,"menu_order":0,"comment_status":"closed","ping_status":"closed","template":"","meta":{"footnotes":""},"categories":[],"tags":[3,4],"class_list":["post-270","page","type-page","status-publish","hentry","tag-drilling","tag-drilling-services"],"_links":{"self":[{"href":"https:\/\/viking-intl.com\/es\/wp-json\/wp\/v2\/pages\/270","targetHints":{"allow":["GET"]}}],"collection":[{"href":"https:\/\/viking-intl.com\/es\/wp-json\/wp\/v2\/pages"}],"about":[{"href":"https:\/\/viking-intl.com\/es\/wp-json\/wp\/v2\/types\/page"}],"author":[{"embeddable":true,"href":"https:\/\/viking-intl.com\/es\/wp-json\/wp\/v2\/users\/1"}],"replies":[{"embeddable":true,"href":"https:\/\/viking-intl.com\/es\/wp-json\/wp\/v2\/comments?post=270"}],"version-history":[{"count":7,"href":"https:\/\/viking-intl.com\/es\/wp-json\/wp\/v2\/pages\/270\/revisions"}],"predecessor-version":[{"id":2015,"href":"https:\/\/viking-intl.com\/es\/wp-json\/wp\/v2\/pages\/270\/revisions\/2015"}],"up":[{"embeddable":true,"href":"https:\/\/viking-intl.com\/es\/wp-json\/wp\/v2\/pages\/287"}],"wp:attachment":[{"href":"https:\/\/viking-intl.com\/es\/wp-json\/wp\/v2\/media?parent=270"}],"wp:term":[{"taxonomy":"category","embeddable":true,"href":"https:\/\/viking-intl.com\/es\/wp-json\/wp\/v2\/categories?post=270"},{"taxonomy":"post_tag","embeddable":true,"href":"https:\/\/viking-intl.com\/es\/wp-json\/wp\/v2\/tags?post=270"}],"curies":[{"name":"wp","href":"https:\/\/api.w.org\/{rel}","templated":true}]}}