{"id":273,"date":"2017-11-24T17:03:24","date_gmt":"2017-11-24T14:03:24","guid":{"rendered":"https:\/\/www.viking-intl.com\/Viking-intl\/?page_id=273"},"modified":"2026-02-26T07:20:12","modified_gmt":"2026-02-26T07:20:12","slug":"servicios-energeticos","status":"publish","type":"page","link":"https:\/\/viking-intl.com\/es\/products-services\/energy-services\/","title":{"rendered":"Servicios Energ\u00e9ticos"},"content":{"rendered":"<div id=\"pg-273-0\"  class=\"panel-grid\" ><div class=\"panel-grid-core\"><div id=\"pgc-273-0-0\"  class=\"panel-grid-cell\" ><\/div><div id=\"pgc-273-0-1\"  class=\"panel-grid-cell\" ><div class=\"panel-widget-style\" ><div class=\"thinkupslider-sc style1\" data-height=\"200\"><div id=\"thinkupshortcodesthinkup_builder_thinkupslider\" class=\"thinkupslider-sc-core\"><div class=\"rslides-container\" data-speed=\"4000\"><div class=\"rslides-inner page-inner\"><ul class=\"slides\"><li><img decoding=\"async\" src=\"https:\/\/viking-intl.com\/wp-content\/themes\/Renden_Pro\/images\/transparent.png\" style=\"background: url(https:\/\/viking-intl.com\/wp-content\/uploads\/2024\/12\/8-Fracturing.jpg) no-repeat center; background-size: cover;\" alt=\"\" \/><div class=\"rslides-content\"><div class=\"wrap-safari\"><div class=\"rslides-content-inner\"><div class=\"featured\"><\/div><\/div><\/div><\/div><\/li><li><img decoding=\"async\" src=\"https:\/\/viking-intl.com\/wp-content\/themes\/Renden_Pro\/images\/transparent.png\" style=\"background: url(https:\/\/viking-intl.com\/wp-content\/uploads\/2024\/12\/7-Wireline-1.jpg) no-repeat center; background-size: cover;\" alt=\"\" \/><div class=\"rslides-content\"><div class=\"wrap-safari\"><div class=\"rslides-content-inner\"><div class=\"featured\"><\/div><\/div><\/div><\/div><\/li><li><img decoding=\"async\" src=\"https:\/\/viking-intl.com\/wp-content\/themes\/Renden_Pro\/images\/transparent.png\" style=\"background: url(https:\/\/viking-intl.com\/wp-content\/uploads\/2017\/11\/Kay-I-16-Well_Murat-Akbay_VS_0614_Modified.jpg) no-repeat center; background-size: cover;\" alt=\"\" \/><div class=\"rslides-content\"><div class=\"wrap-safari\"><div class=\"rslides-content-inner\"><div class=\"featured\"><\/div><\/div><\/div><\/div><\/li><\/ul><\/div><\/div><\/div><\/div><\/div><\/div><div id=\"pgc-273-0-2\"  class=\"panel-grid-cell\" ><\/div><\/div><\/div><div id=\"pg-273-1\"  class=\"panel-grid\" ><div class=\"panel-grid-core\"><div id=\"pgc-273-1-0\"  class=\"panel-grid-cell\" ><\/div><div id=\"pgc-273-1-1\"  class=\"panel-grid-cell\" ><div class=\"panel-widget-style\" ><div class=\"customtitle style5\"><h3 style=\"font-weight: 700;font-style: normal;\"><span>Contrato de servicios energ\u00e9ticos<\/span><\/h3><\/div><\/div><\/div><div id=\"pgc-273-1-2\"  class=\"panel-grid-cell\" ><\/div><\/div><\/div><div id=\"pg-273-2\"  class=\"panel-grid\" ><div class=\"panel-grid-core\"><div id=\"pgc-273-2-0\"  class=\"panel-grid-cell\" ><\/div><div id=\"pgc-273-2-1\"  class=\"panel-grid-cell\" ><div class=\"panel-widget-style\" >\t\t\t<div class=\"textwidget\"><p>La divisi\u00f3n de Servicios Energ\u00e9ticos de Viking Services ofrece soluciones integrales y de alto rendimiento para pozos, dise\u00f1adas para dar soporte al ciclo de vida completo de las operaciones de petr\u00f3leo y gas natural. Nuestros productos de Servicios Energ\u00e9ticos se enfocan en optimizar la construcci\u00f3n, completaci\u00f3n, intervenci\u00f3n y producci\u00f3n de pozos a trav\u00e9s de servicios t\u00e9cnicos especializados y equipos de campo avanzados.<\/p>\n<p>Nuestro equipo de Servicios Energ\u00e9ticos ofrece servicios de Cementaci\u00f3n, Estimulaci\u00f3n y Tuber\u00eda Flexible, Perforaci\u00f3n Direccional y Cable El\u00e9ctrico que mejoran la integridad del pozo, maximizan el rendimiento del yacimiento y aumentan la eficiencia operativa. Respaldados por personal experimentado y una s\u00f3lida cultura de seguridad, ejecutamos cada servicio con precisi\u00f3n, fiabilidad y un compromiso con la calidad.<\/p>\n<p>Nuestras soluciones de cementaci\u00f3n garantizan el aislamiento zonal y la integridad del pozo a largo plazo. Nuestros servicios de estimulaci\u00f3n e intervenci\u00f3n con tuber\u00eda flexible mejoran la productividad del yacimiento y proporcionan capacidades de intervenci\u00f3n flexibles. Las tecnolog\u00edas de perforaci\u00f3n direccional permiten una ubicaci\u00f3n precisa del pozo para maximizar la exposici\u00f3n del yacimiento, mientras que nuestros servicios de cable el\u00e9ctrico proporcionan datos cr\u00edticos del pozo y un soporte de completaci\u00f3n eficiente.<\/p>\n<p>En Viking Services, la seguridad sigue siendo nuestra principal responsabilidad, y nuestra gente es nuestro mayor activo. A trav\u00e9s de operaciones disciplinadas, experiencia t\u00e9cnica y dise\u00f1o de equipos innovadores, ayudamos a los clientes a reducir el tiempo improductivo, mitigar riesgos y lograr resultados de rendimiento superiores. Nuestros productos de Servicios Energ\u00e9ticos est\u00e1n dise\u00f1ados para cumplir con los estrictos requisitos de los clientes, al tiempo que brindan resultados confiables en entornos operativos desafiantes.<\/p>\n<\/div>\n\t\t<\/div><\/div><div id=\"pgc-273-2-2\"  class=\"panel-grid-cell\" ><\/div><\/div><\/div><div id=\"pg-273-3\"  class=\"panel-grid\" ><div class=\"panel-grid-core\"><div id=\"pgc-273-3-0\"  class=\"panel-grid-cell\" ><\/div><div id=\"pgc-273-3-1\"  class=\"panel-grid-cell\" ><div class=\"panel-widget-style\" ><div class=\"divider\"><\/div><\/div><\/div><div id=\"pgc-273-3-2\"  class=\"panel-grid-cell\" ><\/div><\/div><\/div><div id=\"pg-273-4\"  class=\"panel-grid\" ><div class=\"panel-grid-core\"><div id=\"pgc-273-4-0\"  class=\"panel-grid-cell\" ><\/div><div id=\"pgc-273-4-1\"  class=\"panel-grid-cell\" ><div class=\"panel-widget-style\" ><div class=\"sc-featured sc-carousel\"><div class=\"entry-header\"><a href=\"https:\/\/viking-intl.com\/es\/productos-servicios\/servicios-energeticos\/servicios-de-acidificacion\/\"><img decoding=\"async\" src=\"https:\/\/viking-intl.com\/wp-content\/uploads\/2024\/12\/9-Acidizing.jpg\" \/><div class=\"image-overlay overlay2\"><div class=\"image-overlay-inner\"><div class=\"prettyphoto-wrap\"><span><i class=\"fa fa-briefcase\"><\/i><\/span><\/div><\/div><\/div><\/a><\/div><h3>Servicios de acidificaci\u00f3n<\/h3><\/div><\/div><\/div><div id=\"pgc-273-4-2\"  class=\"panel-grid-cell\" ><div class=\"panel-widget-style\" ><div class=\"sc-featured sc-carousel\"><div class=\"entry-header\"><a href=\"https:\/\/viking-intl.com\/es\/productos-servicios\/servicios-energeticos\/servicios-de-cementacion\/\"><img decoding=\"async\" src=\"https:\/\/viking-intl.com\/wp-content\/uploads\/2024\/12\/10-Cementing.jpg\" \/><div class=\"image-overlay overlay2\"><div class=\"image-overlay-inner\"><div class=\"prettyphoto-wrap\"><span><i class=\"fa fa-briefcase\"><\/i><\/span><\/div><\/div><\/div><\/a><\/div><h3>Servicios de cementaci\u00f3n<\/h3><\/div><\/div><\/div><div id=\"pgc-273-4-3\"  class=\"panel-grid-cell\" ><div class=\"panel-widget-style\" ><div class=\"sc-featured sc-carousel\"><div class=\"entry-header\"><a href=\"https:\/\/viking-intl.com\/es\/productos-servicios\/servicios-energeticos\/tubo-flexible\/\"><img decoding=\"async\" src=\"https:\/\/viking-intl.com\/wp-content\/uploads\/2024\/12\/13-Coil-Tubing.jpg\" \/><div class=\"image-overlay overlay2\"><div class=\"image-overlay-inner\"><div class=\"prettyphoto-wrap\"><span><i class=\"fa fa-briefcase\"><\/i><\/span><\/div><\/div><\/div><\/a><\/div><h3>Tubing flexible<\/h3><\/div><\/div><\/div><div id=\"pgc-273-4-4\"  class=\"panel-grid-cell\" ><\/div><\/div><\/div><div id=\"pg-273-5\"  class=\"panel-grid\" ><div class=\"panel-grid-core\"><div id=\"pgc-273-5-0\"  class=\"panel-grid-cell\" ><\/div><div id=\"pgc-273-5-1\"  class=\"panel-grid-cell\" ><div class=\"panel-widget-style\" ><div class=\"sc-featured sc-carousel\"><div class=\"entry-header\"><a href=\"https:\/\/viking-intl.com\/es\/productos-servicios\/servicios-energeticos\/servicios-de-finalizacion\/\"><img decoding=\"async\" src=\"https:\/\/viking-intl.com\/wp-content\/uploads\/2024\/12\/Company_8-300x109.jpg\" \/><div class=\"image-overlay overlay2\"><div class=\"image-overlay-inner\"><div class=\"prettyphoto-wrap\"><span><i class=\"fa fa-briefcase\"><\/i><\/span><\/div><\/div><\/div><\/a><\/div><h3>Servicios de finalizaci\u00f3n<\/h3><\/div><\/div><\/div><div id=\"pgc-273-5-2\"  class=\"panel-grid-cell\" ><div class=\"panel-widget-style\" ><div class=\"sc-featured sc-carousel\"><div class=\"entry-header\"><a href=\"https:\/\/viking-intl.com\/es\/fluido-de-perforacion\/\"><img decoding=\"async\" src=\"https:\/\/viking-intl.com\/wp-content\/uploads\/2024\/12\/Drillling-Fluid-1.jpg\" \/><div class=\"image-overlay overlay2\"><div class=\"image-overlay-inner\"><div class=\"prettyphoto-wrap\"><span><i class=\"fa fa-briefcase\"><\/i><\/span><\/div><\/div><\/div><\/a><\/div><h3>Fluido de perforaci\u00f3n<\/h3><\/div><\/div><\/div><div id=\"pgc-273-5-3\"  class=\"panel-grid-cell\" ><div class=\"panel-widget-style\" ><div class=\"sc-featured sc-carousel\"><div class=\"entry-header\"><a href=\"https:\/\/viking-intl.com\/es\/productos-servicios\/servicios-de-perforacion\/servicios-de-perforacion-direccional\/\"><img decoding=\"async\" src=\"https:\/\/viking-intl.com\/wp-content\/uploads\/2024\/12\/6-Directional_Drilling-1-300x109.jpg\" \/><div class=\"image-overlay overlay2\"><div class=\"image-overlay-inner\"><div class=\"prettyphoto-wrap\"><span><i class=\"fa fa-briefcase\"><\/i><\/span><\/div><\/div><\/div><\/a><\/div><h3>Perforaci\u00f3n direccional<\/h3><\/div><\/div><\/div><div id=\"pgc-273-5-4\"  class=\"panel-grid-cell\" ><\/div><\/div><\/div><div id=\"pg-273-6\"  class=\"panel-grid\" ><div class=\"panel-grid-core\"><div id=\"pgc-273-6-0\"  class=\"panel-grid-cell\" ><\/div><div id=\"pgc-273-6-1\"  class=\"panel-grid-cell\" ><div class=\"panel-widget-style\" ><div class=\"sc-featured sc-carousel\"><div class=\"entry-header\"><a href=\"https:\/\/viking-intl.com\/es\/productos-servicios\/servicios-energeticos\/servicios-de-dragado\/\"><img decoding=\"async\" src=\"https:\/\/viking-intl.com\/wp-content\/uploads\/2024\/12\/5-Mudlogging.jpg\" \/><div class=\"image-overlay overlay2\"><div class=\"image-overlay-inner\"><div class=\"prettyphoto-wrap\"><span><i class=\"fa fa-briefcase\"><\/i><\/span><\/div><\/div><\/div><\/a><\/div><h3>Servicios de Lodos de Perforaci\u00f3n<\/h3><\/div><\/div><\/div><div id=\"pgc-273-6-2\"  class=\"panel-grid-cell\" ><div class=\"panel-widget-style\" ><div class=\"sc-featured sc-carousel\"><div class=\"entry-header\"><a href=\"https:\/\/viking-intl.com\/es\/productos-servicios\/servicios-energeticos\/cable\/\"><img decoding=\"async\" src=\"https:\/\/viking-intl.com\/wp-content\/uploads\/2024\/12\/VDI11_Thrace_1042Header.jpg\" \/><div class=\"image-overlay overlay2\"><div class=\"image-overlay-inner\"><div class=\"prettyphoto-wrap\"><span><i class=\"fa fa-briefcase\"><\/i><\/span><\/div><\/div><\/div><\/a><\/div><h3>Servicios de Cable El\u00e9ctrico<\/h3><\/div><\/div><\/div><div id=\"pgc-273-6-3\"  class=\"panel-grid-cell\" ><\/div><div id=\"pgc-273-6-4\"  class=\"panel-grid-cell\" ><\/div><\/div><\/div><div id=\"pg-273-7\"  class=\"panel-grid\" ><div class=\"panel-grid-core\"><div id=\"pgc-273-7-0\"  class=\"panel-grid-cell\" ><\/div><div id=\"pgc-273-7-1\"  class=\"panel-grid-cell\" ><\/div><div id=\"pgc-273-7-2\"  class=\"panel-grid-cell\" ><\/div><div id=\"pgc-273-7-3\"  class=\"panel-grid-cell\" ><\/div><div id=\"pgc-273-7-4\"  class=\"panel-grid-cell\" ><\/div><\/div><\/div>","protected":false},"excerpt":{"rendered":"<p>Contract Energy Services Viking Services\u2019 Energy Services division delivers integrated, high-performance well solutions designed to support the full lifecycle of oil and natural gas operations. Our Energy Services products focus on optimizing well construction, completion, intervention, and production through specialized technical services and advanced field equipment. Our Energy Services team provides Cementing, Stimulation and Coiled<\/p>\n<p class=\"more-link\"><a href=\"https:\/\/viking-intl.com\/es\/products-services\/energy-services\/\" class=\"themebutton2\">Read More<\/a><\/p>","protected":false},"author":1,"featured_media":0,"parent":287,"menu_order":0,"comment_status":"closed","ping_status":"closed","template":"","meta":{"footnotes":""},"categories":[6],"tags":[5,7],"class_list":["post-273","page","type-page","status-publish","hentry","category-energy-services","tag-energy-services","tag-products-services"],"_links":{"self":[{"href":"https:\/\/viking-intl.com\/es\/wp-json\/wp\/v2\/pages\/273","targetHints":{"allow":["GET"]}}],"collection":[{"href":"https:\/\/viking-intl.com\/es\/wp-json\/wp\/v2\/pages"}],"about":[{"href":"https:\/\/viking-intl.com\/es\/wp-json\/wp\/v2\/types\/page"}],"author":[{"embeddable":true,"href":"https:\/\/viking-intl.com\/es\/wp-json\/wp\/v2\/users\/1"}],"replies":[{"embeddable":true,"href":"https:\/\/viking-intl.com\/es\/wp-json\/wp\/v2\/comments?post=273"}],"version-history":[{"count":13,"href":"https:\/\/viking-intl.com\/es\/wp-json\/wp\/v2\/pages\/273\/revisions"}],"predecessor-version":[{"id":1995,"href":"https:\/\/viking-intl.com\/es\/wp-json\/wp\/v2\/pages\/273\/revisions\/1995"}],"up":[{"embeddable":true,"href":"https:\/\/viking-intl.com\/es\/wp-json\/wp\/v2\/pages\/287"}],"wp:attachment":[{"href":"https:\/\/viking-intl.com\/es\/wp-json\/wp\/v2\/media?parent=273"}],"wp:term":[{"taxonomy":"category","embeddable":true,"href":"https:\/\/viking-intl.com\/es\/wp-json\/wp\/v2\/categories?post=273"},{"taxonomy":"post_tag","embeddable":true,"href":"https:\/\/viking-intl.com\/es\/wp-json\/wp\/v2\/tags?post=273"}],"curies":[{"name":"wp","href":"https:\/\/api.w.org\/{rel}","templated":true}]}}