{"id":288,"date":"2017-11-24T17:16:59","date_gmt":"2017-11-24T14:16:59","guid":{"rendered":"https:\/\/www.viking-intl.com\/Viking-intl\/?page_id=288"},"modified":"2026-02-20T21:25:10","modified_gmt":"2026-02-20T21:25:10","slug":"carreras","status":"publish","type":"page","link":"https:\/\/viking-intl.com\/es\/careers\/","title":{"rendered":"Carreras"},"content":{"rendered":"<div id=\"pg-288-0\"  class=\"panel-grid\" ><div class=\"panel-grid-core\"><div id=\"pgc-288-0-0\"  class=\"panel-grid-cell\" ><\/div><div id=\"pgc-288-0-1\"  class=\"panel-grid-cell\" ><div class=\"panel-widget-style\" ><div class=\"thinkupslider-sc style1\" data-height=\"200\"><div id=\"thinkupshortcodesthinkup_builder_thinkupslider\" class=\"thinkupslider-sc-core\"><div class=\"rslides-container\" data-speed=\"6000\"><div class=\"rslides-inner page-inner\"><ul class=\"slides\"><li><img decoding=\"async\" src=\"https:\/\/viking-intl.com\/wp-content\/themes\/Renden_Pro\/images\/transparent.png\" style=\"background: url(https:\/\/viking-intl.com\/wp-content\/uploads\/2024\/12\/7-Wireline.jpg) no-repeat center; background-size: cover;\" alt=\"\" \/><div class=\"rslides-content\"><div class=\"wrap-safari\"><div class=\"rslides-content-inner\"><div class=\"featured\"><\/div><\/div><\/div><\/div><\/li><\/ul><\/div><\/div><\/div><\/div><\/div><\/div><div id=\"pgc-288-0-2\"  class=\"panel-grid-cell\" ><\/div><\/div><\/div><div id=\"pg-288-1\"  class=\"panel-grid\" ><div class=\"panel-grid-core\"><div id=\"pgc-288-1-0\"  class=\"panel-grid-cell\" ><\/div><div id=\"pgc-288-1-1\"  class=\"panel-grid-cell\" ><div class=\"panel-widget-style\" >\t\t\t<div class=\"textwidget\"><p>Viking Services logra el \u00e9xito mundial gracias a su gente extraordinaria. Su papel en la industria energ\u00e9tica se atribuye a su equipo de profesionales petroleros experimentados y multinacionales y a sus servicios integrados de gesti\u00f3n de proyectos. La mayor\u00eda del personal est\u00e1 capacitado en m\u00faltiples disciplinas para mejorar los servicios a los clientes y aumentar las oportunidades de desarrollo profesional.<\/p>\n<p>La creciente presencia de Viking en sus regiones de operaci\u00f3n exige la incorporaci\u00f3n de personas con experiencia y reci\u00e9n graduados para satisfacer las crecientes demandas de las industrias y los consumidores.<\/p>\n<p>Los futuros empleados deben ser automotivados, conscientes de la salud y la seguridad, interesados en el crecimiento y el reconocimiento, y comprometidos a ayudar a las empresas de exploraci\u00f3n y producci\u00f3n a crecer y prosperar.<\/p>\n<p>Viking ofrece planes de compensaci\u00f3n competitivos y creativos, puestos rotativos y de residente permanente, planes de jubilaci\u00f3n, seguros y planes de participaci\u00f3n en las ganancias.<\/p>\n<\/div>\n\t\t<\/div><\/div><div id=\"pgc-288-1-2\"  class=\"panel-grid-cell\" ><\/div><\/div><\/div><div id=\"pg-288-2\"  class=\"panel-grid\" ><div class=\"panel-grid-core\"><div id=\"pgc-288-2-0\"  class=\"panel-grid-cell\" ><\/div><div id=\"pgc-288-2-1\"  class=\"panel-grid-cell\" ><div class=\"panel-widget-style\" >\t\t\t<div class=\"textwidget\"><h3>Para informaci\u00f3n de empleo contacte a:\u00a0<a href=\"mailto:jobs@viking-intl.com\">jobs@viking-intl.com<\/a><\/h3>\n<\/div>\n\t\t<\/div><\/div><div id=\"pgc-288-2-2\"  class=\"panel-grid-cell\" ><\/div><\/div><\/div>","protected":false},"excerpt":{"rendered":"<p>Viking\u00a0Services achieves worldwide success because of its extraordinary people. Its role in the energy industry is attributable to its team of experienced, multi-national oilfield professionals and its integrated project management services. Most personnel are trained in multiple disciplines to enhance services to customers and increase career path opportunities. Viking\u2019s growing presence throughout its operating regions<\/p>\n<p class=\"more-link\"><a href=\"https:\/\/viking-intl.com\/es\/careers\/\" class=\"themebutton2\">Read More<\/a><\/p>","protected":false},"author":1,"featured_media":0,"parent":0,"menu_order":0,"comment_status":"closed","ping_status":"closed","template":"","meta":{"footnotes":""},"categories":[12],"tags":[13],"class_list":["post-288","page","type-page","status-publish","hentry","category-carrers","tag-carrers"],"_links":{"self":[{"href":"https:\/\/viking-intl.com\/es\/wp-json\/wp\/v2\/pages\/288","targetHints":{"allow":["GET"]}}],"collection":[{"href":"https:\/\/viking-intl.com\/es\/wp-json\/wp\/v2\/pages"}],"about":[{"href":"https:\/\/viking-intl.com\/es\/wp-json\/wp\/v2\/types\/page"}],"author":[{"embeddable":true,"href":"https:\/\/viking-intl.com\/es\/wp-json\/wp\/v2\/users\/1"}],"replies":[{"embeddable":true,"href":"https:\/\/viking-intl.com\/es\/wp-json\/wp\/v2\/comments?post=288"}],"version-history":[{"count":3,"href":"https:\/\/viking-intl.com\/es\/wp-json\/wp\/v2\/pages\/288\/revisions"}],"predecessor-version":[{"id":2074,"href":"https:\/\/viking-intl.com\/es\/wp-json\/wp\/v2\/pages\/288\/revisions\/2074"}],"wp:attachment":[{"href":"https:\/\/viking-intl.com\/es\/wp-json\/wp\/v2\/media?parent=288"}],"wp:term":[{"taxonomy":"category","embeddable":true,"href":"https:\/\/viking-intl.com\/es\/wp-json\/wp\/v2\/categories?post=288"},{"taxonomy":"post_tag","embeddable":true,"href":"https:\/\/viking-intl.com\/es\/wp-json\/wp\/v2\/tags?post=288"}],"curies":[{"name":"wp","href":"https:\/\/api.w.org\/{rel}","templated":true}]}}