{"id":337,"date":"2017-11-28T15:32:11","date_gmt":"2017-11-28T12:32:11","guid":{"rendered":"https:\/\/www.viking-intl.com\/Viking-intl\/?page_id=337"},"modified":"2026-02-25T14:37:08","modified_gmt":"2026-02-25T14:37:08","slug":"home-page","status":"publish","type":"page","link":"https:\/\/viking-intl.com\/es\/","title":{"rendered":"Inicio"},"content":{"rendered":"<div id=\"pg-337-0\"  class=\"panel-grid\" ><div class=\"panel-grid-core\"><div id=\"pgc-337-0-0\"  class=\"panel-grid-cell\" ><\/div><div id=\"pgc-337-0-1\"  class=\"panel-grid-cell\" ><div class=\"panel-widget-style\" ><div class=\"customtitle style5\"><h1 style=\"font-size: 26px;font-weight: 700;font-style: normal;margin-bottom: 14px;\"><span>NUESTRA CARTERA<\/span><\/h1><\/div><\/div><\/div><div id=\"pgc-337-0-2\"  class=\"panel-grid-cell\" ><\/div><\/div><\/div><div id=\"pg-337-1\"  class=\"panel-grid\" ><div class=\"panel-grid-core\"><div id=\"pgc-337-1-0\"  class=\"panel-grid-cell\" ><\/div><div id=\"pgc-337-1-1\"  class=\"panel-grid-cell\" ><div class=\"panel-widget-style\" ><div class=\"services-builder style1\"><div class=\"iconimage\"><a href=\"https:\/\/viking-intl.com\/es\/productos-servicios\/servicios-de-perforacion\/\"><img decoding=\"async\" src=\"https:\/\/viking-intl.com\/wp-content\/uploads\/2024\/12\/RIG-I-31-ALBANIA-_-Onur-Demirag_VS_0414.jpg\" alt=\"SERVICIOS DE PERFORACI\u00d3N\" \/><\/a><\/div><div class=\"iconmain\"><h3>SERVICIOS DE PERFORACI\u00d3N<\/h3><p>Viking Services proporciona servicios de perforaci\u00f3n por contrato en tierra con una flota en constante expansi\u00f3n de plataformas de perforaci\u00f3n terrestres comercializables que operan principalmente en las regiones productoras de petr\u00f3leo y gas natural dentro de las \u00e1reas MENA y CEE. El equipo de Servicios de Perforaci\u00f3n de Viking est\u00e1 orientado al rendimiento, proporcionando equipos tecnol\u00f3gicamente avanzados, amplia experiencia en la industria, un entorno operativo seguro y servicio de calidad a nuestros clientes en la industria mundial del petr\u00f3leo y el gas.<\/p>\n<p class=\"iconurl\"><a href=\"https:\/\/viking-intl.com\/es\/productos-servicios\/servicios-de-perforacion\/\">Leer m\u00e1s...<\/a><\/p><\/div><\/div><\/div><\/div><div id=\"pgc-337-1-2\"  class=\"panel-grid-cell\" ><div class=\"panel-widget-style\" ><div class=\"services-builder style1\"><div class=\"iconimage\"><a href=\"https:\/\/viking-intl.com\/es\/productos-servicios\/servicios-energeticos\/\"><img decoding=\"async\" src=\"https:\/\/viking-intl.com\/wp-content\/uploads\/2024\/12\/31-BTD-4H-Multi-Stage-Foam-Frac-10-Stages-Sohrat-Baki-1_VS_1013.jpg\" alt=\"SERVICIOS DE ENERG\u00cdA\" \/><\/a><\/div><div class=\"iconmain\"><h3>SERVICIOS DE ENERG\u00cdA<\/h3><p>La divisi\u00f3n de Servicios de Energ\u00eda de Viking Services ofrece soluciones integrales de alto rendimiento para pozos, dise\u00f1adas para respaldar el ciclo de vida completo de las operaciones de petr\u00f3leo y gas natural. Nuestros productos de Servicios de Energ\u00eda se centran en optimizar la construcci\u00f3n, completaci\u00f3n, intervenci\u00f3n y producci\u00f3n de pozos a trav\u00e9s de servicios t\u00e9cnicos especializados y equipos de campo avanzados. Nuestro equipo de Servicios de Energ\u00eda ofrece servicios de cementaci\u00f3n, estimulaci\u00f3n y tuber\u00eda flexible, perforaci\u00f3n direccional y de cable.<\/p>\n<p class=\"iconurl\"><a href=\"https:\/\/viking-intl.com\/es\/productos-servicios\/servicios-energeticos\/\">Leer m\u00e1s...<\/a><\/p><\/div><\/div><\/div><\/div><div id=\"pgc-337-1-3\"  class=\"panel-grid-cell\" ><\/div><\/div><\/div><div id=\"pg-337-2\"  class=\"panel-grid\" ><div class=\"panel-grid-core\"><div id=\"pgc-337-2-0\"  class=\"panel-grid-cell\" ><\/div><div id=\"pgc-337-2-1\"  class=\"panel-grid-cell\" ><div class=\"panel-widget-style\" ><div class=\"services-builder style1\"><div class=\"iconimage\"><a href=\"https:\/\/viking-intl.com\/es\/productos-servicios\/servicios-geofisicos\/\"><img decoding=\"async\" src=\"https:\/\/viking-intl.com\/wp-content\/uploads\/2024\/12\/51-VGS-1-Big-Molla-3D-Diyarbakir-2-Hulki-Ozkul_VS_1213-1-scaled.jpg\" alt=\"SERVICIOS GEOF\u00cdSICOS\" \/><\/a><\/div><div class=\"iconmain\"><h3>SERVICIOS GEOF\u00cdSICOS<\/h3><p>Servicios Geof\u00edsicos Ac\u00fasticos (AGS) es una empresa propiedad de Viking Services. Servicios Geof\u00edsicos Ac\u00fasticos re\u00fane un equipo de los profesionales m\u00e1s experimentados de la industria para ofrecer servicios de adquisici\u00f3n s\u00edsmica de clase mundial. Aprovechando la \u00faltima tecnolog\u00eda y equipo, combinado con un enfoque operativo personalizado e innovador, garantizamos la m\u00e1s alta calidad a un precio competitivo.<\/p>\n<p class=\"iconurl\"><a href=\"https:\/\/viking-intl.com\/es\/productos-servicios\/servicios-geofisicos\/\">Leer m\u00e1s...<\/a><\/p><\/div><\/div><\/div><\/div><div id=\"pgc-337-2-2\"  class=\"panel-grid-cell\" ><div class=\"panel-widget-style\" ><div class=\"services-builder style1\"><div class=\"iconimage\"><a href=\"https:\/\/viking-intl.com\/es\/productos-servicios\/gestion-integrada-de-proyectos\/\"><img decoding=\"async\" src=\"https:\/\/viking-intl.com\/wp-content\/uploads\/2017\/11\/6-Nozzle_CeylanGurses_VS_1213-1-1-scaled.jpg\" alt=\"GESTI\u00d3N INTEGRADA DE PROYECTOS\" \/><\/a><\/div><div class=\"iconmain\"><h3>GESTI\u00d3N INTEGRADA DE PROYECTOS<\/h3><p>Viking Services ofrece un equipo experimentado de gesti\u00f3n de proyectos en el n\u00facleo de su negocio con el \u00fanico prop\u00f3sito de lograr una mayor producci\u00f3n, mejorar la eficiencia y reducir los costos operativos. El grupo IPM opera en todas las l\u00edneas de productos, actuando como el punto focal clave para cualquier cliente que busque soporte t\u00e9cnico y una diversa gama de soluciones integradas para pozos.<\/p>\n<p class=\"iconurl\"><a href=\"https:\/\/viking-intl.com\/es\/productos-servicios\/gestion-integrada-de-proyectos\/\">Leer m\u00e1s...<\/a><\/p><\/div><\/div><\/div><\/div><div id=\"pgc-337-2-3\"  class=\"panel-grid-cell\" ><\/div><\/div><\/div><div id=\"pg-337-3\"  class=\"panel-grid\" ><div class=\"panel-grid-core\"><div id=\"pgc-337-3-0\"  class=\"panel-grid-cell\" ><\/div><div id=\"pgc-337-3-1\"  class=\"panel-grid-cell\" ><div class=\"panel-widget-style\" ><div class=\"customtitle style5\"><h1 style=\"font-size: 26px;font-weight: 700;font-style: normal;margin-bottom: 14px;\"><span>NUESTROS CLIENTES<\/span><\/h1><\/div><\/div><\/div><div id=\"pgc-337-3-2\"  class=\"panel-grid-cell\" ><\/div><\/div><\/div><div id=\"pg-337-4\"  class=\"panel-grid\" ><div class=\"panel-grid-core\"><div id=\"pgc-337-4-0\"  class=\"panel-grid-cell\" ><\/div><div id=\"pgc-337-4-1\"  class=\"panel-grid-cell\" ><div class=\"panel-widget-style\" ><div class=\"animated start-bounceIn\" title=\"3\"><div class=\"entry-header\"><img decoding=\"async\" src=\"https:\/\/viking-intl.com\/wp-content\/uploads\/2017\/12\/TPAO-1.jpg\" \/><\/div><\/div><div class=\"clearboth\"><\/div><\/div><\/div><div id=\"pgc-337-4-2\"  class=\"panel-grid-cell\" ><div class=\"panel-widget-style\" ><div class=\"animated start-bounceIn\" title=\"3\"><div class=\"entry-header\"><img decoding=\"async\" src=\"https:\/\/viking-intl.com\/wp-content\/uploads\/2026\/02\/TPIC.png\" \/><\/div><\/div><div class=\"clearboth\"><\/div><\/div><\/div><div id=\"pgc-337-4-3\"  class=\"panel-grid-cell\" ><div class=\"panel-widget-style\" ><div class=\"animated start-bounceIn\" title=\"3\"><div class=\"entry-header\"><img decoding=\"async\" src=\"https:\/\/viking-intl.com\/wp-content\/uploads\/2017\/12\/TransAtlantic.png\" \/><\/div><\/div><div class=\"clearboth\"><\/div><\/div><\/div><div id=\"pgc-337-4-4\"  class=\"panel-grid-cell\" ><div class=\"panel-widget-style\" ><div class=\"entry-header\"><img decoding=\"async\" src=\"https:\/\/viking-intl.com\/wp-content\/uploads\/2026\/02\/Botas.png\" \/><\/div><\/div><\/div><div id=\"pgc-337-4-5\"  class=\"panel-grid-cell\" ><\/div><\/div><\/div><div id=\"pg-337-5\"  class=\"panel-grid\" ><div class=\"panel-grid-core\"><div id=\"pgc-337-5-0\"  class=\"panel-grid-cell\" ><\/div><div id=\"pgc-337-5-1\"  class=\"panel-grid-cell\" ><div class=\"panel-widget-style\" ><div class=\"entry-header\"><img decoding=\"async\" src=\"https:\/\/viking-intl.com\/wp-content\/uploads\/2026\/02\/Arar-logo-scaled.png\" \/><\/div><\/div><\/div><div id=\"pgc-337-5-2\"  class=\"panel-grid-cell\" ><div class=\"panel-widget-style\" ><div class=\"animated start-bounceIn\" title=\"3\"><div class=\"entry-header\"><img decoding=\"async\" src=\"https:\/\/viking-intl.com\/wp-content\/uploads\/2026\/02\/Sanko.jpg\" \/><\/div><\/div><div class=\"clearboth\"><\/div><\/div><\/div><div id=\"pgc-337-5-3\"  class=\"panel-grid-cell\" ><div class=\"panel-widget-style\" ><div class=\"animated start-bounceIn\" title=\"3\"><div class=\"entry-header\"><img decoding=\"async\" src=\"https:\/\/viking-intl.com\/wp-content\/uploads\/2026\/02\/TBNG.jpg\" \/><\/div><\/div><div class=\"clearboth\"><\/div><\/div><\/div><div id=\"pgc-337-5-4\"  class=\"panel-grid-cell\" ><div class=\"panel-widget-style\" ><div class=\"animated start-bounceIn\" title=\"3\"><div class=\"entry-header\"><img decoding=\"async\" src=\"https:\/\/viking-intl.com\/wp-content\/uploads\/2026\/02\/Zorlu-Enerji.jpg\" \/><\/div><\/div><div class=\"clearboth\"><\/div><\/div><\/div><div id=\"pgc-337-5-5\"  class=\"panel-grid-cell\" ><div class=\"panel-widget-style\" ><div class=\"animated start-bounceIn\" title=\"3\"><div class=\"entry-header\"><img decoding=\"async\" src=\"https:\/\/viking-intl.com\/wp-content\/uploads\/2026\/02\/Soyak.jpg\" \/><\/div><\/div><div class=\"clearboth\"><\/div><\/div><\/div><div id=\"pgc-337-5-6\"  class=\"panel-grid-cell\" ><div class=\"panel-widget-style\" ><div class=\"entry-header\"><img decoding=\"async\" src=\"https:\/\/viking-intl.com\/wp-content\/uploads\/2026\/02\/Greeneco.jpg\" \/><\/div><\/div><\/div><div id=\"pgc-337-5-7\"  class=\"panel-grid-cell\" ><div class=\"panel-widget-style\" ><div class=\"entry-header\"><img decoding=\"async\" src=\"https:\/\/viking-intl.com\/wp-content\/uploads\/2026\/02\/Turkeler-scaled.png\" \/><\/div><\/div><\/div><div id=\"pgc-337-5-8\"  class=\"panel-grid-cell\" ><\/div><\/div><\/div><div id=\"pg-337-6\"  class=\"panel-grid\" ><div class=\"panel-grid-core\"><div id=\"pgc-337-6-0\"  class=\"panel-grid-cell\" ><\/div><div id=\"pgc-337-6-1\"  class=\"panel-grid-cell\" ><div class=\"panel-widget-style\" ><div class=\"entry-header\"><img decoding=\"async\" src=\"https:\/\/viking-intl.com\/wp-content\/uploads\/2026\/02\/Calik.jpg\" \/><\/div><\/div><\/div><div id=\"pgc-337-6-2\"  class=\"panel-grid-cell\" ><div class=\"panel-widget-style\" ><div class=\"entry-header\"><img decoding=\"async\" src=\"https:\/\/viking-intl.com\/wp-content\/uploads\/2026\/02\/oceanmec-logo.png\" \/><\/div><\/div><\/div><div id=\"pgc-337-6-3\"  class=\"panel-grid-cell\" ><div class=\"panel-widget-style\" ><div class=\"entry-header\"><img decoding=\"async\" src=\"https:\/\/viking-intl.com\/wp-content\/uploads\/2026\/02\/Kocaer.jpg\" \/><\/div><\/div><\/div><div id=\"pgc-337-6-4\"  class=\"panel-grid-cell\" ><div class=\"panel-widget-style\" ><div class=\"entry-header\"><img decoding=\"async\" src=\"https:\/\/viking-intl.com\/wp-content\/uploads\/2026\/02\/Atli.png\" \/><\/div><\/div><\/div><div id=\"pgc-337-6-5\"  class=\"panel-grid-cell\" ><div class=\"panel-widget-style\" ><div class=\"entry-header\"><img decoding=\"async\" src=\"https:\/\/viking-intl.com\/wp-content\/uploads\/2026\/02\/MasPo.png\" \/><\/div><\/div><\/div><div id=\"pgc-337-6-6\"  class=\"panel-grid-cell\" ><div class=\"panel-widget-style\" ><div class=\"entry-header\"><img decoding=\"async\" src=\"https:\/\/viking-intl.com\/wp-content\/uploads\/2026\/02\/Hez.png\" \/><\/div><\/div><\/div><div id=\"pgc-337-6-7\"  class=\"panel-grid-cell\" ><div class=\"panel-widget-style\" ><div class=\"entry-header\"><img decoding=\"async\" src=\"https:\/\/viking-intl.com\/wp-content\/uploads\/2026\/02\/Azure.png\" \/><\/div><\/div><\/div><div id=\"pgc-337-6-8\"  class=\"panel-grid-cell\" ><\/div><\/div><\/div><div id=\"pg-337-7\"  class=\"panel-grid\" ><div class=\"panel-grid-core\"><div id=\"pgc-337-7-0\"  class=\"panel-grid-cell\" ><\/div><div id=\"pgc-337-7-1\"  class=\"panel-grid-cell\" ><div class=\"panel-widget-style\" ><div class=\"entry-header\"><img decoding=\"async\" src=\"https:\/\/viking-intl.com\/wp-content\/uploads\/2026\/02\/Celikler-1.jpg\" \/><\/div><\/div><\/div><div id=\"pgc-337-7-2\"  class=\"panel-grid-cell\" ><div class=\"panel-widget-style\" ><div class=\"entry-header\"><img decoding=\"async\" src=\"https:\/\/viking-intl.com\/wp-content\/uploads\/2026\/02\/Gurmat-1.png\" \/><\/div><\/div><\/div><div id=\"pgc-337-7-3\"  class=\"panel-grid-cell\" ><div class=\"panel-widget-style\" ><div class=\"entry-header\"><img decoding=\"async\" src=\"https:\/\/viking-intl.com\/wp-content\/uploads\/2026\/02\/Marsa-1.png\" \/><\/div><\/div><\/div><div id=\"pgc-337-7-4\"  class=\"panel-grid-cell\" ><div class=\"panel-widget-style\" ><div class=\"entry-header\"><img decoding=\"async\" src=\"https:\/\/viking-intl.com\/wp-content\/uploads\/2026\/02\/Indigo-1.png\" \/><\/div><\/div><\/div><div id=\"pgc-337-7-5\"  class=\"panel-grid-cell\" ><div class=\"panel-widget-style\" ><div class=\"entry-header\"><img decoding=\"async\" src=\"https:\/\/viking-intl.com\/wp-content\/uploads\/2026\/02\/Ictas-1.png\" \/><\/div><\/div><\/div><div id=\"pgc-337-7-6\"  class=\"panel-grid-cell\" ><div class=\"panel-widget-style\" ><div class=\"entry-header\"><img decoding=\"async\" src=\"https:\/\/viking-intl.com\/wp-content\/uploads\/2026\/02\/gyp-1.png\" \/><\/div><\/div><\/div><div id=\"pgc-337-7-7\"  class=\"panel-grid-cell\" ><div class=\"panel-widget-style\" ><div class=\"entry-header\"><img decoding=\"async\" src=\"https:\/\/viking-intl.com\/wp-content\/uploads\/2026\/02\/gmklogo.png\" \/><\/div><\/div><\/div><div id=\"pgc-337-7-8\"  class=\"panel-grid-cell\" ><div class=\"panel-widget-style\" ><div class=\"entry-header\"><img decoding=\"async\" src=\"https:\/\/viking-intl.com\/wp-content\/uploads\/2026\/02\/EE.jpg\" \/><\/div><\/div><\/div><div id=\"pgc-337-7-9\"  class=\"panel-grid-cell\" ><\/div><\/div><\/div>","protected":false},"excerpt":{"rendered":"<p>OUR PORTFOLIODRILLING SERVICESViking Services provides onshore contract drilling services with an ever-expanding fleet of marketable land-based drilling rigs that operate primarily in the oil and natural gas producing regions within the MENA and CEE areas. Viking\u2019s Drilling Services team is performance-oriented, providing technologically advanced equipment, extensive industry experience, a safe operating environment, and quality service<\/p>\n<p class=\"more-link\"><a href=\"https:\/\/viking-intl.com\/es\/\" class=\"themebutton2\">Read More<\/a><\/p>","protected":false},"author":1,"featured_media":0,"parent":0,"menu_order":0,"comment_status":"closed","ping_status":"closed","template":"template-parallax.php","meta":{"footnotes":""},"categories":[],"tags":[17,18],"class_list":["post-337","page","type-page","status-publish","hentry","tag-viking-international","tag-viking-services"],"_links":{"self":[{"href":"https:\/\/viking-intl.com\/es\/wp-json\/wp\/v2\/pages\/337","targetHints":{"allow":["GET"]}}],"collection":[{"href":"https:\/\/viking-intl.com\/es\/wp-json\/wp\/v2\/pages"}],"about":[{"href":"https:\/\/viking-intl.com\/es\/wp-json\/wp\/v2\/types\/page"}],"author":[{"embeddable":true,"href":"https:\/\/viking-intl.com\/es\/wp-json\/wp\/v2\/users\/1"}],"replies":[{"embeddable":true,"href":"https:\/\/viking-intl.com\/es\/wp-json\/wp\/v2\/comments?post=337"}],"version-history":[{"count":29,"href":"https:\/\/viking-intl.com\/es\/wp-json\/wp\/v2\/pages\/337\/revisions"}],"predecessor-version":[{"id":1816,"href":"https:\/\/viking-intl.com\/es\/wp-json\/wp\/v2\/pages\/337\/revisions\/1816"}],"wp:attachment":[{"href":"https:\/\/viking-intl.com\/es\/wp-json\/wp\/v2\/media?parent=337"}],"wp:term":[{"taxonomy":"category","embeddable":true,"href":"https:\/\/viking-intl.com\/es\/wp-json\/wp\/v2\/categories?post=337"},{"taxonomy":"post_tag","embeddable":true,"href":"https:\/\/viking-intl.com\/es\/wp-json\/wp\/v2\/tags?post=337"}],"curies":[{"name":"wp","href":"https:\/\/api.w.org\/{rel}","templated":true}]}}