{"id":381,"date":"2017-11-29T10:24:48","date_gmt":"2017-11-29T07:24:48","guid":{"rendered":"https:\/\/www.viking-intl.com\/Viking-intl\/?page_id=381"},"modified":"2026-02-20T21:24:33","modified_gmt":"2026-02-20T21:24:33","slug":"cable","status":"publish","type":"page","link":"https:\/\/viking-intl.com\/es\/products-services\/energy-services\/wireline\/","title":{"rendered":"Servicios de Cable El\u00e9ctrico"},"content":{"rendered":"<div id=\"pg-381-0\"  class=\"panel-grid\" ><div class=\"panel-grid-core\"><div id=\"pgc-381-0-0\"  class=\"panel-grid-cell\" ><\/div><div id=\"pgc-381-0-1\"  class=\"panel-grid-cell\" ><div class=\"panel-widget-style\" ><div class=\"thinkupslider-sc style1\" data-height=\"200\"><div id=\"thinkupshortcodesthinkup_builder_thinkupslider\" class=\"thinkupslider-sc-core\"><div class=\"rslides-container\" data-speed=\"6000\"><div class=\"rslides-inner page-inner\"><ul class=\"slides\"><li><img decoding=\"async\" src=\"https:\/\/viking-intl.com\/wp-content\/themes\/Renden_Pro\/images\/transparent.png\" style=\"background: url(https:\/\/viking-intl.com\/wp-content\/uploads\/2024\/12\/VDI11_Thrace_1042Header-1.jpg) no-repeat center; background-size: cover;\" alt=\"\" \/><div class=\"rslides-content\"><div class=\"wrap-safari\"><div class=\"rslides-content-inner\"><div class=\"featured\"><\/div><\/div><\/div><\/div><\/li><\/ul><\/div><\/div><\/div><\/div><\/div><\/div><div id=\"pgc-381-0-2\"  class=\"panel-grid-cell\" ><\/div><\/div><\/div><div id=\"pg-381-1\"  class=\"panel-grid\" ><div class=\"panel-grid-core\"><div id=\"pgc-381-1-0\"  class=\"panel-grid-cell\" ><\/div><div id=\"pgc-381-1-1\"  class=\"panel-grid-cell\" ><div class=\"panel-widget-style\" >\t\t\t<div class=\"textwidget\"><p align=\"JUSTIFY\">Viking Services se destaca en todas las facetas de los servicios de cable de pozo entubado. Ofrecemos una l\u00ednea completa de productos y servicios que incluyen registro, perforaci\u00f3n, recuperaci\u00f3n de tuber\u00edas y servicios mec\u00e1nicos.<\/p>\n<p align=\"JUSTIFY\">Viking Services tiene una combinaci\u00f3n ganadora de amplia experiencia en pozos, planificaci\u00f3n adecuada, equipo de alta calidad y personal altamente calificado, con la seguridad como nuestra principal prioridad. Nuestros ingenieros expertos emplean la tecnolog\u00eda apropiada utilizando equipos confiables y probados para obtener los resultados que nuestros clientes exigen; ya sea en un pozo de rutina o en una operaci\u00f3n desafiante de control de presi\u00f3n. El personal de Viking Services es conocido por su innovaci\u00f3n y creatividad para resolver problemas de fondo de pozo de manera r\u00e1pida y sin comprometer la seguridad.<\/p>\n<p>Viking Services construy\u00f3 su reputaci\u00f3n ofreciendo servicios de registro de calidad a la industria del petr\u00f3leo y el gas. Adquirimos nuestros datos utilizando los Sistemas de Adquisici\u00f3n de Registros de Pozos Warrior, que son reconocidos en toda la industria por su precisi\u00f3n y fiabilidad incluso en las condiciones m\u00e1s extremas.<\/p>\n<\/div>\n\t\t<\/div><\/div><div id=\"pgc-381-1-2\"  class=\"panel-grid-cell\" ><\/div><\/div><\/div><div id=\"pg-381-2\"  class=\"panel-grid\" ><div class=\"panel-grid-core\"><div id=\"pgc-381-2-0\"  class=\"panel-grid-cell\" ><\/div><div id=\"pgc-381-2-1\"  class=\"panel-grid-cell\" ><div class=\"panel-widget-style\" ><p><img decoding=\"async\" src=\"https:\/\/viking-intl.com\/wp-content\/uploads\/2026\/02\/Casehole.png\" alt=\"\" ><\/p><\/div><div class=\"panel-widget-style\" ><p><img decoding=\"async\" src=\"https:\/\/viking-intl.com\/wp-content\/uploads\/2026\/02\/Wireline-Slickline-Services.png\" alt=\"\" ><\/p><\/div><\/div><div id=\"pgc-381-2-2\"  class=\"panel-grid-cell\" ><\/div><\/div><\/div>","protected":false},"excerpt":{"rendered":"<p>Viking Services excels in all facets of Cased Hole Wireline Services. We provide a complete line of products and services including logging, perforating, pipe recovery, and mechanical services. Viking Services has a winning combination of extensive well site experience, proper planning, high-quality equipment, and highly skilled personnel, with safety as our first priority. Our expert<\/p>\n<p class=\"more-link\"><a href=\"https:\/\/viking-intl.com\/es\/products-services\/energy-services\/wireline\/\" class=\"themebutton2\">Read More<\/a><\/p>","protected":false},"author":1,"featured_media":0,"parent":273,"menu_order":0,"comment_status":"closed","ping_status":"closed","template":"","meta":{"footnotes":""},"categories":[22],"tags":[23],"class_list":["post-381","page","type-page","status-publish","hentry","category-wireline","tag-wireline"],"_links":{"self":[{"href":"https:\/\/viking-intl.com\/es\/wp-json\/wp\/v2\/pages\/381","targetHints":{"allow":["GET"]}}],"collection":[{"href":"https:\/\/viking-intl.com\/es\/wp-json\/wp\/v2\/pages"}],"about":[{"href":"https:\/\/viking-intl.com\/es\/wp-json\/wp\/v2\/types\/page"}],"author":[{"embeddable":true,"href":"https:\/\/viking-intl.com\/es\/wp-json\/wp\/v2\/users\/1"}],"replies":[{"embeddable":true,"href":"https:\/\/viking-intl.com\/es\/wp-json\/wp\/v2\/comments?post=381"}],"version-history":[{"count":4,"href":"https:\/\/viking-intl.com\/es\/wp-json\/wp\/v2\/pages\/381\/revisions"}],"predecessor-version":[{"id":2072,"href":"https:\/\/viking-intl.com\/es\/wp-json\/wp\/v2\/pages\/381\/revisions\/2072"}],"up":[{"embeddable":true,"href":"https:\/\/viking-intl.com\/es\/wp-json\/wp\/v2\/pages\/273"}],"wp:attachment":[{"href":"https:\/\/viking-intl.com\/es\/wp-json\/wp\/v2\/media?parent=381"}],"wp:term":[{"taxonomy":"category","embeddable":true,"href":"https:\/\/viking-intl.com\/es\/wp-json\/wp\/v2\/categories?post=381"},{"taxonomy":"post_tag","embeddable":true,"href":"https:\/\/viking-intl.com\/es\/wp-json\/wp\/v2\/tags?post=381"}],"curies":[{"name":"wp","href":"https:\/\/api.w.org\/{rel}","templated":true}]}}