{"id":555,"date":"2017-12-01T10:14:41","date_gmt":"2017-12-01T07:14:41","guid":{"rendered":"https:\/\/www.viking-intl.com\/Viking-intl\/?page_id=555"},"modified":"2026-02-20T11:40:28","modified_gmt":"2026-02-20T11:40:28","slug":"historia","status":"publish","type":"page","link":"https:\/\/viking-intl.com\/es\/our-company\/history\/","title":{"rendered":"Historia"},"content":{"rendered":"<div id=\"pg-555-0\"  class=\"panel-grid\" ><div class=\"panel-grid-core\"><div id=\"pgc-555-0-0\"  class=\"panel-grid-cell\" ><\/div><div id=\"pgc-555-0-1\"  class=\"panel-grid-cell\" ><div class=\"panel-widget-style\" ><div class=\"thinkupslider-sc style1\" data-height=\"200\"><div id=\"thinkupshortcodesthinkup_builder_thinkupslider\" class=\"thinkupslider-sc-core\"><div class=\"rslides-container\" data-speed=\"6000\"><div class=\"rslides-inner page-inner\"><ul class=\"slides\"><li><img decoding=\"async\" src=\"https:\/\/viking-intl.com\/wp-content\/themes\/Renden_Pro\/images\/transparent.png\" style=\"background: url(https:\/\/viking-intl.com\/wp-content\/uploads\/2024\/12\/Company_7.jpg) no-repeat center; background-size: cover;\" alt=\"\" \/><div class=\"rslides-content\"><div class=\"wrap-safari\"><div class=\"rslides-content-inner\"><div class=\"featured\"><\/div><\/div><\/div><\/div><\/li><\/ul><\/div><\/div><\/div><\/div><\/div><\/div><div id=\"pgc-555-0-2\"  class=\"panel-grid-cell\" ><\/div><\/div><\/div><div id=\"pg-555-1\"  class=\"panel-grid\" ><div class=\"panel-grid-core\"><div id=\"pgc-555-1-0\"  class=\"panel-grid-cell\" ><\/div><div id=\"pgc-555-1-1\"  class=\"panel-grid-cell\" ><div class=\"panel-widget-style\" ><div class=\"customtitle style5\"><h3 style=\"font-weight: 700;font-style: normal;\"><span>La Evoluci\u00f3n de Viking<\/span><\/h3><\/div><\/div><\/div><div id=\"pgc-555-1-2\"  class=\"panel-grid-cell\" ><\/div><\/div><\/div><div id=\"pg-555-2\"  class=\"panel-grid\" ><div class=\"panel-grid-core\"><div id=\"pgc-555-2-0\"  class=\"panel-grid-cell\" ><\/div><div id=\"pgc-555-2-1\"  class=\"panel-grid-cell\" ><div class=\"panel-widget-style\" >\t\t\t<div class=\"textwidget\"><p><strong>Fortaleciendo a trav\u00e9s de la Transformaci\u00f3n Estrat\u00e9gica<\/strong><\/p>\n<p>El viaje de Viking Services se define por el crecimiento estrat\u00e9gico, la ejecuci\u00f3n disciplinada y un compromiso claro con la creaci\u00f3n de valor a largo plazo. Desde sus inicios operativos hasta su liderazgo actual en el mercado, Viking ha evolucionado continuamente para satisfacer las cambiantes din\u00e1micas de la industria de servicios energ\u00e9ticos.<\/p>\n<p><strong>Fundaci\u00f3n y Establecimiento (2008-2011)<\/strong><\/p>\n<p>Las operaciones de Viking comenzaron en Turqu\u00eda y el norte de Irak como parte de las actividades regionales del Transatlantic Group. Reconociendo la oportunidad de construir una plataforma dedicada de servicios petroleros, Viking Services se estableci\u00f3 formalmente para gestionar y expandir estas operaciones.<\/p>\n<p><strong>Fortalecimiento de la Base de Accionistas (2012-2016)<\/strong><\/p>\n<p>En 2012, Abraaj Group adquiri\u00f3 una participaci\u00f3n del 50% en Viking Services de Transatlantic Group, marcando la primera gran inversi\u00f3n institucional de la compa\u00f1\u00eda y sentando las bases para un crecimiento estructurado.<\/p>\n<p>En 2013, BXR Group adquiri\u00f3 una participaci\u00f3n del 40% en Viking Services de Abraaj.<\/p>\n<p>En 2016, Abraaj y BXR adquirieron conjuntamente el% restante de Transatlantic Group, consolidando la propiedad y posicionando a Viking para una expansi\u00f3n acelerada bajo la gesti\u00f3n institucional.<\/p>\n<p>En 2016, el nombramiento de Ahmed Lotfy como CEO marc\u00f3 una transici\u00f3n de liderazgo fundamental. Se form\u00f3 un nuevo equipo directivo, que introdujo un enfoque operativo y una direcci\u00f3n estrat\u00e9gica renovados.<\/p>\n<p><strong>Transici\u00f3n a la propiedad de Actis (2019)<\/strong><\/p>\n<p>Para 2019, Actis se hizo cargo del Abraaj Global Fund, convirti\u00e9ndose as\u00ed en el inversor controlador de Viking Services. Esta transici\u00f3n reforz\u00f3 la estructura de gobierno de Viking y fortaleci\u00f3 su respaldo de capital.<\/p>\n<p>Este a\u00f1o, Actis asumi\u00f3 la gesti\u00f3n integral de Viking Services, brindando estabilidad y claridad estrat\u00e9gica durante un per\u00edodo de volatilidad del mercado.<\/p>\n<p><strong>Resiliencia y Reenfoque Estrat\u00e9gico (2020-2022)<\/strong><\/p>\n<p>Durante la pandemia de COVID-19 (2020-2021), Viking implement\u00f3 estrictas medidas de gesti\u00f3n de costos para salvaguardar la resiliencia operativa y proteger la sostenibilidad a largo plazo.<\/p>\n<p>En 2022, la compa\u00f1\u00eda reenfoc\u00f3 estrat\u00e9gicamente sus actividades en Turqu\u00eda, volviendo a una estrategia central de servicios de petr\u00f3leo y gas y alej\u00e1ndose de las operaciones geot\u00e9rmicas. Este cambio aline\u00f3 a Viking m\u00e1s estrechamente con sus competencias centrales y oportunidades de mercado.<\/p>\n<p><strong>Reorganizaci\u00f3n y Expansi\u00f3n de Mercado (2023\u20132025)<\/strong><\/p>\n<p>En 2023, la participaci\u00f3n minoritaria de BXR fue adquirida por SPV 122, lo que result\u00f3 en que Viking Services fuera 100% administrada por Actis. Entre 2023 y 2024, Viking inici\u00f3 una reorganizaci\u00f3n legal integral para mejorar la eficiencia operativa y optimizar las estructuras de gobernanza.<\/p>\n<p>En 2025, se formaliz\u00f3 una nueva estrategia corporativa centrada en Turqu\u00eda para guiar el crecimiento posterior a la reorganizaci\u00f3n. Esta estrategia enfatiza el liderazgo en el mercado, la excelencia operativa y la expansi\u00f3n sostenible.<\/p>\n<p>Como parte de esta pr\u00f3xima fase, Viking ha ampliado su cuota de mercado a trav\u00e9s de la colaboraci\u00f3n con TPAO, al tiempo que ha salido estrat\u00e9gicamente de operaciones en Rumania e Irak del Norte para concentrar recursos en su mercado principal de Turqu\u00eda.<\/p>\n<p><strong>Mirando hacia el futuro<\/strong><\/p>\n<p>Viking Services se erige hoy como un proveedor de servicios energ\u00e9ticos enfocado, resiliente y alineado estrat\u00e9gicamente. A trav\u00e9s de transiciones disciplinadas de propiedad, un liderazgo s\u00f3lido y una estrategia adaptativa, la compa\u00f1\u00eda ha construido una plataforma posicionada para el crecimiento sostenible y la creaci\u00f3n de valor a largo plazo.<\/p>\n<\/div>\n\t\t<\/div><\/div><div id=\"pgc-555-2-2\"  class=\"panel-grid-cell\" ><\/div><\/div><\/div><div id=\"pg-555-3\"  class=\"panel-grid\" ><div class=\"panel-grid-core\"><div id=\"pgc-555-3-0\"  class=\"panel-grid-cell\" ><\/div><div id=\"pgc-555-3-1\"  class=\"panel-grid-cell\" ><div class=\"panel-widget-style\" ><p><img decoding=\"async\" src=\"https:\/\/viking-intl.com\/wp-content\/uploads\/2026\/02\/History-Time-line-2-scaled.png\" alt=\"\" ><\/p><\/div><\/div><div id=\"pgc-555-3-2\"  class=\"panel-grid-cell\" ><\/div><\/div><\/div>","protected":false},"excerpt":{"rendered":"<p>Viking Evolution Building Strength Through Strategic Transformation Viking Services\u2019 journey is defined by strategic growth, disciplined execution, and a clear commitment to long-term value creation. From its early operational roots to its present-day market leadership, Viking has continuously evolved to meet the changing dynamics of the energy services industry. Foundations and Establishment (2008\u20132011) Viking\u2019s operations<\/p>\n<p class=\"more-link\"><a href=\"https:\/\/viking-intl.com\/es\/our-company\/history\/\" class=\"themebutton2\">Read More<\/a><\/p>","protected":false},"author":1,"featured_media":0,"parent":285,"menu_order":0,"comment_status":"closed","ping_status":"closed","template":"","meta":{"footnotes":""},"categories":[],"tags":[27],"class_list":["post-555","page","type-page","status-publish","hentry","tag-history"],"_links":{"self":[{"href":"https:\/\/viking-intl.com\/es\/wp-json\/wp\/v2\/pages\/555","targetHints":{"allow":["GET"]}}],"collection":[{"href":"https:\/\/viking-intl.com\/es\/wp-json\/wp\/v2\/pages"}],"about":[{"href":"https:\/\/viking-intl.com\/es\/wp-json\/wp\/v2\/types\/page"}],"author":[{"embeddable":true,"href":"https:\/\/viking-intl.com\/es\/wp-json\/wp\/v2\/users\/1"}],"replies":[{"embeddable":true,"href":"https:\/\/viking-intl.com\/es\/wp-json\/wp\/v2\/comments?post=555"}],"version-history":[{"count":6,"href":"https:\/\/viking-intl.com\/es\/wp-json\/wp\/v2\/pages\/555\/revisions"}],"predecessor-version":[{"id":2028,"href":"https:\/\/viking-intl.com\/es\/wp-json\/wp\/v2\/pages\/555\/revisions\/2028"}],"up":[{"embeddable":true,"href":"https:\/\/viking-intl.com\/es\/wp-json\/wp\/v2\/pages\/285"}],"wp:attachment":[{"href":"https:\/\/viking-intl.com\/es\/wp-json\/wp\/v2\/media?parent=555"}],"wp:term":[{"taxonomy":"category","embeddable":true,"href":"https:\/\/viking-intl.com\/es\/wp-json\/wp\/v2\/categories?post=555"},{"taxonomy":"post_tag","embeddable":true,"href":"https:\/\/viking-intl.com\/es\/wp-json\/wp\/v2\/tags?post=555"}],"curies":[{"name":"wp","href":"https:\/\/api.w.org\/{rel}","templated":true}]}}