{"id":558,"date":"2017-12-01T10:23:37","date_gmt":"2017-12-01T07:23:37","guid":{"rendered":"https:\/\/www.viking-intl.com\/Viking-intl\/?page_id=558"},"modified":"2026-02-20T20:21:29","modified_gmt":"2026-02-20T20:21:29","slug":"seguridad-y-salud","status":"publish","type":"page","link":"https:\/\/viking-intl.com\/es\/our-company\/health-safety\/","title":{"rendered":"Salud y seguridad"},"content":{"rendered":"<div id=\"pg-558-0\"  class=\"panel-grid\" ><div class=\"panel-grid-core\"><div id=\"pgc-558-0-0\"  class=\"panel-grid-cell\" ><\/div><div id=\"pgc-558-0-1\"  class=\"panel-grid-cell\" ><div class=\"panel-widget-style\" ><div class=\"thinkupslider-sc style1\" data-height=\"200\"><div id=\"thinkupshortcodesthinkup_builder_thinkupslider\" class=\"thinkupslider-sc-core\"><div class=\"rslides-container\" data-speed=\"6000\"><div class=\"rslides-inner page-inner\"><ul class=\"slides\"><li><img decoding=\"async\" src=\"https:\/\/viking-intl.com\/wp-content\/themes\/Renden_Pro\/images\/transparent.png\" style=\"background: url(https:\/\/viking-intl.com\/wp-content\/uploads\/2024\/12\/Company_2.jpg) no-repeat center; background-size: cover;\" alt=\"\" \/><div class=\"rslides-content\"><div class=\"wrap-safari\"><div class=\"rslides-content-inner\"><div class=\"featured\"><\/div><\/div><\/div><\/div><\/li><\/ul><\/div><\/div><\/div><\/div><\/div><\/div><div id=\"pgc-558-0-2\"  class=\"panel-grid-cell\" ><\/div><\/div><\/div><div id=\"pg-558-1\"  class=\"panel-grid\" ><div class=\"panel-grid-core\"><div id=\"pgc-558-1-0\"  class=\"panel-grid-cell\" ><\/div><div id=\"pgc-558-1-1\"  class=\"panel-grid-cell\" ><div class=\"panel-widget-style\" >\t\t\t<div class=\"textwidget\"><p>Gestionar los asuntos de salud, seguridad, protecci\u00f3n y medio ambiente (HSSE, por sus siglas en ingl\u00e9s) de las actividades de petr\u00f3leo y gas es una cuesti\u00f3n de gesti\u00f3n de riesgos. Reducir estos riesgos es la clave para una producci\u00f3n eficiente y sostenible, que los empleados regresen a casa sanos y salvos al final del d\u00eda, y un medio ambiente m\u00e1s limpio. Viking Services est\u00e1 comprometida con la salud, seguridad y protecci\u00f3n de su personal, clientes y dem\u00e1s personas con las que interact\u00faa. Nuestros socios tienen particularmente amplias variaciones en la exposici\u00f3n al riesgo ambiental y en la capacidad de gesti\u00f3n ambiental. En este sentido, Viking Services se dirige y fomenta pr\u00e1cticas m\u00e1s sostenibles a medida que las regulaciones ambientales y las preocupaciones p\u00fablicas sobre el medio ambiente contin\u00faan aumentando.<\/p>\n<p>La divisi\u00f3n HSSE de Viking Services tiene un enfoque positivo de trabajo en equipo hacia el personal en lugar de una perspectiva autoritaria. La iniciativa y el conocimiento en HSSE del personal de Viking Services, respaldado por el compromiso de nuestra gerencia, es el n\u00facleo de la cultura de seguridad que estamos construyendo juntos.<\/p>\n<\/div>\n\t\t<\/div><\/div><div id=\"pgc-558-1-2\"  class=\"panel-grid-cell\" ><\/div><\/div><\/div><div id=\"pg-558-2\"  class=\"panel-grid\" ><div class=\"panel-grid-core\"><div id=\"pgc-558-2-0\"  class=\"panel-grid-cell\" ><\/div><div id=\"pgc-558-2-1\"  class=\"panel-grid-cell\" ><div class=\"panel-widget-style\" ><div class=\"divider\"><\/div><\/div><\/div><div id=\"pgc-558-2-2\"  class=\"panel-grid-cell\" ><\/div><\/div><\/div><div id=\"pg-558-3\"  class=\"panel-grid\" ><div class=\"panel-grid-core\"><div id=\"pgc-558-3-0\"  class=\"panel-grid-cell\" ><\/div><div id=\"pgc-558-3-1\"  class=\"panel-grid-cell\" ><div class=\"panel-widget-style\" ><p><img decoding=\"async\" src=\"https:\/\/viking-intl.com\/wp-content\/uploads\/2026\/02\/VS-HSE-HD-scaled.png\" alt=\"\" ><\/p><\/div><\/div><div id=\"pgc-558-3-2\"  class=\"panel-grid-cell\" ><\/div><\/div><\/div>","protected":false},"excerpt":{"rendered":"<p>To manage health, safety, security, and environmental (HSSE) issues of oil and gas activities is a matter of managing risks. Reducing these risks is the key to efficient and sustainable production, employees going home safely at the end of the day, and a cleaner environment. Viking Services is committed to the health, safety, and security<\/p>\n<p class=\"more-link\"><a href=\"https:\/\/viking-intl.com\/es\/our-company\/health-safety\/\" class=\"themebutton2\">Read More<\/a><\/p>","protected":false},"author":1,"featured_media":0,"parent":285,"menu_order":0,"comment_status":"closed","ping_status":"closed","template":"","meta":{"footnotes":""},"categories":[],"tags":[],"class_list":["post-558","page","type-page","status-publish","hentry"],"_links":{"self":[{"href":"https:\/\/viking-intl.com\/es\/wp-json\/wp\/v2\/pages\/558","targetHints":{"allow":["GET"]}}],"collection":[{"href":"https:\/\/viking-intl.com\/es\/wp-json\/wp\/v2\/pages"}],"about":[{"href":"https:\/\/viking-intl.com\/es\/wp-json\/wp\/v2\/types\/page"}],"author":[{"embeddable":true,"href":"https:\/\/viking-intl.com\/es\/wp-json\/wp\/v2\/users\/1"}],"replies":[{"embeddable":true,"href":"https:\/\/viking-intl.com\/es\/wp-json\/wp\/v2\/comments?post=558"}],"version-history":[{"count":9,"href":"https:\/\/viking-intl.com\/es\/wp-json\/wp\/v2\/pages\/558\/revisions"}],"predecessor-version":[{"id":2044,"href":"https:\/\/viking-intl.com\/es\/wp-json\/wp\/v2\/pages\/558\/revisions\/2044"}],"up":[{"embeddable":true,"href":"https:\/\/viking-intl.com\/es\/wp-json\/wp\/v2\/pages\/285"}],"wp:attachment":[{"href":"https:\/\/viking-intl.com\/es\/wp-json\/wp\/v2\/media?parent=558"}],"wp:term":[{"taxonomy":"category","embeddable":true,"href":"https:\/\/viking-intl.com\/es\/wp-json\/wp\/v2\/categories?post=558"},{"taxonomy":"post_tag","embeddable":true,"href":"https:\/\/viking-intl.com\/es\/wp-json\/wp\/v2\/tags?post=558"}],"curies":[{"name":"wp","href":"https:\/\/api.w.org\/{rel}","templated":true}]}}