{"id":571,"date":"2017-12-01T11:15:45","date_gmt":"2017-12-01T08:15:45","guid":{"rendered":"https:\/\/www.viking-intl.com\/Viking-intl\/?page_id=571"},"modified":"2026-02-20T11:36:02","modified_gmt":"2026-02-20T11:36:02","slug":"gestion-integrada-de-proyectos","status":"publish","type":"page","link":"https:\/\/viking-intl.com\/es\/products-services\/integrated-project-management\/","title":{"rendered":"Gesti\u00f3n Integrada de Proyectos"},"content":{"rendered":"<div id=\"pg-571-0\"  class=\"panel-grid\" ><div class=\"panel-grid-core\"><div id=\"pgc-571-0-0\"  class=\"panel-grid-cell\" ><\/div><div id=\"pgc-571-0-1\"  class=\"panel-grid-cell\" ><div class=\"panel-widget-style\" ><div class=\"thinkupslider-sc style1\" data-height=\"200\"><div id=\"thinkupshortcodesthinkup_builder_thinkupslider\" class=\"thinkupslider-sc-core\"><div class=\"rslides-container\" data-speed=\"6000\"><div class=\"rslides-inner page-inner\"><ul class=\"slides\"><li><img decoding=\"async\" src=\"https:\/\/viking-intl.com\/wp-content\/themes\/Renden_Pro\/images\/transparent.png\" style=\"background: url(https:\/\/viking-intl.com\/wp-content\/uploads\/2024\/12\/Company_6.jpg) no-repeat center; background-size: cover;\" alt=\"\" \/><div class=\"rslides-content\"><div class=\"wrap-safari\"><div class=\"rslides-content-inner\"><div class=\"featured\"><\/div><\/div><\/div><\/div><\/li><\/ul><\/div><\/div><\/div><\/div><\/div><\/div><div id=\"pgc-571-0-2\"  class=\"panel-grid-cell\" ><\/div><\/div><\/div><div id=\"pg-571-1\"  class=\"panel-grid\" ><div class=\"panel-grid-core\"><div id=\"pgc-571-1-0\"  class=\"panel-grid-cell\" ><\/div><div id=\"pgc-571-1-1\"  class=\"panel-grid-cell\" ><div class=\"panel-widget-style\" ><div class=\"customtitle style5\"><h3 style=\"font-weight: 700;font-style: normal;\"><span>Gesti\u00f3n Integrada de Proyectos por Contrato<\/span><\/h3><\/div><\/div><\/div><div id=\"pgc-571-1-2\"  class=\"panel-grid-cell\" ><\/div><\/div><\/div><div id=\"pg-571-2\"  class=\"panel-grid\" ><div class=\"panel-grid-core\"><div id=\"pgc-571-2-0\"  class=\"panel-grid-cell\" ><\/div><div id=\"pgc-571-2-1\"  class=\"panel-grid-cell\" ><div class=\"panel-widget-style\" >\t\t\t<div class=\"textwidget\"><p>Viking Services ofrece un equipo experimentado de gesti\u00f3n de proyectos en el n\u00facleo de su negocio con el \u00fanico prop\u00f3sito de lograr una mayor producci\u00f3n, mejorar la eficiencia y reducir los costos operativos. El grupo IPM opera en todas las l\u00edneas de productos, actuando como el punto focal clave para cualquier cliente que busque soporte t\u00e9cnico y una diversa gama de soluciones integradas para pozos.<\/p>\n<p>La ejecuci\u00f3n exitosa de un proyecto, como la construcci\u00f3n, intervenci\u00f3n u optimizaci\u00f3n de pozos, est\u00e1 determinada siempre por un proceso de planificaci\u00f3n eficaz y centralizado y la disponibilidad de servicios estrat\u00e9gicamente alineados con los objetivos del cliente.<\/p>\n<p>Al ofrecer gesti\u00f3n integral de proyectos, Viking Services tiene la capacidad de recurrir a una amplia gama de servicios internos, al tiempo que proporciona una funci\u00f3n de gesti\u00f3n de principio a fin para garantizar evaluaciones de proyectos dedicadas y la ingenier\u00eda de pozos a trav\u00e9s de servicios de perforaci\u00f3n, completaci\u00f3n y producci\u00f3n.<\/p>\n<p>Viking Services cree firmemente en la provisi\u00f3n de servicios integrados para llevar a cabo operaciones fluidas con valor a\u00f1adido para sus clientes.<\/p>\n<p>Los objetivos principales del grupo IPM son agilizar el proyecto en su conjunto, desde la consulta inicial y la etapa de planificaci\u00f3n hasta la ejecuci\u00f3n y finalizaci\u00f3n, sin que el cliente tenga que tratar con m\u00faltiples operaciones y empresas de servicios.<\/p>\n<p>Bajo este proceso, la interfaz de \"Viking a Cliente\" se simplifica, al tiempo que mejora dr\u00e1sticamente la eficiencia del proyecto y permite que cada uno de los departamentos operativos se centre \u00fanicamente en sus responsabilidades en el sitio.<\/p>\n<\/div>\n\t\t<\/div><\/div><div id=\"pgc-571-2-2\"  class=\"panel-grid-cell\" ><\/div><\/div><\/div><div id=\"pg-571-3\"  class=\"panel-grid\" ><div class=\"panel-grid-core\"><div id=\"pgc-571-3-0\"  class=\"panel-grid-cell\" ><\/div><div id=\"pgc-571-3-1\"  class=\"panel-grid-cell\" ><div class=\"panel-widget-style\" ><p><img decoding=\"async\" src=\"https:\/\/viking-intl.com\/wp-content\/uploads\/2026\/02\/IPM-scaled.png\" alt=\"\" ><\/p><\/div><\/div><div id=\"pgc-571-3-2\"  class=\"panel-grid-cell\" ><\/div><\/div><\/div>","protected":false},"excerpt":{"rendered":"<p>Contract Integrated Project Management Viking Services provides an experienced project management team at the core of its business for the sole purpose of delivering higher production, improving efficiencies, and reducing operational costs. The IPM group operates across all product lines, acting as the key focal point for any customer seeking technical support and a diverse<\/p>\n<p class=\"more-link\"><a href=\"https:\/\/viking-intl.com\/es\/products-services\/integrated-project-management\/\" class=\"themebutton2\">Read More<\/a><\/p>","protected":false},"author":1,"featured_media":0,"parent":287,"menu_order":0,"comment_status":"closed","ping_status":"closed","template":"template-parallax.php","meta":{"footnotes":""},"categories":[30],"tags":[28,29],"class_list":["post-571","page","type-page","status-publish","hentry","category-ipm","tag-integrated-project-management","tag-ipm"],"_links":{"self":[{"href":"https:\/\/viking-intl.com\/es\/wp-json\/wp\/v2\/pages\/571","targetHints":{"allow":["GET"]}}],"collection":[{"href":"https:\/\/viking-intl.com\/es\/wp-json\/wp\/v2\/pages"}],"about":[{"href":"https:\/\/viking-intl.com\/es\/wp-json\/wp\/v2\/types\/page"}],"author":[{"embeddable":true,"href":"https:\/\/viking-intl.com\/es\/wp-json\/wp\/v2\/users\/1"}],"replies":[{"embeddable":true,"href":"https:\/\/viking-intl.com\/es\/wp-json\/wp\/v2\/comments?post=571"}],"version-history":[{"count":4,"href":"https:\/\/viking-intl.com\/es\/wp-json\/wp\/v2\/pages\/571\/revisions"}],"predecessor-version":[{"id":2024,"href":"https:\/\/viking-intl.com\/es\/wp-json\/wp\/v2\/pages\/571\/revisions\/2024"}],"up":[{"embeddable":true,"href":"https:\/\/viking-intl.com\/es\/wp-json\/wp\/v2\/pages\/287"}],"wp:attachment":[{"href":"https:\/\/viking-intl.com\/es\/wp-json\/wp\/v2\/media?parent=571"}],"wp:term":[{"taxonomy":"category","embeddable":true,"href":"https:\/\/viking-intl.com\/es\/wp-json\/wp\/v2\/categories?post=571"},{"taxonomy":"post_tag","embeddable":true,"href":"https:\/\/viking-intl.com\/es\/wp-json\/wp\/v2\/tags?post=571"}],"curies":[{"name":"wp","href":"https:\/\/api.w.org\/{rel}","templated":true}]}}