{"id":588,"date":"2017-12-01T12:22:17","date_gmt":"2017-12-01T09:22:17","guid":{"rendered":"https:\/\/www.viking-intl.com\/Viking-intl\/?page_id=588"},"modified":"2026-02-20T20:04:43","modified_gmt":"2026-02-20T20:04:43","slug":"servicio-de-experiencia","status":"publish","type":"page","link":"https:\/\/viking-intl.com\/es\/our-company\/expertise-service\/","title":{"rendered":"Experiencia y Servicio"},"content":{"rendered":"<div id=\"pg-588-0\"  class=\"panel-grid\" ><div class=\"panel-grid-core\"><div id=\"pgc-588-0-0\"  class=\"panel-grid-cell\" ><\/div><div id=\"pgc-588-0-1\"  class=\"panel-grid-cell\" ><div class=\"panel-widget-style\" ><div class=\"thinkupslider-sc style1\" data-height=\"200\"><div id=\"thinkupshortcodesthinkup_builder_thinkupslider\" class=\"thinkupslider-sc-core\"><div class=\"rslides-container\" data-speed=\"6000\"><div class=\"rslides-inner page-inner\"><ul class=\"slides\"><li><img decoding=\"async\" src=\"https:\/\/viking-intl.com\/wp-content\/themes\/Renden_Pro\/images\/transparent.png\" style=\"background: url(https:\/\/viking-intl.com\/wp-content\/uploads\/2024\/12\/news_head_img.jpg) no-repeat center; background-size: cover;\" alt=\"\" \/><div class=\"rslides-content\"><div class=\"wrap-safari\"><div class=\"rslides-content-inner\"><div class=\"featured\"><\/div><\/div><\/div><\/div><\/li><\/ul><\/div><\/div><\/div><\/div><\/div><\/div><div id=\"pgc-588-0-2\"  class=\"panel-grid-cell\" ><\/div><\/div><\/div><div id=\"pg-588-1\"  class=\"panel-grid\" ><div class=\"panel-grid-core\"><div id=\"pgc-588-1-0\"  class=\"panel-grid-cell\" ><\/div><div id=\"pgc-588-1-1\"  class=\"panel-grid-cell\" ><div class=\"panel-widget-style\" ><div class=\"customtitle style5\"><h3 style=\"font-weight: 700;font-style: normal;\"><span>Experiencia donde importa<\/span><\/h3><\/div><\/div><\/div><div id=\"pgc-588-1-2\"  class=\"panel-grid-cell\" ><\/div><\/div><\/div><div id=\"pg-588-2\"  class=\"panel-grid\" ><div class=\"panel-grid-core\"><div id=\"pgc-588-2-0\"  class=\"panel-grid-cell\" ><\/div><div id=\"pgc-588-2-1\"  class=\"panel-grid-cell\" ><div class=\"panel-widget-style\" >\t\t\t<div class=\"textwidget\"><p>Claves del \u00c9xito:<\/p>\n<p>Experiencia donde importa: Con un equipo de gesti\u00f3n dedicado y personal activo en el campo, Viking Services se basa en d\u00e9cadas de experiencia en todos los aspectos del ciclo de vida del pozo. Nuestro objetivo es proporcionar experiencia, junto con nuestros servicios, a los operadores que buscan valor y experiencia de sus socios.<\/p>\n<p>Dise\u00f1o de Proyecto: Podemos proporcionar tanto estudios de viabilidad b\u00e1sicos como detallados y diligencia debida de ingenier\u00eda para seleccionar y cuantificar los beneficios de nuestra tecnolog\u00eda avanzada para sus pozos.<\/p>\n<p>Ingenier\u00eda de Soporte: Un equipo global a tiempo completo de ingenieros de yacimientos y pozos experimentados ayuda a que un proyecto alcance su m\u00e1ximo potencial. Nuestros ingenieros aportan una capa de experiencia operativa global para complementar su experiencia dom\u00e9stica y regional, asegurando el valor al elegirnos como su socio.<\/p>\n<p>Equipo Moderno: Viking Services se enorgullece de adquirir equipos actuales y tecnol\u00f3gicamente avanzados en la regi\u00f3n. Este equipo, junto con los operadores experimentados en el lugar, nos permitir\u00e1 ejecutar su proyecto de manera eficiente.<\/p>\n<p>Enfocado en Resultados: Nuestro objetivo es comprender siempre las expectativas, necesidades y preocupaciones de nuestros socios. Una vez que tenemos un conocimiento profundo de estas \u00e1reas, nuestro personal de gerentes de proyecto, ingenieros de sitio de pozos, supervisores de sitio de pozos y especialistas en equipos cuenta con la capacitaci\u00f3n y la experiencia de campo para cumplir y superar estas expectativas. Entendemos que nuestro \u00e9xito depende del \u00e9xito de nuestros socios.<\/p>\n<\/div>\n\t\t<\/div><\/div><div id=\"pgc-588-2-2\"  class=\"panel-grid-cell\" ><\/div><\/div><\/div><div id=\"pg-588-3\"  class=\"panel-grid\" ><div class=\"panel-grid-core\"><div id=\"pgc-588-3-0\"  class=\"panel-grid-cell\" ><\/div><div id=\"pgc-588-3-1\"  class=\"panel-grid-cell\" ><div class=\"panel-widget-style\" ><p><img decoding=\"async\" src=\"https:\/\/viking-intl.com\/wp-content\/uploads\/2026\/02\/VS-Customers_New-HD-1-scaled.png\" alt=\"\" ><\/p><\/div><\/div><div id=\"pgc-588-3-2\"  class=\"panel-grid-cell\" ><\/div><\/div><\/div>","protected":false},"excerpt":{"rendered":"<p>Experience Where It Matters Keys to Success: Experience Where it Matters: With a dedicated management team and active in-field personnel Viking Services is built on decades of experience across all aspects of the life-cycle of the well. Our goal is to provide expertise, in conjunction with our services, to operators looking for value and experience<\/p>\n<p class=\"more-link\"><a href=\"https:\/\/viking-intl.com\/es\/our-company\/expertise-service\/\" class=\"themebutton2\">Read More<\/a><\/p>","protected":false},"author":1,"featured_media":0,"parent":285,"menu_order":0,"comment_status":"closed","ping_status":"closed","template":"","meta":{"footnotes":""},"categories":[],"tags":[31],"class_list":["post-588","page","type-page","status-publish","hentry","tag-expertise"],"_links":{"self":[{"href":"https:\/\/viking-intl.com\/es\/wp-json\/wp\/v2\/pages\/588","targetHints":{"allow":["GET"]}}],"collection":[{"href":"https:\/\/viking-intl.com\/es\/wp-json\/wp\/v2\/pages"}],"about":[{"href":"https:\/\/viking-intl.com\/es\/wp-json\/wp\/v2\/types\/page"}],"author":[{"embeddable":true,"href":"https:\/\/viking-intl.com\/es\/wp-json\/wp\/v2\/users\/1"}],"replies":[{"embeddable":true,"href":"https:\/\/viking-intl.com\/es\/wp-json\/wp\/v2\/comments?post=588"}],"version-history":[{"count":7,"href":"https:\/\/viking-intl.com\/es\/wp-json\/wp\/v2\/pages\/588\/revisions"}],"predecessor-version":[{"id":2042,"href":"https:\/\/viking-intl.com\/es\/wp-json\/wp\/v2\/pages\/588\/revisions\/2042"}],"up":[{"embeddable":true,"href":"https:\/\/viking-intl.com\/es\/wp-json\/wp\/v2\/pages\/285"}],"wp:attachment":[{"href":"https:\/\/viking-intl.com\/es\/wp-json\/wp\/v2\/media?parent=588"}],"wp:term":[{"taxonomy":"category","embeddable":true,"href":"https:\/\/viking-intl.com\/es\/wp-json\/wp\/v2\/categories?post=588"},{"taxonomy":"post_tag","embeddable":true,"href":"https:\/\/viking-intl.com\/es\/wp-json\/wp\/v2\/tags?post=588"}],"curies":[{"name":"wp","href":"https:\/\/api.w.org\/{rel}","templated":true}]}}