{"id":621,"date":"2017-12-01T13:40:22","date_gmt":"2017-12-01T10:40:22","guid":{"rendered":"https:\/\/www.viking-intl.com\/Viking-intl\/?page_id=621"},"modified":"2026-02-20T20:43:17","modified_gmt":"2026-02-20T20:43:17","slug":"perforacion","status":"publish","type":"page","link":"https:\/\/viking-intl.com\/es\/products-services\/drilling-services\/drilling\/","title":{"rendered":"Perforaci\u00f3n"},"content":{"rendered":"<div id=\"pg-621-0\"  class=\"panel-grid\" ><div class=\"panel-grid-core\"><div id=\"pgc-621-0-0\"  class=\"panel-grid-cell\" ><\/div><div id=\"pgc-621-0-1\"  class=\"panel-grid-cell\" ><div class=\"panel-widget-style\" ><div class=\"thinkupslider-sc style1\" data-height=\"200\"><div id=\"thinkupshortcodesthinkup_builder_thinkupslider\" class=\"thinkupslider-sc-core\"><div class=\"rslides-container\" data-speed=\"6000\"><div class=\"rslides-inner page-inner\"><ul class=\"slides\"><li><img decoding=\"async\" src=\"https:\/\/viking-intl.com\/wp-content\/themes\/Renden_Pro\/images\/transparent.png\" style=\"background: url(https:\/\/viking-intl.com\/wp-content\/uploads\/2024\/12\/6-Directional_Drilling.jpg) no-repeat center; background-size: cover;\" alt=\"\" \/><div class=\"rslides-content\"><div class=\"wrap-safari\"><div class=\"rslides-content-inner\"><div class=\"featured\"><\/div><\/div><\/div><\/div><\/li><\/ul><\/div><\/div><\/div><\/div><\/div><\/div><div id=\"pgc-621-0-2\"  class=\"panel-grid-cell\" ><\/div><\/div><\/div><div id=\"pg-621-1\"  class=\"panel-grid\" ><div class=\"panel-grid-core\"><div id=\"pgc-621-1-0\"  class=\"panel-grid-cell\" ><\/div><div id=\"pgc-621-1-1\"  class=\"panel-grid-cell\" ><div class=\"panel-widget-style\" >\t\t\t<div class=\"textwidget\"><p>Viking Services ofrece un sistema de perforaci\u00f3n totalmente integrado que utiliza tecnolog\u00eda moderna y una amplia experiencia en yacimientos petrol\u00edferos. Viking Services tambi\u00e9n ofrece una l\u00ednea completa de servicios complementarios de alquiler.<\/p>\n<p>El grupo de perforaci\u00f3n en locaci\u00f3n de Viking Services tiene su sede en Dubai, EAU, donde un equipo de empleados experimentados brinda soporte operativo, de desarrollo de negocios, de gesti\u00f3n y log\u00edstico a nuestras oficinas en todo el mundo.<\/p>\n<\/div>\n\t\t<\/div><\/div><div id=\"pgc-621-1-2\"  class=\"panel-grid-cell\" ><\/div><\/div><\/div><div id=\"pg-621-2\"  class=\"panel-grid\" ><div class=\"panel-grid-core\"><div id=\"pgc-621-2-0\"  class=\"panel-grid-cell\" ><\/div><div id=\"pgc-621-2-1\"  class=\"panel-grid-cell\" ><div class=\"panel-widget-style\" ><p><img decoding=\"async\" src=\"https:\/\/viking-intl.com\/wp-content\/uploads\/2026\/02\/Drilling-Services-HD-scaled.png\" alt=\"\" ><\/p><\/div><\/div><div id=\"pgc-621-2-2\"  class=\"panel-grid-cell\" ><\/div><\/div><\/div><div id=\"pg-621-3\"  class=\"panel-grid\" ><div class=\"panel-grid-core\"><div id=\"pgc-621-3-0\"  class=\"panel-grid-cell\" ><\/div><div id=\"pgc-621-3-1\"  class=\"panel-grid-cell\" ><div class=\"panel-widget-style\" ><p><img decoding=\"async\" src=\"https:\/\/viking-intl.com\/wp-content\/uploads\/2026\/02\/Rig-Fleet-X-Ref-scaled.png\" alt=\"\" ><\/p><\/div><\/div><div id=\"pgc-621-3-2\"  class=\"panel-grid-cell\" ><\/div><\/div><\/div>","protected":false},"excerpt":{"rendered":"<p>Viking Services delivers a fully integrated drilling system using modern technology and extensive oilfield experience. Viking Services also offers a full line of complementary rental services. Viking Services\u2019 Contract Drilling group is headquartered in Dubai, UAE where a team of experienced employees provides operational, business development, management, and logistical support to our offices worldwide.<\/p>","protected":false},"author":1,"featured_media":0,"parent":270,"menu_order":0,"comment_status":"closed","ping_status":"closed","template":"","meta":{"footnotes":""},"categories":[32],"tags":[4],"class_list":["post-621","page","type-page","status-publish","hentry","category-drilling","tag-drilling-services"],"_links":{"self":[{"href":"https:\/\/viking-intl.com\/es\/wp-json\/wp\/v2\/pages\/621","targetHints":{"allow":["GET"]}}],"collection":[{"href":"https:\/\/viking-intl.com\/es\/wp-json\/wp\/v2\/pages"}],"about":[{"href":"https:\/\/viking-intl.com\/es\/wp-json\/wp\/v2\/types\/page"}],"author":[{"embeddable":true,"href":"https:\/\/viking-intl.com\/es\/wp-json\/wp\/v2\/users\/1"}],"replies":[{"embeddable":true,"href":"https:\/\/viking-intl.com\/es\/wp-json\/wp\/v2\/comments?post=621"}],"version-history":[{"count":6,"href":"https:\/\/viking-intl.com\/es\/wp-json\/wp\/v2\/pages\/621\/revisions"}],"predecessor-version":[{"id":2048,"href":"https:\/\/viking-intl.com\/es\/wp-json\/wp\/v2\/pages\/621\/revisions\/2048"}],"up":[{"embeddable":true,"href":"https:\/\/viking-intl.com\/es\/wp-json\/wp\/v2\/pages\/270"}],"wp:attachment":[{"href":"https:\/\/viking-intl.com\/es\/wp-json\/wp\/v2\/media?parent=621"}],"wp:term":[{"taxonomy":"category","embeddable":true,"href":"https:\/\/viking-intl.com\/es\/wp-json\/wp\/v2\/categories?post=621"},{"taxonomy":"post_tag","embeddable":true,"href":"https:\/\/viking-intl.com\/es\/wp-json\/wp\/v2\/tags?post=621"}],"curies":[{"name":"wp","href":"https:\/\/api.w.org\/{rel}","templated":true}]}}