{"id":677,"date":"2017-12-01T14:48:44","date_gmt":"2017-12-01T11:48:44","guid":{"rendered":"https:\/\/www.viking-intl.com\/Viking-intl\/?page_id=677"},"modified":"2026-02-20T21:11:48","modified_gmt":"2026-02-20T21:11:48","slug":"servicios-de-perforacion-direccional","status":"publish","type":"page","link":"https:\/\/viking-intl.com\/es\/products-services\/drilling-services\/directional-drilling-services\/","title":{"rendered":"Servicios de perforaci\u00f3n direccional"},"content":{"rendered":"<div id=\"pg-677-0\"  class=\"panel-grid\" ><div class=\"panel-grid-core\"><div id=\"pgc-677-0-0\"  class=\"panel-grid-cell\" ><\/div><div id=\"pgc-677-0-1\"  class=\"panel-grid-cell\" ><div class=\"panel-widget-style\" ><div class=\"thinkupslider-sc style1\" data-height=\"200\"><div id=\"thinkupshortcodesthinkup_builder_thinkupslider\" class=\"thinkupslider-sc-core\"><div class=\"rslides-container\" data-speed=\"6000\"><div class=\"rslides-inner page-inner\"><ul class=\"slides\"><li><img decoding=\"async\" src=\"https:\/\/viking-intl.com\/wp-content\/themes\/Renden_Pro\/images\/transparent.png\" style=\"background: url(https:\/\/viking-intl.com\/wp-content\/uploads\/2024\/12\/6-Directional_Drilling-2.jpg) no-repeat center; background-size: cover;\" alt=\"\" \/><div class=\"rslides-content\"><div class=\"wrap-safari\"><div class=\"rslides-content-inner\"><div class=\"featured\"><\/div><\/div><\/div><\/div><\/li><\/ul><\/div><\/div><\/div><\/div><\/div><\/div><div id=\"pgc-677-0-2\"  class=\"panel-grid-cell\" ><\/div><\/div><\/div><div id=\"pg-677-1\"  class=\"panel-grid\" ><div class=\"panel-grid-core\"><div id=\"pgc-677-1-0\"  class=\"panel-grid-cell\" ><\/div><div id=\"pgc-677-1-1\"  class=\"panel-grid-cell\" ><div class=\"panel-widget-style\" >\t\t\t<div class=\"textwidget\"><p>Nuestro equipo de profesionales est\u00e1 listo para aplicar a\u00f1os de experiencia a cualquier aplicaci\u00f3n de perforaci\u00f3n direccional. Esto incluye el desarrollo de planes de pozos utilizando tecnolog\u00eda l\u00edder en la industria, HawkEye 3D, que permite la visualizaci\u00f3n tridimensional de planes de pozos, an\u00e1lisis de torque y arrastre, programas hidr\u00e1ulicos y planificaci\u00f3n anticolisi\u00f3n.<\/p>\n<p>Contar con las herramientas para realizar el trabajo es una medida importante de una empresa de perforaci\u00f3n direccional. Nuestro equipo de perforadores direccionales aporta a\u00f1os de experiencia en la perforaci\u00f3n de muchos tipos diferentes de pozos, incluyendo, pero sin limitarse a, pozos de construcci\u00f3n y mantenimiento, horizontales o horizontales de m\u00faltiples tramos. Equipados con motores BICO Evenwall, Viking Services tiene una ventaja competitiva, lo que permite un aumento en la durabilidad y el rendimiento general de los motores en comparaci\u00f3n con los motores convencionales. Entendemos que la creaci\u00f3n de pozos fuertes y productivos es el objetivo de la industria de la perforaci\u00f3n y que el uso de nuestros paquetes de Registro Durante la Perforaci\u00f3n (LWD) puede ofrecer la informaci\u00f3n necesaria para tomar decisiones en tiempo real que pueden tener un impacto a largo plazo.<\/p>\n<p>Situados.<\/p>\n<\/div>\n\t\t<\/div><\/div><div id=\"pgc-677-1-2\"  class=\"panel-grid-cell\" ><\/div><\/div><\/div><div id=\"pg-677-2\"  class=\"panel-grid\" ><div class=\"panel-grid-core\"><div id=\"pgc-677-2-0\"  class=\"panel-grid-cell\" ><\/div><div id=\"pgc-677-2-1\"  class=\"panel-grid-cell\" ><div class=\"panel-widget-style\" ><p><img decoding=\"async\" src=\"https:\/\/viking-intl.com\/wp-content\/uploads\/2026\/02\/Directional-Drilling.png\" alt=\"\" ><\/p><\/div><\/div><div id=\"pgc-677-2-2\"  class=\"panel-grid-cell\" ><\/div><\/div><\/div>","protected":false},"excerpt":{"rendered":"<p>Our team of professionals is ready to apply years of experience to any directional drilling applications. This includes the development of well plans using industry-leading technology, HawkEye 3D, which allows for three-dimensional viewing of well plans, torque and drag analysis, hydraulic programs, and anti-collision planning. Having the tools to do the job is an important<\/p>\n<p class=\"more-link\"><a href=\"https:\/\/viking-intl.com\/es\/products-services\/drilling-services\/directional-drilling-services\/\" class=\"themebutton2\">Read More<\/a><\/p>","protected":false},"author":1,"featured_media":0,"parent":270,"menu_order":0,"comment_status":"closed","ping_status":"closed","template":"","meta":{"footnotes":""},"categories":[36],"tags":[37,4],"class_list":["post-677","page","type-page","status-publish","hentry","category-directional-drilling","tag-directional-drilling","tag-drilling-services"],"_links":{"self":[{"href":"https:\/\/viking-intl.com\/es\/wp-json\/wp\/v2\/pages\/677","targetHints":{"allow":["GET"]}}],"collection":[{"href":"https:\/\/viking-intl.com\/es\/wp-json\/wp\/v2\/pages"}],"about":[{"href":"https:\/\/viking-intl.com\/es\/wp-json\/wp\/v2\/types\/page"}],"author":[{"embeddable":true,"href":"https:\/\/viking-intl.com\/es\/wp-json\/wp\/v2\/users\/1"}],"replies":[{"embeddable":true,"href":"https:\/\/viking-intl.com\/es\/wp-json\/wp\/v2\/comments?post=677"}],"version-history":[{"count":4,"href":"https:\/\/viking-intl.com\/es\/wp-json\/wp\/v2\/pages\/677\/revisions"}],"predecessor-version":[{"id":2064,"href":"https:\/\/viking-intl.com\/es\/wp-json\/wp\/v2\/pages\/677\/revisions\/2064"}],"up":[{"embeddable":true,"href":"https:\/\/viking-intl.com\/es\/wp-json\/wp\/v2\/pages\/270"}],"wp:attachment":[{"href":"https:\/\/viking-intl.com\/es\/wp-json\/wp\/v2\/media?parent=677"}],"wp:term":[{"taxonomy":"category","embeddable":true,"href":"https:\/\/viking-intl.com\/es\/wp-json\/wp\/v2\/categories?post=677"},{"taxonomy":"post_tag","embeddable":true,"href":"https:\/\/viking-intl.com\/es\/wp-json\/wp\/v2\/tags?post=677"}],"curies":[{"name":"wp","href":"https:\/\/api.w.org\/{rel}","templated":true}]}}