{"id":684,"date":"2017-12-01T14:58:26","date_gmt":"2017-12-01T11:58:26","guid":{"rendered":"https:\/\/viking-intl.com\/Viking-intl\/?page_id=684"},"modified":"2026-02-20T21:15:19","modified_gmt":"2026-02-20T21:15:19","slug":"servicios-de-dragado","status":"publish","type":"page","link":"https:\/\/viking-intl.com\/es\/products-services\/energy-services\/mudlogging-services\/","title":{"rendered":"Servicios de Lodos de Perforaci\u00f3n"},"content":{"rendered":"<div id=\"pg-684-0\"  class=\"panel-grid\" ><div class=\"panel-grid-core\"><div id=\"pgc-684-0-0\"  class=\"panel-grid-cell\" ><\/div><div id=\"pgc-684-0-1\"  class=\"panel-grid-cell\" ><div class=\"panel-widget-style\" ><div class=\"thinkupslider-sc style1\" data-height=\"200\"><div id=\"thinkupshortcodesthinkup_builder_thinkupslider\" class=\"thinkupslider-sc-core\"><div class=\"rslides-container\" data-speed=\"6000\"><div class=\"rslides-inner page-inner\"><ul class=\"slides\"><li><img decoding=\"async\" src=\"https:\/\/viking-intl.com\/wp-content\/themes\/Renden_Pro\/images\/transparent.png\" style=\"background: url(https:\/\/viking-intl.com\/wp-content\/uploads\/2024\/12\/5-Mudlogging-1.jpg) no-repeat center; background-size: cover;\" alt=\"\" \/><div class=\"rslides-content\"><div class=\"wrap-safari\"><div class=\"rslides-content-inner\"><div class=\"featured\"><\/div><\/div><\/div><\/div><\/li><\/ul><\/div><\/div><\/div><\/div><\/div><\/div><div id=\"pgc-684-0-2\"  class=\"panel-grid-cell\" ><\/div><\/div><\/div><div id=\"pg-684-1\"  class=\"panel-grid\" ><div class=\"panel-grid-core\"><div id=\"pgc-684-1-0\"  class=\"panel-grid-cell\" ><\/div><div id=\"pgc-684-1-1\"  class=\"panel-grid-cell\" ><div class=\"panel-widget-style\" >\t\t\t<div class=\"textwidget\"><p>Viking Services proporciona un \u201cServicio de lodo\u201d de alta calidad utilizando sistemas avanzados de operaci\u00f3n de monitoreo de perforaci\u00f3n que son capaces de detecci\u00f3n de gas, monitoreo electr\u00f3nico y registro en base de datos para una gama completa de par\u00e1metros de perforaci\u00f3n en las operaciones.<\/p>\n<p><strong>Nuestros servicios se centran en 3 componentes clave:<\/strong><\/p>\n<ol>\n<li>Registro geol\u00f3gico de alta calidad por personal experimentado e inventarios de equipos amplios<\/li>\n<li>Asistir en la optimizaci\u00f3n de las tasas de perforaci\u00f3n y la reducci\u00f3n de los costos de perforaci\u00f3n mediante el monitoreo de los par\u00e1metros de perforaci\u00f3n<\/li>\n<li>Perforaci\u00f3n m\u00e1s segura mediante la medici\u00f3n de todos los gases peligrosos del ambiente<\/li>\n<\/ol>\n<\/div>\n\t\t<\/div><\/div><div id=\"pgc-684-1-2\"  class=\"panel-grid-cell\" ><\/div><\/div><\/div><div id=\"pg-684-2\"  class=\"panel-grid\" ><div class=\"panel-grid-core\"><div id=\"pgc-684-2-0\"  class=\"panel-grid-cell\" ><\/div><div id=\"pgc-684-2-1\"  class=\"panel-grid-cell\" ><div class=\"panel-widget-style\" ><p><img decoding=\"async\" src=\"https:\/\/viking-intl.com\/wp-content\/uploads\/2026\/02\/Mudlogging.png\" alt=\"\" ><\/p><\/div><\/div><div id=\"pgc-684-2-2\"  class=\"panel-grid-cell\" ><\/div><\/div><\/div>","protected":false},"excerpt":{"rendered":"<p>Viking Services provides high quality &#8220;Mudlogging Service&#8221; using advanced drilling monitoring operation systems which are capable of gas detection, electronic monitoring, and database recording for a full range of drilling parameters on operations. Our services are centered on 3 key components: High-quality geological logging by experienced personnel and wide range equipment inventories Assisting to optimize<\/p>\n<p class=\"more-link\"><a href=\"https:\/\/viking-intl.com\/es\/products-services\/energy-services\/mudlogging-services\/\" class=\"themebutton2\">Leer m\u00e1s<\/a><\/p>","protected":false},"author":1,"featured_media":0,"parent":273,"menu_order":0,"comment_status":"closed","ping_status":"closed","template":"","meta":{"footnotes":""},"categories":[38],"tags":[5,39],"class_list":["post-684","page","type-page","status-publish","hentry","category-mudlogging","tag-energy-services","tag-mudlogging"],"_links":{"self":[{"href":"https:\/\/viking-intl.com\/es\/wp-json\/wp\/v2\/pages\/684","targetHints":{"allow":["GET"]}}],"collection":[{"href":"https:\/\/viking-intl.com\/es\/wp-json\/wp\/v2\/pages"}],"about":[{"href":"https:\/\/viking-intl.com\/es\/wp-json\/wp\/v2\/types\/page"}],"author":[{"embeddable":true,"href":"https:\/\/viking-intl.com\/es\/wp-json\/wp\/v2\/users\/1"}],"replies":[{"embeddable":true,"href":"https:\/\/viking-intl.com\/es\/wp-json\/wp\/v2\/comments?post=684"}],"version-history":[{"count":3,"href":"https:\/\/viking-intl.com\/es\/wp-json\/wp\/v2\/pages\/684\/revisions"}],"predecessor-version":[{"id":2067,"href":"https:\/\/viking-intl.com\/es\/wp-json\/wp\/v2\/pages\/684\/revisions\/2067"}],"up":[{"embeddable":true,"href":"https:\/\/viking-intl.com\/es\/wp-json\/wp\/v2\/pages\/273"}],"wp:attachment":[{"href":"https:\/\/viking-intl.com\/es\/wp-json\/wp\/v2\/media?parent=684"}],"wp:term":[{"taxonomy":"category","embeddable":true,"href":"https:\/\/viking-intl.com\/es\/wp-json\/wp\/v2\/categories?post=684"},{"taxonomy":"post_tag","embeddable":true,"href":"https:\/\/viking-intl.com\/es\/wp-json\/wp\/v2\/tags?post=684"}],"curies":[{"name":"wp","href":"https:\/\/api.w.org\/{rel}","templated":true}]}}