{"id":827,"date":"2017-12-04T15:03:56","date_gmt":"2017-12-04T12:03:56","guid":{"rendered":"https:\/\/www.viking-intl.com\/Viking-intl\/?page_id=827"},"modified":"2026-02-20T21:03:43","modified_gmt":"2026-02-20T21:03:43","slug":"servicios-de-cementacion","status":"publish","type":"page","link":"https:\/\/viking-intl.com\/es\/products-services\/energy-services\/cementing-services\/","title":{"rendered":"Servicios de cementaci\u00f3n"},"content":{"rendered":"<div id=\"pg-827-0\"  class=\"panel-grid\" ><div class=\"panel-grid-core\"><div id=\"pgc-827-0-0\"  class=\"panel-grid-cell\" ><\/div><div id=\"pgc-827-0-1\"  class=\"panel-grid-cell\" ><div class=\"panel-widget-style\" ><div class=\"thinkupslider-sc style1\" data-height=\"200\"><div id=\"thinkupshortcodesthinkup_builder_thinkupslider\" class=\"thinkupslider-sc-core\"><div class=\"rslides-container\" data-speed=\"6000\"><div class=\"rslides-inner page-inner\"><ul class=\"slides\"><li><img decoding=\"async\" src=\"https:\/\/viking-intl.com\/wp-content\/themes\/Renden_Pro\/images\/transparent.png\" style=\"background: url(https:\/\/viking-intl.com\/wp-content\/uploads\/2024\/12\/10-Cementing-1.jpg) no-repeat center; background-size: cover;\" alt=\"\" \/><div class=\"rslides-content\"><div class=\"wrap-safari\"><div class=\"rslides-content-inner\"><div class=\"featured\"><\/div><\/div><\/div><\/div><\/li><\/ul><\/div><\/div><\/div><\/div><\/div><\/div><div id=\"pgc-827-0-2\"  class=\"panel-grid-cell\" ><\/div><\/div><\/div><div id=\"pg-827-1\"  class=\"panel-grid\" ><div class=\"panel-grid-core\"><div id=\"pgc-827-1-0\"  class=\"panel-grid-cell\" ><\/div><div id=\"pgc-827-1-1\"  class=\"panel-grid-cell\" ><div class=\"panel-widget-style\" >\t\t\t<div class=\"textwidget\"><p><strong>Cuando la fiabilidad y la precisi\u00f3n importan<\/strong><\/p>\n<p>Los sistemas de mezcla y bombeo de Viking Services han sido dise\u00f1ados y desarrollados espec\u00edficamente para aportar valor y fiabilidad a nuestros clientes. Nuestra tecnolog\u00eda se mantiene a la vanguardia y est\u00e1 respaldada por el rendimiento, la seguridad y el servicio.<\/p>\n<p><strong>Cimentaci\u00f3n<\/strong><\/p>\n<p>Nuestros servicios de bombeo de presi\u00f3n consisten en servicios de cementaci\u00f3n utilizados en la completaci\u00f3n de pozos nuevos de petr\u00f3leo y gas natural, adem\u00e1s de trabajos correctivos en pozos existentes. Los servicios de cementaci\u00f3n de Viking Services consisten en mezclar cemento de alta calidad y agua con varios aditivos s\u00f3lidos y l\u00edquidos para crear una lechada de cemento que se bombea a un pozo entre la tuber\u00eda de revestimiento y el pozo. Contratamos con instalaciones de laboratorio centrales, regionales y de distrito para evaluar las propiedades de la lechada de cemento, que pueden variar seg\u00fan el proveedor de cemento y las fuentes de agua locales. La aplicaci\u00f3n principal de los servicios de cementaci\u00f3n utilizados en las operaciones de campos petroleros es la cementaci\u00f3n primaria, o la cementaci\u00f3n entre la sarta de tuber\u00eda de revestimiento y el pozo durante la fase de perforaci\u00f3n y completaci\u00f3n de un pozo.<\/p>\n<\/div>\n\t\t<\/div><\/div><div id=\"pgc-827-1-2\"  class=\"panel-grid-cell\" ><\/div><\/div><\/div><div id=\"pg-827-2\"  class=\"panel-grid\" ><div class=\"panel-grid-core\"><div id=\"pgc-827-2-0\"  class=\"panel-grid-cell\" ><\/div><div id=\"pgc-827-2-1\"  class=\"panel-grid-cell\" ><div class=\"panel-widget-style\" ><p><img decoding=\"async\" src=\"https:\/\/viking-intl.com\/wp-content\/uploads\/2026\/02\/Cementing.png\" alt=\"\" ><\/p><\/div><\/div><div id=\"pgc-827-2-2\"  class=\"panel-grid-cell\" ><\/div><\/div><\/div><div id=\"pg-827-3\"  class=\"panel-grid\" ><div class=\"panel-grid-core\"><div id=\"pgc-827-3-0\"  class=\"panel-grid-cell\" ><\/div><div id=\"pgc-827-3-1\"  class=\"panel-grid-cell\" ><div class=\"panel-widget-style\" >\t\t\t<div class=\"textwidget\"><p>Viking Services est\u00e1 ampliando continuamente nuestro creciente inventario para satisfacer el crecimiento continuo de las demandas de nuestros clientes.<\/p>\n<\/div>\n\t\t<\/div><\/div><div id=\"pgc-827-3-2\"  class=\"panel-grid-cell\" ><\/div><\/div><\/div>","protected":false},"excerpt":{"rendered":"<p>When Reliability and Precision Matters Viking Services\u2019 mixing and pumping systems have been designed and engineered specifically to bring value and dependability to our customers. Our technology stays on the cutting edge and is backed by performance, safety, and service. Cementing Our pressure pumping services consist of cementing services used in the completion of new<\/p>\n<p class=\"more-link\"><a href=\"https:\/\/viking-intl.com\/es\/products-services\/energy-services\/cementing-services\/\" class=\"themebutton2\">Read More<\/a><\/p>","protected":false},"author":1,"featured_media":0,"parent":273,"menu_order":0,"comment_status":"closed","ping_status":"closed","template":"","meta":{"footnotes":""},"categories":[44],"tags":[45,5],"class_list":["post-827","page","type-page","status-publish","hentry","category-cementing","tag-cementing","tag-energy-services"],"_links":{"self":[{"href":"https:\/\/viking-intl.com\/es\/wp-json\/wp\/v2\/pages\/827","targetHints":{"allow":["GET"]}}],"collection":[{"href":"https:\/\/viking-intl.com\/es\/wp-json\/wp\/v2\/pages"}],"about":[{"href":"https:\/\/viking-intl.com\/es\/wp-json\/wp\/v2\/types\/page"}],"author":[{"embeddable":true,"href":"https:\/\/viking-intl.com\/es\/wp-json\/wp\/v2\/users\/1"}],"replies":[{"embeddable":true,"href":"https:\/\/viking-intl.com\/es\/wp-json\/wp\/v2\/comments?post=827"}],"version-history":[{"count":3,"href":"https:\/\/viking-intl.com\/es\/wp-json\/wp\/v2\/pages\/827\/revisions"}],"predecessor-version":[{"id":2058,"href":"https:\/\/viking-intl.com\/es\/wp-json\/wp\/v2\/pages\/827\/revisions\/2058"}],"up":[{"embeddable":true,"href":"https:\/\/viking-intl.com\/es\/wp-json\/wp\/v2\/pages\/273"}],"wp:attachment":[{"href":"https:\/\/viking-intl.com\/es\/wp-json\/wp\/v2\/media?parent=827"}],"wp:term":[{"taxonomy":"category","embeddable":true,"href":"https:\/\/viking-intl.com\/es\/wp-json\/wp\/v2\/categories?post=827"},{"taxonomy":"post_tag","embeddable":true,"href":"https:\/\/viking-intl.com\/es\/wp-json\/wp\/v2\/tags?post=827"}],"curies":[{"name":"wp","href":"https:\/\/api.w.org\/{rel}","templated":true}]}}