{"id":837,"date":"2017-12-04T15:12:27","date_gmt":"2017-12-04T12:12:27","guid":{"rendered":"https:\/\/www.viking-intl.com\/Viking-intl\/?page_id=837"},"modified":"2024-12-14T01:42:11","modified_gmt":"2024-12-14T01:42:11","slug":"servicios-de-finalizacion","status":"publish","type":"page","link":"https:\/\/viking-intl.com\/es\/products-services\/energy-services\/completion-services\/","title":{"rendered":"Servicios de finalizaci\u00f3n"},"content":{"rendered":"<div id=\"pg-837-0\"  class=\"panel-grid\" ><div class=\"panel-grid-core\"><div id=\"pgc-837-0-0\"  class=\"panel-grid-cell\" ><\/div><div id=\"pgc-837-0-1\"  class=\"panel-grid-cell\" ><div class=\"panel-widget-style\" ><div class=\"thinkupslider-sc style1\" data-height=\"200\"><div id=\"thinkupshortcodesthinkup_builder_thinkupslider\" class=\"thinkupslider-sc-core\"><div class=\"rslides-container\" data-speed=\"6000\"><div class=\"rslides-inner page-inner\"><ul class=\"slides\"><li><img decoding=\"async\" src=\"https:\/\/viking-intl.com\/wp-content\/themes\/Renden_Pro\/images\/transparent.png\" style=\"background: url(https:\/\/viking-intl.com\/wp-content\/uploads\/2024\/12\/Company_8-1.jpg) no-repeat center; background-size: cover;\" alt=\"\" \/><div class=\"rslides-content\"><div class=\"wrap-safari\"><div class=\"rslides-content-inner\"><div class=\"featured\"><\/div><\/div><\/div><\/div><\/li><\/ul><\/div><\/div><\/div><\/div><\/div><\/div><div id=\"pgc-837-0-2\"  class=\"panel-grid-cell\" ><\/div><\/div><\/div><div id=\"pg-837-1\"  class=\"panel-grid\" ><div class=\"panel-grid-core\"><div id=\"pgc-837-1-0\"  class=\"panel-grid-cell\" ><\/div><div id=\"pgc-837-1-1\"  class=\"panel-grid-cell\" ><div class=\"panel-widget-style\" >\t\t\t<div class=\"textwidget\"><p>Las unidades de obra de Viking Services ofrecen servicios completos de \"vida \u00fatil del pozo\". Desde el mantenimiento peri\u00f3dico hasta la reparaci\u00f3n completa de pozos, Viking puede ofrecerle la unidad que se adapte a sus necesidades y mejore la recuperaci\u00f3n. Los experimentados equipos de Viking pueden ayudar a mantener todas las herramientas de fondo de pozo utilizadas para extraer petr\u00f3leo o gas natural de los yacimientos subterr\u00e1neos hasta los sistemas de producci\u00f3n y recolecci\u00f3n en superficie. Si bien las completaciones inician la producci\u00f3n; las reparaciones, el servicio de pozos y la estimulaci\u00f3n son vitales para la longevidad de sus pozos en producci\u00f3n. Viking Services tambi\u00e9n ofrece servicios de sellado y abandono para garantizar que todas las formaciones en producci\u00f3n y no en producci\u00f3n est\u00e9n debidamente selladas del medio ambiente y de las formaciones circundantes.<\/p>\n<p>Nuestra flota consta de 8 aparejos de workover y servicio, con una potencia de motor de hasta 650HP y torres de carga de 355.000LB. Adem\u00e1s.<\/p>\n<\/div>\n\t\t<\/div><\/div><div id=\"pgc-837-1-2\"  class=\"panel-grid-cell\" ><\/div><\/div><\/div><div id=\"pg-837-2\"  class=\"panel-grid\" ><div class=\"panel-grid-core\"><div id=\"pgc-837-2-0\"  class=\"panel-grid-cell\" ><\/div><div id=\"pgc-837-2-1\"  class=\"panel-grid-cell\" ><div class=\"panel-widget-style\" ><div class=\"divider\"><\/div><\/div><\/div><div id=\"pgc-837-2-2\"  class=\"panel-grid-cell\" ><\/div><\/div><\/div><div id=\"pg-837-3\"  class=\"panel-grid\" ><div class=\"panel-grid-core\"><div id=\"pgc-837-3-0\"  class=\"panel-grid-cell\" ><\/div><div id=\"pgc-837-3-1\"  class=\"panel-grid-cell\" ><\/div><div id=\"pgc-837-3-2\"  class=\"panel-grid-cell\" ><\/div><\/div><\/div>","protected":false},"excerpt":{"rendered":"<p>Viking Services completion rigs offer complete &#8220;life of well&#8221; services. From periodic maintenance to complete well workovers, Viking can offer the rig to suit your needs and enhance recovery. Viking\u2019s experienced crews can help maintain all downhole tools used to lift oil or natural gas from subsurface reservoirs to surface production and gathering systems. While<\/p>\n<p class=\"more-link\"><a href=\"https:\/\/viking-intl.com\/es\/products-services\/energy-services\/completion-services\/\" class=\"themebutton2\">Read More<\/a><\/p>","protected":false},"author":1,"featured_media":0,"parent":273,"menu_order":0,"comment_status":"closed","ping_status":"closed","template":"","meta":{"footnotes":""},"categories":[46],"tags":[47,5],"class_list":["post-837","page","type-page","status-publish","hentry","category-completion","tag-completion","tag-energy-services"],"_links":{"self":[{"href":"https:\/\/viking-intl.com\/es\/wp-json\/wp\/v2\/pages\/837","targetHints":{"allow":["GET"]}}],"collection":[{"href":"https:\/\/viking-intl.com\/es\/wp-json\/wp\/v2\/pages"}],"about":[{"href":"https:\/\/viking-intl.com\/es\/wp-json\/wp\/v2\/types\/page"}],"author":[{"embeddable":true,"href":"https:\/\/viking-intl.com\/es\/wp-json\/wp\/v2\/users\/1"}],"replies":[{"embeddable":true,"href":"https:\/\/viking-intl.com\/es\/wp-json\/wp\/v2\/comments?post=837"}],"version-history":[{"count":2,"href":"https:\/\/viking-intl.com\/es\/wp-json\/wp\/v2\/pages\/837\/revisions"}],"predecessor-version":[{"id":1999,"href":"https:\/\/viking-intl.com\/es\/wp-json\/wp\/v2\/pages\/837\/revisions\/1999"}],"up":[{"embeddable":true,"href":"https:\/\/viking-intl.com\/es\/wp-json\/wp\/v2\/pages\/273"}],"wp:attachment":[{"href":"https:\/\/viking-intl.com\/es\/wp-json\/wp\/v2\/media?parent=837"}],"wp:term":[{"taxonomy":"category","embeddable":true,"href":"https:\/\/viking-intl.com\/es\/wp-json\/wp\/v2\/categories?post=837"},{"taxonomy":"post_tag","embeddable":true,"href":"https:\/\/viking-intl.com\/es\/wp-json\/wp\/v2\/tags?post=837"}],"curies":[{"name":"wp","href":"https:\/\/api.w.org\/{rel}","templated":true}]}}