{"id":842,"date":"2017-12-04T15:19:24","date_gmt":"2017-12-04T12:19:24","guid":{"rendered":"https:\/\/www.viking-intl.com\/Viking-intl\/?page_id=842"},"modified":"2024-12-14T01:47:16","modified_gmt":"2024-12-14T01:47:16","slug":"pruebas-de-pozo","status":"publish","type":"page","link":"https:\/\/viking-intl.com\/es\/products-services\/energy-services\/well-testing\/","title":{"rendered":"Pruebas de pozos"},"content":{"rendered":"<div id=\"pg-842-0\"  class=\"panel-grid\" ><div class=\"panel-grid-core\"><div id=\"pgc-842-0-0\"  class=\"panel-grid-cell\" ><\/div><div id=\"pgc-842-0-1\"  class=\"panel-grid-cell\" ><div class=\"panel-widget-style\" ><div class=\"thinkupslider-sc style1\" data-height=\"200\"><div id=\"thinkupshortcodesthinkup_builder_thinkupslider\" class=\"thinkupslider-sc-core\"><div class=\"rslides-container\" data-speed=\"6000\"><div class=\"rslides-inner page-inner\"><ul class=\"slides\"><li><img decoding=\"async\" src=\"https:\/\/viking-intl.com\/wp-content\/themes\/Renden_Pro\/images\/transparent.png\" style=\"background: url(https:\/\/viking-intl.com\/wp-content\/uploads\/2024\/12\/11-Well_Testing-1.jpg) no-repeat center; background-size: cover;\" alt=\"\" \/><div class=\"rslides-content\"><div class=\"wrap-safari\"><div class=\"rslides-content-inner\"><div class=\"featured\"><\/div><\/div><\/div><\/div><\/li><\/ul><\/div><\/div><\/div><\/div><\/div><\/div><div id=\"pgc-842-0-2\"  class=\"panel-grid-cell\" ><\/div><\/div><\/div><div id=\"pg-842-1\"  class=\"panel-grid\" ><div class=\"panel-grid-core\"><div id=\"pgc-842-1-0\"  class=\"panel-grid-cell\" ><\/div><div id=\"pgc-842-1-1\"  class=\"panel-grid-cell\" ><div class=\"panel-widget-style\" >\t\t\t<div class=\"textwidget\"><p><strong>Pruebas de Producci\u00f3n y Flujo de Retorno<\/strong><\/p>\n<p>Las pruebas de pozos de Viking Services se especializan en pruebas de producci\u00f3n en superficie y servicios de flujo de retorno. Viking Services se asocia con sus clientes para optimizar el rendimiento m\u00e1ximo de la producci\u00f3n inicial. Los servicios de flujo de retorno y pruebas son vitales para la producci\u00f3n general del pozo y las pruebas de pozos de Viking Services se dedican a utilizar equipos de la m\u00e1s alta calidad y personal desde el principio. En Viking Services, nuestras pruebas de pozos tienen una flota diversa de equipos junto con el conocimiento para tratar eficazmente cada pozo como su propio proyecto especializado y \u00fanico. Para respaldar estos servicios, la empresa cuenta con una l\u00ednea completa de equipos de prueba.<\/p>\n<p>Adem\u00e1s del equipo y el personal, nuestros servicios de pruebas de pozos no estar\u00edan completos sin datos precisos. Todos nuestros t\u00e9cnicos est\u00e1n capacitados para usar el \u00faltimo equipo de comunicaci\u00f3n. Esto proporciona a nuestros clientes acceso inmediato a los datos provenientes del campo, as\u00ed como una adquisici\u00f3n de datos opcional en tiempo real a trav\u00e9s de nuestras redes GPRS.<\/p>\n<\/div>\n\t\t<\/div><\/div><div id=\"pgc-842-1-2\"  class=\"panel-grid-cell\" ><\/div><\/div><\/div><div id=\"pg-842-2\"  class=\"panel-grid\" ><div class=\"panel-grid-core\"><div id=\"pgc-842-2-0\"  class=\"panel-grid-cell\" ><\/div><div id=\"pgc-842-2-1\"  class=\"panel-grid-cell\" ><div class=\"panel-widget-style\" ><div class=\"divider\"><\/div><\/div><\/div><div id=\"pgc-842-2-2\"  class=\"panel-grid-cell\" ><\/div><\/div><\/div><div id=\"pg-842-3\"  class=\"panel-grid\" ><div class=\"panel-grid-core\"><div id=\"pgc-842-3-0\"  class=\"panel-grid-cell\" ><\/div><div id=\"pgc-842-3-1\"  class=\"panel-grid-cell\" ><div class=\"panel-widget-style\" ><p><img decoding=\"async\" src=\"https:\/\/viking-intl.com\/wp-content\/uploads\/2024\/12\/TestingEquip.png\" alt=\"\" ><\/p><\/div><\/div><div id=\"pgc-842-3-2\"  class=\"panel-grid-cell\" ><\/div><\/div><\/div>","protected":false},"excerpt":{"rendered":"<p>Production Testing And Flowback Viking Services\u2019 well testing specializes in surface production testing and flowback services. Viking Services partners with its clients to optimize maximum initial production performance. Flowback and testing services are vital to the overall production of the well and Viking Services\u2019 well testing is dedicated to using the highest quality equipment and<\/p>\n<p class=\"more-link\"><a href=\"https:\/\/viking-intl.com\/es\/products-services\/energy-services\/well-testing\/\" class=\"themebutton2\">Leer m\u00e1s<\/a><\/p>","protected":false},"author":1,"featured_media":0,"parent":273,"menu_order":0,"comment_status":"closed","ping_status":"closed","template":"","meta":{"footnotes":""},"categories":[],"tags":[5,48],"class_list":["post-842","page","type-page","status-publish","hentry","tag-energy-services","tag-well-testing"],"_links":{"self":[{"href":"https:\/\/viking-intl.com\/es\/wp-json\/wp\/v2\/pages\/842","targetHints":{"allow":["GET"]}}],"collection":[{"href":"https:\/\/viking-intl.com\/es\/wp-json\/wp\/v2\/pages"}],"about":[{"href":"https:\/\/viking-intl.com\/es\/wp-json\/wp\/v2\/types\/page"}],"author":[{"embeddable":true,"href":"https:\/\/viking-intl.com\/es\/wp-json\/wp\/v2\/users\/1"}],"replies":[{"embeddable":true,"href":"https:\/\/viking-intl.com\/es\/wp-json\/wp\/v2\/comments?post=842"}],"version-history":[{"count":1,"href":"https:\/\/viking-intl.com\/es\/wp-json\/wp\/v2\/pages\/842\/revisions"}],"predecessor-version":[{"id":1793,"href":"https:\/\/viking-intl.com\/es\/wp-json\/wp\/v2\/pages\/842\/revisions\/1793"}],"up":[{"embeddable":true,"href":"https:\/\/viking-intl.com\/es\/wp-json\/wp\/v2\/pages\/273"}],"wp:attachment":[{"href":"https:\/\/viking-intl.com\/es\/wp-json\/wp\/v2\/media?parent=842"}],"wp:term":[{"taxonomy":"category","embeddable":true,"href":"https:\/\/viking-intl.com\/es\/wp-json\/wp\/v2\/categories?post=842"},{"taxonomy":"post_tag","embeddable":true,"href":"https:\/\/viking-intl.com\/es\/wp-json\/wp\/v2\/tags?post=842"}],"curies":[{"name":"wp","href":"https:\/\/api.w.org\/{rel}","templated":true}]}}