{"id":848,"date":"2017-12-04T15:25:20","date_gmt":"2017-12-04T12:25:20","guid":{"rendered":"https:\/\/www.viking-intl.com\/Viking-intl\/?page_id=848"},"modified":"2026-02-20T21:30:22","modified_gmt":"2026-02-20T21:30:22","slug":"tubo-flexible","status":"publish","type":"page","link":"https:\/\/viking-intl.com\/es\/products-services\/energy-services\/coiled-tubing\/","title":{"rendered":"Tuber\u00eda flexible"},"content":{"rendered":"<div id=\"pg-848-0\"  class=\"panel-grid\" ><div class=\"panel-grid-core\"><div id=\"pgc-848-0-0\"  class=\"panel-grid-cell\" ><\/div><div id=\"pgc-848-0-1\"  class=\"panel-grid-cell\" ><div class=\"panel-widget-style\" ><div class=\"thinkupslider-sc style1\" data-height=\"200\"><div id=\"thinkupshortcodesthinkup_builder_thinkupslider\" class=\"thinkupslider-sc-core\"><div class=\"rslides-container\" data-speed=\"6000\"><div class=\"rslides-inner page-inner\"><ul class=\"slides\"><li><img decoding=\"async\" src=\"https:\/\/viking-intl.com\/wp-content\/themes\/Renden_Pro\/images\/transparent.png\" style=\"background: url(https:\/\/viking-intl.com\/wp-content\/uploads\/2024\/12\/13-Coil-Tubing-1.jpg) no-repeat center; background-size: cover;\" alt=\"\" \/><div class=\"rslides-content\"><div class=\"wrap-safari\"><div class=\"rslides-content-inner\"><div class=\"featured\"><\/div><\/div><\/div><\/div><\/li><\/ul><\/div><\/div><\/div><\/div><\/div><\/div><div id=\"pgc-848-0-2\"  class=\"panel-grid-cell\" ><\/div><\/div><\/div><div id=\"pg-848-1\"  class=\"panel-grid\" ><div class=\"panel-grid-core\"><div id=\"pgc-848-1-0\"  class=\"panel-grid-cell\" ><\/div><div id=\"pgc-848-1-1\"  class=\"panel-grid-cell\" ><div class=\"panel-widget-style\" >\t\t\t<div class=\"textwidget\"><p><strong>Servicios de Tuber\u00eda Flexible y Tuber\u00eda Pasante<\/strong><\/p>\n<p>Viking Services ofrece servicios de tuber\u00eda flexible y tuber\u00eda pasante dentro de su amplia lista de servicios. Viking Services cuenta con equipo moderno de tuber\u00eda flexible y tuber\u00eda pasante para dar soporte a operaciones de perforaci\u00f3n, completaci\u00f3n y producci\u00f3n. Los servicios de tuber\u00eda flexible y tuber\u00eda pasante reducen el tiempo de trabajo de perforaci\u00f3n, completaci\u00f3n y remediaci\u00f3n a trav\u00e9s de movilidad r\u00e1pida, montaje y inyecci\u00f3n y retracci\u00f3n continua de tuber\u00eda. Los servicios de tuber\u00eda flexible y tuber\u00eda pasante son ideales en operaciones de completaci\u00f3n e intervenci\u00f3n, utilizando una sarta unificada de tuber\u00eda a trav\u00e9s de un tractor de empaque, combinado con equipo de control de pozo de alta presi\u00f3n. El departamento de tuber\u00eda flexible y tuber\u00eda pasante de Viking Services cuenta con personal de ingenier\u00eda experimentado que asiste a los clientes con recomendaciones y simulaciones para demostrar el potencial de diversas aplicaciones de pozos. Al minimizar el tiempo operativo y la intrusi\u00f3n en el yacimiento, nuestros servicios de tuber\u00eda flexible y tuber\u00eda pasante mejoran la econom\u00eda para los clientes.<\/p>\n<\/div>\n\t\t<\/div><\/div><div id=\"pgc-848-1-2\"  class=\"panel-grid-cell\" ><\/div><\/div><\/div><div id=\"pg-848-2\"  class=\"panel-grid\" ><div class=\"panel-grid-core\"><div id=\"pgc-848-2-0\"  class=\"panel-grid-cell\" ><\/div><div id=\"pgc-848-2-1\"  class=\"panel-grid-cell\" ><div class=\"panel-widget-style\" ><p><img decoding=\"async\" src=\"https:\/\/viking-intl.com\/wp-content\/uploads\/2026\/02\/Coil-Tubing.png\" alt=\"\" ><\/p><\/div><\/div><div id=\"pgc-848-2-2\"  class=\"panel-grid-cell\" ><\/div><\/div><\/div>","protected":false},"excerpt":{"rendered":"<p>Coiled Tubing and Thru Tubing Services Viking Services offers coiled tubing and thru tubing within its long list of services. Viking Services has modern coiled tubing and thru tubing equipment to support drilling, completion, and production operations. Coiled tubing and thru tubing services reduce drilling, completion, and remediation work time through rapid mobility, rig up,<\/p>\n<p class=\"more-link\"><a href=\"https:\/\/viking-intl.com\/es\/products-services\/energy-services\/coiled-tubing\/\" class=\"themebutton2\">Read More<\/a><\/p>","protected":false},"author":1,"featured_media":0,"parent":273,"menu_order":0,"comment_status":"closed","ping_status":"closed","template":"","meta":{"footnotes":""},"categories":[49],"tags":[50,5],"class_list":["post-848","page","type-page","status-publish","hentry","category-coiled-tubing","tag-coiled-tubing","tag-energy-services"],"_links":{"self":[{"href":"https:\/\/viking-intl.com\/es\/wp-json\/wp\/v2\/pages\/848","targetHints":{"allow":["GET"]}}],"collection":[{"href":"https:\/\/viking-intl.com\/es\/wp-json\/wp\/v2\/pages"}],"about":[{"href":"https:\/\/viking-intl.com\/es\/wp-json\/wp\/v2\/types\/page"}],"author":[{"embeddable":true,"href":"https:\/\/viking-intl.com\/es\/wp-json\/wp\/v2\/users\/1"}],"replies":[{"embeddable":true,"href":"https:\/\/viking-intl.com\/es\/wp-json\/wp\/v2\/comments?post=848"}],"version-history":[{"count":4,"href":"https:\/\/viking-intl.com\/es\/wp-json\/wp\/v2\/pages\/848\/revisions"}],"predecessor-version":[{"id":2076,"href":"https:\/\/viking-intl.com\/es\/wp-json\/wp\/v2\/pages\/848\/revisions\/2076"}],"up":[{"embeddable":true,"href":"https:\/\/viking-intl.com\/es\/wp-json\/wp\/v2\/pages\/273"}],"wp:attachment":[{"href":"https:\/\/viking-intl.com\/es\/wp-json\/wp\/v2\/media?parent=848"}],"wp:term":[{"taxonomy":"category","embeddable":true,"href":"https:\/\/viking-intl.com\/es\/wp-json\/wp\/v2\/categories?post=848"},{"taxonomy":"post_tag","embeddable":true,"href":"https:\/\/viking-intl.com\/es\/wp-json\/wp\/v2\/tags?post=848"}],"curies":[{"name":"wp","href":"https:\/\/api.w.org\/{rel}","templated":true}]}}