{"id":1307,"date":"2018-05-18T14:57:00","date_gmt":"2018-05-18T11:57:00","guid":{"rendered":"https:\/\/www.viking-intl.com\/Viking-intl\/?page_id=1307"},"modified":"2026-02-20T20:52:35","modified_gmt":"2026-02-20T20:52:35","slug":"furoiszap","status":"publish","type":"page","link":"https:\/\/viking-intl.com\/hu\/drilling-fluid\/","title":{"rendered":"F\u00far\u00f3iszap"},"content":{"rendered":"<div id=\"pg-1307-0\"  class=\"panel-grid\" ><div class=\"panel-grid-core\"><div id=\"pgc-1307-0-0\"  class=\"panel-grid-cell\" ><\/div><div id=\"pgc-1307-0-1\"  class=\"panel-grid-cell\" ><div class=\"panel-widget-style\" ><div class=\"thinkupslider-sc style1\" data-height=\"248\"><div id=\"thinkupshortcodesthinkup_builder_thinkupslider\" class=\"thinkupslider-sc-core\"><div class=\"rslides-container\" data-speed=\"4000\"><div class=\"rslides-inner page-inner\"><ul class=\"slides\"><li><img decoding=\"async\" src=\"https:\/\/viking-intl.com\/wp-content\/themes\/Renden_Pro\/images\/transparent.png\" style=\"background: url(https:\/\/viking-intl.com\/wp-content\/uploads\/2024\/12\/Drillling-Fluid.jpg) no-repeat center; background-size: cover;\" alt=\"\" \/><div class=\"rslides-content\"><div class=\"wrap-safari\"><div class=\"rslides-content-inner\"><div class=\"featured\"><\/div><\/div><\/div><\/div><\/li><li><img decoding=\"async\" src=\"https:\/\/viking-intl.com\/wp-content\/themes\/Renden_Pro\/images\/transparent.png\" style=\"background: url(https:\/\/viking-intl.com\/wp-content\/uploads\/2024\/12\/Picture2.jpg) no-repeat center; background-size: cover;\" alt=\"\" \/><div class=\"rslides-content\"><div class=\"wrap-safari\"><div class=\"rslides-content-inner\"><div class=\"featured\"><\/div><\/div><\/div><\/div><\/li><li><img decoding=\"async\" src=\"https:\/\/viking-intl.com\/wp-content\/themes\/Renden_Pro\/images\/transparent.png\" style=\"background: url(https:\/\/viking-intl.com\/wp-content\/uploads\/2024\/12\/Picture4.jpg) no-repeat center; background-size: cover;\" alt=\"\" \/><div class=\"rslides-content\"><div class=\"wrap-safari\"><div class=\"rslides-content-inner\"><div class=\"featured\"><\/div><\/div><\/div><\/div><\/li><\/ul><\/div><\/div><\/div><\/div><\/div><\/div><div id=\"pgc-1307-0-2\"  class=\"panel-grid-cell\" ><\/div><\/div><\/div><div id=\"pg-1307-1\"  class=\"panel-grid\" ><div class=\"panel-grid-core\"><div id=\"pgc-1307-1-0\"  class=\"panel-grid-cell\" ><\/div><div id=\"pgc-1307-1-1\"  class=\"panel-grid-cell\" ><div class=\"panel-widget-style\" >\t\t\t<div class=\"textwidget\"><p>A Viking International 2010 \u00f3ta bizony\u00edtott min\u0151s\u00e9g\u0171 f\u00far\u00f3folyad\u00e9k-szolg\u00e1ltat\u00e1st ny\u00fajt. A f\u00far\u00f3folyad\u00e9k csapat t\u00f6bb mint 200 olaj- \u00e9s g\u00e1zipari, valamint 60 geotermikus k\u00fat projekt eset\u00e9ben tervezett \u00e9s alkalmazott megold\u00e1sokat T\u00f6r\u00f6korsz\u00e1gban. Hossz\u00fa t\u00e1v\u00fa \u00fcgyf\u00e9lel\u00e9gedetts\u00e9ggel b\u00fcszk\u00e9lkedhet\u00fcnk szak\u00e9rtelm\u00fcnk \u00e9s operat\u00edv k\u00e9pess\u00e9geink r\u00e9v\u00e9n, amelyek lehet\u0151v\u00e9 teszik a v\u00e1ltoz\u00f3 ig\u00e9nyekhez val\u00f3 alkalmazkod\u00e1st. A Viking f\u00far\u00f3folyad\u00e9k csapat sz\u00e1mos olaj- \u00e9s g\u00e1zipari, valamint geotermikus energia \u00fczemeltet\u0151vel tartott fenn hossz\u00fa t\u00e1v\u00fa m\u0171k\u00f6d\u00e9si kapcsolatot, k\u00f6sz\u00f6nhet\u0151en a magasabb k\u00f6vetelm\u00e9nyek olajmez\u0151kben t\u00f6rt\u00e9n\u0151 megval\u00f3s\u00edt\u00e1s\u00e1ra ir\u00e1nyul\u00f3 megk\u00f6zel\u00edt\u00e9s\u00e9nek. Az eddig k\u00edn\u00e1lt megold\u00e1sok \u00e9szrevehet\u0151 fejl\u0151d\u00e9st hoztak \u00fcgyfeleink m\u0171k\u00f6d\u00e9s\u00e9ben. Mindazon\u00e1ltal a Viking a kutat\u00e1si \u00e9s fejleszt\u00e9si tev\u00e9kenys\u00e9gek r\u00e9v\u00e9n mindig a k\u00f6vetkez\u0151 szintre emeli a teljes\u00edtm\u00e9nyt, hogy minimaliz\u00e1lja a k\u00f6rnyezeti hat\u00e1sokat, kock\u00e1zatokat \u00e9s k\u00f6lts\u00e9geket.<\/p>\n<p>\u201cA \u201diszapm\u00e9rn\u00f6k\" az az olajipari szolg\u00e1ltat\u00f3 c\u00e9g azon munkat\u00e1rsa, akinek feladata a f\u00far\u00f3iszap vagy a befejez\u0151iszap rendszer\u00e9nek karbantart\u00e1sa egy k\u0151olaj- \u00e9s\/vagy f\u00f6ldg\u00e1zf\u00far\u00f3 tornyon. Ez a szem\u00e9ly \u00e1ltal\u00e1ban a f\u00far\u00f3iszap c\u00e9gn\u00e9l dolgozik, \u00e9s speci\u00e1lis k\u00e9pzetts\u00e9ggel rendelkezik a f\u00far\u00f3iszap technol\u00f3gia \u00e9s vegyi anyagok ter\u00e9n.<\/p>\n<ul>\n<li>El\u0151re jelezze \u00e9s hat\u00e1rozza meg, hogyan viselkednek az egyes f\u00far\u00f3iszap term\u00e9kek vagy azok kombin\u00e1ci\u00f3i a furatban a der\u00e9kt\u00e1bl\u00e1zat r\u00e9szek\u00e9nt.<\/li>\n<li>K\u00e9sz\u00edts iszap programokat.<\/li>\n<li>Helysz\u00edni m\u00e9rn\u00f6ki szolg\u00e1ltat\u00e1sok f\u00far\u00f3- \u00e9s k\u00e9szletez\u0151 folyad\u00e9kokhoz.<\/li>\n<li>K\u00fat\u00fczemanyag-term\u00e9kek sz\u00e1ll\u00edt\u00e1sa az \u00fcgyf\u00e9l telephely\u00e9re.<\/li>\n<li>Optimaliz\u00e1lja a f\u00far\u00e1si teljes\u00edtm\u00e9nyt \u00e9s minimaliz\u00e1lja a folyad\u00e9kokkal kapcsolatos probl\u00e9m\u00e1k kock\u00e1zat\u00e1t.<\/li>\n<li>Fel\u00fcgyeli a szil\u00e1rdanyag-szab\u00e1lyoz\u00f3 rendszereket.<\/li>\n<li>Nyom\u00e1s szab\u00e1lyoz\u00e1s.<\/li>\n<li>A f\u00far\u00f3iszap k\u00f6lts\u00e9ge \u00e1ltal\u00e1ban a k\u00fat f\u00far\u00e1s\u00e1nak teljes k\u00f6lts\u00e9g\u00e9nek mintegy 10%-a (jelent\u0151sen v\u00e1ltozhat).<\/li>\n<\/ul>\n<\/div>\n\t\t<\/div><\/div><div id=\"pgc-1307-1-2\"  class=\"panel-grid-cell\" ><\/div><\/div><\/div><div id=\"pg-1307-2\"  class=\"panel-grid\" ><div class=\"panel-grid-core\"><div id=\"pgc-1307-2-0\"  class=\"panel-grid-cell\" ><\/div><div id=\"pgc-1307-2-1\"  class=\"panel-grid-cell\" ><div class=\"panel-widget-style\" ><p><img decoding=\"async\" src=\"https:\/\/viking-intl.com\/wp-content\/uploads\/2026\/02\/Drilling-Fluid.png\" alt=\"\" ><\/p><\/div><\/div><div id=\"pgc-1307-2-2\"  class=\"panel-grid-cell\" ><\/div><\/div><\/div><div id=\"pg-1307-3\"  class=\"panel-grid\" ><div class=\"panel-grid-core\"><div id=\"pgc-1307-3-0\"  class=\"panel-grid-cell\" ><\/div><div id=\"pgc-1307-3-1\"  class=\"panel-grid-cell\" ><div class=\"panel-widget-style\" ><p><img decoding=\"async\" src=\"https:\/\/viking-intl.com\/wp-content\/uploads\/2024\/12\/Picture8.jpg\" alt=\"\" ><\/p><\/div><\/div><div id=\"pgc-1307-3-2\"  class=\"panel-grid-cell\" ><\/div><\/div><\/div>","protected":false},"excerpt":{"rendered":"<p>Viking International provides Drilling Fluids services with the proven quality since 2010, Drilling Fluids team has designed and applied solutions for more than 200 Oil &amp; Gas and 60 Geothermal wells projects in Turkey. We have a track record of long-term customer satisfaction with our expertise and operational capabilities to adapting varying needs. Viking Drilling<\/p>\n<p class=\"more-link\"><a href=\"https:\/\/viking-intl.com\/hu\/drilling-fluid\/\" class=\"themebutton2\">B\u0151vebben<\/a><\/p>","protected":false},"author":1,"featured_media":0,"parent":0,"menu_order":0,"comment_status":"closed","ping_status":"closed","template":"","meta":{"footnotes":""},"categories":[63],"tags":[],"class_list":["post-1307","page","type-page","status-publish","hentry","category-drilling-fluid"],"_links":{"self":[{"href":"https:\/\/viking-intl.com\/hu\/wp-json\/wp\/v2\/pages\/1307","targetHints":{"allow":["GET"]}}],"collection":[{"href":"https:\/\/viking-intl.com\/hu\/wp-json\/wp\/v2\/pages"}],"about":[{"href":"https:\/\/viking-intl.com\/hu\/wp-json\/wp\/v2\/types\/page"}],"author":[{"embeddable":true,"href":"https:\/\/viking-intl.com\/hu\/wp-json\/wp\/v2\/users\/1"}],"replies":[{"embeddable":true,"href":"https:\/\/viking-intl.com\/hu\/wp-json\/wp\/v2\/comments?post=1307"}],"version-history":[{"count":6,"href":"https:\/\/viking-intl.com\/hu\/wp-json\/wp\/v2\/pages\/1307\/revisions"}],"predecessor-version":[{"id":2052,"href":"https:\/\/viking-intl.com\/hu\/wp-json\/wp\/v2\/pages\/1307\/revisions\/2052"}],"wp:attachment":[{"href":"https:\/\/viking-intl.com\/hu\/wp-json\/wp\/v2\/media?parent=1307"}],"wp:term":[{"taxonomy":"category","embeddable":true,"href":"https:\/\/viking-intl.com\/hu\/wp-json\/wp\/v2\/categories?post=1307"},{"taxonomy":"post_tag","embeddable":true,"href":"https:\/\/viking-intl.com\/hu\/wp-json\/wp\/v2\/tags?post=1307"}],"curies":[{"name":"wp","href":"https:\/\/api.w.org\/{rel}","templated":true}]}}