{"id":270,"date":"2017-11-24T16:59:13","date_gmt":"2017-11-24T13:59:13","guid":{"rendered":"https:\/\/www.viking-intl.com\/Viking-intl\/?page_id=270"},"modified":"2026-02-19T13:12:50","modified_gmt":"2026-02-19T13:12:50","slug":"furogepi-szolgaltatasok","status":"publish","type":"page","link":"https:\/\/viking-intl.com\/hu\/products-services\/drilling-services\/","title":{"rendered":"F\u00far\u00e1si szolg\u00e1ltat\u00e1sok"},"content":{"rendered":"<div id=\"pg-270-0\"  class=\"panel-grid\" ><div class=\"panel-grid-core\"><div id=\"pgc-270-0-0\"  class=\"panel-grid-cell\" ><\/div><div id=\"pgc-270-0-1\"  class=\"panel-grid-cell\" ><div class=\"panel-widget-style\" ><div class=\"thinkupslider-sc style1\" data-height=\"200\"><div id=\"thinkupshortcodesthinkup_builder_thinkupslider\" class=\"thinkupslider-sc-core\"><div class=\"rslides-container\" data-speed=\"4000\"><div class=\"rslides-inner page-inner\"><ul class=\"slides\"><li><img decoding=\"async\" src=\"https:\/\/viking-intl.com\/wp-content\/themes\/Renden_Pro\/images\/transparent.png\" style=\"background: url(https:\/\/viking-intl.com\/wp-content\/uploads\/2017\/11\/4-Raising-Substructure-on-Rig-I-10-in-No-Iraq_1st-picture_Randy-Arnold_VS_913.jpg) no-repeat center; background-size: cover;\" alt=\"\" \/><div class=\"rslides-content\"><div class=\"wrap-safari\"><div class=\"rslides-content-inner\"><div class=\"featured\"><\/div><\/div><\/div><\/div><\/li><li><img decoding=\"async\" src=\"https:\/\/viking-intl.com\/wp-content\/themes\/Renden_Pro\/images\/transparent.png\" style=\"background: url(https:\/\/viking-intl.com\/wp-content\/uploads\/2024\/12\/29-Rig-31-Delvina-Albania_Hugo-Egas_VS_0314-1.jpg) no-repeat center; background-size: cover;\" alt=\"\" \/><div class=\"rslides-content\"><div class=\"wrap-safari\"><div class=\"rslides-content-inner\"><div class=\"featured\"><\/div><\/div><\/div><\/div><\/li><\/ul><\/div><\/div><\/div><\/div><\/div><\/div><div id=\"pgc-270-0-2\"  class=\"panel-grid-cell\" ><\/div><\/div><\/div><div id=\"pg-270-1\"  class=\"panel-grid\" ><div class=\"panel-grid-core\"><div id=\"pgc-270-1-0\"  class=\"panel-grid-cell\" ><\/div><div id=\"pgc-270-1-1\"  class=\"panel-grid-cell\" ><div class=\"panel-widget-style\" ><div class=\"customtitle style5\"><h3 style=\"font-weight: 700;font-style: normal;\"><span>Szerz\u0151d\u00e9ses f\u00far\u00f3tornyok<\/span><\/h3><\/div><\/div><\/div><div id=\"pgc-270-1-2\"  class=\"panel-grid-cell\" ><\/div><\/div><\/div><div id=\"pg-270-2\"  class=\"panel-grid\" ><div class=\"panel-grid-core\"><div id=\"pgc-270-2-0\"  class=\"panel-grid-cell\" ><\/div><div id=\"pgc-270-2-1\"  class=\"panel-grid-cell\" ><div class=\"panel-widget-style\" >\t\t\t<div class=\"textwidget\"><p>A Viking Services partnerek sz\u00e1m\u00e1ra onshore szerz\u0151d\u00e9ses f\u00far\u00e1si szolg\u00e1ltat\u00e1sokat ny\u00fajt, egy folyamatosan b\u0151v\u00fcl\u0151, kereskedelmi forgalomban l\u00e9v\u0151, sz\u00e1razf\u00f6ldi f\u00far\u00f3torony-parkkal, amely els\u0151sorban a MENA \u00e9s a CEE r\u00e9gi\u00f3k olaj- \u00e9s f\u00f6ldg\u00e1ztermel\u0151 ter\u00fcletein m\u0171k\u00f6dik. A Viking f\u00far\u00e1si szolg\u00e1ltat\u00e1si csapata teljes\u00edtm\u00e9nyorient\u00e1lt, technol\u00f3giailag fejlett berendez\u00e9seket, kiterjedt ipar\u00e1gi tapasztalatot, biztons\u00e1gos m\u0171k\u00f6d\u00e9si k\u00f6rnyezetet \u00e9s min\u0151s\u00e9gi szolg\u00e1ltat\u00e1st k\u00edn\u00e1l \u00fcgyfeleinknek a glob\u00e1lis olaj- \u00e9s g\u00e1ziparban.<\/p>\n<p>Folytatjuk f\u00far\u00f3torony-flott\u00e1nkba val\u00f3 befektet\u00e9seinket, ez\u00e1ltal jav\u00edtva a Viking Services f\u00far\u00f3tornyainak min\u0151s\u00e9g\u00e9t \u00e9s sokoldal\u00fas\u00e1g\u00e1t, magas specifik\u00e1ci\u00f3j\u00fa f\u00far\u00f3tornyok korszer\u0171s\u00edt\u00e9s\u00e9vel \u00e9s\/vagy beszerz\u00e9s\u00e9vel, amelyek \u00faj f\u00far\u00e1si alkalmaz\u00e1sokhoz val\u00f3 \u00e1talak\u00edt\u00e1shoz alkalmasak, amelyek a technol\u00f3giai fejl\u0151d\u00e9s kiakn\u00e1z\u00e1s\u00e1hoz sz\u00fcks\u00e9gesek. F\u00far\u00f3tornyokat tervez\u00fcnk \u00e9s \u00e9p\u00edt\u00fcnk a k\u00fcl\u00f6nb\u00f6z\u0151 m\u0171k\u00f6d\u00e9si ter\u00fcleteken tal\u00e1lhat\u00f3 kutak f\u00far\u00e1si ig\u00e9nyeinek kiel\u00e9g\u00edt\u00e9s\u00e9re.<\/p>\n<p>Elk\u00f6telezettek vagyunk \u00fcgyfeleink f\u00far\u00e1si hat\u00e9konys\u00e1gi, biztons\u00e1gi \u00e9s min\u0151s\u00e9gi k\u00f6vetelm\u00e9nyeinek t\u00falteljes\u00edt\u00e9se mellett. Az al\u00e1bbi elvek vez\u00e9relnek: az emberek a legnagyobb er\u0151ss\u00e9g\u00fcnk, a biztons\u00e1g a legfontosabb felel\u0151ss\u00e9g\u00fcnk, a p\u00e9nz\u00fcgyi fegyelem \u00e9s a m\u0171k\u00f6d\u00e9si kiv\u00e1l\u00f3s\u00e1g pedig a munkamor\u00e1lunk.<\/p>\n<p>Technol\u00f3gi\u00e1nk, szak\u00e9rtelm\u00fcnk \u00e9s min\u0151s\u00e9gi felszerel\u00e9s\u00fcnk seg\u00edt benn\u00fcnket a kih\u00edv\u00e1st jelent\u0151 f\u00far\u00e1si projektek eredm\u00e9nyes megval\u00f3s\u00edt\u00e1s\u00e1ban \u00e9s a szigor\u00fa \u00fcgyf\u00e9lk\u00f6vetelm\u00e9nyek teljes\u00edt\u00e9s\u00e9ben. Olyan f\u00far\u00f3berendez\u00e9seket tervez\u00fcnk, amelyek automatiz\u00e1lt funkci\u00f3kkal rendelkeznek, cs\u00f6kkentik a nem produkt\u00edv id\u0151t, \u00e9s n\u00f6velik a biztons\u00e1got az \u00fczemi vesz\u00e9lyek kik\u00fcsz\u00f6b\u00f6l\u00e9s\u00e9vel, valamint az emberek t\u00e1vol tart\u00e1s\u00e1val a vesz\u00e9lyes ter\u00fcletekt\u0151l.<\/p>\n<\/div>\n\t\t<\/div><\/div><div id=\"pgc-270-2-2\"  class=\"panel-grid-cell\" ><\/div><\/div><\/div><div id=\"pg-270-3\"  class=\"panel-grid\" ><div class=\"panel-grid-core\"><div id=\"pgc-270-3-0\"  class=\"panel-grid-cell\" ><\/div><div id=\"pgc-270-3-1\"  class=\"panel-grid-cell\" ><div class=\"panel-widget-style\" ><div class=\"divider\"><\/div><\/div><\/div><div id=\"pgc-270-3-2\"  class=\"panel-grid-cell\" ><\/div><\/div><\/div><div id=\"pg-270-4\"  class=\"panel-grid\" ><div class=\"panel-grid-core\"><div id=\"pgc-270-4-0\"  class=\"panel-grid-cell\" ><\/div><div id=\"pgc-270-4-1\"  class=\"panel-grid-cell\" ><\/div><div id=\"pgc-270-4-2\"  class=\"panel-grid-cell\" ><div class=\"panel-widget-style\" ><div class=\"services-builder style1\"><div class=\"iconimage\"><a href=\"https:\/\/viking-intl.com\/hu\/termekek-szolgaltatasok\/furogepi-szolgaltatasok\/furas\/\"><img decoding=\"async\" src=\"https:\/\/viking-intl.com\/wp-content\/uploads\/2024\/12\/Rig-I-31-Delvina-Albania_Erol-Diniz_VS_0614-1.jpg\" alt=\"F\u00far\u00e1si szolg\u00e1ltat\u00e1sok\" \/><\/a><\/div><div class=\"iconmain\"><h3>F\u00far\u00e1si szolg\u00e1ltat\u00e1sok<\/h3><p class=\"iconurl\"><a href=\"https:\/\/viking-intl.com\/hu\/termekek-szolgaltatasok\/furogepi-szolgaltatasok\/furas\/\">Olvass tov\u00e1bb<\/a><\/p><\/div><\/div><\/div><\/div><div id=\"pgc-270-4-3\"  class=\"panel-grid-cell\" ><\/div><div id=\"pgc-270-4-4\"  class=\"panel-grid-cell\" ><\/div><\/div><\/div>","protected":false},"excerpt":{"rendered":"<p>Contract Drilling Rigs Viking Services provides onshore contract drilling services with an ever-expanding fleet of marketable land-based drilling rigs that operate primarily in the oil and natural gas producing regions within the MENA and CEE areas. Viking\u2019s Drilling Services team is performance-oriented, providing technologically advanced equipment, extensive industry experience, a safe operating environment, and quality<\/p>\n<p class=\"more-link\"><a href=\"https:\/\/viking-intl.com\/hu\/products-services\/drilling-services\/\" class=\"themebutton2\">B\u0151vebben<\/a><\/p>","protected":false},"author":1,"featured_media":0,"parent":287,"menu_order":0,"comment_status":"closed","ping_status":"closed","template":"","meta":{"footnotes":""},"categories":[],"tags":[3,4],"class_list":["post-270","page","type-page","status-publish","hentry","tag-drilling","tag-drilling-services"],"_links":{"self":[{"href":"https:\/\/viking-intl.com\/hu\/wp-json\/wp\/v2\/pages\/270","targetHints":{"allow":["GET"]}}],"collection":[{"href":"https:\/\/viking-intl.com\/hu\/wp-json\/wp\/v2\/pages"}],"about":[{"href":"https:\/\/viking-intl.com\/hu\/wp-json\/wp\/v2\/types\/page"}],"author":[{"embeddable":true,"href":"https:\/\/viking-intl.com\/hu\/wp-json\/wp\/v2\/users\/1"}],"replies":[{"embeddable":true,"href":"https:\/\/viking-intl.com\/hu\/wp-json\/wp\/v2\/comments?post=270"}],"version-history":[{"count":7,"href":"https:\/\/viking-intl.com\/hu\/wp-json\/wp\/v2\/pages\/270\/revisions"}],"predecessor-version":[{"id":2015,"href":"https:\/\/viking-intl.com\/hu\/wp-json\/wp\/v2\/pages\/270\/revisions\/2015"}],"up":[{"embeddable":true,"href":"https:\/\/viking-intl.com\/hu\/wp-json\/wp\/v2\/pages\/287"}],"wp:attachment":[{"href":"https:\/\/viking-intl.com\/hu\/wp-json\/wp\/v2\/media?parent=270"}],"wp:term":[{"taxonomy":"category","embeddable":true,"href":"https:\/\/viking-intl.com\/hu\/wp-json\/wp\/v2\/categories?post=270"},{"taxonomy":"post_tag","embeddable":true,"href":"https:\/\/viking-intl.com\/hu\/wp-json\/wp\/v2\/tags?post=270"}],"curies":[{"name":"wp","href":"https:\/\/api.w.org\/{rel}","templated":true}]}}