{"id":273,"date":"2017-11-24T17:03:24","date_gmt":"2017-11-24T14:03:24","guid":{"rendered":"https:\/\/www.viking-intl.com\/Viking-intl\/?page_id=273"},"modified":"2026-02-26T07:20:12","modified_gmt":"2026-02-26T07:20:12","slug":"energetikai-szolgaltatasok","status":"publish","type":"page","link":"https:\/\/viking-intl.com\/hu\/products-services\/energy-services\/","title":{"rendered":"Energiaszolg\u00e1ltat\u00e1sok"},"content":{"rendered":"<div id=\"pg-273-0\"  class=\"panel-grid\" ><div class=\"panel-grid-core\"><div id=\"pgc-273-0-0\"  class=\"panel-grid-cell\" ><\/div><div id=\"pgc-273-0-1\"  class=\"panel-grid-cell\" ><div class=\"panel-widget-style\" ><div class=\"thinkupslider-sc style1\" data-height=\"200\"><div id=\"thinkupshortcodesthinkup_builder_thinkupslider\" class=\"thinkupslider-sc-core\"><div class=\"rslides-container\" data-speed=\"4000\"><div class=\"rslides-inner page-inner\"><ul class=\"slides\"><li><img decoding=\"async\" src=\"https:\/\/viking-intl.com\/wp-content\/themes\/Renden_Pro\/images\/transparent.png\" style=\"background: url(https:\/\/viking-intl.com\/wp-content\/uploads\/2024\/12\/8-Fracturing.jpg) no-repeat center; background-size: cover;\" alt=\"\" \/><div class=\"rslides-content\"><div class=\"wrap-safari\"><div class=\"rslides-content-inner\"><div class=\"featured\"><\/div><\/div><\/div><\/div><\/li><li><img decoding=\"async\" src=\"https:\/\/viking-intl.com\/wp-content\/themes\/Renden_Pro\/images\/transparent.png\" style=\"background: url(https:\/\/viking-intl.com\/wp-content\/uploads\/2024\/12\/7-Wireline-1.jpg) no-repeat center; background-size: cover;\" alt=\"\" \/><div class=\"rslides-content\"><div class=\"wrap-safari\"><div class=\"rslides-content-inner\"><div class=\"featured\"><\/div><\/div><\/div><\/div><\/li><li><img decoding=\"async\" src=\"https:\/\/viking-intl.com\/wp-content\/themes\/Renden_Pro\/images\/transparent.png\" style=\"background: url(https:\/\/viking-intl.com\/wp-content\/uploads\/2017\/11\/Kay-I-16-Well_Murat-Akbay_VS_0614_Modified.jpg) no-repeat center; background-size: cover;\" alt=\"\" \/><div class=\"rslides-content\"><div class=\"wrap-safari\"><div class=\"rslides-content-inner\"><div class=\"featured\"><\/div><\/div><\/div><\/div><\/li><\/ul><\/div><\/div><\/div><\/div><\/div><\/div><div id=\"pgc-273-0-2\"  class=\"panel-grid-cell\" ><\/div><\/div><\/div><div id=\"pg-273-1\"  class=\"panel-grid\" ><div class=\"panel-grid-core\"><div id=\"pgc-273-1-0\"  class=\"panel-grid-cell\" ><\/div><div id=\"pgc-273-1-1\"  class=\"panel-grid-cell\" ><div class=\"panel-widget-style\" ><div class=\"customtitle style5\"><h3 style=\"font-weight: 700;font-style: normal;\"><span>Szerz\u0151d\u00e9ses Energia Szolg\u00e1ltat\u00e1sok<\/span><\/h3><\/div><\/div><\/div><div id=\"pgc-273-1-2\"  class=\"panel-grid-cell\" ><\/div><\/div><\/div><div id=\"pg-273-2\"  class=\"panel-grid\" ><div class=\"panel-grid-core\"><div id=\"pgc-273-2-0\"  class=\"panel-grid-cell\" ><\/div><div id=\"pgc-273-2-1\"  class=\"panel-grid-cell\" ><div class=\"panel-widget-style\" >\t\t\t<div class=\"textwidget\"><p>A Viking Services Energia-szolg\u00e1ltat\u00e1sok div\u00edzi\u00f3ja integr\u00e1lt, nagy teljes\u00edtm\u00e9ny\u0171 k\u00fatmegold\u00e1sokat k\u00edn\u00e1l, amelyeket az olaj- \u00e9s f\u00f6ldg\u00e1z\u00fczemek teljes \u00e9letciklus\u00e1nak t\u00e1mogat\u00e1s\u00e1ra terveztek. Energia-szolg\u00e1ltat\u00e1sok term\u00e9keink a k\u00fat\u00e9p\u00edt\u00e9s, kivitelez\u00e9s, beavatkoz\u00e1s \u00e9s termel\u00e9s optimaliz\u00e1l\u00e1s\u00e1ra \u00f6sszpontos\u00edtanak, speci\u00e1lis m\u0171szaki szolg\u00e1ltat\u00e1sok \u00e9s fejlett terepi berendez\u00e9sek r\u00e9v\u00e9n.<\/p>\n<p>Energetikai Szolg\u00e1ltat\u00e1sok csapatunk cementez\u00e9si, stimul\u00e1ci\u00f3s \u00e9s kis\u00e1tm\u00e9r\u0151j\u0171 cs\u0151vel v\u00e9gzett munk\u00e1kat, ir\u00e1ny\u00edtott f\u00far\u00e1st \u00e9s dr\u00f3tk\u00f6teles szolg\u00e1ltat\u00e1sokat ny\u00fajt, amelyek jav\u00edtj\u00e1k a kutak integrit\u00e1s\u00e1t, maximaliz\u00e1lj\u00e1k a t\u00e1rol\u00f3k teljes\u00edtm\u00e9ny\u00e9t \u00e9s n\u00f6velik a m\u0171veletek hat\u00e9konys\u00e1g\u00e1t. Tapasztalt szem\u00e9lyzet \u00e9s er\u0151s biztons\u00e1gi kult\u00fara t\u00e1mogat\u00e1s\u00e1val minden egyes szolg\u00e1ltat\u00e1st prec\u00edzen, megb\u00edzhat\u00f3an \u00e9s min\u0151s\u00e9gi elk\u00f6telezetts\u00e9ggel v\u00e9gz\u00fcnk.<\/p>\n<p>Cementez\u00e9si megold\u00e1saink biztos\u00edtj\u00e1k a z\u00f3n\u00e1k elk\u00fcl\u00f6n\u00edt\u00e9s\u00e9t \u00e9s a hossz\u00fa t\u00e1v\u00fa k\u00fat integrit\u00e1s\u00e1t. Stimul\u00e1ci\u00f3s \u00e9s coiled tubing szolg\u00e1ltat\u00e1saink n\u00f6velik a t\u00e1rol\u00f3 termel\u00e9kenys\u00e9g\u00e9t \u00e9s rugalmas beavatkoz\u00e1si lehet\u0151s\u00e9geket biztos\u00edtanak. Az ir\u00e1ny\u00edtott f\u00far\u00e1si technol\u00f3gi\u00e1k lehet\u0151v\u00e9 teszik a pontos k\u00fatpoz\u00edcion\u00e1l\u00e1st a t\u00e1rol\u00f3 felt\u00e1r\u00e1s\u00e1nak maximaliz\u00e1l\u00e1sa \u00e9rdek\u00e9ben, m\u00edg k\u00e1belvez\u00e9relt szolg\u00e1ltat\u00e1saink kritikus k\u00fati adatokat \u00e9s hat\u00e9kony befejez\u00e9si t\u00e1mogat\u00e1st ny\u00fajtanak.<\/p>\n<p>A Viking Servicesn\u00e9l a biztons\u00e1g megmarad els\u0151dleges felel\u0151ss\u00e9g\u00fcnknek, \u00e9s munkat\u00e1rsaink a legnagyobb \u00e9rt\u00e9k\u00fcnk. Fegyelmezett m\u0171k\u00f6d\u00e9s, m\u0171szaki szak\u00e9rtelem \u00e9s innovat\u00edv berendez\u00e9s-tervez\u00e9s r\u00e9v\u00e9n seg\u00edtj\u00fck \u00fcgyfeleinket a nem produkt\u00edv id\u0151 cs\u00f6kkent\u00e9s\u00e9ben, a kock\u00e1zatok m\u00e9rs\u00e9kl\u00e9s\u00e9ben \u00e9s a kiv\u00e1l\u00f3 teljes\u00edtm\u00e9ny el\u00e9r\u00e9s\u00e9ben. Energiapalett\u00e1nk term\u00e9keit \u00fagy alak\u00edtottuk ki, hogy megfeleljenek a szigor\u00fa \u00fcgyf\u00e9lig\u00e9nyeknek, mik\u00f6zben megb\u00edzhat\u00f3 eredm\u00e9nyeket biztos\u00edtanak a kih\u00edv\u00e1st jelent\u0151 m\u0171k\u00f6d\u00e9si k\u00f6rnyezetekben is.<\/p>\n<\/div>\n\t\t<\/div><\/div><div id=\"pgc-273-2-2\"  class=\"panel-grid-cell\" ><\/div><\/div><\/div><div id=\"pg-273-3\"  class=\"panel-grid\" ><div class=\"panel-grid-core\"><div id=\"pgc-273-3-0\"  class=\"panel-grid-cell\" ><\/div><div id=\"pgc-273-3-1\"  class=\"panel-grid-cell\" ><div class=\"panel-widget-style\" ><div class=\"divider\"><\/div><\/div><\/div><div id=\"pgc-273-3-2\"  class=\"panel-grid-cell\" ><\/div><\/div><\/div><div id=\"pg-273-4\"  class=\"panel-grid\" ><div class=\"panel-grid-core\"><div id=\"pgc-273-4-0\"  class=\"panel-grid-cell\" ><\/div><div id=\"pgc-273-4-1\"  class=\"panel-grid-cell\" ><div class=\"panel-widget-style\" ><div class=\"sc-featured sc-carousel\"><div class=\"entry-header\"><a href=\"https:\/\/viking-intl.com\/hu\/termekek-szolgaltatasok\/energetikai-szolgaltatasok\/savazo-szolgaltatasok\/\"><img decoding=\"async\" src=\"https:\/\/viking-intl.com\/wp-content\/uploads\/2024\/12\/9-Acidizing.jpg\" \/><div class=\"image-overlay overlay2\"><div class=\"image-overlay-inner\"><div class=\"prettyphoto-wrap\"><span><i class=\"fa fa-briefcase\"><\/i><\/span><\/div><\/div><\/div><\/a><\/div><h3>Savaz\u00e1si szolg\u00e1ltat\u00e1sok<\/h3><\/div><\/div><\/div><div id=\"pgc-273-4-2\"  class=\"panel-grid-cell\" ><div class=\"panel-widget-style\" ><div class=\"sc-featured sc-carousel\"><div class=\"entry-header\"><a href=\"https:\/\/viking-intl.com\/hu\/termekek-szolgaltatasok\/energetikai-szolgaltatasok\/cementezesi-szolgaltatasok\/\"><img decoding=\"async\" src=\"https:\/\/viking-intl.com\/wp-content\/uploads\/2024\/12\/10-Cementing.jpg\" \/><div class=\"image-overlay overlay2\"><div class=\"image-overlay-inner\"><div class=\"prettyphoto-wrap\"><span><i class=\"fa fa-briefcase\"><\/i><\/span><\/div><\/div><\/div><\/a><\/div><h3>Cementez\u00e9si szolg\u00e1ltat\u00e1sok<\/h3><\/div><\/div><\/div><div id=\"pgc-273-4-3\"  class=\"panel-grid-cell\" ><div class=\"panel-widget-style\" ><div class=\"sc-featured sc-carousel\"><div class=\"entry-header\"><a href=\"https:\/\/viking-intl.com\/hu\/termekek-szolgaltatasok\/energetikai-szolgaltatasok\/spiralcso\/\"><img decoding=\"async\" src=\"https:\/\/viking-intl.com\/wp-content\/uploads\/2024\/12\/13-Coil-Tubing.jpg\" \/><div class=\"image-overlay overlay2\"><div class=\"image-overlay-inner\"><div class=\"prettyphoto-wrap\"><span><i class=\"fa fa-briefcase\"><\/i><\/span><\/div><\/div><\/div><\/a><\/div><h3>Spir\u00e1lcs\u0151<\/h3><\/div><\/div><\/div><div id=\"pgc-273-4-4\"  class=\"panel-grid-cell\" ><\/div><\/div><\/div><div id=\"pg-273-5\"  class=\"panel-grid\" ><div class=\"panel-grid-core\"><div id=\"pgc-273-5-0\"  class=\"panel-grid-cell\" ><\/div><div id=\"pgc-273-5-1\"  class=\"panel-grid-cell\" ><div class=\"panel-widget-style\" ><div class=\"sc-featured sc-carousel\"><div class=\"entry-header\"><a href=\"https:\/\/viking-intl.com\/hu\/termekek-szolgaltatasok\/energetikai-szolgaltatasok\/komplettalasi-szolgaltatasok\/\"><img decoding=\"async\" src=\"https:\/\/viking-intl.com\/wp-content\/uploads\/2024\/12\/Company_8-300x109.jpg\" \/><div class=\"image-overlay overlay2\"><div class=\"image-overlay-inner\"><div class=\"prettyphoto-wrap\"><span><i class=\"fa fa-briefcase\"><\/i><\/span><\/div><\/div><\/div><\/a><\/div><h3>Befejez\u00e9si szolg\u00e1ltat\u00e1sok<\/h3><\/div><\/div><\/div><div id=\"pgc-273-5-2\"  class=\"panel-grid-cell\" ><div class=\"panel-widget-style\" ><div class=\"sc-featured sc-carousel\"><div class=\"entry-header\"><a href=\"https:\/\/viking-intl.com\/hu\/furoiszap\/\"><img decoding=\"async\" src=\"https:\/\/viking-intl.com\/wp-content\/uploads\/2024\/12\/Drillling-Fluid-1.jpg\" \/><div class=\"image-overlay overlay2\"><div class=\"image-overlay-inner\"><div class=\"prettyphoto-wrap\"><span><i class=\"fa fa-briefcase\"><\/i><\/span><\/div><\/div><\/div><\/a><\/div><h3>F\u00far\u00f3iszap<\/h3><\/div><\/div><\/div><div id=\"pgc-273-5-3\"  class=\"panel-grid-cell\" ><div class=\"panel-widget-style\" ><div class=\"sc-featured sc-carousel\"><div class=\"entry-header\"><a href=\"https:\/\/viking-intl.com\/hu\/termekek-szolgaltatasok\/furogepi-szolgaltatasok\/iranyitott-furasi-szolgaltatasok\/\"><img decoding=\"async\" src=\"https:\/\/viking-intl.com\/wp-content\/uploads\/2024\/12\/6-Directional_Drilling-1-300x109.jpg\" \/><div class=\"image-overlay overlay2\"><div class=\"image-overlay-inner\"><div class=\"prettyphoto-wrap\"><span><i class=\"fa fa-briefcase\"><\/i><\/span><\/div><\/div><\/div><\/a><\/div><h3>Irany\u00edtott f\u00far\u00e1s<\/h3><\/div><\/div><\/div><div id=\"pgc-273-5-4\"  class=\"panel-grid-cell\" ><\/div><\/div><\/div><div id=\"pg-273-6\"  class=\"panel-grid\" ><div class=\"panel-grid-core\"><div id=\"pgc-273-6-0\"  class=\"panel-grid-cell\" ><\/div><div id=\"pgc-273-6-1\"  class=\"panel-grid-cell\" ><div class=\"panel-widget-style\" ><div class=\"sc-featured sc-carousel\"><div class=\"entry-header\"><a href=\"https:\/\/viking-intl.com\/hu\/termekek-szolgaltatasok\/energetikai-szolgaltatasok\/iszapolo-naplozasi-szolgaltatasok\/\"><img decoding=\"async\" src=\"https:\/\/viking-intl.com\/wp-content\/uploads\/2024\/12\/5-Mudlogging.jpg\" \/><div class=\"image-overlay overlay2\"><div class=\"image-overlay-inner\"><div class=\"prettyphoto-wrap\"><span><i class=\"fa fa-briefcase\"><\/i><\/span><\/div><\/div><\/div><\/a><\/div><h3>Iszapdiagnosztikai szolg\u00e1ltat\u00e1sok<\/h3><\/div><\/div><\/div><div id=\"pgc-273-6-2\"  class=\"panel-grid-cell\" ><div class=\"panel-widget-style\" ><div class=\"sc-featured sc-carousel\"><div class=\"entry-header\"><a href=\"https:\/\/viking-intl.com\/hu\/termekek-szolgaltatasok\/energetikai-szolgaltatasok\/vezetek-nelkuli\/\"><img decoding=\"async\" src=\"https:\/\/viking-intl.com\/wp-content\/uploads\/2024\/12\/VDI11_Thrace_1042Header.jpg\" \/><div class=\"image-overlay overlay2\"><div class=\"image-overlay-inner\"><div class=\"prettyphoto-wrap\"><span><i class=\"fa fa-briefcase\"><\/i><\/span><\/div><\/div><\/div><\/a><\/div><h3>Vezet\u00e9kes szolg\u00e1ltat\u00e1sok<\/h3><\/div><\/div><\/div><div id=\"pgc-273-6-3\"  class=\"panel-grid-cell\" ><\/div><div id=\"pgc-273-6-4\"  class=\"panel-grid-cell\" ><\/div><\/div><\/div><div id=\"pg-273-7\"  class=\"panel-grid\" ><div class=\"panel-grid-core\"><div id=\"pgc-273-7-0\"  class=\"panel-grid-cell\" ><\/div><div id=\"pgc-273-7-1\"  class=\"panel-grid-cell\" ><\/div><div id=\"pgc-273-7-2\"  class=\"panel-grid-cell\" ><\/div><div id=\"pgc-273-7-3\"  class=\"panel-grid-cell\" ><\/div><div id=\"pgc-273-7-4\"  class=\"panel-grid-cell\" ><\/div><\/div><\/div>","protected":false},"excerpt":{"rendered":"<p>Contract Energy Services Viking Services\u2019 Energy Services division delivers integrated, high-performance well solutions designed to support the full lifecycle of oil and natural gas operations. Our Energy Services products focus on optimizing well construction, completion, intervention, and production through specialized technical services and advanced field equipment. Our Energy Services team provides Cementing, Stimulation and Coiled<\/p>\n<p class=\"more-link\"><a href=\"https:\/\/viking-intl.com\/hu\/products-services\/energy-services\/\" class=\"themebutton2\">B\u0151vebben<\/a><\/p>","protected":false},"author":1,"featured_media":0,"parent":287,"menu_order":0,"comment_status":"closed","ping_status":"closed","template":"","meta":{"footnotes":""},"categories":[6],"tags":[5,7],"class_list":["post-273","page","type-page","status-publish","hentry","category-energy-services","tag-energy-services","tag-products-services"],"_links":{"self":[{"href":"https:\/\/viking-intl.com\/hu\/wp-json\/wp\/v2\/pages\/273","targetHints":{"allow":["GET"]}}],"collection":[{"href":"https:\/\/viking-intl.com\/hu\/wp-json\/wp\/v2\/pages"}],"about":[{"href":"https:\/\/viking-intl.com\/hu\/wp-json\/wp\/v2\/types\/page"}],"author":[{"embeddable":true,"href":"https:\/\/viking-intl.com\/hu\/wp-json\/wp\/v2\/users\/1"}],"replies":[{"embeddable":true,"href":"https:\/\/viking-intl.com\/hu\/wp-json\/wp\/v2\/comments?post=273"}],"version-history":[{"count":13,"href":"https:\/\/viking-intl.com\/hu\/wp-json\/wp\/v2\/pages\/273\/revisions"}],"predecessor-version":[{"id":1995,"href":"https:\/\/viking-intl.com\/hu\/wp-json\/wp\/v2\/pages\/273\/revisions\/1995"}],"up":[{"embeddable":true,"href":"https:\/\/viking-intl.com\/hu\/wp-json\/wp\/v2\/pages\/287"}],"wp:attachment":[{"href":"https:\/\/viking-intl.com\/hu\/wp-json\/wp\/v2\/media?parent=273"}],"wp:term":[{"taxonomy":"category","embeddable":true,"href":"https:\/\/viking-intl.com\/hu\/wp-json\/wp\/v2\/categories?post=273"},{"taxonomy":"post_tag","embeddable":true,"href":"https:\/\/viking-intl.com\/hu\/wp-json\/wp\/v2\/tags?post=273"}],"curies":[{"name":"wp","href":"https:\/\/api.w.org\/{rel}","templated":true}]}}