{"id":288,"date":"2017-11-24T17:16:59","date_gmt":"2017-11-24T14:16:59","guid":{"rendered":"https:\/\/www.viking-intl.com\/Viking-intl\/?page_id=288"},"modified":"2026-02-20T21:25:10","modified_gmt":"2026-02-20T21:25:10","slug":"karrier","status":"publish","type":"page","link":"https:\/\/viking-intl.com\/hu\/careers\/","title":{"rendered":"Karrier"},"content":{"rendered":"<div id=\"pg-288-0\"  class=\"panel-grid\" ><div class=\"panel-grid-core\"><div id=\"pgc-288-0-0\"  class=\"panel-grid-cell\" ><\/div><div id=\"pgc-288-0-1\"  class=\"panel-grid-cell\" ><div class=\"panel-widget-style\" ><div class=\"thinkupslider-sc style1\" data-height=\"200\"><div id=\"thinkupshortcodesthinkup_builder_thinkupslider\" class=\"thinkupslider-sc-core\"><div class=\"rslides-container\" data-speed=\"6000\"><div class=\"rslides-inner page-inner\"><ul class=\"slides\"><li><img decoding=\"async\" src=\"https:\/\/viking-intl.com\/wp-content\/themes\/Renden_Pro\/images\/transparent.png\" style=\"background: url(https:\/\/viking-intl.com\/wp-content\/uploads\/2024\/12\/7-Wireline.jpg) no-repeat center; background-size: cover;\" alt=\"\" \/><div class=\"rslides-content\"><div class=\"wrap-safari\"><div class=\"rslides-content-inner\"><div class=\"featured\"><\/div><\/div><\/div><\/div><\/li><\/ul><\/div><\/div><\/div><\/div><\/div><\/div><div id=\"pgc-288-0-2\"  class=\"panel-grid-cell\" ><\/div><\/div><\/div><div id=\"pg-288-1\"  class=\"panel-grid\" ><div class=\"panel-grid-core\"><div id=\"pgc-288-1-0\"  class=\"panel-grid-cell\" ><\/div><div id=\"pgc-288-1-1\"  class=\"panel-grid-cell\" ><div class=\"panel-widget-style\" >\t\t\t<div class=\"textwidget\"><p>A Viking Services a rendk\u00edv\u00fcli embereknek k\u00f6sz\u00f6nhet\u0151en \u00e9r el vil\u00e1gm\u00e9ret\u0171 sikereket. Az energiaiparban bet\u00f6lt\u00f6tt szerepe a tapasztalt, multinacion\u00e1lis olajipari szakemberekb\u0151l \u00e1ll\u00f3 csapat\u00e1nak \u00e9s integr\u00e1lt projektmenedzsment szolg\u00e1ltat\u00e1sainak k\u00f6sz\u00f6nhet\u0151. A legt\u00f6bb munkat\u00e1rs t\u00f6bb szakter\u00fcleten is k\u00e9pzett, hogy jav\u00edtsa az \u00fcgyfeleknek ny\u00fajtott szolg\u00e1ltat\u00e1sokat \u00e9s n\u00f6velje a karrierlehet\u0151s\u00e9geket.<\/p>\n<p>A Viking m\u0171k\u00f6d\u00e9si ter\u00fcletein n\u00f6vekv\u0151 jelenl\u00e9te tapasztalt szakemberek \u00e9s frissdiplom\u00e1s p\u00e1lyakezd\u0151k felv\u00e9tel\u00e9t teszi sz\u00fcks\u00e9gess\u00e9 az ipar\u00e1gak \u00e9s a fogyaszt\u00f3k n\u00f6vekv\u0151 ig\u00e9nyeinek kiel\u00e9g\u00edt\u00e9se \u00e9rdek\u00e9ben.<\/p>\n<p>A leend\u0151 munkav\u00e1llal\u00f3knak \u00f6nmotiv\u00e1ltnak, eg\u00e9szs\u00e9g- \u00e9s biztons\u00e1gtudatosnak, fejl\u0151d\u00e9s- \u00e9s elismer\u00e9sorient\u00e1ltnak kell lenni\u00fck, \u00e9s elk\u00f6telezettnek kell lenni\u00fck amellett, hogy seg\u00edtsenek a kutat\u00f3- \u00e9s termel\u0151 v\u00e1llalatoknak a n\u00f6veked\u00e9sben \u00e9s a vir\u00e1gz\u00e1sban.<\/p>\n<p>A Viking versenyk\u00e9pes \u00e9s kreat\u00edv kompenz\u00e1ci\u00f3s terveket, rot\u00e1ci\u00f3s \u00e9s \u00e1lland\u00f3 rezidens poz\u00edci\u00f3kat, nyugd\u00edjbiztos\u00edt\u00e1st, biztos\u00edt\u00e1si \u00e9s profitterveket k\u00edn\u00e1l.<\/p>\n<\/div>\n\t\t<\/div><\/div><div id=\"pgc-288-1-2\"  class=\"panel-grid-cell\" ><\/div><\/div><\/div><div id=\"pg-288-2\"  class=\"panel-grid\" ><div class=\"panel-grid-core\"><div id=\"pgc-288-2-0\"  class=\"panel-grid-cell\" ><\/div><div id=\"pgc-288-2-1\"  class=\"panel-grid-cell\" ><div class=\"panel-widget-style\" >\t\t\t<div class=\"textwidget\"><h3>Munkav\u00e1llal\u00e1ssal kapcsolatos inform\u00e1ci\u00f3k\u00e9rt forduljon:\u00a0<a href=\"mailto:jobs@viking-intl.com\">jobs@viking-intl.com<\/a><\/h3>\n<\/div>\n\t\t<\/div><\/div><div id=\"pgc-288-2-2\"  class=\"panel-grid-cell\" ><\/div><\/div><\/div>","protected":false},"excerpt":{"rendered":"<p>Viking\u00a0Services achieves worldwide success because of its extraordinary people. Its role in the energy industry is attributable to its team of experienced, multi-national oilfield professionals and its integrated project management services. Most personnel are trained in multiple disciplines to enhance services to customers and increase career path opportunities. Viking\u2019s growing presence throughout its operating regions<\/p>\n<p class=\"more-link\"><a href=\"https:\/\/viking-intl.com\/hu\/careers\/\" class=\"themebutton2\">B\u0151vebben<\/a><\/p>","protected":false},"author":1,"featured_media":0,"parent":0,"menu_order":0,"comment_status":"closed","ping_status":"closed","template":"","meta":{"footnotes":""},"categories":[12],"tags":[13],"class_list":["post-288","page","type-page","status-publish","hentry","category-carrers","tag-carrers"],"_links":{"self":[{"href":"https:\/\/viking-intl.com\/hu\/wp-json\/wp\/v2\/pages\/288","targetHints":{"allow":["GET"]}}],"collection":[{"href":"https:\/\/viking-intl.com\/hu\/wp-json\/wp\/v2\/pages"}],"about":[{"href":"https:\/\/viking-intl.com\/hu\/wp-json\/wp\/v2\/types\/page"}],"author":[{"embeddable":true,"href":"https:\/\/viking-intl.com\/hu\/wp-json\/wp\/v2\/users\/1"}],"replies":[{"embeddable":true,"href":"https:\/\/viking-intl.com\/hu\/wp-json\/wp\/v2\/comments?post=288"}],"version-history":[{"count":3,"href":"https:\/\/viking-intl.com\/hu\/wp-json\/wp\/v2\/pages\/288\/revisions"}],"predecessor-version":[{"id":2074,"href":"https:\/\/viking-intl.com\/hu\/wp-json\/wp\/v2\/pages\/288\/revisions\/2074"}],"wp:attachment":[{"href":"https:\/\/viking-intl.com\/hu\/wp-json\/wp\/v2\/media?parent=288"}],"wp:term":[{"taxonomy":"category","embeddable":true,"href":"https:\/\/viking-intl.com\/hu\/wp-json\/wp\/v2\/categories?post=288"},{"taxonomy":"post_tag","embeddable":true,"href":"https:\/\/viking-intl.com\/hu\/wp-json\/wp\/v2\/tags?post=288"}],"curies":[{"name":"wp","href":"https:\/\/api.w.org\/{rel}","templated":true}]}}