{"id":289,"date":"2017-11-24T17:16:59","date_gmt":"2017-11-24T14:16:59","guid":{"rendered":"https:\/\/www.viking-intl.com\/Viking-intl\/?page_id=289"},"modified":"2026-02-15T13:22:29","modified_gmt":"2026-02-15T13:22:29","slug":"2-kapcsolat","status":"publish","type":"page","link":"https:\/\/viking-intl.com\/hu\/contact-2\/","title":{"rendered":"Kapcsolat"},"content":{"rendered":"<div id=\"pg-289-0\"  class=\"panel-grid\" ><div class=\"panel-grid-core\"><div id=\"pgc-289-0-0\"  class=\"panel-grid-cell\" ><div class=\"panel-widget-style\" ><p><iframe loading=\"lazy\" src=\"https:\/\/www.google.com\/maps\/d\/embed?mid=1RxEOdBr4N2AFFHGiNeIcJ0MmWACNKHyv&amp;hl=en\" width=\"840\" height=\"680\"><\/iframe><\/p><\/div><\/div><div id=\"pgc-289-0-1\"  class=\"panel-grid-cell\" ><div class=\"panel-widget-style\" >\t\t\t<div class=\"textwidget\"><table width=\"752\">\n<tbody>\n<tr>\n<td width=\"752\"><strong>Viking Services FZCO<\/strong><\/td>\n<\/tr>\n<tr>\n<td>DMCC \u00dczleti K\u00f6zpont, 1. emelet, \u00c9kszer \u00e9s Gy\u00e9m\u00e1nt komplex 3<\/td>\n<\/tr>\n<tr>\n<td>Dubaj \/ Egyes\u00fclt Arab Em\u00edrs\u00e9gek.<\/td>\n<\/tr>\n<tr>\n<td><strong>Viking International Kft. \/ VGS\u00a0\u00a0<\/strong><\/td>\n<\/tr>\n<tr>\n<td>Sehit Ersan utca 24\/7 Cankaya, 06680<\/td>\n<\/tr>\n<tr>\n<td>+90 3126663250<\/td>\n<\/tr>\n<tr>\n<td>Ankara \/ T\u00d6R\u00d6KORSZ\u00c1G<\/td>\n<\/tr>\n<tr>\n<td><strong>VIL \/VGS\/ARGEN \/DMLP<\/strong><\/td>\n<\/tr>\n<tr>\n<td>Urfa Yolu 12. km, M-OIL H\u00e1ta, Gozeli<\/td>\n<\/tr>\n<tr>\n<td>+90 4122550523\/24<\/td>\n<\/tr>\n<tr>\n<td>Diyarbakir \/ T\u00f6r\u00f6korsz\u00e1g<\/td>\n<\/tr>\n<tr>\n<td><strong>Viking Olajszolg\u00e1ltat\u00e1sok<\/strong><\/td>\n<\/tr>\n<tr>\n<td>Viking Petrol S.H.A.S G\u00e1zna \u00fat<\/td>\n<\/tr>\n<tr>\n<td>+964 750 325-5651<\/td>\n<\/tr>\n<tr>\n<td>Erbil \/ IRAK<\/td>\n<\/tr>\n<tr>\n<td><\/td>\n<\/tr>\n<tr>\n<td><strong>AGS \/ CED<\/strong><\/td>\n<\/tr>\n<tr>\n<td>1139 Budapest, Forg\u00e1ch u. 11-13<\/td>\n<\/tr>\n<tr>\n<td>+36 13703283<\/td>\n<\/tr>\n<tr>\n<td>Budapest \/ MAGYARORSZ\u00c1G<\/td>\n<\/tr>\n<tr>\n<td><strong>CED Kft.<\/strong><\/td>\n<\/tr>\n<tr>\n<td>133., \u0218erban Vod\u0103 \u00fat, Central Business Park, A \u00e9p\u00fclet, A2:51 szekci\u00f3, 2. emelet, 4. ker\u00fclet, Bukarest, ir\u00e1ny\u00edt\u00f3sz\u00e1m: 040205<\/td>\n<\/tr>\n<tr>\n<td>+40 21 316-6848<\/td>\n<\/tr>\n<tr>\n<td>Bukarest \/ ROM\u00c1NIA<\/td>\n<\/tr>\n<\/tbody>\n<\/table>\n<\/div>\n\t\t<\/div><\/div><\/div><\/div>","protected":false},"excerpt":{"rendered":"<p>Viking Services FZCO DMCC Business Centre, Level 1, Jewellery &amp; Gemplex 3 Dubai \/ U.A.E. Viking International Ltd. \/\u00a0 VGS\u00a0\u00a0 Sehit Ersan Cad. No24\/7 Cankaya, 06680 +90 3126663250 Ankara \/ TURKEY VIL \/VGS\/ARGEN \/DMLP Urfa Yolu 12. km, M-OIL Arkasi, Gozeli +90 4122550523\/24 Diyarbakir \/ TURKEY Viking Oil Services Viking petrol S.H.A.S Gazna road +964<\/p>\n<p class=\"more-link\"><a href=\"https:\/\/viking-intl.com\/hu\/contact-2\/\" class=\"themebutton2\">B\u0151vebben<\/a><\/p>","protected":false},"author":1,"featured_media":0,"parent":0,"menu_order":0,"comment_status":"closed","ping_status":"closed","template":"template-parallax.php","meta":{"footnotes":""},"categories":[15],"tags":[14,16],"class_list":["post-289","page","type-page","status-publish","hentry","category-contact","tag-contact","tag-contact-us"],"_links":{"self":[{"href":"https:\/\/viking-intl.com\/hu\/wp-json\/wp\/v2\/pages\/289","targetHints":{"allow":["GET"]}}],"collection":[{"href":"https:\/\/viking-intl.com\/hu\/wp-json\/wp\/v2\/pages"}],"about":[{"href":"https:\/\/viking-intl.com\/hu\/wp-json\/wp\/v2\/types\/page"}],"author":[{"embeddable":true,"href":"https:\/\/viking-intl.com\/hu\/wp-json\/wp\/v2\/users\/1"}],"replies":[{"embeddable":true,"href":"https:\/\/viking-intl.com\/hu\/wp-json\/wp\/v2\/comments?post=289"}],"version-history":[{"count":2,"href":"https:\/\/viking-intl.com\/hu\/wp-json\/wp\/v2\/pages\/289\/revisions"}],"predecessor-version":[{"id":1866,"href":"https:\/\/viking-intl.com\/hu\/wp-json\/wp\/v2\/pages\/289\/revisions\/1866"}],"wp:attachment":[{"href":"https:\/\/viking-intl.com\/hu\/wp-json\/wp\/v2\/media?parent=289"}],"wp:term":[{"taxonomy":"category","embeddable":true,"href":"https:\/\/viking-intl.com\/hu\/wp-json\/wp\/v2\/categories?post=289"},{"taxonomy":"post_tag","embeddable":true,"href":"https:\/\/viking-intl.com\/hu\/wp-json\/wp\/v2\/tags?post=289"}],"curies":[{"name":"wp","href":"https:\/\/api.w.org\/{rel}","templated":true}]}}