{"id":337,"date":"2017-11-28T15:32:11","date_gmt":"2017-11-28T12:32:11","guid":{"rendered":"https:\/\/www.viking-intl.com\/Viking-intl\/?page_id=337"},"modified":"2026-02-25T14:37:08","modified_gmt":"2026-02-25T14:37:08","slug":"home-page","status":"publish","type":"page","link":"https:\/\/viking-intl.com\/hu\/","title":{"rendered":"Home"},"content":{"rendered":"<div id=\"pg-337-0\"  class=\"panel-grid\" ><div class=\"panel-grid-core\"><div id=\"pgc-337-0-0\"  class=\"panel-grid-cell\" ><\/div><div id=\"pgc-337-0-1\"  class=\"panel-grid-cell\" ><div class=\"panel-widget-style\" ><div class=\"customtitle style5\"><h1 style=\"font-size: 26px;font-weight: 700;font-style: normal;margin-bottom: 14px;\"><span>PORTF\u00d3LI\u00d3NK<\/span><\/h1><\/div><\/div><\/div><div id=\"pgc-337-0-2\"  class=\"panel-grid-cell\" ><\/div><\/div><\/div><div id=\"pg-337-1\"  class=\"panel-grid\" ><div class=\"panel-grid-core\"><div id=\"pgc-337-1-0\"  class=\"panel-grid-cell\" ><\/div><div id=\"pgc-337-1-1\"  class=\"panel-grid-cell\" ><div class=\"panel-widget-style\" ><div class=\"services-builder style1\"><div class=\"iconimage\"><a href=\"https:\/\/viking-intl.com\/hu\/termekek-szolgaltatasok\/furogepi-szolgaltatasok\/\"><img decoding=\"async\" src=\"https:\/\/viking-intl.com\/wp-content\/uploads\/2024\/12\/RIG-I-31-ALBANIA-_-Onur-Demirag_VS_0414.jpg\" alt=\"F\u00daR\u00c1SI SZOLG\u00c1LTAT\u00c1SOK\" \/><\/a><\/div><div class=\"iconmain\"><h3>F\u00daR\u00c1SI SZOLG\u00c1LTAT\u00c1SOK<\/h3><p>A Viking Services partnerek sz\u00e1m\u00e1ra onshore szerz\u0151d\u00e9ses f\u00far\u00e1si szolg\u00e1ltat\u00e1sokat ny\u00fajt, egy folyamatosan b\u0151v\u00fcl\u0151, kereskedelmi forgalomban l\u00e9v\u0151, sz\u00e1razf\u00f6ldi f\u00far\u00f3torony-parkkal, amely els\u0151sorban a MENA \u00e9s a CEE r\u00e9gi\u00f3k olaj- \u00e9s f\u00f6ldg\u00e1ztermel\u0151 ter\u00fcletein m\u0171k\u00f6dik. A Viking f\u00far\u00e1si szolg\u00e1ltat\u00e1si csapata teljes\u00edtm\u00e9nyorient\u00e1lt, technol\u00f3giailag fejlett berendez\u00e9seket, kiterjedt ipar\u00e1gi tapasztalatot, biztons\u00e1gos m\u0171k\u00f6d\u00e9si k\u00f6rnyezetet \u00e9s min\u0151s\u00e9gi szolg\u00e1ltat\u00e1st k\u00edn\u00e1l \u00fcgyfeleinknek a glob\u00e1lis olaj- \u00e9s g\u00e1ziparban.<\/p>\n<p class=\"iconurl\"><a href=\"https:\/\/viking-intl.com\/hu\/termekek-szolgaltatasok\/furogepi-szolgaltatasok\/\">Olvass tov\u00e1bb...<\/a><\/p><\/div><\/div><\/div><\/div><div id=\"pgc-337-1-2\"  class=\"panel-grid-cell\" ><div class=\"panel-widget-style\" ><div class=\"services-builder style1\"><div class=\"iconimage\"><a href=\"https:\/\/viking-intl.com\/hu\/termekek-szolgaltatasok\/energetikai-szolgaltatasok\/\"><img decoding=\"async\" src=\"https:\/\/viking-intl.com\/wp-content\/uploads\/2024\/12\/31-BTD-4H-Multi-Stage-Foam-Frac-10-Stages-Sohrat-Baki-1_VS_1013.jpg\" alt=\"ENERGETIKAI SZOLG\u00c1LTAT\u00c1SOK\" \/><\/a><\/div><div class=\"iconmain\"><h3>ENERGETIKAI SZOLG\u00c1LTAT\u00c1SOK<\/h3><p>A Viking Services Energia Szolg\u00e1ltat\u00e1sok r\u00e9szlege integr\u00e1lt, nagy teljes\u00edtm\u00e9ny\u0171 k\u00fatmegold\u00e1sokat k\u00edn\u00e1l, amelyek az olaj- \u00e9s f\u00f6ldg\u00e1z\u00fczemek teljes \u00e9letciklus\u00e1t t\u00e1mogatj\u00e1k. Energia Szolg\u00e1ltat\u00e1sok term\u00e9keink a k\u00fat\u00e9p\u00edt\u00e9s, a kivitelez\u00e9s, a beavatkoz\u00e1s \u00e9s a termel\u00e9s optimaliz\u00e1l\u00e1s\u00e1ra \u00f6sszpontos\u00edtanak, speci\u00e1lis m\u0171szaki szolg\u00e1ltat\u00e1sok \u00e9s fejlett terepi berendez\u00e9sek r\u00e9v\u00e9n. Energia Szolg\u00e1ltat\u00e1sok csapatunk cementez\u00e9si, stimul\u00e1l\u00e1si \u00e9s cs\u0151vezet\u00e9kes, ir\u00e1ny\u00edtott f\u00far\u00e1si, valamint dr\u00f3tvezet\u00e9kes szolg\u00e1ltat\u00e1sokat ny\u00fajt.<\/p>\n<p class=\"iconurl\"><a href=\"https:\/\/viking-intl.com\/hu\/termekek-szolgaltatasok\/energetikai-szolgaltatasok\/\">Olvass tov\u00e1bb...<\/a><\/p><\/div><\/div><\/div><\/div><div id=\"pgc-337-1-3\"  class=\"panel-grid-cell\" ><\/div><\/div><\/div><div id=\"pg-337-2\"  class=\"panel-grid\" ><div class=\"panel-grid-core\"><div id=\"pgc-337-2-0\"  class=\"panel-grid-cell\" ><\/div><div id=\"pgc-337-2-1\"  class=\"panel-grid-cell\" ><div class=\"panel-widget-style\" ><div class=\"services-builder style1\"><div class=\"iconimage\"><a href=\"https:\/\/viking-intl.com\/hu\/termekek-szolgaltatasok\/geofizikai-szolgaltatasok\/\"><img decoding=\"async\" src=\"https:\/\/viking-intl.com\/wp-content\/uploads\/2024\/12\/51-VGS-1-Big-Molla-3D-Diyarbakir-2-Hulki-Ozkul_VS_1213-1-scaled.jpg\" alt=\"GEOFIZIKAI SZOLG\u00c1LTAT\u00c1SOK\" \/><\/a><\/div><div class=\"iconmain\"><h3>GEOFIZIKAI SZOLG\u00c1LTAT\u00c1SOK<\/h3><p>Az Acoustic Geophysical Services (AGS) a Viking Services 100%-os tulajdon\u00fa le\u00e1nyv\u00e1llalata. Az Acoustic Geophysical Services az ipar\u00e1g legelismertebb szakembereib\u0151l \u00e1ll\u00f3 csapatot hoz \u00f6ssze, hogy vil\u00e1gsz\u00ednvonal\u00fa szeizmikus adatszolg\u00e1ltat\u00e1st ny\u00fajtson. A leg\u00fajabb technol\u00f3gi\u00e1kat \u00e9s felszerel\u00e9seket, valamint egyedi \u00e9s innovat\u00edv m\u0171k\u00f6d\u00e9si megk\u00f6zel\u00edt\u00e9st kihaszn\u00e1lva biztos\u00edtjuk a legmagasabb min\u0151s\u00e9get versenyk\u00e9pes \u00e1ron.<\/p>\n<p class=\"iconurl\"><a href=\"https:\/\/viking-intl.com\/hu\/termekek-szolgaltatasok\/geofizikai-szolgaltatasok\/\">Olvass tov\u00e1bb...<\/a><\/p><\/div><\/div><\/div><\/div><div id=\"pgc-337-2-2\"  class=\"panel-grid-cell\" ><div class=\"panel-widget-style\" ><div class=\"services-builder style1\"><div class=\"iconimage\"><a href=\"https:\/\/viking-intl.com\/hu\/termekek-szolgaltatasok\/integralt-projektmenedzsment\/\"><img decoding=\"async\" src=\"https:\/\/viking-intl.com\/wp-content\/uploads\/2017\/11\/6-Nozzle_CeylanGurses_VS_1213-1-1-scaled.jpg\" alt=\"Integr\u00e1lt projektmenedzsment\" \/><\/a><\/div><div class=\"iconmain\"><h3>Integr\u00e1lt projektmenedzsment<\/h3><p>A Viking Services tapasztalt projektmenedzsment csapatot biztos\u00edt v\u00e1llalkoz\u00e1sa k\u00f6z\u00e9ppontj\u00e1ban, azzal a kiz\u00e1r\u00f3lagos c\u00e9llal, hogy magasabb termel\u00e9kenys\u00e9get \u00e9rjen el, jav\u00edtsa a hat\u00e9konys\u00e1got \u00e9s cs\u00f6kkentse az \u00fczemeltet\u00e9si k\u00f6lts\u00e9geket. Az IPM csoport minden term\u00e9kvonalon m\u0171k\u00f6dik, kulcsfontoss\u00e1g\u00fa kapcsolattart\u00f3 pontk\u00e9nt szolg\u00e1lva minden \u00fcgyf\u00e9l sz\u00e1m\u00e1ra, aki m\u0171szaki t\u00e1mogat\u00e1st \u00e9s integr\u00e1lt well megold\u00e1sok sz\u00e9les v\u00e1laszt\u00e9k\u00e1t keresi.<\/p>\n<p class=\"iconurl\"><a href=\"https:\/\/viking-intl.com\/hu\/termekek-szolgaltatasok\/integralt-projektmenedzsment\/\">Olvass tov\u00e1bb...<\/a><\/p><\/div><\/div><\/div><\/div><div id=\"pgc-337-2-3\"  class=\"panel-grid-cell\" ><\/div><\/div><\/div><div id=\"pg-337-3\"  class=\"panel-grid\" ><div class=\"panel-grid-core\"><div id=\"pgc-337-3-0\"  class=\"panel-grid-cell\" ><\/div><div id=\"pgc-337-3-1\"  class=\"panel-grid-cell\" ><div class=\"panel-widget-style\" ><div class=\"customtitle style5\"><h1 style=\"font-size: 26px;font-weight: 700;font-style: normal;margin-bottom: 14px;\"><span>\u00dcGYFELEINK<\/span><\/h1><\/div><\/div><\/div><div id=\"pgc-337-3-2\"  class=\"panel-grid-cell\" ><\/div><\/div><\/div><div id=\"pg-337-4\"  class=\"panel-grid\" ><div class=\"panel-grid-core\"><div id=\"pgc-337-4-0\"  class=\"panel-grid-cell\" ><\/div><div id=\"pgc-337-4-1\"  class=\"panel-grid-cell\" ><div class=\"panel-widget-style\" ><div class=\"animated start-bounceIn\" title=\"3\"><div class=\"entry-header\"><img decoding=\"async\" src=\"https:\/\/viking-intl.com\/wp-content\/uploads\/2017\/12\/TPAO-1.jpg\" \/><\/div><\/div><div class=\"clearboth\"><\/div><\/div><\/div><div id=\"pgc-337-4-2\"  class=\"panel-grid-cell\" ><div class=\"panel-widget-style\" ><div class=\"animated start-bounceIn\" title=\"3\"><div class=\"entry-header\"><img decoding=\"async\" src=\"https:\/\/viking-intl.com\/wp-content\/uploads\/2026\/02\/TPIC.png\" \/><\/div><\/div><div class=\"clearboth\"><\/div><\/div><\/div><div id=\"pgc-337-4-3\"  class=\"panel-grid-cell\" ><div class=\"panel-widget-style\" ><div class=\"animated start-bounceIn\" title=\"3\"><div class=\"entry-header\"><img decoding=\"async\" src=\"https:\/\/viking-intl.com\/wp-content\/uploads\/2017\/12\/TransAtlantic.png\" \/><\/div><\/div><div class=\"clearboth\"><\/div><\/div><\/div><div id=\"pgc-337-4-4\"  class=\"panel-grid-cell\" ><div class=\"panel-widget-style\" ><div class=\"entry-header\"><img decoding=\"async\" src=\"https:\/\/viking-intl.com\/wp-content\/uploads\/2026\/02\/Botas.png\" \/><\/div><\/div><\/div><div id=\"pgc-337-4-5\"  class=\"panel-grid-cell\" ><\/div><\/div><\/div><div id=\"pg-337-5\"  class=\"panel-grid\" ><div class=\"panel-grid-core\"><div id=\"pgc-337-5-0\"  class=\"panel-grid-cell\" ><\/div><div id=\"pgc-337-5-1\"  class=\"panel-grid-cell\" ><div class=\"panel-widget-style\" ><div class=\"entry-header\"><img decoding=\"async\" src=\"https:\/\/viking-intl.com\/wp-content\/uploads\/2026\/02\/Arar-logo-scaled.png\" \/><\/div><\/div><\/div><div id=\"pgc-337-5-2\"  class=\"panel-grid-cell\" ><div class=\"panel-widget-style\" ><div class=\"animated start-bounceIn\" title=\"3\"><div class=\"entry-header\"><img decoding=\"async\" src=\"https:\/\/viking-intl.com\/wp-content\/uploads\/2026\/02\/Sanko.jpg\" \/><\/div><\/div><div class=\"clearboth\"><\/div><\/div><\/div><div id=\"pgc-337-5-3\"  class=\"panel-grid-cell\" ><div class=\"panel-widget-style\" ><div class=\"animated start-bounceIn\" title=\"3\"><div class=\"entry-header\"><img decoding=\"async\" src=\"https:\/\/viking-intl.com\/wp-content\/uploads\/2026\/02\/TBNG.jpg\" \/><\/div><\/div><div class=\"clearboth\"><\/div><\/div><\/div><div id=\"pgc-337-5-4\"  class=\"panel-grid-cell\" ><div class=\"panel-widget-style\" ><div class=\"animated start-bounceIn\" title=\"3\"><div class=\"entry-header\"><img decoding=\"async\" src=\"https:\/\/viking-intl.com\/wp-content\/uploads\/2026\/02\/Zorlu-Enerji.jpg\" \/><\/div><\/div><div class=\"clearboth\"><\/div><\/div><\/div><div id=\"pgc-337-5-5\"  class=\"panel-grid-cell\" ><div class=\"panel-widget-style\" ><div class=\"animated start-bounceIn\" title=\"3\"><div class=\"entry-header\"><img decoding=\"async\" src=\"https:\/\/viking-intl.com\/wp-content\/uploads\/2026\/02\/Soyak.jpg\" \/><\/div><\/div><div class=\"clearboth\"><\/div><\/div><\/div><div id=\"pgc-337-5-6\"  class=\"panel-grid-cell\" ><div class=\"panel-widget-style\" ><div class=\"entry-header\"><img decoding=\"async\" src=\"https:\/\/viking-intl.com\/wp-content\/uploads\/2026\/02\/Greeneco.jpg\" \/><\/div><\/div><\/div><div id=\"pgc-337-5-7\"  class=\"panel-grid-cell\" ><div class=\"panel-widget-style\" ><div class=\"entry-header\"><img decoding=\"async\" src=\"https:\/\/viking-intl.com\/wp-content\/uploads\/2026\/02\/Turkeler-scaled.png\" \/><\/div><\/div><\/div><div id=\"pgc-337-5-8\"  class=\"panel-grid-cell\" ><\/div><\/div><\/div><div id=\"pg-337-6\"  class=\"panel-grid\" ><div class=\"panel-grid-core\"><div id=\"pgc-337-6-0\"  class=\"panel-grid-cell\" ><\/div><div id=\"pgc-337-6-1\"  class=\"panel-grid-cell\" ><div class=\"panel-widget-style\" ><div class=\"entry-header\"><img decoding=\"async\" src=\"https:\/\/viking-intl.com\/wp-content\/uploads\/2026\/02\/Calik.jpg\" \/><\/div><\/div><\/div><div id=\"pgc-337-6-2\"  class=\"panel-grid-cell\" ><div class=\"panel-widget-style\" ><div class=\"entry-header\"><img decoding=\"async\" src=\"https:\/\/viking-intl.com\/wp-content\/uploads\/2026\/02\/oceanmec-logo.png\" \/><\/div><\/div><\/div><div id=\"pgc-337-6-3\"  class=\"panel-grid-cell\" ><div class=\"panel-widget-style\" ><div class=\"entry-header\"><img decoding=\"async\" src=\"https:\/\/viking-intl.com\/wp-content\/uploads\/2026\/02\/Kocaer.jpg\" \/><\/div><\/div><\/div><div id=\"pgc-337-6-4\"  class=\"panel-grid-cell\" ><div class=\"panel-widget-style\" ><div class=\"entry-header\"><img decoding=\"async\" src=\"https:\/\/viking-intl.com\/wp-content\/uploads\/2026\/02\/Atli.png\" \/><\/div><\/div><\/div><div id=\"pgc-337-6-5\"  class=\"panel-grid-cell\" ><div class=\"panel-widget-style\" ><div class=\"entry-header\"><img decoding=\"async\" src=\"https:\/\/viking-intl.com\/wp-content\/uploads\/2026\/02\/MasPo.png\" \/><\/div><\/div><\/div><div id=\"pgc-337-6-6\"  class=\"panel-grid-cell\" ><div class=\"panel-widget-style\" ><div class=\"entry-header\"><img decoding=\"async\" src=\"https:\/\/viking-intl.com\/wp-content\/uploads\/2026\/02\/Hez.png\" \/><\/div><\/div><\/div><div id=\"pgc-337-6-7\"  class=\"panel-grid-cell\" ><div class=\"panel-widget-style\" ><div class=\"entry-header\"><img decoding=\"async\" src=\"https:\/\/viking-intl.com\/wp-content\/uploads\/2026\/02\/Azure.png\" \/><\/div><\/div><\/div><div id=\"pgc-337-6-8\"  class=\"panel-grid-cell\" ><\/div><\/div><\/div><div id=\"pg-337-7\"  class=\"panel-grid\" ><div class=\"panel-grid-core\"><div id=\"pgc-337-7-0\"  class=\"panel-grid-cell\" ><\/div><div id=\"pgc-337-7-1\"  class=\"panel-grid-cell\" ><div class=\"panel-widget-style\" ><div class=\"entry-header\"><img decoding=\"async\" src=\"https:\/\/viking-intl.com\/wp-content\/uploads\/2026\/02\/Celikler-1.jpg\" \/><\/div><\/div><\/div><div id=\"pgc-337-7-2\"  class=\"panel-grid-cell\" ><div class=\"panel-widget-style\" ><div class=\"entry-header\"><img decoding=\"async\" src=\"https:\/\/viking-intl.com\/wp-content\/uploads\/2026\/02\/Gurmat-1.png\" \/><\/div><\/div><\/div><div id=\"pgc-337-7-3\"  class=\"panel-grid-cell\" ><div class=\"panel-widget-style\" ><div class=\"entry-header\"><img decoding=\"async\" src=\"https:\/\/viking-intl.com\/wp-content\/uploads\/2026\/02\/Marsa-1.png\" \/><\/div><\/div><\/div><div id=\"pgc-337-7-4\"  class=\"panel-grid-cell\" ><div class=\"panel-widget-style\" ><div class=\"entry-header\"><img decoding=\"async\" src=\"https:\/\/viking-intl.com\/wp-content\/uploads\/2026\/02\/Indigo-1.png\" \/><\/div><\/div><\/div><div id=\"pgc-337-7-5\"  class=\"panel-grid-cell\" ><div class=\"panel-widget-style\" ><div class=\"entry-header\"><img decoding=\"async\" src=\"https:\/\/viking-intl.com\/wp-content\/uploads\/2026\/02\/Ictas-1.png\" \/><\/div><\/div><\/div><div id=\"pgc-337-7-6\"  class=\"panel-grid-cell\" ><div class=\"panel-widget-style\" ><div class=\"entry-header\"><img decoding=\"async\" src=\"https:\/\/viking-intl.com\/wp-content\/uploads\/2026\/02\/gyp-1.png\" \/><\/div><\/div><\/div><div id=\"pgc-337-7-7\"  class=\"panel-grid-cell\" ><div class=\"panel-widget-style\" ><div class=\"entry-header\"><img decoding=\"async\" src=\"https:\/\/viking-intl.com\/wp-content\/uploads\/2026\/02\/gmklogo.png\" \/><\/div><\/div><\/div><div id=\"pgc-337-7-8\"  class=\"panel-grid-cell\" ><div class=\"panel-widget-style\" ><div class=\"entry-header\"><img decoding=\"async\" src=\"https:\/\/viking-intl.com\/wp-content\/uploads\/2026\/02\/EE.jpg\" \/><\/div><\/div><\/div><div id=\"pgc-337-7-9\"  class=\"panel-grid-cell\" ><\/div><\/div><\/div>","protected":false},"excerpt":{"rendered":"<p>PORTF\u00d3LI\u00d3NK\nF\u00daR\u00c1SI SZOLG\u00c1LTAT\u00c1SOK\nA Viking Services onshore szerz\u0151d\u00e9ses f\u00far\u00e1si szolg\u00e1ltat\u00e1sokat k\u00edn\u00e1l, egy folyamatosan b\u0151v\u00fcl\u0151, kereskedelmi forgalomban l\u00e9v\u0151, sz\u00e1razf\u00f6ldi f\u00far\u00f3torony-flott\u00e1val, amelyek els\u0151sorban a MENA \u00e9s CEE t\u00e9rs\u00e9gek olaj- \u00e9s f\u00f6ldg\u00e1ztermel\u0151 r\u00e9gi\u00f3iban m\u0171k\u00f6dnek. A Viking F\u00far\u00e1si Szolg\u00e1ltat\u00e1sok csapata teljes\u00edtm\u00e9nyorient\u00e1lt, technol\u00f3giailag fejlett berendez\u00e9seket, kiterjedt ipar\u00e1gi tapasztalatot, biztons\u00e1gos m\u0171k\u00f6d\u00e9si k\u00f6rnyezetet \u00e9s min\u0151s\u00e9gi szolg\u00e1ltat\u00e1st ny\u00fajt.<\/p>\n<p class=\"more-link\"><a href=\"https:\/\/viking-intl.com\/hu\/\" class=\"themebutton2\">B\u0151vebben<\/a><\/p>","protected":false},"author":1,"featured_media":0,"parent":0,"menu_order":0,"comment_status":"closed","ping_status":"closed","template":"template-parallax.php","meta":{"footnotes":""},"categories":[],"tags":[17,18],"class_list":["post-337","page","type-page","status-publish","hentry","tag-viking-international","tag-viking-services"],"_links":{"self":[{"href":"https:\/\/viking-intl.com\/hu\/wp-json\/wp\/v2\/pages\/337","targetHints":{"allow":["GET"]}}],"collection":[{"href":"https:\/\/viking-intl.com\/hu\/wp-json\/wp\/v2\/pages"}],"about":[{"href":"https:\/\/viking-intl.com\/hu\/wp-json\/wp\/v2\/types\/page"}],"author":[{"embeddable":true,"href":"https:\/\/viking-intl.com\/hu\/wp-json\/wp\/v2\/users\/1"}],"replies":[{"embeddable":true,"href":"https:\/\/viking-intl.com\/hu\/wp-json\/wp\/v2\/comments?post=337"}],"version-history":[{"count":29,"href":"https:\/\/viking-intl.com\/hu\/wp-json\/wp\/v2\/pages\/337\/revisions"}],"predecessor-version":[{"id":1816,"href":"https:\/\/viking-intl.com\/hu\/wp-json\/wp\/v2\/pages\/337\/revisions\/1816"}],"wp:attachment":[{"href":"https:\/\/viking-intl.com\/hu\/wp-json\/wp\/v2\/media?parent=337"}],"wp:term":[{"taxonomy":"category","embeddable":true,"href":"https:\/\/viking-intl.com\/hu\/wp-json\/wp\/v2\/categories?post=337"},{"taxonomy":"post_tag","embeddable":true,"href":"https:\/\/viking-intl.com\/hu\/wp-json\/wp\/v2\/tags?post=337"}],"curies":[{"name":"wp","href":"https:\/\/api.w.org\/{rel}","templated":true}]}}