{"id":381,"date":"2017-11-29T10:24:48","date_gmt":"2017-11-29T07:24:48","guid":{"rendered":"https:\/\/www.viking-intl.com\/Viking-intl\/?page_id=381"},"modified":"2026-02-20T21:24:33","modified_gmt":"2026-02-20T21:24:33","slug":"vezetek-nelkuli","status":"publish","type":"page","link":"https:\/\/viking-intl.com\/hu\/products-services\/energy-services\/wireline\/","title":{"rendered":"Vezet\u00e9kes szolg\u00e1ltat\u00e1sok"},"content":{"rendered":"<div id=\"pg-381-0\"  class=\"panel-grid\" ><div class=\"panel-grid-core\"><div id=\"pgc-381-0-0\"  class=\"panel-grid-cell\" ><\/div><div id=\"pgc-381-0-1\"  class=\"panel-grid-cell\" ><div class=\"panel-widget-style\" ><div class=\"thinkupslider-sc style1\" data-height=\"200\"><div id=\"thinkupshortcodesthinkup_builder_thinkupslider\" class=\"thinkupslider-sc-core\"><div class=\"rslides-container\" data-speed=\"6000\"><div class=\"rslides-inner page-inner\"><ul class=\"slides\"><li><img decoding=\"async\" src=\"https:\/\/viking-intl.com\/wp-content\/themes\/Renden_Pro\/images\/transparent.png\" style=\"background: url(https:\/\/viking-intl.com\/wp-content\/uploads\/2024\/12\/VDI11_Thrace_1042Header-1.jpg) no-repeat center; background-size: cover;\" alt=\"\" \/><div class=\"rslides-content\"><div class=\"wrap-safari\"><div class=\"rslides-content-inner\"><div class=\"featured\"><\/div><\/div><\/div><\/div><\/li><\/ul><\/div><\/div><\/div><\/div><\/div><\/div><div id=\"pgc-381-0-2\"  class=\"panel-grid-cell\" ><\/div><\/div><\/div><div id=\"pg-381-1\"  class=\"panel-grid\" ><div class=\"panel-grid-core\"><div id=\"pgc-381-1-0\"  class=\"panel-grid-cell\" ><\/div><div id=\"pgc-381-1-1\"  class=\"panel-grid-cell\" ><div class=\"panel-widget-style\" >\t\t\t<div class=\"textwidget\"><p align=\"JUSTIFY\">A Viking Services kiv\u00e1l\u00f3an teljes\u00edt a cseppk\u0151vel b\u00e9lelt cs\u0151vezet\u00e9k-szolg\u00e1ltat\u00e1sok minden aspektus\u00e1ban. A term\u00e9kek \u00e9s szolg\u00e1ltat\u00e1sok teljes v\u00e1laszt\u00e9k\u00e1t k\u00edn\u00e1ljuk, bele\u00e9rtve a napl\u00f3z\u00e1st, perfor\u00e1l\u00e1st, cs\u0151visszanyer\u00e9st \u00e9s mechanikai szolg\u00e1ltat\u00e1sokat.<\/p>\n<p align=\"JUSTIFY\">A Viking Services a kiterjedt wellsite-i tapasztalat, a megfelel\u0151 tervez\u00e9s, a kiv\u00e1l\u00f3 min\u0151s\u00e9g\u0171 felszerel\u00e9s \u00e9s a magasan k\u00e9pzett szem\u00e9lyzet nyer\u0151 kombin\u00e1ci\u00f3j\u00e1t k\u00edn\u00e1lja, els\u0151dleges priorit\u00e1sk\u00e9nt a biztons\u00e1got kezelve. Szak\u00e9rt\u0151 m\u00e9rn\u00f6keink megfelel\u0151 technol\u00f3gi\u00e1t alkalmaznak, megb\u00edzhat\u00f3 \u00e9s bev\u00e1lt felszerel\u00e9st haszn\u00e1lva a vev\u0151ink \u00e1ltal ig\u00e9nyelt eredm\u00e9nyek el\u00e9r\u00e9se \u00e9rdek\u00e9ben; legyen sz\u00f3 rutinszer\u0171 wellsite-i munk\u00e1r\u00f3l vagy kih\u00edv\u00e1st jelent\u0151 nyom\u00e1sellen\u0151rz\u00e9si m\u0171veletekr\u0151l. A Viking Services munkat\u00e1rsai ismertek az innov\u00e1ci\u00f3r\u00f3l \u00e9s a kreativit\u00e1sr\u00f3l a furatprobl\u00e9m\u00e1k gyors \u00e9s biztons\u00e1got nem vesz\u00e9lyeztet\u0151 megold\u00e1sa ter\u00e9n.<\/p>\n<p>A Viking Services min\u0151s\u00e9gi f\u00far\u00f3lyuk-szolg\u00e1ltat\u00e1saival v\u00e1lt ismertt\u00e9 az olaj- \u00e9s g\u00e1ziparban. Adatainkat a Warrior Well Logging Acquisition Systems seg\u00edts\u00e9g\u00e9vel gy\u0171jtj\u00fck, amelyeket az eg\u00e9sz ipar\u00e1gban elismernek a pontoss\u00e1g \u00e9s a megb\u00edzhat\u00f3s\u00e1g tekintet\u00e9ben, m\u00e9g a legsz\u00e9ls\u0151s\u00e9gesebb k\u00f6r\u00fclm\u00e9nyek k\u00f6z\u00f6tt is.<\/p>\n<\/div>\n\t\t<\/div><\/div><div id=\"pgc-381-1-2\"  class=\"panel-grid-cell\" ><\/div><\/div><\/div><div id=\"pg-381-2\"  class=\"panel-grid\" ><div class=\"panel-grid-core\"><div id=\"pgc-381-2-0\"  class=\"panel-grid-cell\" ><\/div><div id=\"pgc-381-2-1\"  class=\"panel-grid-cell\" ><div class=\"panel-widget-style\" ><p><img decoding=\"async\" src=\"https:\/\/viking-intl.com\/wp-content\/uploads\/2026\/02\/Casehole.png\" alt=\"\" ><\/p><\/div><div class=\"panel-widget-style\" ><p><img decoding=\"async\" src=\"https:\/\/viking-intl.com\/wp-content\/uploads\/2026\/02\/Wireline-Slickline-Services.png\" alt=\"\" ><\/p><\/div><\/div><div id=\"pgc-381-2-2\"  class=\"panel-grid-cell\" ><\/div><\/div><\/div>","protected":false},"excerpt":{"rendered":"<p>Viking Services excels in all facets of Cased Hole Wireline Services. We provide a complete line of products and services including logging, perforating, pipe recovery, and mechanical services. Viking Services has a winning combination of extensive well site experience, proper planning, high-quality equipment, and highly skilled personnel, with safety as our first priority. Our expert<\/p>\n<p class=\"more-link\"><a href=\"https:\/\/viking-intl.com\/hu\/products-services\/energy-services\/wireline\/\" class=\"themebutton2\">B\u0151vebben<\/a><\/p>","protected":false},"author":1,"featured_media":0,"parent":273,"menu_order":0,"comment_status":"closed","ping_status":"closed","template":"","meta":{"footnotes":""},"categories":[22],"tags":[23],"class_list":["post-381","page","type-page","status-publish","hentry","category-wireline","tag-wireline"],"_links":{"self":[{"href":"https:\/\/viking-intl.com\/hu\/wp-json\/wp\/v2\/pages\/381","targetHints":{"allow":["GET"]}}],"collection":[{"href":"https:\/\/viking-intl.com\/hu\/wp-json\/wp\/v2\/pages"}],"about":[{"href":"https:\/\/viking-intl.com\/hu\/wp-json\/wp\/v2\/types\/page"}],"author":[{"embeddable":true,"href":"https:\/\/viking-intl.com\/hu\/wp-json\/wp\/v2\/users\/1"}],"replies":[{"embeddable":true,"href":"https:\/\/viking-intl.com\/hu\/wp-json\/wp\/v2\/comments?post=381"}],"version-history":[{"count":4,"href":"https:\/\/viking-intl.com\/hu\/wp-json\/wp\/v2\/pages\/381\/revisions"}],"predecessor-version":[{"id":2072,"href":"https:\/\/viking-intl.com\/hu\/wp-json\/wp\/v2\/pages\/381\/revisions\/2072"}],"up":[{"embeddable":true,"href":"https:\/\/viking-intl.com\/hu\/wp-json\/wp\/v2\/pages\/273"}],"wp:attachment":[{"href":"https:\/\/viking-intl.com\/hu\/wp-json\/wp\/v2\/media?parent=381"}],"wp:term":[{"taxonomy":"category","embeddable":true,"href":"https:\/\/viking-intl.com\/hu\/wp-json\/wp\/v2\/categories?post=381"},{"taxonomy":"post_tag","embeddable":true,"href":"https:\/\/viking-intl.com\/hu\/wp-json\/wp\/v2\/tags?post=381"}],"curies":[{"name":"wp","href":"https:\/\/api.w.org\/{rel}","templated":true}]}}