{"id":494,"date":"2017-11-30T15:11:49","date_gmt":"2017-11-30T12:11:49","guid":{"rendered":"https:\/\/www.viking-intl.com\/Viking-intl\/?page_id=494"},"modified":"2026-02-16T11:16:40","modified_gmt":"2026-02-16T11:16:40","slug":"felsovezetes","status":"publish","type":"page","link":"https:\/\/viking-intl.com\/hu\/our-company\/executive-management\/","title":{"rendered":"Vezet\u0151i Csapat"},"content":{"rendered":"<div id=\"pg-494-0\"  class=\"panel-grid\" ><div class=\"panel-grid-core\"><div id=\"pgc-494-0-0\"  class=\"panel-grid-cell\" ><\/div><div id=\"pgc-494-0-1\"  class=\"panel-grid-cell\" ><div class=\"panel-widget-style\" ><div class=\"customtitle style5\"><h1 style=\"font-size: 26px;font-weight: 700;font-style: normal;margin-bottom: 14px;\"><span>VEZET\u0150S\u00c9GI CSAPAT<\/span><\/h1><\/div><\/div><\/div><div id=\"pgc-494-0-2\"  class=\"panel-grid-cell\" ><\/div><\/div><\/div><div id=\"pg-494-1\"  class=\"panel-grid\" ><div class=\"panel-grid-core\"><div id=\"pgc-494-1-0\"  class=\"panel-grid-cell\" ><\/div><div id=\"pgc-494-1-1\"  class=\"panel-grid-cell\" ><div class=\"panel-widget-style\" ><div id=\"thinkupshortcodesitem_team\"><div class=\"sc-carousel carousel-team sc-postitem\"><div class=\"entry-header\"><a href=\"https:\/\/viking-intl.com\/hu\/team\/yasser-el-sernagawy\/\"><img decoding=\"async\" src=\"https:\/\/viking-intl.com\/wp-content\/uploads\/2024\/11\/Yasser-El-Sernagawy.png\" \/><\/a><div class=\"image-overlay style2\"><div class=\"image-overlay-inner\"><div class=\"hover-icons\"><a href=\"https:\/\/viking-intl.com\/hu\/team\/yasser-el-sernagawy\/\" class=\"hover-link themebutton\">View Profile<\/a><\/div><\/div><\/div><\/div><div class=\"entry-content\"><h4><a href=\"https:\/\/viking-intl.com\/hu\/team\/yasser-el-sernagawy\/\">Yasser El-Sernagawy<\/a><\/h4><h5>P\u00e9nz\u00fcgyi igazgat\u00f3<\/h5><\/div><div class=\"clearboth\"><\/div><\/div><\/div><style>#thinkupshortcodesitem_team { text-align: center; }#thinkupshortcodesitem_team .team-social ul { margin: 0 auto; }<\/style><\/div><\/div><div id=\"pgc-494-1-2\"  class=\"panel-grid-cell\" ><div class=\"panel-widget-style\" ><div id=\"thinkupshortcodesitem_team1\"><div class=\"sc-carousel carousel-team sc-postitem\"><div class=\"entry-header\"><a href=\"https:\/\/viking-intl.com\/hu\/team\/ahmed-lotfy\/\"><img decoding=\"async\" src=\"https:\/\/viking-intl.com\/wp-content\/uploads\/2023\/01\/Ahmed-Lotfy-WP3_BG.gif\" \/><\/a><div class=\"image-overlay style2\"><div class=\"image-overlay-inner\"><div class=\"hover-icons\"><a href=\"https:\/\/viking-intl.com\/hu\/team\/ahmed-lotfy\/\" class=\"hover-link themebutton\">View Profile<\/a><\/div><\/div><\/div><\/div><div class=\"entry-content\"><h4><a href=\"https:\/\/viking-intl.com\/hu\/team\/ahmed-lotfy\/\">Ahmed Lotfy<\/a><\/h4><h5>vez\u00e9rigazgat\u00f3<\/h5><\/div><div class=\"clearboth\"><\/div><\/div><\/div><style>#thinkupshortcodesitem_team1 { text-align: center; }#thinkupshortcodesitem_team1 .team-social ul { margin: 0 auto; }<\/style><\/div><\/div><div id=\"pgc-494-1-3\"  class=\"panel-grid-cell\" ><div class=\"panel-widget-style\" ><div id=\"thinkupshortcodesitem_team2\"><div class=\"sc-carousel carousel-team sc-postitem\"><div class=\"entry-header\"><a href=\"https:\/\/viking-intl.com\/hu\/team\/ruud-boendermaker\/\"><img decoding=\"async\" src=\"https:\/\/viking-intl.com\/wp-content\/uploads\/2022\/10\/Ruud-Boendermaker.jpg\" \/><\/a><div class=\"image-overlay style2\"><div class=\"image-overlay-inner\"><div class=\"hover-icons\"><a href=\"https:\/\/viking-intl.com\/hu\/team\/ruud-boendermaker\/\" class=\"hover-link themebutton\">View Profile<\/a><\/div><\/div><\/div><\/div><div class=\"entry-content\"><h4><a href=\"https:\/\/viking-intl.com\/hu\/team\/ruud-boendermaker\/\">Ruud Boendermaker<\/a><\/h4><h5>Szenior aleln\u00f6k<\/h5><\/div><div class=\"clearboth\"><\/div><\/div><\/div><style>#thinkupshortcodesitem_team2 { text-align: center; }#thinkupshortcodesitem_team2 .team-social ul { margin: 0 auto; }<\/style><\/div><\/div><div id=\"pgc-494-1-4\"  class=\"panel-grid-cell\" ><\/div><\/div><\/div><div id=\"pg-494-2\"  class=\"panel-grid\" ><div class=\"panel-grid-core\"><div id=\"pgc-494-2-0\"  class=\"panel-grid-cell\" ><\/div><div id=\"pgc-494-2-1\"  class=\"panel-grid-cell\" ><div class=\"panel-widget-style\" ><div class=\"customtitle style5\"><h1 style=\"font-size: 26px;font-weight: 700;font-style: normal;margin-bottom: 14px;\"><span>VEZ\u00c9RIGAZGAT\u00d3S\u00c1G<\/span><\/h1><\/div><\/div><\/div><div id=\"pgc-494-2-2\"  class=\"panel-grid-cell\" ><\/div><\/div><\/div><div id=\"pg-494-3\"  class=\"panel-grid\" ><div class=\"panel-grid-core\"><div id=\"pgc-494-3-0\"  class=\"panel-grid-cell\" ><\/div><div id=\"pgc-494-3-1\"  class=\"panel-grid-cell\" ><div class=\"panel-widget-style\" ><div id=\"thinkupshortcodesitem_team3\"><div class=\"sc-carousel carousel-team sc-postitem\"><div class=\"entry-header\"><a href=\"https:\/\/viking-intl.com\/hu\/team\/francisco-paez\/\"><img decoding=\"async\" src=\"https:\/\/viking-intl.com\/wp-content\/uploads\/2018\/04\/Francisco-Xavier-Paez.png\" \/><\/a><div class=\"image-overlay style2\"><div class=\"image-overlay-inner\"><div class=\"hover-icons\"><a href=\"https:\/\/viking-intl.com\/hu\/team\/francisco-paez\/\" class=\"hover-link themebutton\">View Profile<\/a><\/div><\/div><\/div><\/div><div class=\"entry-content\"><h4><a href=\"https:\/\/viking-intl.com\/hu\/team\/francisco-paez\/\">Francisco Paez<\/a><\/h4><h5>Glob\u00e1lis IT igazgat\u00f3<\/h5><\/div><div class=\"clearboth\"><\/div><\/div><\/div><style>#thinkupshortcodesitem_team3 { text-align: center; }#thinkupshortcodesitem_team3 .team-social ul { margin: 0 auto; }<\/style><\/div><\/div><div id=\"pgc-494-3-2\"  class=\"panel-grid-cell\" ><div class=\"panel-widget-style\" ><div id=\"thinkupshortcodesitem_team4\"><div class=\"sc-carousel carousel-team sc-postitem\"><div class=\"entry-header\"><a href=\"https:\/\/viking-intl.com\/hu\/team\/erol-diniz\/\"><img decoding=\"async\" src=\"https:\/\/viking-intl.com\/wp-content\/uploads\/2021\/10\/Erol-Deniz.png\" \/><\/a><div class=\"image-overlay style2\"><div class=\"image-overlay-inner\"><div class=\"hover-icons\"><a href=\"https:\/\/viking-intl.com\/hu\/team\/erol-diniz\/\" class=\"hover-link themebutton\">View Profile<\/a><\/div><\/div><\/div><\/div><div class=\"entry-content\"><h4><a href=\"https:\/\/viking-intl.com\/hu\/team\/erol-diniz\/\">Erol Diniz<\/a><\/h4><h5>F\u00far\u00e1si Igazgat\u00f3 \u00e9s Glob\u00e1lis \u00dczletfejleszt\u00e9si Menedzser<\/h5><\/div><div class=\"clearboth\"><\/div><\/div><\/div><style>#thinkupshortcodesitem_team4 { text-align: center; }#thinkupshortcodesitem_team4 .team-social ul { margin: 0 auto; }<\/style><\/div><\/div><div id=\"pgc-494-3-3\"  class=\"panel-grid-cell\" ><div class=\"panel-widget-style\" ><div id=\"thinkupshortcodesitem_team5\"><div class=\"sc-carousel carousel-team sc-postitem\"><div class=\"entry-header\"><a href=\"https:\/\/viking-intl.com\/hu\/team\/onur-demirci\/\"><img decoding=\"async\" src=\"https:\/\/viking-intl.com\/wp-content\/uploads\/2026\/02\/Onur-Demirci.png\" \/><\/a><div class=\"image-overlay style2\"><div class=\"image-overlay-inner\"><div class=\"hover-icons\"><a href=\"https:\/\/viking-intl.com\/hu\/team\/onur-demirci\/\" class=\"hover-link themebutton\">View Profile<\/a><\/div><\/div><\/div><\/div><div class=\"entry-content\"><h4><a href=\"https:\/\/viking-intl.com\/hu\/team\/onur-demirci\/\">Onur Demirci<\/a><\/h4><h5>T\u00f6r\u00f6korsz\u00e1g M\u0171veletek Igazgat\u00f3ja<\/h5><\/div><div class=\"clearboth\"><\/div><\/div><\/div><style>#thinkupshortcodesitem_team5 { text-align: center; }#thinkupshortcodesitem_team5 .team-social ul { margin: 0 auto; }<\/style><\/div><\/div><div id=\"pgc-494-3-4\"  class=\"panel-grid-cell\" ><div class=\"panel-widget-style\" ><div id=\"thinkupshortcodesitem_team6\"><div class=\"sc-carousel carousel-team sc-postitem\"><div class=\"entry-header\"><a href=\"https:\/\/viking-intl.com\/hu\/team\/imre-molnar\/\"><img decoding=\"async\" src=\"https:\/\/viking-intl.com\/wp-content\/uploads\/2022\/10\/Imre-Molnar-6x6-WS.jpg\" \/><\/a><div class=\"image-overlay style2\"><div class=\"image-overlay-inner\"><div class=\"hover-icons\"><a href=\"https:\/\/viking-intl.com\/hu\/team\/imre-molnar\/\" class=\"hover-link themebutton\">View Profile<\/a><\/div><\/div><\/div><\/div><div class=\"entry-content\"><h4><a href=\"https:\/\/viking-intl.com\/hu\/team\/imre-molnar\/\">Moln\u00e1r Imre<\/a><\/h4><h5>VP Geofizikai Szolg\u00e1ltat\u00e1sok<\/h5><\/div><div class=\"clearboth\"><\/div><\/div><\/div><style>#thinkupshortcodesitem_team6 { text-align: center; }#thinkupshortcodesitem_team6 .team-social ul { margin: 0 auto; }<\/style><\/div><\/div><div id=\"pgc-494-3-5\"  class=\"panel-grid-cell\" ><div class=\"panel-widget-style\" ><div id=\"thinkupshortcodesitem_team7\"><div class=\"sc-carousel carousel-team sc-postitem\"><div class=\"entry-header\"><a href=\"https:\/\/viking-intl.com\/hu\/team\/osman-can\/\"><img decoding=\"async\" src=\"https:\/\/viking-intl.com\/wp-content\/uploads\/2021\/10\/Osman-Can-1.png\" \/><\/a><div class=\"image-overlay style2\"><div class=\"image-overlay-inner\"><div class=\"hover-icons\"><a href=\"https:\/\/viking-intl.com\/hu\/team\/osman-can\/\" class=\"hover-link themebutton\">View Profile<\/a><\/div><\/div><\/div><\/div><div class=\"entry-content\"><h4><a href=\"https:\/\/viking-intl.com\/hu\/team\/osman-can\/\">Osman Can<\/a><\/h4><h5>Senior Global Shared Services Manager<\/h5><\/div><div class=\"clearboth\"><\/div><\/div><\/div><style>#thinkupshortcodesitem_team7 { text-align: center; }#thinkupshortcodesitem_team7 .team-social ul { margin: 0 auto; }<\/style><\/div><\/div><div id=\"pgc-494-3-6\"  class=\"panel-grid-cell\" ><\/div><\/div><\/div><div id=\"pg-494-4\"  class=\"panel-grid\" ><div class=\"panel-grid-core\"><div id=\"pgc-494-4-0\"  class=\"panel-grid-cell\" ><\/div><div id=\"pgc-494-4-1\"  class=\"panel-grid-cell\" ><div class=\"panel-widget-style\" ><div class=\"customtitle style5\"><h1 style=\"font-size: 26px;font-weight: 700;font-style: normal;margin-bottom: 14px;\"><span>Vezet\u0151s\u00e9g<\/span><\/h1><\/div><\/div><\/div><div id=\"pgc-494-4-2\"  class=\"panel-grid-cell\" ><\/div><\/div><\/div><div id=\"pg-494-5\"  class=\"panel-grid\" ><div class=\"panel-grid-core\"><div id=\"pgc-494-5-0\"  class=\"panel-grid-cell\" ><\/div><div id=\"pgc-494-5-1\"  class=\"panel-grid-cell\" ><div class=\"panel-widget-style\" ><div id=\"thinkupshortcodesitem_team8\"><div class=\"sc-carousel carousel-team sc-postitem\"><div class=\"entry-header\"><a href=\"https:\/\/viking-intl.com\/hu\/team\/evrim-ozdemir\/\"><img decoding=\"async\" src=\"https:\/\/viking-intl.com\/wp-content\/uploads\/2026\/02\/Evrim-Ozdemir.png\" \/><\/a><div class=\"image-overlay style2\"><div class=\"image-overlay-inner\"><div class=\"hover-icons\"><a href=\"https:\/\/viking-intl.com\/hu\/team\/evrim-ozdemir\/\" class=\"hover-link themebutton\">View Profile<\/a><\/div><\/div><\/div><\/div><div class=\"entry-content\"><h4><a href=\"https:\/\/viking-intl.com\/hu\/team\/evrim-ozdemir\/\">Evrim \u00d6zdemir<\/a><\/h4><h5>Senior M\u0171veleti Menedzser - Stimul\u00e1ci\u00f3 \/ Cs\u0151vezet\u00e9kes beavatkoz\u00e1s<\/h5><\/div><div class=\"clearboth\"><\/div><\/div><\/div><style>#thinkupshortcodesitem_team8 { text-align: center; }#thinkupshortcodesitem_team8 .team-social ul { margin: 0 auto; }<\/style><\/div><\/div><div id=\"pgc-494-5-2\"  class=\"panel-grid-cell\" ><div class=\"panel-widget-style\" ><div id=\"thinkupshortcodesitem_team9\"><div class=\"sc-carousel carousel-team sc-postitem\"><div class=\"entry-header\"><a href=\"https:\/\/viking-intl.com\/hu\/team\/fatih-hunkar\/\"><img decoding=\"async\" src=\"https:\/\/viking-intl.com\/wp-content\/uploads\/2026\/02\/Fatih-Hunkar.png\" \/><\/a><div class=\"image-overlay style2\"><div class=\"image-overlay-inner\"><div class=\"hover-icons\"><a href=\"https:\/\/viking-intl.com\/hu\/team\/fatih-hunkar\/\" class=\"hover-link themebutton\">View Profile<\/a><\/div><\/div><\/div><\/div><div class=\"entry-content\"><h4><a href=\"https:\/\/viking-intl.com\/hu\/team\/fatih-hunkar\/\">Fatih H\u00fcnkar<\/a><\/h4><h5>Id\u0151sebb M\u0171veleti Menedzser - Wireline<\/h5><\/div><div class=\"clearboth\"><\/div><\/div><\/div><style>#thinkupshortcodesitem_team9 { text-align: center; }#thinkupshortcodesitem_team9 .team-social ul { margin: 0 auto; }<\/style><\/div><\/div><div id=\"pgc-494-5-3\"  class=\"panel-grid-cell\" ><div class=\"panel-widget-style\" ><div id=\"thinkupshortcodesitem_team10\"><div class=\"sc-carousel carousel-team sc-postitem\"><div class=\"entry-header\"><a href=\"https:\/\/viking-intl.com\/hu\/team\/gurbey-guven\/\"><img decoding=\"async\" src=\"https:\/\/viking-intl.com\/wp-content\/uploads\/2026\/02\/Gurbey-Guven.png\" \/><\/a><div class=\"image-overlay style2\"><div class=\"image-overlay-inner\"><div class=\"hover-icons\"><a href=\"https:\/\/viking-intl.com\/hu\/team\/gurbey-guven\/\" class=\"hover-link themebutton\">View Profile<\/a><\/div><\/div><\/div><\/div><div class=\"entry-content\"><h4><a href=\"https:\/\/viking-intl.com\/hu\/team\/gurbey-guven\/\">Gurbey Guven<\/a><\/h4><h5>F\u00far\u00e1si \u00e9s Munkafelv\u00e9teli Menedzser<\/h5><\/div><div class=\"clearboth\"><\/div><\/div><\/div><style>#thinkupshortcodesitem_team10 { text-align: center; }#thinkupshortcodesitem_team10 .team-social ul { margin: 0 auto; }<\/style><\/div><\/div><div id=\"pgc-494-5-4\"  class=\"panel-grid-cell\" ><div class=\"panel-widget-style\" ><div id=\"thinkupshortcodesitem_team11\"><div class=\"sc-carousel carousel-team sc-postitem\"><div class=\"entry-header\"><a href=\"https:\/\/viking-intl.com\/hu\/team\/marwa-hussein\/\"><img decoding=\"async\" src=\"https:\/\/viking-intl.com\/wp-content\/uploads\/2026\/02\/Marwa-Hussein.png\" \/><\/a><div class=\"image-overlay style2\"><div class=\"image-overlay-inner\"><div class=\"hover-icons\"><a href=\"https:\/\/viking-intl.com\/hu\/team\/marwa-hussein\/\" class=\"hover-link themebutton\">View Profile<\/a><\/div><\/div><\/div><\/div><div class=\"entry-content\"><h4><a href=\"https:\/\/viking-intl.com\/hu\/team\/marwa-hussein\/\">Marwa Hussein<\/a><\/h4><h5>Nemzetk\u00f6zi HR Menedzser<\/h5><\/div><div class=\"clearboth\"><\/div><\/div><\/div><style>#thinkupshortcodesitem_team11 { text-align: center; }#thinkupshortcodesitem_team11 .team-social ul { margin: 0 auto; }<\/style><\/div><\/div><div id=\"pgc-494-5-5\"  class=\"panel-grid-cell\" ><div class=\"panel-widget-style\" ><div id=\"thinkupshortcodesitem_team12\"><div class=\"sc-carousel carousel-team sc-postitem\"><div class=\"entry-header\"><a href=\"https:\/\/viking-intl.com\/hu\/team\/ibrahim-kilic\/\"><img decoding=\"async\" src=\"https:\/\/viking-intl.com\/wp-content\/uploads\/2026\/02\/Ibrahim-Kilic-1.png\" \/><\/a><div class=\"image-overlay style2\"><div class=\"image-overlay-inner\"><div class=\"hover-icons\"><a href=\"https:\/\/viking-intl.com\/hu\/team\/ibrahim-kilic\/\" class=\"hover-link themebutton\">View Profile<\/a><\/div><\/div><\/div><\/div><div class=\"entry-content\"><h4><a href=\"https:\/\/viking-intl.com\/hu\/team\/ibrahim-kilic\/\">Ibrahim Kilic<\/a><\/h4><h5>Id\u0151sebb \u00dczemeltet\u00e9si Vezet\u0151 - Cementez\u00e9s<\/h5><\/div><div class=\"clearboth\"><\/div><\/div><\/div><style>#thinkupshortcodesitem_team12 { text-align: center; }#thinkupshortcodesitem_team12 .team-social ul { margin: 0 auto; }<\/style><\/div><\/div><div id=\"pgc-494-5-6\"  class=\"panel-grid-cell\" ><div class=\"panel-widget-style\" ><div id=\"thinkupshortcodesitem_team13\"><div class=\"sc-carousel carousel-team sc-postitem\"><div class=\"entry-header\"><a href=\"https:\/\/viking-intl.com\/hu\/team\/utkan-turgut\/\"><img decoding=\"async\" src=\"https:\/\/viking-intl.com\/wp-content\/uploads\/2026\/02\/Utkan-Turgut.png\" \/><\/a><div class=\"image-overlay style2\"><div class=\"image-overlay-inner\"><div class=\"hover-icons\"><a href=\"https:\/\/viking-intl.com\/hu\/team\/utkan-turgut\/\" class=\"hover-link themebutton\">View Profile<\/a><\/div><\/div><\/div><\/div><div class=\"entry-content\"><h4><a href=\"https:\/\/viking-intl.com\/hu\/team\/utkan-turgut\/\">Utkan Turgut<\/a><\/h4><h5>Id\u0151sebb \u00dczemeltet\u00e9si Menedzser - Ir\u00e1ny\u00edtott F\u00far\u00e1s<\/h5><\/div><div class=\"clearboth\"><\/div><\/div><\/div><style>#thinkupshortcodesitem_team13 { text-align: center; }#thinkupshortcodesitem_team13 .team-social ul { margin: 0 auto; }<\/style><\/div><\/div><div id=\"pgc-494-5-7\"  class=\"panel-grid-cell\" ><div class=\"panel-widget-style\" ><div id=\"thinkupshortcodesitem_team14\"><div class=\"sc-carousel carousel-team sc-postitem\"><div class=\"entry-header\"><a href=\"https:\/\/viking-intl.com\/hu\/team\/ihsan-demirtas\/\"><img decoding=\"async\" src=\"https:\/\/viking-intl.com\/wp-content\/uploads\/2026\/02\/Iihsan-demirtas.png\" \/><\/a><div class=\"image-overlay style2\"><div class=\"image-overlay-inner\"><div class=\"hover-icons\"><a href=\"https:\/\/viking-intl.com\/hu\/team\/ihsan-demirtas\/\" class=\"hover-link themebutton\">View Profile<\/a><\/div><\/div><\/div><\/div><div class=\"entry-content\"><h4><a href=\"https:\/\/viking-intl.com\/hu\/team\/ihsan-demirtas\/\">Ihsan Demirtas<\/a><\/h4><h5>Karbantart\u00e1si vezet\u0151<\/h5><\/div><div class=\"clearboth\"><\/div><\/div><\/div><style>#thinkupshortcodesitem_team14 { text-align: center; }#thinkupshortcodesitem_team14 .team-social ul { margin: 0 auto; }<\/style><\/div><\/div><div id=\"pgc-494-5-8\"  class=\"panel-grid-cell\" ><\/div><\/div><\/div>","protected":false},"excerpt":{"rendered":"<p>EXECUTIVE TEAMView ProfileYasser El-SernagawyChief Financial OfficerView ProfileAhmed LotfyChief Executive OfficerView ProfileRuud BoendermakerSenior Vice PresidentSENIOR MANAGEMENT TEAMView ProfileFrancisco PaezGlobal IT DirectorView ProfileErol DinizDrilling Director and Global Business Development ManagerView ProfileOnur DemirciVP of Turkey OperationsView ProfileImre MolnarVP Geophysical ServicesView ProfileOsman CanSenior Global Shared Services ManagerMANAGEMENT TEAMView ProfileEvrim OzdemirSenior Operations Manager &#8211; Stim. \/ Coiled TubingView ProfileFatih HunkarSenior<\/p>\n<p class=\"more-link\"><a href=\"https:\/\/viking-intl.com\/hu\/our-company\/executive-management\/\" class=\"themebutton2\">B\u0151vebben<\/a><\/p>","protected":false},"author":1,"featured_media":0,"parent":285,"menu_order":0,"comment_status":"closed","ping_status":"closed","template":"","meta":{"footnotes":""},"categories":[],"tags":[24],"class_list":["post-494","page","type-page","status-publish","hentry","tag-executive-management"],"_links":{"self":[{"href":"https:\/\/viking-intl.com\/hu\/wp-json\/wp\/v2\/pages\/494","targetHints":{"allow":["GET"]}}],"collection":[{"href":"https:\/\/viking-intl.com\/hu\/wp-json\/wp\/v2\/pages"}],"about":[{"href":"https:\/\/viking-intl.com\/hu\/wp-json\/wp\/v2\/types\/page"}],"author":[{"embeddable":true,"href":"https:\/\/viking-intl.com\/hu\/wp-json\/wp\/v2\/users\/1"}],"replies":[{"embeddable":true,"href":"https:\/\/viking-intl.com\/hu\/wp-json\/wp\/v2\/comments?post=494"}],"version-history":[{"count":17,"href":"https:\/\/viking-intl.com\/hu\/wp-json\/wp\/v2\/pages\/494\/revisions"}],"predecessor-version":[{"id":1916,"href":"https:\/\/viking-intl.com\/hu\/wp-json\/wp\/v2\/pages\/494\/revisions\/1916"}],"up":[{"embeddable":true,"href":"https:\/\/viking-intl.com\/hu\/wp-json\/wp\/v2\/pages\/285"}],"wp:attachment":[{"href":"https:\/\/viking-intl.com\/hu\/wp-json\/wp\/v2\/media?parent=494"}],"wp:term":[{"taxonomy":"category","embeddable":true,"href":"https:\/\/viking-intl.com\/hu\/wp-json\/wp\/v2\/categories?post=494"},{"taxonomy":"post_tag","embeddable":true,"href":"https:\/\/viking-intl.com\/hu\/wp-json\/wp\/v2\/tags?post=494"}],"curies":[{"name":"wp","href":"https:\/\/api.w.org\/{rel}","templated":true}]}}