{"id":555,"date":"2017-12-01T10:14:41","date_gmt":"2017-12-01T07:14:41","guid":{"rendered":"https:\/\/www.viking-intl.com\/Viking-intl\/?page_id=555"},"modified":"2026-02-20T11:40:28","modified_gmt":"2026-02-20T11:40:28","slug":"tortenelem","status":"publish","type":"page","link":"https:\/\/viking-intl.com\/hu\/our-company\/history\/","title":{"rendered":"T\u00f6rt\u00e9nelem"},"content":{"rendered":"<div id=\"pg-555-0\"  class=\"panel-grid\" ><div class=\"panel-grid-core\"><div id=\"pgc-555-0-0\"  class=\"panel-grid-cell\" ><\/div><div id=\"pgc-555-0-1\"  class=\"panel-grid-cell\" ><div class=\"panel-widget-style\" ><div class=\"thinkupslider-sc style1\" data-height=\"200\"><div id=\"thinkupshortcodesthinkup_builder_thinkupslider\" class=\"thinkupslider-sc-core\"><div class=\"rslides-container\" data-speed=\"6000\"><div class=\"rslides-inner page-inner\"><ul class=\"slides\"><li><img decoding=\"async\" src=\"https:\/\/viking-intl.com\/wp-content\/themes\/Renden_Pro\/images\/transparent.png\" style=\"background: url(https:\/\/viking-intl.com\/wp-content\/uploads\/2024\/12\/Company_7.jpg) no-repeat center; background-size: cover;\" alt=\"\" \/><div class=\"rslides-content\"><div class=\"wrap-safari\"><div class=\"rslides-content-inner\"><div class=\"featured\"><\/div><\/div><\/div><\/div><\/li><\/ul><\/div><\/div><\/div><\/div><\/div><\/div><div id=\"pgc-555-0-2\"  class=\"panel-grid-cell\" ><\/div><\/div><\/div><div id=\"pg-555-1\"  class=\"panel-grid\" ><div class=\"panel-grid-core\"><div id=\"pgc-555-1-0\"  class=\"panel-grid-cell\" ><\/div><div id=\"pgc-555-1-1\"  class=\"panel-grid-cell\" ><div class=\"panel-widget-style\" ><div class=\"customtitle style5\"><h3 style=\"font-weight: 700;font-style: normal;\"><span>Viking evol\u00faci\u00f3<\/span><\/h3><\/div><\/div><\/div><div id=\"pgc-555-1-2\"  class=\"panel-grid-cell\" ><\/div><\/div><\/div><div id=\"pg-555-2\"  class=\"panel-grid\" ><div class=\"panel-grid-core\"><div id=\"pgc-555-2-0\"  class=\"panel-grid-cell\" ><\/div><div id=\"pgc-555-2-1\"  class=\"panel-grid-cell\" ><div class=\"panel-widget-style\" >\t\t\t<div class=\"textwidget\"><p><strong>Er\u0151\u00e9p\u00edt\u00e9s strat\u00e9giai \u00e1talak\u00edt\u00e1ssal<\/strong><\/p>\n<p>A Viking Services \u00fatj\u00e1t a strat\u00e9giai n\u00f6veked\u00e9s, a fegyelmezett v\u00e9grehajt\u00e1s \u00e9s a hossz\u00fa t\u00e1v\u00fa \u00e9rt\u00e9kteremt\u00e9s ir\u00e1nti egy\u00e9rtelm\u0171 elk\u00f6telezetts\u00e9g hat\u00e1rozza meg. A Viking a korai m\u0171k\u00f6d\u00e9si gy\u00f6kereit\u0151l a mai piacvezet\u0151 szerep\u00e9ig folyamatosan fejl\u0151d\u00f6tt, hogy megfeleljen az energiaszolg\u00e1ltat\u00e1si ipar\u00e1g v\u00e1ltoz\u00f3 dinamik\u00e1j\u00e1nak.<\/p>\n<p><strong>Alap\u00edtv\u00e1nyok \u00e9s alap\u00edt\u00e1s (2008-2011)<\/strong><\/p>\n<p>A Viking tev\u00e9kenys\u00e9ge T\u00f6r\u00f6korsz\u00e1gban \u00e9s \u00c9szak-Irakban kezd\u0151d\u00f6tt a Transatlantic Group region\u00e1lis tev\u00e9kenys\u00e9geinek r\u00e9szek\u00e9nt. Felismerve annak lehet\u0151s\u00e9g\u00e9t, hogy dedik\u00e1lt olajipari szolg\u00e1ltat\u00f3 platformot hozzanak l\u00e9tre, hivatalosan megalap\u00edtott\u00e1k a Viking Servicest a tev\u00e9kenys\u00e9gek ir\u00e1ny\u00edt\u00e1s\u00e1ra \u00e9s b\u0151v\u00edt\u00e9s\u00e9re.<\/p>\n<p><strong>A r\u00e9szv\u00e9nyesi b\u00e1zis meger\u0151s\u00edt\u00e9se (2012-2016)<\/strong><\/p>\n<p>2012-ben az Abraaj Group megv\u00e1s\u00e1rolta a Viking Services 50%%-os r\u00e9szesed\u00e9s\u00e9t a Transatlantic Groupt\u00f3l, ami a c\u00e9g els\u0151 jelent\u0151s int\u00e9zm\u00e9nyi befektet\u00e9se volt, \u00e9s megalapozta a struktur\u00e1lt n\u00f6veked\u00e9st.<\/p>\n<p>2013-ban a BXR Group 40% r\u00e9szesed\u00e9st szerzett a Viking Servicesben az Abraaj-t\u00f3l.<\/p>\n<p>2016-ban az Abraaj \u00e9s a BXR k\u00f6z\u00f6sen megv\u00e1s\u00e1rolta a Transatlantic Groupt\u00f3l a fennmarad\u00f3 50% r\u00e9szv\u00e9nycsomagot, megszil\u00e1rd\u00edtva ezzel a tulajdonjogot, \u00e9s int\u00e9zm\u00e9nyi ir\u00e1ny\u00edt\u00e1s alatt gyors\u00edtott terjeszked\u00e9sre poz\u00edcion\u00e1lva a Vikinget.<\/p>\n<p>2016-ban Ahmed Lotfy vez\u00e9rigazgat\u00f3i kinevez\u00e9se kulcsfontoss\u00e1g\u00fa v\u00e1ltoz\u00e1st jelentett a vezet\u00e9sben. \u00daj vezet\u0151s\u00e9gi csapat alakult, amely meg\u00fajult m\u0171k\u00f6d\u00e9si f\u00f3kuszt \u00e9s strat\u00e9giai ir\u00e1nyt vezetett be.<\/p>\n<p><strong>\u00c1tmenet az Actis tulajdon\u00e1ba (2019)<\/strong><\/p>\n<p>2019-re az Actis \u00e1tvette az Abraaj Global Fundot, \u00edgy a Viking Services ir\u00e1ny\u00edt\u00f3 befektet\u0151j\u00e9v\u00e9 v\u00e1lt. Ez az \u00e1tmenet meger\u0151s\u00edtette a Viking ir\u00e1ny\u00edt\u00e1si strukt\u00far\u00e1j\u00e1t \u00e9s t\u0151kealapj\u00e1t.<\/p>\n<p>Id\u00e9n az Actis \u00e1tvette a Viking Services teljes ir\u00e1ny\u00edt\u00e1s\u00e1t, stabilit\u00e1st \u00e9s strat\u00e9giai vil\u00e1goss\u00e1got biztos\u00edtva a piaci volatilit\u00e1s id\u0151szak\u00e1ban.<\/p>\n<p><strong>Talpra\u00e1ll\u00e1s \u00e9s strat\u00e9giai \u00fajraf\u00f3kusz\u00e1l\u00e1s (2020\u20132022)<\/strong><\/p>\n<p>A COVID-19 vil\u00e1gj\u00e1rv\u00e1ny (2020\u20132021) idej\u00e9n a Viking szigor\u00fa k\u00f6lts\u00e9gkezel\u00e9si int\u00e9zked\u00e9seket vezetett be a m\u0171k\u00f6d\u00e9si rugalmass\u00e1g biztos\u00edt\u00e1sa \u00e9s a hossz\u00fa t\u00e1v\u00fa fenntarthat\u00f3s\u00e1g v\u00e9delme \u00e9rdek\u00e9ben.<\/p>\n<p>2022-ben a v\u00e1llalat strat\u00e9giailag \u00fajra f\u00f3kusz\u00e1lta t\u00f6r\u00f6korsz\u00e1gi tev\u00e9kenys\u00e9geit, visszat\u00e9rve az alapvet\u0151 olaj- \u00e9s g\u00e1zszolg\u00e1ltat\u00e1si strat\u00e9gi\u00e1hoz, \u00e9s elt\u00e1volodva a geotermikus m\u0171veletekt\u0151l. Ez az elmozdul\u00e1s a Vikinget szorosabban igaz\u00edtotta alapvet\u0151 kompetenci\u00e1ihoz \u00e9s piaci lehet\u0151s\u00e9geihez.<\/p>\n<p><strong>\u00dajj\u00e1szervez\u00e9s \u00e9s piaci terjeszked\u00e9s (2023\u20132025)<\/strong><\/p>\n<p>2023-ban a BXR kisebbs\u00e9gi r\u00e9szesed\u00e9s\u00e9t a SPV 122 szerezte meg, \u00edgy a Viking Services 100% lett, amelyet az Actis ir\u00e1ny\u00edtott. 2023 \u00e9s 2024 k\u00f6z\u00f6tt a Viking \u00e1tfog\u00f3 jogi \u00e1tszervez\u00e9st ind\u00edtott a m\u0171k\u00f6d\u00e9si hat\u00e9konys\u00e1g n\u00f6vel\u00e9se \u00e9s az ir\u00e1ny\u00edt\u00e1si strukt\u00far\u00e1k egyszer\u0171s\u00edt\u00e9se \u00e9rdek\u00e9ben.<\/p>\n<p>2025-ben \u00faj, T\u00f6r\u00f6korsz\u00e1gra \u00f6sszpontos\u00edt\u00f3 v\u00e1llalati strat\u00e9gi\u00e1t dolgoztak ki, amely az \u00e1tszervez\u00e9s ut\u00e1ni n\u00f6veked\u00e9st ir\u00e1ny\u00edtja. Ez a strat\u00e9gia a piacvezet\u00e9st, a m\u0171k\u00f6d\u00e9si kiv\u00e1l\u00f3s\u00e1got \u00e9s a fenntarthat\u00f3 terjeszked\u00e9st hangs\u00falyozza.<\/p>\n<p>A k\u00f6vetkez\u0151 szakasz r\u00e9szek\u00e9nt a Viking a TPAO-val val\u00f3 egy\u00fcttm\u0171k\u00f6d\u00e9s r\u00e9v\u00e9n n\u00f6velte piaci r\u00e9szesed\u00e9s\u00e9t, mik\u00f6zben strat\u00e9giailag kivonult rom\u00e1niai \u00e9s \u00e9szak-iraki m\u0171veleteib\u0151l, hogy er\u0151forr\u00e1sait t\u00f6r\u00f6korsz\u00e1gi f\u0151 piac\u00e1ra \u00f6sszpontos\u00edtsa.<\/p>\n<p><strong>El\u0151retekintve<\/strong><\/p>\n<p>A Viking Services ma egy c\u00e9ltudatos, rugalmas \u00e9s strat\u00e9giailag \u00f6sszehangolt energiaszolg\u00e1ltat\u00f3k\u00e9nt \u00e1ll. Fegyelmezett tulajdonosi \u00e1talakul\u00e1sok, er\u0151s vezet\u00e9s \u00e9s alkalmazkod\u00f3 strat\u00e9gia r\u00e9v\u00e9n a v\u00e1llalat egy fenntarthat\u00f3 n\u00f6veked\u00e9sre \u00e9s hossz\u00fa t\u00e1v\u00fa \u00e9rt\u00e9kteremt\u00e9sre felk\u00e9sz\u00edtett platformot \u00e9p\u00edtett ki.<\/p>\n<\/div>\n\t\t<\/div><\/div><div id=\"pgc-555-2-2\"  class=\"panel-grid-cell\" ><\/div><\/div><\/div><div id=\"pg-555-3\"  class=\"panel-grid\" ><div class=\"panel-grid-core\"><div id=\"pgc-555-3-0\"  class=\"panel-grid-cell\" ><\/div><div id=\"pgc-555-3-1\"  class=\"panel-grid-cell\" ><div class=\"panel-widget-style\" ><p><img decoding=\"async\" src=\"https:\/\/viking-intl.com\/wp-content\/uploads\/2026\/02\/History-Time-line-2-scaled.png\" alt=\"\" ><\/p><\/div><\/div><div id=\"pgc-555-3-2\"  class=\"panel-grid-cell\" ><\/div><\/div><\/div>","protected":false},"excerpt":{"rendered":"<p>Viking Evolution Building Strength Through Strategic Transformation Viking Services\u2019 journey is defined by strategic growth, disciplined execution, and a clear commitment to long-term value creation. From its early operational roots to its present-day market leadership, Viking has continuously evolved to meet the changing dynamics of the energy services industry. Foundations and Establishment (2008\u20132011) Viking\u2019s operations<\/p>\n<p class=\"more-link\"><a href=\"https:\/\/viking-intl.com\/hu\/our-company\/history\/\" class=\"themebutton2\">B\u0151vebben<\/a><\/p>","protected":false},"author":1,"featured_media":0,"parent":285,"menu_order":0,"comment_status":"closed","ping_status":"closed","template":"","meta":{"footnotes":""},"categories":[],"tags":[27],"class_list":["post-555","page","type-page","status-publish","hentry","tag-history"],"_links":{"self":[{"href":"https:\/\/viking-intl.com\/hu\/wp-json\/wp\/v2\/pages\/555","targetHints":{"allow":["GET"]}}],"collection":[{"href":"https:\/\/viking-intl.com\/hu\/wp-json\/wp\/v2\/pages"}],"about":[{"href":"https:\/\/viking-intl.com\/hu\/wp-json\/wp\/v2\/types\/page"}],"author":[{"embeddable":true,"href":"https:\/\/viking-intl.com\/hu\/wp-json\/wp\/v2\/users\/1"}],"replies":[{"embeddable":true,"href":"https:\/\/viking-intl.com\/hu\/wp-json\/wp\/v2\/comments?post=555"}],"version-history":[{"count":6,"href":"https:\/\/viking-intl.com\/hu\/wp-json\/wp\/v2\/pages\/555\/revisions"}],"predecessor-version":[{"id":2028,"href":"https:\/\/viking-intl.com\/hu\/wp-json\/wp\/v2\/pages\/555\/revisions\/2028"}],"up":[{"embeddable":true,"href":"https:\/\/viking-intl.com\/hu\/wp-json\/wp\/v2\/pages\/285"}],"wp:attachment":[{"href":"https:\/\/viking-intl.com\/hu\/wp-json\/wp\/v2\/media?parent=555"}],"wp:term":[{"taxonomy":"category","embeddable":true,"href":"https:\/\/viking-intl.com\/hu\/wp-json\/wp\/v2\/categories?post=555"},{"taxonomy":"post_tag","embeddable":true,"href":"https:\/\/viking-intl.com\/hu\/wp-json\/wp\/v2\/tags?post=555"}],"curies":[{"name":"wp","href":"https:\/\/api.w.org\/{rel}","templated":true}]}}