{"id":558,"date":"2017-12-01T10:23:37","date_gmt":"2017-12-01T07:23:37","guid":{"rendered":"https:\/\/www.viking-intl.com\/Viking-intl\/?page_id=558"},"modified":"2026-02-20T20:21:29","modified_gmt":"2026-02-20T20:21:29","slug":"egeszsegugy-es-biztonsag","status":"publish","type":"page","link":"https:\/\/viking-intl.com\/hu\/our-company\/health-safety\/","title":{"rendered":"Eg\u00e9szs\u00e9g \u00e9s biztons\u00e1g"},"content":{"rendered":"<div id=\"pg-558-0\"  class=\"panel-grid\" ><div class=\"panel-grid-core\"><div id=\"pgc-558-0-0\"  class=\"panel-grid-cell\" ><\/div><div id=\"pgc-558-0-1\"  class=\"panel-grid-cell\" ><div class=\"panel-widget-style\" ><div class=\"thinkupslider-sc style1\" data-height=\"200\"><div id=\"thinkupshortcodesthinkup_builder_thinkupslider\" class=\"thinkupslider-sc-core\"><div class=\"rslides-container\" data-speed=\"6000\"><div class=\"rslides-inner page-inner\"><ul class=\"slides\"><li><img decoding=\"async\" src=\"https:\/\/viking-intl.com\/wp-content\/themes\/Renden_Pro\/images\/transparent.png\" style=\"background: url(https:\/\/viking-intl.com\/wp-content\/uploads\/2024\/12\/Company_2.jpg) no-repeat center; background-size: cover;\" alt=\"\" \/><div class=\"rslides-content\"><div class=\"wrap-safari\"><div class=\"rslides-content-inner\"><div class=\"featured\"><\/div><\/div><\/div><\/div><\/li><\/ul><\/div><\/div><\/div><\/div><\/div><\/div><div id=\"pgc-558-0-2\"  class=\"panel-grid-cell\" ><\/div><\/div><\/div><div id=\"pg-558-1\"  class=\"panel-grid\" ><div class=\"panel-grid-core\"><div id=\"pgc-558-1-0\"  class=\"panel-grid-cell\" ><\/div><div id=\"pgc-558-1-1\"  class=\"panel-grid-cell\" ><div class=\"panel-widget-style\" >\t\t\t<div class=\"textwidget\"><p>Az olaj- \u00e9s g\u00e1zipari tev\u00e9kenys\u00e9gek eg\u00e9szs\u00e9g\u00fcgyi, biztons\u00e1gi, munkav\u00e9delmi \u00e9s k\u00f6rnyezetv\u00e9delmi (HSSE) k\u00e9rd\u00e9seinek kezel\u00e9se a kock\u00e1zatkezel\u00e9sr\u0151l sz\u00f3l. E kock\u00e1zatok cs\u00f6kkent\u00e9se a hat\u00e9kony \u00e9s fenntarthat\u00f3 termel\u00e9s, az alkalmazottak biztons\u00e1gos hazat\u00e9r\u00e9se, valamint a tiszt\u00e1bb k\u00f6rnyezet kulcsa. A Viking Services elk\u00f6telezett munkat\u00e1rsai, \u00fcgyfelei \u00e9s m\u00e1s \u00e9rintett felek eg\u00e9szs\u00e9ge, biztons\u00e1ga \u00e9s v\u00e9delme ir\u00e1nt. Partnereink k\u00fcl\u00f6n\u00f6sen sz\u00e9lesk\u00f6r\u0171 elt\u00e9r\u00e9seket mutatnak a k\u00f6rnyezeti kock\u00e1zati kitetts\u00e9g \u00e9s a k\u00f6rnyezetgazd\u00e1lkod\u00e1si k\u00e9pess\u00e9gek tekintet\u00e9ben. Ebben a tekintetben a Viking Services a fenntarthat\u00f3bb gyakorlatokat c\u00e9lozza meg \u00e9s \u00f6szt\u00f6nzi, mivel a k\u00f6rnyezetv\u00e9delmi szab\u00e1lyoz\u00e1sok \u00e9s a k\u00f6rnyezettel kapcsolatos k\u00f6zv\u00e9lem\u00e9ny egyre ink\u00e1bb n\u00f6vekszik.<\/p>\n<p>A Viking Services HSSE (Eg\u00e9szs\u00e9g\u00fcgyi, Biztons\u00e1gi, K\u00f6rnyezetv\u00e9delmi \u00e9s Munkahelyi J\u00f3l\u00e9ti) oszt\u00e1lya a tekint\u00e9lyelv\u0171 megk\u00f6zel\u00edt\u00e9s helyett pozit\u00edv, csapatszellem\u0171 hozz\u00e1\u00e1ll\u00e1st k\u00e9pvisel a szem\u00e9lyzettel szemben. A Viking Services munkat\u00e1rsainak HSSE ter\u00e9n tan\u00fas\u00edtott kezdem\u00e9nyez\u0151k\u00e9szs\u00e9ge \u00e9s tud\u00e1sa, valamint vezet\u0151ink elk\u00f6telezetts\u00e9ge alkotja az \u00e1ltalunk k\u00f6z\u00f6sen \u00e9p\u00edtett biztons\u00e1gi kult\u00fara magj\u00e1t.<\/p>\n<\/div>\n\t\t<\/div><\/div><div id=\"pgc-558-1-2\"  class=\"panel-grid-cell\" ><\/div><\/div><\/div><div id=\"pg-558-2\"  class=\"panel-grid\" ><div class=\"panel-grid-core\"><div id=\"pgc-558-2-0\"  class=\"panel-grid-cell\" ><\/div><div id=\"pgc-558-2-1\"  class=\"panel-grid-cell\" ><div class=\"panel-widget-style\" ><div class=\"divider\"><\/div><\/div><\/div><div id=\"pgc-558-2-2\"  class=\"panel-grid-cell\" ><\/div><\/div><\/div><div id=\"pg-558-3\"  class=\"panel-grid\" ><div class=\"panel-grid-core\"><div id=\"pgc-558-3-0\"  class=\"panel-grid-cell\" ><\/div><div id=\"pgc-558-3-1\"  class=\"panel-grid-cell\" ><div class=\"panel-widget-style\" ><p><img decoding=\"async\" src=\"https:\/\/viking-intl.com\/wp-content\/uploads\/2026\/02\/VS-HSE-HD-scaled.png\" alt=\"\" ><\/p><\/div><\/div><div id=\"pgc-558-3-2\"  class=\"panel-grid-cell\" ><\/div><\/div><\/div>","protected":false},"excerpt":{"rendered":"<p>To manage health, safety, security, and environmental (HSSE) issues of oil and gas activities is a matter of managing risks. Reducing these risks is the key to efficient and sustainable production, employees going home safely at the end of the day, and a cleaner environment. Viking Services is committed to the health, safety, and security<\/p>\n<p class=\"more-link\"><a href=\"https:\/\/viking-intl.com\/hu\/our-company\/health-safety\/\" class=\"themebutton2\">B\u0151vebben<\/a><\/p>","protected":false},"author":1,"featured_media":0,"parent":285,"menu_order":0,"comment_status":"closed","ping_status":"closed","template":"","meta":{"footnotes":""},"categories":[],"tags":[],"class_list":["post-558","page","type-page","status-publish","hentry"],"_links":{"self":[{"href":"https:\/\/viking-intl.com\/hu\/wp-json\/wp\/v2\/pages\/558","targetHints":{"allow":["GET"]}}],"collection":[{"href":"https:\/\/viking-intl.com\/hu\/wp-json\/wp\/v2\/pages"}],"about":[{"href":"https:\/\/viking-intl.com\/hu\/wp-json\/wp\/v2\/types\/page"}],"author":[{"embeddable":true,"href":"https:\/\/viking-intl.com\/hu\/wp-json\/wp\/v2\/users\/1"}],"replies":[{"embeddable":true,"href":"https:\/\/viking-intl.com\/hu\/wp-json\/wp\/v2\/comments?post=558"}],"version-history":[{"count":9,"href":"https:\/\/viking-intl.com\/hu\/wp-json\/wp\/v2\/pages\/558\/revisions"}],"predecessor-version":[{"id":2044,"href":"https:\/\/viking-intl.com\/hu\/wp-json\/wp\/v2\/pages\/558\/revisions\/2044"}],"up":[{"embeddable":true,"href":"https:\/\/viking-intl.com\/hu\/wp-json\/wp\/v2\/pages\/285"}],"wp:attachment":[{"href":"https:\/\/viking-intl.com\/hu\/wp-json\/wp\/v2\/media?parent=558"}],"wp:term":[{"taxonomy":"category","embeddable":true,"href":"https:\/\/viking-intl.com\/hu\/wp-json\/wp\/v2\/categories?post=558"},{"taxonomy":"post_tag","embeddable":true,"href":"https:\/\/viking-intl.com\/hu\/wp-json\/wp\/v2\/tags?post=558"}],"curies":[{"name":"wp","href":"https:\/\/api.w.org\/{rel}","templated":true}]}}