{"id":571,"date":"2017-12-01T11:15:45","date_gmt":"2017-12-01T08:15:45","guid":{"rendered":"https:\/\/www.viking-intl.com\/Viking-intl\/?page_id=571"},"modified":"2026-02-20T11:36:02","modified_gmt":"2026-02-20T11:36:02","slug":"integralt-projektmenedzsment","status":"publish","type":"page","link":"https:\/\/viking-intl.com\/hu\/products-services\/integrated-project-management\/","title":{"rendered":"Integr\u00e1lt projektmenedzsment"},"content":{"rendered":"<div id=\"pg-571-0\"  class=\"panel-grid\" ><div class=\"panel-grid-core\"><div id=\"pgc-571-0-0\"  class=\"panel-grid-cell\" ><\/div><div id=\"pgc-571-0-1\"  class=\"panel-grid-cell\" ><div class=\"panel-widget-style\" ><div class=\"thinkupslider-sc style1\" data-height=\"200\"><div id=\"thinkupshortcodesthinkup_builder_thinkupslider\" class=\"thinkupslider-sc-core\"><div class=\"rslides-container\" data-speed=\"6000\"><div class=\"rslides-inner page-inner\"><ul class=\"slides\"><li><img decoding=\"async\" src=\"https:\/\/viking-intl.com\/wp-content\/themes\/Renden_Pro\/images\/transparent.png\" style=\"background: url(https:\/\/viking-intl.com\/wp-content\/uploads\/2024\/12\/Company_6.jpg) no-repeat center; background-size: cover;\" alt=\"\" \/><div class=\"rslides-content\"><div class=\"wrap-safari\"><div class=\"rslides-content-inner\"><div class=\"featured\"><\/div><\/div><\/div><\/div><\/li><\/ul><\/div><\/div><\/div><\/div><\/div><\/div><div id=\"pgc-571-0-2\"  class=\"panel-grid-cell\" ><\/div><\/div><\/div><div id=\"pg-571-1\"  class=\"panel-grid\" ><div class=\"panel-grid-core\"><div id=\"pgc-571-1-0\"  class=\"panel-grid-cell\" ><\/div><div id=\"pgc-571-1-1\"  class=\"panel-grid-cell\" ><div class=\"panel-widget-style\" ><div class=\"customtitle style5\"><h3 style=\"font-weight: 700;font-style: normal;\"><span>Szerz\u0151d\u00e9ses Integr\u00e1lt Projektmenedzsment<\/span><\/h3><\/div><\/div><\/div><div id=\"pgc-571-1-2\"  class=\"panel-grid-cell\" ><\/div><\/div><\/div><div id=\"pg-571-2\"  class=\"panel-grid\" ><div class=\"panel-grid-core\"><div id=\"pgc-571-2-0\"  class=\"panel-grid-cell\" ><\/div><div id=\"pgc-571-2-1\"  class=\"panel-grid-cell\" ><div class=\"panel-widget-style\" >\t\t\t<div class=\"textwidget\"><p>A Viking Services tapasztalt projektmenedzsment csapatot biztos\u00edt v\u00e1llalkoz\u00e1sa k\u00f6z\u00e9ppontj\u00e1ban, azzal a kiz\u00e1r\u00f3lagos c\u00e9llal, hogy magasabb termel\u00e9kenys\u00e9get \u00e9rjen el, jav\u00edtsa a hat\u00e9konys\u00e1got \u00e9s cs\u00f6kkentse az \u00fczemeltet\u00e9si k\u00f6lts\u00e9geket. Az IPM csoport minden term\u00e9kvonalon m\u0171k\u00f6dik, kulcsfontoss\u00e1g\u00fa kapcsolattart\u00f3 pontk\u00e9nt szolg\u00e1lva minden \u00fcgyf\u00e9l sz\u00e1m\u00e1ra, aki m\u0171szaki t\u00e1mogat\u00e1st \u00e9s integr\u00e1lt well megold\u00e1sok sz\u00e9les v\u00e1laszt\u00e9k\u00e1t keresi.<\/p>\n<p>Egy projekt, mint p\u00e9ld\u00e1ul a k\u00fat\u00e9p\u00edt\u00e9s, k\u00fatbeavatkoz\u00e1s vagy k\u00fathonos\u00edt\u00e1s sikeres v\u00e9grehajt\u00e1s\u00e1t mindig egy hat\u00e9kony, k\u00f6zpontos\u00edtott tervez\u00e9si folyamat \u00e9s az \u00fcgyfelek c\u00e9ljaival strat\u00e9giailag \u00f6sszehangolt szolg\u00e1ltat\u00e1sok el\u00e9rhet\u0151s\u00e9ge hat\u00e1rozza meg.<\/p>\n<p>A Viking Services integr\u00e1lt projektmenedzsmentet k\u00edn\u00e1lva k\u00e9pes a h\u00e1zon bel\u00fcli szolg\u00e1ltat\u00e1sok sz\u00e9les sk\u00e1l\u00e1j\u00e1ra t\u00e1maszkodni, mik\u00f6zben v\u00e9gpontt\u00f3l v\u00e9gpontig tart\u00f3 ir\u00e1ny\u00edt\u00e1si funkci\u00f3t biztos\u00edt, hogy a f\u00far\u00e1son, befejez\u00e9sen \u00e9s kitermel\u00e9si szolg\u00e1ltat\u00e1sokon kereszt\u00fcl biztos\u00edtsa az elk\u00f6telezett projekt\u00e9rt\u00e9kel\u00e9st \u00e9s a k\u00fat\u00e9p\u00edt\u00e9st.<\/p>\n<p>A Viking Services szil\u00e1rdan hisz az integr\u00e1lt szolg\u00e1ltat\u00e1sok ny\u00fajt\u00e1s\u00e1ban, hogy z\u00f6kken\u0151mentes m\u0171k\u00f6d\u00e9st biztos\u00edtson \u00fcgyfelei sz\u00e1m\u00e1ra, hozz\u00e1adott \u00e9rt\u00e9kkel.<\/p>\n<p>Az IPM-csoport els\u0151dleges c\u00e9lkit\u0171z\u00e9sei k\u00f6z\u00e9 tartozik a teljes projekt racionaliz\u00e1l\u00e1sa az eredeti k\u00e9rdez\u00e9st\u0151l \u00e9s a tervez\u00e9si szakaszt\u00f3l a kivitelez\u00e9sig \u00e9s a befejez\u00e9sig an\u00e9lk\u00fcl, hogy az \u00fcgyf\u00e9lnek t\u00f6bb \u00fczemeltet\u00e9si \u00e9s szolg\u00e1ltat\u00f3 c\u00e9ggel kellene foglalkoznia.<\/p>\n<p>Ezen elj\u00e1r\u00e1s r\u00e9v\u00e9n a \"Viking \u00fcgyf\u00e9l interf\u00e9sz\" leegyszer\u0171s\u00f6dik, mik\u00f6zben dr\u00e1maian jav\u00edtja a projekt hat\u00e9konys\u00e1g\u00e1t, \u00e9s lehet\u0151v\u00e9 teszi a m\u0171k\u00f6d\u00e9si oszt\u00e1lyok sz\u00e1m\u00e1ra, hogy kiz\u00e1r\u00f3lag a saj\u00e1t well-site k\u00f6teless\u00e9geikre \u00f6sszpontos\u00edtsanak.<\/p>\n<\/div>\n\t\t<\/div><\/div><div id=\"pgc-571-2-2\"  class=\"panel-grid-cell\" ><\/div><\/div><\/div><div id=\"pg-571-3\"  class=\"panel-grid\" ><div class=\"panel-grid-core\"><div id=\"pgc-571-3-0\"  class=\"panel-grid-cell\" ><\/div><div id=\"pgc-571-3-1\"  class=\"panel-grid-cell\" ><div class=\"panel-widget-style\" ><p><img decoding=\"async\" src=\"https:\/\/viking-intl.com\/wp-content\/uploads\/2026\/02\/IPM-scaled.png\" alt=\"\" ><\/p><\/div><\/div><div id=\"pgc-571-3-2\"  class=\"panel-grid-cell\" ><\/div><\/div><\/div>","protected":false},"excerpt":{"rendered":"<p>Contract Integrated Project Management Viking Services provides an experienced project management team at the core of its business for the sole purpose of delivering higher production, improving efficiencies, and reducing operational costs. The IPM group operates across all product lines, acting as the key focal point for any customer seeking technical support and a diverse<\/p>\n<p class=\"more-link\"><a href=\"https:\/\/viking-intl.com\/hu\/products-services\/integrated-project-management\/\" class=\"themebutton2\">B\u0151vebben<\/a><\/p>","protected":false},"author":1,"featured_media":0,"parent":287,"menu_order":0,"comment_status":"closed","ping_status":"closed","template":"template-parallax.php","meta":{"footnotes":""},"categories":[30],"tags":[28,29],"class_list":["post-571","page","type-page","status-publish","hentry","category-ipm","tag-integrated-project-management","tag-ipm"],"_links":{"self":[{"href":"https:\/\/viking-intl.com\/hu\/wp-json\/wp\/v2\/pages\/571","targetHints":{"allow":["GET"]}}],"collection":[{"href":"https:\/\/viking-intl.com\/hu\/wp-json\/wp\/v2\/pages"}],"about":[{"href":"https:\/\/viking-intl.com\/hu\/wp-json\/wp\/v2\/types\/page"}],"author":[{"embeddable":true,"href":"https:\/\/viking-intl.com\/hu\/wp-json\/wp\/v2\/users\/1"}],"replies":[{"embeddable":true,"href":"https:\/\/viking-intl.com\/hu\/wp-json\/wp\/v2\/comments?post=571"}],"version-history":[{"count":4,"href":"https:\/\/viking-intl.com\/hu\/wp-json\/wp\/v2\/pages\/571\/revisions"}],"predecessor-version":[{"id":2024,"href":"https:\/\/viking-intl.com\/hu\/wp-json\/wp\/v2\/pages\/571\/revisions\/2024"}],"up":[{"embeddable":true,"href":"https:\/\/viking-intl.com\/hu\/wp-json\/wp\/v2\/pages\/287"}],"wp:attachment":[{"href":"https:\/\/viking-intl.com\/hu\/wp-json\/wp\/v2\/media?parent=571"}],"wp:term":[{"taxonomy":"category","embeddable":true,"href":"https:\/\/viking-intl.com\/hu\/wp-json\/wp\/v2\/categories?post=571"},{"taxonomy":"post_tag","embeddable":true,"href":"https:\/\/viking-intl.com\/hu\/wp-json\/wp\/v2\/tags?post=571"}],"curies":[{"name":"wp","href":"https:\/\/api.w.org\/{rel}","templated":true}]}}