{"id":588,"date":"2017-12-01T12:22:17","date_gmt":"2017-12-01T09:22:17","guid":{"rendered":"https:\/\/www.viking-intl.com\/Viking-intl\/?page_id=588"},"modified":"2026-02-20T20:04:43","modified_gmt":"2026-02-20T20:04:43","slug":"szakertoi-szolgaltatas","status":"publish","type":"page","link":"https:\/\/viking-intl.com\/hu\/our-company\/expertise-service\/","title":{"rendered":"Szak\u00e9rtelem \u00e9s szolg\u00e1ltat\u00e1s"},"content":{"rendered":"<div id=\"pg-588-0\"  class=\"panel-grid\" ><div class=\"panel-grid-core\"><div id=\"pgc-588-0-0\"  class=\"panel-grid-cell\" ><\/div><div id=\"pgc-588-0-1\"  class=\"panel-grid-cell\" ><div class=\"panel-widget-style\" ><div class=\"thinkupslider-sc style1\" data-height=\"200\"><div id=\"thinkupshortcodesthinkup_builder_thinkupslider\" class=\"thinkupslider-sc-core\"><div class=\"rslides-container\" data-speed=\"6000\"><div class=\"rslides-inner page-inner\"><ul class=\"slides\"><li><img decoding=\"async\" src=\"https:\/\/viking-intl.com\/wp-content\/themes\/Renden_Pro\/images\/transparent.png\" style=\"background: url(https:\/\/viking-intl.com\/wp-content\/uploads\/2024\/12\/news_head_img.jpg) no-repeat center; background-size: cover;\" alt=\"\" \/><div class=\"rslides-content\"><div class=\"wrap-safari\"><div class=\"rslides-content-inner\"><div class=\"featured\"><\/div><\/div><\/div><\/div><\/li><\/ul><\/div><\/div><\/div><\/div><\/div><\/div><div id=\"pgc-588-0-2\"  class=\"panel-grid-cell\" ><\/div><\/div><\/div><div id=\"pg-588-1\"  class=\"panel-grid\" ><div class=\"panel-grid-core\"><div id=\"pgc-588-1-0\"  class=\"panel-grid-cell\" ><\/div><div id=\"pgc-588-1-1\"  class=\"panel-grid-cell\" ><div class=\"panel-widget-style\" ><div class=\"customtitle style5\"><h3 style=\"font-weight: 700;font-style: normal;\"><span>Tapasztalat, ahol sz\u00e1m\u00edt<\/span><\/h3><\/div><\/div><\/div><div id=\"pgc-588-1-2\"  class=\"panel-grid-cell\" ><\/div><\/div><\/div><div id=\"pg-588-2\"  class=\"panel-grid\" ><div class=\"panel-grid-core\"><div id=\"pgc-588-2-0\"  class=\"panel-grid-cell\" ><\/div><div id=\"pgc-588-2-1\"  class=\"panel-grid-cell\" ><div class=\"panel-widget-style\" >\t\t\t<div class=\"textwidget\"><p>Siker kulcsai:<\/p>\n<p>Tapasztalat, ahol sz\u00e1m\u00edt: Elk\u00f6telezett vezet\u0151i csapatunkkal \u00e9s akt\u00edv terepi dolgoz\u00f3inkkal a Viking Services \u00e9vtizedes tapasztalatra \u00e9p\u00fcl a k\u00fat \u00e9letciklus\u00e1nak minden aspektus\u00e1ban. C\u00e9lunk, hogy szolg\u00e1ltat\u00e1saink mellett szak\u00e9rtelmet biztos\u00edtsunk azoknak az \u00fczemeltet\u0151knek, akik \u00e9rt\u00e9ket \u00e9s tapasztalatot keresnek partnereikt\u0151l.<\/p>\n<p>Projekttervez\u00e9s: Alapszint\u0171 \u00e9s r\u00e9szletes sz\u0171r\u00e9si, valamint m\u00e9rn\u00f6ki \u00e1tvil\u00e1g\u00edt\u00e1st tudunk ny\u00fajtani annak \u00e9rdek\u00e9ben, hogy kiv\u00e1lasszuk \u00e9s sz\u00e1mszer\u0171s\u00edts\u00fck a fejlett technol\u00f3gi\u00e1nk el\u0151nyeit a kutak sz\u00e1m\u00e1ra.<\/p>\n<p>M\u00e9rn\u00f6ki T\u00e1mogat\u00e1s: Tapasztalt lel\u0151hely- \u00e9s k\u00fatm\u00e9rn\u00f6k\u00f6kb\u0151l \u00e1ll\u00f3, teljes munkaid\u0151s glob\u00e1lis csapata seg\u00edt abban, hogy egy projekt el\u00e9rje a benne rejl\u0151 lehet\u0151s\u00e9geket. M\u00e9rn\u00f6keink glob\u00e1lis m\u0171k\u00f6d\u00e9si szak\u00e9rtelmet adnak, kieg\u00e9sz\u00edtve az \u00d6n hazai \u00e9s region\u00e1lis tapasztalatait, biztos\u00edtva az \u00e9rt\u00e9ket, ha minket v\u00e1laszt partner\u00e9\u00fcl.<\/p>\n<p>Modern felszerel\u00e9s: A Viking Services b\u00fcszke arra, hogy a r\u00e9gi\u00f3ban el\u00e9rhet\u0151 legmodernebb, technol\u00f3giailag fejlett felszerel\u00e9sek beszerz\u00e9s\u00e9re t\u00f6rekszik. Ez a felszerel\u00e9s, a tapasztalt helysz\u00edni kezel\u0151kkel egy\u00fctt, lehet\u0151v\u00e9 teszi projektje hat\u00e9kony v\u00e9grehajt\u00e1s\u00e1t.<\/p>\n<p>Eredm\u00e9nyorient\u00e1lt: C\u00e9lunk, hogy mindig meg\u00e9rts\u00fck partner\u00fcnk elv\u00e1r\u00e1sait, ig\u00e9nyeit \u00e9s agg\u00e1lyait. Miut\u00e1n alaposan meg\u00e9rtett\u00fck ezeket a ter\u00fcleteket, projektmenedzsereink, k\u00fatm\u00e9rn\u00f6keink, helysz\u00edni fel\u00fcgyel\u0151ink \u00e9s felszerel\u00e9sspecialist\u00e1ink k\u00e9pzetts\u00e9ggel \u00e9s tereptapasztalattal rendelkeznek ezen elv\u00e1r\u00e1sok teljes\u00edt\u00e9s\u00e9re \u00e9s t\u00falteljes\u00edt\u00e9s\u00e9re. Meg\u00e9rtj\u00fck, hogy a mi siker\u00fcnk partnereink siker\u00e9t\u0151l f\u00fcgg.<\/p>\n<\/div>\n\t\t<\/div><\/div><div id=\"pgc-588-2-2\"  class=\"panel-grid-cell\" ><\/div><\/div><\/div><div id=\"pg-588-3\"  class=\"panel-grid\" ><div class=\"panel-grid-core\"><div id=\"pgc-588-3-0\"  class=\"panel-grid-cell\" ><\/div><div id=\"pgc-588-3-1\"  class=\"panel-grid-cell\" ><div class=\"panel-widget-style\" ><p><img decoding=\"async\" src=\"https:\/\/viking-intl.com\/wp-content\/uploads\/2026\/02\/VS-Customers_New-HD-1-scaled.png\" alt=\"\" ><\/p><\/div><\/div><div id=\"pgc-588-3-2\"  class=\"panel-grid-cell\" ><\/div><\/div><\/div>","protected":false},"excerpt":{"rendered":"<p>Experience Where It Matters Keys to Success: Experience Where it Matters: With a dedicated management team and active in-field personnel Viking Services is built on decades of experience across all aspects of the life-cycle of the well. Our goal is to provide expertise, in conjunction with our services, to operators looking for value and experience<\/p>\n<p class=\"more-link\"><a href=\"https:\/\/viking-intl.com\/hu\/our-company\/expertise-service\/\" class=\"themebutton2\">B\u0151vebben<\/a><\/p>","protected":false},"author":1,"featured_media":0,"parent":285,"menu_order":0,"comment_status":"closed","ping_status":"closed","template":"","meta":{"footnotes":""},"categories":[],"tags":[31],"class_list":["post-588","page","type-page","status-publish","hentry","tag-expertise"],"_links":{"self":[{"href":"https:\/\/viking-intl.com\/hu\/wp-json\/wp\/v2\/pages\/588","targetHints":{"allow":["GET"]}}],"collection":[{"href":"https:\/\/viking-intl.com\/hu\/wp-json\/wp\/v2\/pages"}],"about":[{"href":"https:\/\/viking-intl.com\/hu\/wp-json\/wp\/v2\/types\/page"}],"author":[{"embeddable":true,"href":"https:\/\/viking-intl.com\/hu\/wp-json\/wp\/v2\/users\/1"}],"replies":[{"embeddable":true,"href":"https:\/\/viking-intl.com\/hu\/wp-json\/wp\/v2\/comments?post=588"}],"version-history":[{"count":7,"href":"https:\/\/viking-intl.com\/hu\/wp-json\/wp\/v2\/pages\/588\/revisions"}],"predecessor-version":[{"id":2042,"href":"https:\/\/viking-intl.com\/hu\/wp-json\/wp\/v2\/pages\/588\/revisions\/2042"}],"up":[{"embeddable":true,"href":"https:\/\/viking-intl.com\/hu\/wp-json\/wp\/v2\/pages\/285"}],"wp:attachment":[{"href":"https:\/\/viking-intl.com\/hu\/wp-json\/wp\/v2\/media?parent=588"}],"wp:term":[{"taxonomy":"category","embeddable":true,"href":"https:\/\/viking-intl.com\/hu\/wp-json\/wp\/v2\/categories?post=588"},{"taxonomy":"post_tag","embeddable":true,"href":"https:\/\/viking-intl.com\/hu\/wp-json\/wp\/v2\/tags?post=588"}],"curies":[{"name":"wp","href":"https:\/\/api.w.org\/{rel}","templated":true}]}}