{"id":677,"date":"2017-12-01T14:48:44","date_gmt":"2017-12-01T11:48:44","guid":{"rendered":"https:\/\/www.viking-intl.com\/Viking-intl\/?page_id=677"},"modified":"2026-02-20T21:11:48","modified_gmt":"2026-02-20T21:11:48","slug":"iranyitott-furasi-szolgaltatasok","status":"publish","type":"page","link":"https:\/\/viking-intl.com\/hu\/products-services\/drilling-services\/directional-drilling-services\/","title":{"rendered":"Ir\u00e1ny\u00edtott f\u00far\u00e1si szolg\u00e1ltat\u00e1sok"},"content":{"rendered":"<div id=\"pg-677-0\"  class=\"panel-grid\" ><div class=\"panel-grid-core\"><div id=\"pgc-677-0-0\"  class=\"panel-grid-cell\" ><\/div><div id=\"pgc-677-0-1\"  class=\"panel-grid-cell\" ><div class=\"panel-widget-style\" ><div class=\"thinkupslider-sc style1\" data-height=\"200\"><div id=\"thinkupshortcodesthinkup_builder_thinkupslider\" class=\"thinkupslider-sc-core\"><div class=\"rslides-container\" data-speed=\"6000\"><div class=\"rslides-inner page-inner\"><ul class=\"slides\"><li><img decoding=\"async\" src=\"https:\/\/viking-intl.com\/wp-content\/themes\/Renden_Pro\/images\/transparent.png\" style=\"background: url(https:\/\/viking-intl.com\/wp-content\/uploads\/2024\/12\/6-Directional_Drilling-2.jpg) no-repeat center; background-size: cover;\" alt=\"\" \/><div class=\"rslides-content\"><div class=\"wrap-safari\"><div class=\"rslides-content-inner\"><div class=\"featured\"><\/div><\/div><\/div><\/div><\/li><\/ul><\/div><\/div><\/div><\/div><\/div><\/div><div id=\"pgc-677-0-2\"  class=\"panel-grid-cell\" ><\/div><\/div><\/div><div id=\"pg-677-1\"  class=\"panel-grid\" ><div class=\"panel-grid-core\"><div id=\"pgc-677-1-0\"  class=\"panel-grid-cell\" ><\/div><div id=\"pgc-677-1-1\"  class=\"panel-grid-cell\" ><div class=\"panel-widget-style\" >\t\t\t<div class=\"textwidget\"><p>Professzion\u00e1lis csapatunk k\u00e9szs\u00e9ggel \u00e1ll rendelkez\u00e9s\u00e9re a r\u00e9tegf\u00far\u00e1si feladatok ter\u00e9n szerzett t\u00f6bb\u00e9ves tapasztalat\u00e1val. Ez mag\u00e1ban foglalja a k\u00fatt\u00e1vtervek kidolgoz\u00e1s\u00e1t ipar\u00e1gvezet\u0151 technol\u00f3gi\u00e1val, a HawkEye 3D-vel, amely lehet\u0151v\u00e9 teszi a k\u00fatt\u00e1vtervek h\u00e1romdimenzi\u00f3s megjelen\u00edt\u00e9s\u00e9t, a nyomat\u00e9k- \u00e9s s\u00farl\u00f3d\u00e1selemz\u00e9st, hidraulikai programokat \u00e9s az \u00fctk\u00f6z\u00e9selh\u00e1r\u00edt\u00e1si tervez\u00e9st.<\/p>\n<p>A megfelel\u0151 szersz\u00e1mokkal rendelkezni a munk\u00e1hoz fontos m\u00e9r\u0151eszk\u00f6ze egy ir\u00e1ny\u00edtott f\u00far\u00f3v\u00e1llalatnak. Ir\u00e1ny\u00edtott f\u00far\u00f3kb\u00f3l \u00e1ll\u00f3 csapatunk sok\u00e9ves tapasztalattal rendelkezik k\u00fcl\u00f6nf\u00e9le k\u00fatt\u00edpusok f\u00far\u00e1s\u00e1ban, bele\u00e9rtve, de nem kiz\u00e1r\u00f3lagosan, a fel\u00e9p\u00edtett \u00e9s tartott, v\u00edzszintes vagy t\u00f6bb\u00e1g\u00fa v\u00edzszintes kutakat. A BICO Evenwall motorokkal felszerelve a Viking Services versenyel\u0151nyt \u00e9lvez, ami a hagyom\u00e1nyos motorokhoz k\u00e9pest n\u00f6veli a motorok tart\u00f3ss\u00e1g\u00e1t \u00e9s az \u00e1ltal\u00e1nos motor-teljes\u00edtm\u00e9nyt. Tiszt\u00e1ban vagyunk vele, hogy az er\u0151s, produkt\u00edv kutak l\u00e9trehoz\u00e1sa a f\u00far\u00f3ipar c\u00e9lja, \u00e9s hogy LWD (Logging While Drilling) csomagjaink haszn\u00e1lat\u00e1val meg tudjuk adni a val\u00f3s idej\u0171 d\u00f6nt\u00e9sek meghozatal\u00e1hoz sz\u00fcks\u00e9ges inform\u00e1ci\u00f3kat, amelyek hossz\u00fa t\u00e1v\u00fa hat\u00e1ssal lehetnek.<\/p>\n<p>A Diyarbakirban tal\u00e1lhat\u00f3 m\u00e9lyf\u00far\u00e1s karbantart\u00f3 m\u0171hely, valamint a M\/LWD M\u0171szaki \u00e9s Oper\u00e1ci\u00f3s K\u00f6zpont ir\u00e1ny\u00edtj\u00e1k \u00e9s szervizelik terepi m\u0171veleteinket. Az orsz\u00e1gban tal\u00e1lhat\u00f3 teljes szint\u0171 III. szerviztelep lehet\u0151v\u00e9 teszi sz\u00e1munkra a k\u00f6lts\u00e9gek minimaliz\u00e1l\u00e1s\u00e1t \u00e9s az \u00e1tfut\u00e1si id\u0151k cs\u00f6kkent\u00e9s\u00e9t. A Viking Services tiszt\u00e1ban van vele, hogy minden \u00fcgyf\u00e9lnek egyedi ig\u00e9nyei vannak, \u00e9s meg\u00e9rti, hogy az ir\u00e1ny\u00edtott f\u00far\u00e1s \u00fczlet\u00e1ga egy akt\u00edvan v\u00e1ltoz\u00f3 k\u00f6rnyezet, ez\u00e9rt folyamatosan friss\u00edti f\u00far\u00e1si gyakorlatunkat \u00faj technol\u00f3gi\u00e1k felm\u00e9r\u00e9s\u00e9vel. B\u00edzunk benne, hogy megold\u00e1sokat k\u00edn\u00e1lhatunk az ipar\u00e1g \u00e1ltal t\u00e1masztott ir\u00e1ny\u00edtott f\u00far\u00e1si kih\u00edv\u00e1sokra.<\/p>\n<\/div>\n\t\t<\/div><\/div><div id=\"pgc-677-1-2\"  class=\"panel-grid-cell\" ><\/div><\/div><\/div><div id=\"pg-677-2\"  class=\"panel-grid\" ><div class=\"panel-grid-core\"><div id=\"pgc-677-2-0\"  class=\"panel-grid-cell\" ><\/div><div id=\"pgc-677-2-1\"  class=\"panel-grid-cell\" ><div class=\"panel-widget-style\" ><p><img decoding=\"async\" src=\"https:\/\/viking-intl.com\/wp-content\/uploads\/2026\/02\/Directional-Drilling.png\" alt=\"\" ><\/p><\/div><\/div><div id=\"pgc-677-2-2\"  class=\"panel-grid-cell\" ><\/div><\/div><\/div>","protected":false},"excerpt":{"rendered":"<p>Our team of professionals is ready to apply years of experience to any directional drilling applications. This includes the development of well plans using industry-leading technology, HawkEye 3D, which allows for three-dimensional viewing of well plans, torque and drag analysis, hydraulic programs, and anti-collision planning. Having the tools to do the job is an important<\/p>\n<p class=\"more-link\"><a href=\"https:\/\/viking-intl.com\/hu\/products-services\/drilling-services\/directional-drilling-services\/\" class=\"themebutton2\">B\u0151vebben<\/a><\/p>","protected":false},"author":1,"featured_media":0,"parent":270,"menu_order":0,"comment_status":"closed","ping_status":"closed","template":"","meta":{"footnotes":""},"categories":[36],"tags":[37,4],"class_list":["post-677","page","type-page","status-publish","hentry","category-directional-drilling","tag-directional-drilling","tag-drilling-services"],"_links":{"self":[{"href":"https:\/\/viking-intl.com\/hu\/wp-json\/wp\/v2\/pages\/677","targetHints":{"allow":["GET"]}}],"collection":[{"href":"https:\/\/viking-intl.com\/hu\/wp-json\/wp\/v2\/pages"}],"about":[{"href":"https:\/\/viking-intl.com\/hu\/wp-json\/wp\/v2\/types\/page"}],"author":[{"embeddable":true,"href":"https:\/\/viking-intl.com\/hu\/wp-json\/wp\/v2\/users\/1"}],"replies":[{"embeddable":true,"href":"https:\/\/viking-intl.com\/hu\/wp-json\/wp\/v2\/comments?post=677"}],"version-history":[{"count":4,"href":"https:\/\/viking-intl.com\/hu\/wp-json\/wp\/v2\/pages\/677\/revisions"}],"predecessor-version":[{"id":2064,"href":"https:\/\/viking-intl.com\/hu\/wp-json\/wp\/v2\/pages\/677\/revisions\/2064"}],"up":[{"embeddable":true,"href":"https:\/\/viking-intl.com\/hu\/wp-json\/wp\/v2\/pages\/270"}],"wp:attachment":[{"href":"https:\/\/viking-intl.com\/hu\/wp-json\/wp\/v2\/media?parent=677"}],"wp:term":[{"taxonomy":"category","embeddable":true,"href":"https:\/\/viking-intl.com\/hu\/wp-json\/wp\/v2\/categories?post=677"},{"taxonomy":"post_tag","embeddable":true,"href":"https:\/\/viking-intl.com\/hu\/wp-json\/wp\/v2\/tags?post=677"}],"curies":[{"name":"wp","href":"https:\/\/api.w.org\/{rel}","templated":true}]}}