{"id":684,"date":"2017-12-01T14:58:26","date_gmt":"2017-12-01T11:58:26","guid":{"rendered":"https:\/\/viking-intl.com\/Viking-intl\/?page_id=684"},"modified":"2026-02-20T21:15:19","modified_gmt":"2026-02-20T21:15:19","slug":"iszapolo-naplozasi-szolgaltatasok","status":"publish","type":"page","link":"https:\/\/viking-intl.com\/hu\/products-services\/energy-services\/mudlogging-services\/","title":{"rendered":"Iszapdiagnosztikai szolg\u00e1ltat\u00e1sok"},"content":{"rendered":"<div id=\"pg-684-0\"  class=\"panel-grid\" ><div class=\"panel-grid-core\"><div id=\"pgc-684-0-0\"  class=\"panel-grid-cell\" ><\/div><div id=\"pgc-684-0-1\"  class=\"panel-grid-cell\" ><div class=\"panel-widget-style\" ><div class=\"thinkupslider-sc style1\" data-height=\"200\"><div id=\"thinkupshortcodesthinkup_builder_thinkupslider\" class=\"thinkupslider-sc-core\"><div class=\"rslides-container\" data-speed=\"6000\"><div class=\"rslides-inner page-inner\"><ul class=\"slides\"><li><img decoding=\"async\" src=\"https:\/\/viking-intl.com\/wp-content\/themes\/Renden_Pro\/images\/transparent.png\" style=\"background: url(https:\/\/viking-intl.com\/wp-content\/uploads\/2024\/12\/5-Mudlogging-1.jpg) no-repeat center; background-size: cover;\" alt=\"\" \/><div class=\"rslides-content\"><div class=\"wrap-safari\"><div class=\"rslides-content-inner\"><div class=\"featured\"><\/div><\/div><\/div><\/div><\/li><\/ul><\/div><\/div><\/div><\/div><\/div><\/div><div id=\"pgc-684-0-2\"  class=\"panel-grid-cell\" ><\/div><\/div><\/div><div id=\"pg-684-1\"  class=\"panel-grid\" ><div class=\"panel-grid-core\"><div id=\"pgc-684-1-0\"  class=\"panel-grid-cell\" ><\/div><div id=\"pgc-684-1-1\"  class=\"panel-grid-cell\" ><div class=\"panel-widget-style\" >\t\t\t<div class=\"textwidget\"><p>A Viking Services cs\u00facsmin\u0151s\u00e9g\u0171 \u201cMudlogging Service\u201d-t k\u00edn\u00e1l fejlett f\u00far\u00e1sfel\u00fcgyeleti rendszerekkel, amelyek k\u00e9pesek a g\u00e1z\u00e9rz\u00e9kel\u00e9sre, elektronikus monitoroz\u00e1sra \u00e9s adatb\u00e1zis r\u00f6gz\u00edt\u00e9sre a f\u00far\u00e1si param\u00e9terek teljes tartom\u00e1ny\u00e1ra vonatkoz\u00f3an a m\u0171veletek sor\u00e1n.<\/p>\n<p><strong>Szolg\u00e1ltat\u00e1saink 3 kulcsfontoss\u00e1g\u00fa elemre \u00f6sszpontos\u00edtanak:<\/strong><\/p>\n<ol>\n<li>Magas sz\u00ednvonal\u00fa geol\u00f3giai szelv\u00e9nyez\u00e9s tapasztalt szem\u00e9lyzettel \u00e9s sz\u00e9lesk\u00f6r\u0171 felszerel\u00e9s-k\u00e9szlettel<\/li>\n<li>F\u00far\u00e1si sebess\u00e9g optimaliz\u00e1l\u00e1sa \u00e9s a f\u00far\u00e1si k\u00f6lts\u00e9gek cs\u00f6kkent\u00e9se a f\u00far\u00e1si param\u00e9terek figyel\u00e9s\u00e9vel<\/li>\n<li>Biztons\u00e1gosabb f\u00far\u00e1s a vesz\u00e9lyes k\u00f6rnyezeti g\u00e1zok m\u00e9r\u00e9s\u00e9vel<\/li>\n<\/ol>\n<\/div>\n\t\t<\/div><\/div><div id=\"pgc-684-1-2\"  class=\"panel-grid-cell\" ><\/div><\/div><\/div><div id=\"pg-684-2\"  class=\"panel-grid\" ><div class=\"panel-grid-core\"><div id=\"pgc-684-2-0\"  class=\"panel-grid-cell\" ><\/div><div id=\"pgc-684-2-1\"  class=\"panel-grid-cell\" ><div class=\"panel-widget-style\" ><p><img decoding=\"async\" src=\"https:\/\/viking-intl.com\/wp-content\/uploads\/2026\/02\/Mudlogging.png\" alt=\"\" ><\/p><\/div><\/div><div id=\"pgc-684-2-2\"  class=\"panel-grid-cell\" ><\/div><\/div><\/div>","protected":false},"excerpt":{"rendered":"<p>Viking Services provides high quality &#8220;Mudlogging Service&#8221; using advanced drilling monitoring operation systems which are capable of gas detection, electronic monitoring, and database recording for a full range of drilling parameters on operations. Our services are centered on 3 key components: High-quality geological logging by experienced personnel and wide range equipment inventories Assisting to optimize<\/p>\n<p class=\"more-link\"><a href=\"https:\/\/viking-intl.com\/hu\/products-services\/energy-services\/mudlogging-services\/\" class=\"themebutton2\">B\u0151vebben<\/a><\/p>","protected":false},"author":1,"featured_media":0,"parent":273,"menu_order":0,"comment_status":"closed","ping_status":"closed","template":"","meta":{"footnotes":""},"categories":[38],"tags":[5,39],"class_list":["post-684","page","type-page","status-publish","hentry","category-mudlogging","tag-energy-services","tag-mudlogging"],"_links":{"self":[{"href":"https:\/\/viking-intl.com\/hu\/wp-json\/wp\/v2\/pages\/684","targetHints":{"allow":["GET"]}}],"collection":[{"href":"https:\/\/viking-intl.com\/hu\/wp-json\/wp\/v2\/pages"}],"about":[{"href":"https:\/\/viking-intl.com\/hu\/wp-json\/wp\/v2\/types\/page"}],"author":[{"embeddable":true,"href":"https:\/\/viking-intl.com\/hu\/wp-json\/wp\/v2\/users\/1"}],"replies":[{"embeddable":true,"href":"https:\/\/viking-intl.com\/hu\/wp-json\/wp\/v2\/comments?post=684"}],"version-history":[{"count":3,"href":"https:\/\/viking-intl.com\/hu\/wp-json\/wp\/v2\/pages\/684\/revisions"}],"predecessor-version":[{"id":2067,"href":"https:\/\/viking-intl.com\/hu\/wp-json\/wp\/v2\/pages\/684\/revisions\/2067"}],"up":[{"embeddable":true,"href":"https:\/\/viking-intl.com\/hu\/wp-json\/wp\/v2\/pages\/273"}],"wp:attachment":[{"href":"https:\/\/viking-intl.com\/hu\/wp-json\/wp\/v2\/media?parent=684"}],"wp:term":[{"taxonomy":"category","embeddable":true,"href":"https:\/\/viking-intl.com\/hu\/wp-json\/wp\/v2\/categories?post=684"},{"taxonomy":"post_tag","embeddable":true,"href":"https:\/\/viking-intl.com\/hu\/wp-json\/wp\/v2\/tags?post=684"}],"curies":[{"name":"wp","href":"https:\/\/api.w.org\/{rel}","templated":true}]}}