{"id":827,"date":"2017-12-04T15:03:56","date_gmt":"2017-12-04T12:03:56","guid":{"rendered":"https:\/\/www.viking-intl.com\/Viking-intl\/?page_id=827"},"modified":"2026-02-20T21:03:43","modified_gmt":"2026-02-20T21:03:43","slug":"cementezesi-szolgaltatasok","status":"publish","type":"page","link":"https:\/\/viking-intl.com\/hu\/products-services\/energy-services\/cementing-services\/","title":{"rendered":"Cementez\u00e9si szolg\u00e1ltat\u00e1sok"},"content":{"rendered":"<div id=\"pg-827-0\"  class=\"panel-grid\" ><div class=\"panel-grid-core\"><div id=\"pgc-827-0-0\"  class=\"panel-grid-cell\" ><\/div><div id=\"pgc-827-0-1\"  class=\"panel-grid-cell\" ><div class=\"panel-widget-style\" ><div class=\"thinkupslider-sc style1\" data-height=\"200\"><div id=\"thinkupshortcodesthinkup_builder_thinkupslider\" class=\"thinkupslider-sc-core\"><div class=\"rslides-container\" data-speed=\"6000\"><div class=\"rslides-inner page-inner\"><ul class=\"slides\"><li><img decoding=\"async\" src=\"https:\/\/viking-intl.com\/wp-content\/themes\/Renden_Pro\/images\/transparent.png\" style=\"background: url(https:\/\/viking-intl.com\/wp-content\/uploads\/2024\/12\/10-Cementing-1.jpg) no-repeat center; background-size: cover;\" alt=\"\" \/><div class=\"rslides-content\"><div class=\"wrap-safari\"><div class=\"rslides-content-inner\"><div class=\"featured\"><\/div><\/div><\/div><\/div><\/li><\/ul><\/div><\/div><\/div><\/div><\/div><\/div><div id=\"pgc-827-0-2\"  class=\"panel-grid-cell\" ><\/div><\/div><\/div><div id=\"pg-827-1\"  class=\"panel-grid\" ><div class=\"panel-grid-core\"><div id=\"pgc-827-1-0\"  class=\"panel-grid-cell\" ><\/div><div id=\"pgc-827-1-1\"  class=\"panel-grid-cell\" ><div class=\"panel-widget-style\" >\t\t\t<div class=\"textwidget\"><p><strong>Amikor a megb\u00edzhat\u00f3s\u00e1g \u00e9s a precizit\u00e1s sz\u00e1m\u00edt<\/strong><\/p>\n<p>A Viking Services kever\u0151- \u00e9s szivatty\u00farendszereit kifejezetten \u00fagy tervezt\u00e9k \u00e9s m\u00e9rn\u00f6ki m\u00f3don alak\u00edtott\u00e1k ki, hogy \u00e9rt\u00e9ket \u00e9s megb\u00edzhat\u00f3s\u00e1got biztos\u00edtsanak \u00fcgyfeleinknek. Technol\u00f3giai fejleszt\u00e9seink \u00e9lvonalban j\u00e1rnak, teljes\u00edtm\u00e9ny, biztons\u00e1g \u00e9s szolg\u00e1ltat\u00e1s t\u00e1masztja al\u00e1 \u0151ket.<\/p>\n<p><strong>Cementel\u00e9s<\/strong><\/p>\n<p>Cser\u00e9pk\u00fati szolg\u00e1ltat\u00e1saink \u00faj k\u0151olaj- \u00e9s f\u00f6ldg\u00e1zkutak befejez\u00e9s\u00e9hez haszn\u00e1lt cementez\u00e9si szolg\u00e1ltat\u00e1sokat, valamint a megl\u00e9v\u0151 kutakon v\u00e9gzett jav\u00edt\u00e1si munk\u00e1latokat foglalnak magukban. A Viking Services cementez\u00e9si szolg\u00e1ltat\u00e1sai magas min\u0151s\u00e9g\u0171 cement \u00e9s v\u00edz, valamint k\u00fcl\u00f6nf\u00e9le szil\u00e1rd \u00e9s foly\u00e9kony adal\u00e9kanyagok kever\u00e9s\u00e9b\u0151l \u00e1llnak, hogy cementiszapot hozzanak l\u00e9tre, amelyet a k\u00fatba a h\u00e1z \u00e9s a furat k\u00f6z\u00e9 pump\u00e1lnak. K\u00f6zponti, region\u00e1lis \u00e9s ter\u00fcleti laborat\u00f3riumi vizsg\u00e1l\u00f3 l\u00e9tes\u00edtm\u00e9nyekkel szerz\u0151d\u00fcnk a cementiszap tulajdons\u00e1gainak \u00e9rt\u00e9kel\u00e9s\u00e9re, amelyek cementgy\u00e1rt\u00f3nk\u00e9nt \u00e9s helyi v\u00edzforr\u00e1sokk\u00e9nt v\u00e1ltozhatnak. A k\u0151olajipari m\u0171veletekben haszn\u00e1lt cementez\u00e9si szolg\u00e1ltat\u00e1sok f\u0151 alkalmaz\u00e1sa az els\u0151dleges cementez\u00e9s, vagyis a h\u00e1z \u00e9s a furat k\u00f6z\u00f6tti cementez\u00e9s, a k\u00fat f\u00far\u00e1si \u00e9s befejez\u00e9si szakasz\u00e1ban.<\/p>\n<\/div>\n\t\t<\/div><\/div><div id=\"pgc-827-1-2\"  class=\"panel-grid-cell\" ><\/div><\/div><\/div><div id=\"pg-827-2\"  class=\"panel-grid\" ><div class=\"panel-grid-core\"><div id=\"pgc-827-2-0\"  class=\"panel-grid-cell\" ><\/div><div id=\"pgc-827-2-1\"  class=\"panel-grid-cell\" ><div class=\"panel-widget-style\" ><p><img decoding=\"async\" src=\"https:\/\/viking-intl.com\/wp-content\/uploads\/2026\/02\/Cementing.png\" alt=\"\" ><\/p><\/div><\/div><div id=\"pgc-827-2-2\"  class=\"panel-grid-cell\" ><\/div><\/div><\/div><div id=\"pg-827-3\"  class=\"panel-grid\" ><div class=\"panel-grid-core\"><div id=\"pgc-827-3-0\"  class=\"panel-grid-cell\" ><\/div><div id=\"pgc-827-3-1\"  class=\"panel-grid-cell\" ><div class=\"panel-widget-style\" >\t\t\t<div class=\"textwidget\"><p>A Viking Services folyamatosan b\u0151v\u00edti n\u00f6vekv\u0151 k\u00e9szlet\u00fcnket, hogy megfelelj\u00fcnk \u00fcgyfeleink n\u00f6vekv\u0151 ig\u00e9nyeinek.<\/p>\n<\/div>\n\t\t<\/div><\/div><div id=\"pgc-827-3-2\"  class=\"panel-grid-cell\" ><\/div><\/div><\/div>","protected":false},"excerpt":{"rendered":"<p>When Reliability and Precision Matters Viking Services\u2019 mixing and pumping systems have been designed and engineered specifically to bring value and dependability to our customers. Our technology stays on the cutting edge and is backed by performance, safety, and service. Cementing Our pressure pumping services consist of cementing services used in the completion of new<\/p>\n<p class=\"more-link\"><a href=\"https:\/\/viking-intl.com\/hu\/products-services\/energy-services\/cementing-services\/\" class=\"themebutton2\">B\u0151vebben<\/a><\/p>","protected":false},"author":1,"featured_media":0,"parent":273,"menu_order":0,"comment_status":"closed","ping_status":"closed","template":"","meta":{"footnotes":""},"categories":[44],"tags":[45,5],"class_list":["post-827","page","type-page","status-publish","hentry","category-cementing","tag-cementing","tag-energy-services"],"_links":{"self":[{"href":"https:\/\/viking-intl.com\/hu\/wp-json\/wp\/v2\/pages\/827","targetHints":{"allow":["GET"]}}],"collection":[{"href":"https:\/\/viking-intl.com\/hu\/wp-json\/wp\/v2\/pages"}],"about":[{"href":"https:\/\/viking-intl.com\/hu\/wp-json\/wp\/v2\/types\/page"}],"author":[{"embeddable":true,"href":"https:\/\/viking-intl.com\/hu\/wp-json\/wp\/v2\/users\/1"}],"replies":[{"embeddable":true,"href":"https:\/\/viking-intl.com\/hu\/wp-json\/wp\/v2\/comments?post=827"}],"version-history":[{"count":3,"href":"https:\/\/viking-intl.com\/hu\/wp-json\/wp\/v2\/pages\/827\/revisions"}],"predecessor-version":[{"id":2058,"href":"https:\/\/viking-intl.com\/hu\/wp-json\/wp\/v2\/pages\/827\/revisions\/2058"}],"up":[{"embeddable":true,"href":"https:\/\/viking-intl.com\/hu\/wp-json\/wp\/v2\/pages\/273"}],"wp:attachment":[{"href":"https:\/\/viking-intl.com\/hu\/wp-json\/wp\/v2\/media?parent=827"}],"wp:term":[{"taxonomy":"category","embeddable":true,"href":"https:\/\/viking-intl.com\/hu\/wp-json\/wp\/v2\/categories?post=827"},{"taxonomy":"post_tag","embeddable":true,"href":"https:\/\/viking-intl.com\/hu\/wp-json\/wp\/v2\/tags?post=827"}],"curies":[{"name":"wp","href":"https:\/\/api.w.org\/{rel}","templated":true}]}}