{"id":837,"date":"2017-12-04T15:12:27","date_gmt":"2017-12-04T12:12:27","guid":{"rendered":"https:\/\/www.viking-intl.com\/Viking-intl\/?page_id=837"},"modified":"2024-12-14T01:42:11","modified_gmt":"2024-12-14T01:42:11","slug":"komplettalasi-szolgaltatasok","status":"publish","type":"page","link":"https:\/\/viking-intl.com\/hu\/products-services\/energy-services\/completion-services\/","title":{"rendered":"Befejez\u00e9si szolg\u00e1ltat\u00e1sok"},"content":{"rendered":"<div id=\"pg-837-0\"  class=\"panel-grid\" ><div class=\"panel-grid-core\"><div id=\"pgc-837-0-0\"  class=\"panel-grid-cell\" ><\/div><div id=\"pgc-837-0-1\"  class=\"panel-grid-cell\" ><div class=\"panel-widget-style\" ><div class=\"thinkupslider-sc style1\" data-height=\"200\"><div id=\"thinkupshortcodesthinkup_builder_thinkupslider\" class=\"thinkupslider-sc-core\"><div class=\"rslides-container\" data-speed=\"6000\"><div class=\"rslides-inner page-inner\"><ul class=\"slides\"><li><img decoding=\"async\" src=\"https:\/\/viking-intl.com\/wp-content\/themes\/Renden_Pro\/images\/transparent.png\" style=\"background: url(https:\/\/viking-intl.com\/wp-content\/uploads\/2024\/12\/Company_8-1.jpg) no-repeat center; background-size: cover;\" alt=\"\" \/><div class=\"rslides-content\"><div class=\"wrap-safari\"><div class=\"rslides-content-inner\"><div class=\"featured\"><\/div><\/div><\/div><\/div><\/li><\/ul><\/div><\/div><\/div><\/div><\/div><\/div><div id=\"pgc-837-0-2\"  class=\"panel-grid-cell\" ><\/div><\/div><\/div><div id=\"pg-837-1\"  class=\"panel-grid\" ><div class=\"panel-grid-core\"><div id=\"pgc-837-1-0\"  class=\"panel-grid-cell\" ><\/div><div id=\"pgc-837-1-1\"  class=\"panel-grid-cell\" ><div class=\"panel-widget-style\" >\t\t\t<div class=\"textwidget\"><p>A Viking Services befejez\u0151 f\u00far\u00f3tornyai teljes \"\u00e9lettartamra sz\u00f3l\u00f3\" szolg\u00e1ltat\u00e1sokat k\u00edn\u00e1lnak. Az id\u0151szakos karbantart\u00e1st\u00f3l a teljes k\u00fatfel\u00faj\u00edt\u00e1sig a Viking k\u00e9pes olyan f\u00far\u00f3tornyot k\u00edn\u00e1lni, amely megfelel az \u00d6n ig\u00e9nyeinek \u00e9s n\u00f6veli a kitermel\u00e9st. A Viking tapasztalt csapatai seg\u00edthetnek a felsz\u00edn alatti t\u00e1roz\u00f3kb\u00f3l a felsz\u00edni termel\u00e9si \u00e9s gy\u0171jt\u0151rendszerekbe olajat vagy f\u00f6ldg\u00e1zt emel\u0151 \u00f6sszes furatm\u00e9lyen tal\u00e1lhat\u00f3 szersz\u00e1m karbantart\u00e1s\u00e1ban. M\u00edg a befejez\u00e9sek megkezdik a termel\u00e9st; a k\u00fatfel\u00faj\u00edt\u00e1s, a k\u00fatszerviz \u00e9s a stimul\u00e1ci\u00f3 l\u00e9tfontoss\u00e1g\u00fa a termel\u0151 kutak \u00e9lettartama szempontj\u00e1b\u00f3l. A Viking Services dug\u00f3- \u00e9s bont\u00e1si szolg\u00e1ltat\u00e1sokat is k\u00edn\u00e1l annak biztos\u00edt\u00e1s\u00e1ra, hogy minden termel\u0151 \u00e9s nem termel\u0151 form\u00e1ci\u00f3 megfelel\u0151en le legyen z\u00e1rva a k\u00f6rnyezet \u00e9s a k\u00f6rnyez\u0151 form\u00e1ci\u00f3k el\u0151l.<\/p>\n<p>Flott\u00e1nk 8 munkav\u00e9gz\u0151 \u00e9s szervizel\u0151 f\u00far\u00f3toronyb\u00f3l \u00e1ll, amelyek motorteljes\u00edtm\u00e9nye 650 LE-ig, emel\u0151szerkezeteinek terhelhet\u0151s\u00e9ge pedig 355 000 fontig terjed. Ezen fel\u00fcl a komplett\u00e1l\u00e1sokat v\u00e9gz\u0151 f\u00far\u00f3tornyaink b\u00e1rmilyen kieg\u00e9sz\u00edt\u0151 berendez\u00e9ssel egy\u00fctt ig\u00e9nyelhet\u0151k, bele\u00e9rtve szivatty\u00fakat, iszap tart\u00e1lyokat, l\u00e9gkondicion\u00e1lt gener\u00e1torokat, motoros forg\u00f3fejeket, BOP-okat, frac tart\u00e1lyokat, nitrog\u00e9n-gener\u00e1torokat, vagy b\u00e1rmely m\u00e1s, a munkav\u00e9gz\u00e9si, karbantart\u00e1si vagy komplekt\u00e1l\u00e1si program elv\u00e9gz\u00e9s\u00e9hez sz\u00fcks\u00e9ges szolg\u00e1ltat\u00e1st.<\/p>\n<\/div>\n\t\t<\/div><\/div><div id=\"pgc-837-1-2\"  class=\"panel-grid-cell\" ><\/div><\/div><\/div><div id=\"pg-837-2\"  class=\"panel-grid\" ><div class=\"panel-grid-core\"><div id=\"pgc-837-2-0\"  class=\"panel-grid-cell\" ><\/div><div id=\"pgc-837-2-1\"  class=\"panel-grid-cell\" ><div class=\"panel-widget-style\" ><div class=\"divider\"><\/div><\/div><\/div><div id=\"pgc-837-2-2\"  class=\"panel-grid-cell\" ><\/div><\/div><\/div><div id=\"pg-837-3\"  class=\"panel-grid\" ><div class=\"panel-grid-core\"><div id=\"pgc-837-3-0\"  class=\"panel-grid-cell\" ><\/div><div id=\"pgc-837-3-1\"  class=\"panel-grid-cell\" ><\/div><div id=\"pgc-837-3-2\"  class=\"panel-grid-cell\" ><\/div><\/div><\/div>","protected":false},"excerpt":{"rendered":"<p>Viking Services completion rigs offer complete &#8220;life of well&#8221; services. From periodic maintenance to complete well workovers, Viking can offer the rig to suit your needs and enhance recovery. Viking\u2019s experienced crews can help maintain all downhole tools used to lift oil or natural gas from subsurface reservoirs to surface production and gathering systems. While<\/p>\n<p class=\"more-link\"><a href=\"https:\/\/viking-intl.com\/hu\/products-services\/energy-services\/completion-services\/\" class=\"themebutton2\">B\u0151vebben<\/a><\/p>","protected":false},"author":1,"featured_media":0,"parent":273,"menu_order":0,"comment_status":"closed","ping_status":"closed","template":"","meta":{"footnotes":""},"categories":[46],"tags":[47,5],"class_list":["post-837","page","type-page","status-publish","hentry","category-completion","tag-completion","tag-energy-services"],"_links":{"self":[{"href":"https:\/\/viking-intl.com\/hu\/wp-json\/wp\/v2\/pages\/837","targetHints":{"allow":["GET"]}}],"collection":[{"href":"https:\/\/viking-intl.com\/hu\/wp-json\/wp\/v2\/pages"}],"about":[{"href":"https:\/\/viking-intl.com\/hu\/wp-json\/wp\/v2\/types\/page"}],"author":[{"embeddable":true,"href":"https:\/\/viking-intl.com\/hu\/wp-json\/wp\/v2\/users\/1"}],"replies":[{"embeddable":true,"href":"https:\/\/viking-intl.com\/hu\/wp-json\/wp\/v2\/comments?post=837"}],"version-history":[{"count":2,"href":"https:\/\/viking-intl.com\/hu\/wp-json\/wp\/v2\/pages\/837\/revisions"}],"predecessor-version":[{"id":1999,"href":"https:\/\/viking-intl.com\/hu\/wp-json\/wp\/v2\/pages\/837\/revisions\/1999"}],"up":[{"embeddable":true,"href":"https:\/\/viking-intl.com\/hu\/wp-json\/wp\/v2\/pages\/273"}],"wp:attachment":[{"href":"https:\/\/viking-intl.com\/hu\/wp-json\/wp\/v2\/media?parent=837"}],"wp:term":[{"taxonomy":"category","embeddable":true,"href":"https:\/\/viking-intl.com\/hu\/wp-json\/wp\/v2\/categories?post=837"},{"taxonomy":"post_tag","embeddable":true,"href":"https:\/\/viking-intl.com\/hu\/wp-json\/wp\/v2\/tags?post=837"}],"curies":[{"name":"wp","href":"https:\/\/api.w.org\/{rel}","templated":true}]}}