{"id":842,"date":"2017-12-04T15:19:24","date_gmt":"2017-12-04T12:19:24","guid":{"rendered":"https:\/\/www.viking-intl.com\/Viking-intl\/?page_id=842"},"modified":"2024-12-14T01:47:16","modified_gmt":"2024-12-14T01:47:16","slug":"jol-teszteles","status":"publish","type":"page","link":"https:\/\/viking-intl.com\/hu\/products-services\/energy-services\/well-testing\/","title":{"rendered":"Tesztel\u00e9s"},"content":{"rendered":"<div id=\"pg-842-0\"  class=\"panel-grid\" ><div class=\"panel-grid-core\"><div id=\"pgc-842-0-0\"  class=\"panel-grid-cell\" ><\/div><div id=\"pgc-842-0-1\"  class=\"panel-grid-cell\" ><div class=\"panel-widget-style\" ><div class=\"thinkupslider-sc style1\" data-height=\"200\"><div id=\"thinkupshortcodesthinkup_builder_thinkupslider\" class=\"thinkupslider-sc-core\"><div class=\"rslides-container\" data-speed=\"6000\"><div class=\"rslides-inner page-inner\"><ul class=\"slides\"><li><img decoding=\"async\" src=\"https:\/\/viking-intl.com\/wp-content\/themes\/Renden_Pro\/images\/transparent.png\" style=\"background: url(https:\/\/viking-intl.com\/wp-content\/uploads\/2024\/12\/11-Well_Testing-1.jpg) no-repeat center; background-size: cover;\" alt=\"\" \/><div class=\"rslides-content\"><div class=\"wrap-safari\"><div class=\"rslides-content-inner\"><div class=\"featured\"><\/div><\/div><\/div><\/div><\/li><\/ul><\/div><\/div><\/div><\/div><\/div><\/div><div id=\"pgc-842-0-2\"  class=\"panel-grid-cell\" ><\/div><\/div><\/div><div id=\"pg-842-1\"  class=\"panel-grid\" ><div class=\"panel-grid-core\"><div id=\"pgc-842-1-0\"  class=\"panel-grid-cell\" ><\/div><div id=\"pgc-842-1-1\"  class=\"panel-grid-cell\" ><div class=\"panel-widget-style\" >\t\t\t<div class=\"textwidget\"><p><strong>Termel\u00e9sellen\u0151rz\u00e9s \u00e9s visszavezet\u00e9s<\/strong><\/p>\n<p>A Viking Services k\u00fatvizsg\u00e1lata a felsz\u00edni termel\u00e9si tesztel\u00e9sre \u00e9s az \u00e1raml\u00e1svisszaford\u00edt\u00e1si szolg\u00e1ltat\u00e1sokra szakosodott. A Viking Services egy\u00fcttm\u0171k\u00f6dik \u00fcgyfeleivel a maxim\u00e1lis kezdeti termel\u00e9si teljes\u00edtm\u00e9ny optimaliz\u00e1l\u00e1sa \u00e9rdek\u00e9ben. Az \u00e1raml\u00e1svisszaford\u00edt\u00e1si \u00e9s tesztel\u00e9si szolg\u00e1ltat\u00e1sok l\u00e9tfontoss\u00e1g\u00faak a k\u00fat teljes termel\u00e9se szempontj\u00e1b\u00f3l, \u00e9s a Viking Services k\u00fatvizsg\u00e1lata elk\u00f6telezett amellett, hogy m\u00e1r a kezdetekt\u0151l a legmagasabb min\u0151s\u00e9g\u0171 berendez\u00e9seket \u00e9s szem\u00e9lyzetet haszn\u00e1lja. A Viking Servicesn\u00e9l a k\u00fatvizsg\u00e1latunk rendelkezik berendez\u00e9sek sz\u00e9les v\u00e1laszt\u00e9k\u00e1val, valamint tud\u00e1ssal ahhoz, hogy minden kutat \u00f6n\u00e1ll\u00f3, speci\u00e1lis \u00e9s egyedi projektk\u00e9nt kezeljen. Ezen szolg\u00e1ltat\u00e1sok t\u00e1mogat\u00e1s\u00e1ra a c\u00e9g teljesk\u00f6r\u0171 tesztel\u0151berendez\u00e9sekkel rendelkezik.<\/p>\n<p>A berendez\u00e9sek \u00e9s a szem\u00e9lyzet mellett a well testing szolg\u00e1ltat\u00e1saink nem lenn\u00e9nek teljesek pontos adatok n\u00e9lk\u00fcl. Valamennyi technikusunkat kik\u00e9pezt\u00fck a leg\u00fajabb kommunik\u00e1ci\u00f3s berendez\u00e9sek haszn\u00e1lat\u00e1ra. Ez azonnali hozz\u00e1f\u00e9r\u00e9st biztos\u00edt \u00fcgyfeleinknek a terepr\u0151l \u00e9rkez\u0151 adatokhoz, valamint opcion\u00e1lis val\u00f3s idej\u0171 adatgy\u0171jt\u00e9st is lehet\u0151v\u00e9 tesz GPRS h\u00e1l\u00f3zatunkon kereszt\u00fcl.<\/p>\n<\/div>\n\t\t<\/div><\/div><div id=\"pgc-842-1-2\"  class=\"panel-grid-cell\" ><\/div><\/div><\/div><div id=\"pg-842-2\"  class=\"panel-grid\" ><div class=\"panel-grid-core\"><div id=\"pgc-842-2-0\"  class=\"panel-grid-cell\" ><\/div><div id=\"pgc-842-2-1\"  class=\"panel-grid-cell\" ><div class=\"panel-widget-style\" ><div class=\"divider\"><\/div><\/div><\/div><div id=\"pgc-842-2-2\"  class=\"panel-grid-cell\" ><\/div><\/div><\/div><div id=\"pg-842-3\"  class=\"panel-grid\" ><div class=\"panel-grid-core\"><div id=\"pgc-842-3-0\"  class=\"panel-grid-cell\" ><\/div><div id=\"pgc-842-3-1\"  class=\"panel-grid-cell\" ><div class=\"panel-widget-style\" ><p><img decoding=\"async\" src=\"https:\/\/viking-intl.com\/wp-content\/uploads\/2024\/12\/TestingEquip.png\" alt=\"\" ><\/p><\/div><\/div><div id=\"pgc-842-3-2\"  class=\"panel-grid-cell\" ><\/div><\/div><\/div>","protected":false},"excerpt":{"rendered":"<p>Production Testing And Flowback Viking Services\u2019 well testing specializes in surface production testing and flowback services. Viking Services partners with its clients to optimize maximum initial production performance. Flowback and testing services are vital to the overall production of the well and Viking Services\u2019 well testing is dedicated to using the highest quality equipment and<\/p>\n<p class=\"more-link\"><a href=\"https:\/\/viking-intl.com\/hu\/products-services\/energy-services\/well-testing\/\" class=\"themebutton2\">B\u0151vebben<\/a><\/p>","protected":false},"author":1,"featured_media":0,"parent":273,"menu_order":0,"comment_status":"closed","ping_status":"closed","template":"","meta":{"footnotes":""},"categories":[],"tags":[5,48],"class_list":["post-842","page","type-page","status-publish","hentry","tag-energy-services","tag-well-testing"],"_links":{"self":[{"href":"https:\/\/viking-intl.com\/hu\/wp-json\/wp\/v2\/pages\/842","targetHints":{"allow":["GET"]}}],"collection":[{"href":"https:\/\/viking-intl.com\/hu\/wp-json\/wp\/v2\/pages"}],"about":[{"href":"https:\/\/viking-intl.com\/hu\/wp-json\/wp\/v2\/types\/page"}],"author":[{"embeddable":true,"href":"https:\/\/viking-intl.com\/hu\/wp-json\/wp\/v2\/users\/1"}],"replies":[{"embeddable":true,"href":"https:\/\/viking-intl.com\/hu\/wp-json\/wp\/v2\/comments?post=842"}],"version-history":[{"count":1,"href":"https:\/\/viking-intl.com\/hu\/wp-json\/wp\/v2\/pages\/842\/revisions"}],"predecessor-version":[{"id":1793,"href":"https:\/\/viking-intl.com\/hu\/wp-json\/wp\/v2\/pages\/842\/revisions\/1793"}],"up":[{"embeddable":true,"href":"https:\/\/viking-intl.com\/hu\/wp-json\/wp\/v2\/pages\/273"}],"wp:attachment":[{"href":"https:\/\/viking-intl.com\/hu\/wp-json\/wp\/v2\/media?parent=842"}],"wp:term":[{"taxonomy":"category","embeddable":true,"href":"https:\/\/viking-intl.com\/hu\/wp-json\/wp\/v2\/categories?post=842"},{"taxonomy":"post_tag","embeddable":true,"href":"https:\/\/viking-intl.com\/hu\/wp-json\/wp\/v2\/tags?post=842"}],"curies":[{"name":"wp","href":"https:\/\/api.w.org\/{rel}","templated":true}]}}