{"id":848,"date":"2017-12-04T15:25:20","date_gmt":"2017-12-04T12:25:20","guid":{"rendered":"https:\/\/www.viking-intl.com\/Viking-intl\/?page_id=848"},"modified":"2026-02-20T21:30:22","modified_gmt":"2026-02-20T21:30:22","slug":"spiralcso","status":"publish","type":"page","link":"https:\/\/viking-intl.com\/hu\/products-services\/energy-services\/coiled-tubing\/","title":{"rendered":"Spir\u00e1lcs\u0151"},"content":{"rendered":"<div id=\"pg-848-0\"  class=\"panel-grid\" ><div class=\"panel-grid-core\"><div id=\"pgc-848-0-0\"  class=\"panel-grid-cell\" ><\/div><div id=\"pgc-848-0-1\"  class=\"panel-grid-cell\" ><div class=\"panel-widget-style\" ><div class=\"thinkupslider-sc style1\" data-height=\"200\"><div id=\"thinkupshortcodesthinkup_builder_thinkupslider\" class=\"thinkupslider-sc-core\"><div class=\"rslides-container\" data-speed=\"6000\"><div class=\"rslides-inner page-inner\"><ul class=\"slides\"><li><img decoding=\"async\" src=\"https:\/\/viking-intl.com\/wp-content\/themes\/Renden_Pro\/images\/transparent.png\" style=\"background: url(https:\/\/viking-intl.com\/wp-content\/uploads\/2024\/12\/13-Coil-Tubing-1.jpg) no-repeat center; background-size: cover;\" alt=\"\" \/><div class=\"rslides-content\"><div class=\"wrap-safari\"><div class=\"rslides-content-inner\"><div class=\"featured\"><\/div><\/div><\/div><\/div><\/li><\/ul><\/div><\/div><\/div><\/div><\/div><\/div><div id=\"pgc-848-0-2\"  class=\"panel-grid-cell\" ><\/div><\/div><\/div><div id=\"pg-848-1\"  class=\"panel-grid\" ><div class=\"panel-grid-core\"><div id=\"pgc-848-1-0\"  class=\"panel-grid-cell\" ><\/div><div id=\"pgc-848-1-1\"  class=\"panel-grid-cell\" ><div class=\"panel-widget-style\" >\t\t\t<div class=\"textwidget\"><p><strong>Spir\u00e1lcs\u00f6ves \u00e9s furatcs\u00f6ves szolg\u00e1ltat\u00e1sok<\/strong><\/p>\n<p>A Viking Services a szolg\u00e1ltat\u00e1sai hossz\u00fa list\u00e1j\u00e1ban k\u00edn\u00e1lja a rug\u00f3s cs\u00f6vez\u00e9st \u00e9s a furaton \u00e1tmen\u0151 cs\u00f6vez\u00e9st (thru tubing). A Viking Services modern rug\u00f3s cs\u00f6vez\u0151 \u00e9s thru tubing berendez\u00e9sekkel rendelkezik, amelyek t\u00e1mogatj\u00e1k a f\u00far\u00e1si, kivitelez\u00e9si \u00e9s termel\u00e9si m\u0171veleteket. A rug\u00f3s cs\u00f6vez\u00e9si \u00e9s thru tubing szolg\u00e1ltat\u00e1sok ler\u00f6vid\u00edtik a f\u00far\u00e1si, kivitelez\u00e9si \u00e9s rekultiv\u00e1ci\u00f3s munk\u00e1latok idej\u00e9t a gyors mobilit\u00e1s, az emel\u0151\u00e1llv\u00e1ny fel\u00e1ll\u00edt\u00e1sa \u00e9s a folyamatos cs\u0151betol\u00e1s, illetve visszah\u00faz\u00e1s r\u00e9v\u00e9n. A rug\u00f3s cs\u00f6vez\u00e9si \u00e9s thru tubing szolg\u00e1ltat\u00e1sok ide\u00e1lisak kivitelez\u00e9si \u00e9s beavatkoz\u00e1si m\u0171veletekn\u00e9l, ahol egy egys\u00e9ges cs\u0151sorozatot haszn\u00e1lnak egy snubbing traktoron kereszt\u00fcl, kombin\u00e1lva nagynyom\u00e1s\u00fa k\u00fatkezel\u0151 berendez\u00e9sekkel. A Viking Services rug\u00f3s cs\u00f6vez\u0151 \u00e9s thru tubing r\u00e9szleg\u00e9nek hozz\u00e1\u00e9rt\u0151 m\u00e9rn\u00f6ki st\u00e1bja van, amely seg\u00edti az \u00fcgyfeleket aj\u00e1nl\u00e1sokkal \u00e9s szimul\u00e1ci\u00f3kkal, hogy bemutass\u00e1k a k\u00fcl\u00f6nb\u00f6z\u0151 k\u00fatalkalmaz\u00e1sokban rejl\u0151 lehet\u0151s\u00e9geket. A m\u0171k\u00f6d\u00e9si id\u0151 \u00e9s a t\u00e1roz\u00f3behatol\u00e1s minimaliz\u00e1l\u00e1s\u00e1val a rug\u00f3s cs\u00f6vez\u00e9si \u00e9s thru tubing szolg\u00e1ltat\u00e1saink jav\u00edtj\u00e1k az \u00fcgyfelek gazdas\u00e1goss\u00e1g\u00e1t.<\/p>\n<\/div>\n\t\t<\/div><\/div><div id=\"pgc-848-1-2\"  class=\"panel-grid-cell\" ><\/div><\/div><\/div><div id=\"pg-848-2\"  class=\"panel-grid\" ><div class=\"panel-grid-core\"><div id=\"pgc-848-2-0\"  class=\"panel-grid-cell\" ><\/div><div id=\"pgc-848-2-1\"  class=\"panel-grid-cell\" ><div class=\"panel-widget-style\" ><p><img decoding=\"async\" src=\"https:\/\/viking-intl.com\/wp-content\/uploads\/2026\/02\/Coil-Tubing.png\" alt=\"\" ><\/p><\/div><\/div><div id=\"pgc-848-2-2\"  class=\"panel-grid-cell\" ><\/div><\/div><\/div>","protected":false},"excerpt":{"rendered":"<p>Coiled Tubing and Thru Tubing Services Viking Services offers coiled tubing and thru tubing within its long list of services. Viking Services has modern coiled tubing and thru tubing equipment to support drilling, completion, and production operations. Coiled tubing and thru tubing services reduce drilling, completion, and remediation work time through rapid mobility, rig up,<\/p>\n<p class=\"more-link\"><a href=\"https:\/\/viking-intl.com\/hu\/products-services\/energy-services\/coiled-tubing\/\" class=\"themebutton2\">B\u0151vebben<\/a><\/p>","protected":false},"author":1,"featured_media":0,"parent":273,"menu_order":0,"comment_status":"closed","ping_status":"closed","template":"","meta":{"footnotes":""},"categories":[49],"tags":[50,5],"class_list":["post-848","page","type-page","status-publish","hentry","category-coiled-tubing","tag-coiled-tubing","tag-energy-services"],"_links":{"self":[{"href":"https:\/\/viking-intl.com\/hu\/wp-json\/wp\/v2\/pages\/848","targetHints":{"allow":["GET"]}}],"collection":[{"href":"https:\/\/viking-intl.com\/hu\/wp-json\/wp\/v2\/pages"}],"about":[{"href":"https:\/\/viking-intl.com\/hu\/wp-json\/wp\/v2\/types\/page"}],"author":[{"embeddable":true,"href":"https:\/\/viking-intl.com\/hu\/wp-json\/wp\/v2\/users\/1"}],"replies":[{"embeddable":true,"href":"https:\/\/viking-intl.com\/hu\/wp-json\/wp\/v2\/comments?post=848"}],"version-history":[{"count":4,"href":"https:\/\/viking-intl.com\/hu\/wp-json\/wp\/v2\/pages\/848\/revisions"}],"predecessor-version":[{"id":2076,"href":"https:\/\/viking-intl.com\/hu\/wp-json\/wp\/v2\/pages\/848\/revisions\/2076"}],"up":[{"embeddable":true,"href":"https:\/\/viking-intl.com\/hu\/wp-json\/wp\/v2\/pages\/273"}],"wp:attachment":[{"href":"https:\/\/viking-intl.com\/hu\/wp-json\/wp\/v2\/media?parent=848"}],"wp:term":[{"taxonomy":"category","embeddable":true,"href":"https:\/\/viking-intl.com\/hu\/wp-json\/wp\/v2\/categories?post=848"},{"taxonomy":"post_tag","embeddable":true,"href":"https:\/\/viking-intl.com\/hu\/wp-json\/wp\/v2\/tags?post=848"}],"curies":[{"name":"wp","href":"https:\/\/api.w.org\/{rel}","templated":true}]}}