{"id":1307,"date":"2018-05-18T14:57:00","date_gmt":"2018-05-18T11:57:00","guid":{"rendered":"https:\/\/www.viking-intl.com\/Viking-intl\/?page_id=1307"},"modified":"2026-02-20T20:52:35","modified_gmt":"2026-02-20T20:52:35","slug":"matkap-sivisi","status":"publish","type":"page","link":"https:\/\/viking-intl.com\/tr\/drilling-fluid\/","title":{"rendered":"Sondaj \u00c7amuru Servisleri"},"content":{"rendered":"<div id=\"pg-1307-0\"  class=\"panel-grid\" ><div class=\"panel-grid-core\"><div id=\"pgc-1307-0-0\"  class=\"panel-grid-cell\" ><\/div><div id=\"pgc-1307-0-1\"  class=\"panel-grid-cell\" ><div class=\"panel-widget-style\" ><div class=\"thinkupslider-sc style1\" data-height=\"248\"><div id=\"thinkupshortcodesthinkup_builder_thinkupslider\" class=\"thinkupslider-sc-core\"><div class=\"rslides-container\" data-speed=\"4000\"><div class=\"rslides-inner page-inner\"><ul class=\"slides\"><li><img decoding=\"async\" src=\"https:\/\/viking-intl.com\/wp-content\/themes\/Renden_Pro\/images\/transparent.png\" style=\"background: url(https:\/\/viking-intl.com\/wp-content\/uploads\/2024\/12\/Drillling-Fluid.jpg) no-repeat center; background-size: cover;\" alt=\"\" \/><div class=\"rslides-content\"><div class=\"wrap-safari\"><div class=\"rslides-content-inner\"><div class=\"featured\"><\/div><\/div><\/div><\/div><\/li><li><img decoding=\"async\" src=\"https:\/\/viking-intl.com\/wp-content\/themes\/Renden_Pro\/images\/transparent.png\" style=\"background: url(https:\/\/viking-intl.com\/wp-content\/uploads\/2024\/12\/Picture2.jpg) no-repeat center; background-size: cover;\" alt=\"\" \/><div class=\"rslides-content\"><div class=\"wrap-safari\"><div class=\"rslides-content-inner\"><div class=\"featured\"><\/div><\/div><\/div><\/div><\/li><li><img decoding=\"async\" src=\"https:\/\/viking-intl.com\/wp-content\/themes\/Renden_Pro\/images\/transparent.png\" style=\"background: url(https:\/\/viking-intl.com\/wp-content\/uploads\/2024\/12\/Picture4.jpg) no-repeat center; background-size: cover;\" alt=\"\" \/><div class=\"rslides-content\"><div class=\"wrap-safari\"><div class=\"rslides-content-inner\"><div class=\"featured\"><\/div><\/div><\/div><\/div><\/li><\/ul><\/div><\/div><\/div><\/div><\/div><\/div><div id=\"pgc-1307-0-2\"  class=\"panel-grid-cell\" ><\/div><\/div><\/div><div id=\"pg-1307-1\"  class=\"panel-grid\" ><div class=\"panel-grid-core\"><div id=\"pgc-1307-1-0\"  class=\"panel-grid-cell\" ><\/div><div id=\"pgc-1307-1-1\"  class=\"panel-grid-cell\" ><div class=\"panel-widget-style\" >\t\t\t<div class=\"textwidget\"><p>Viking International, 2010 y\u0131l\u0131ndan bu yana kan\u0131tlanm\u0131\u015f kalitesiyle Sondaj \u00e7amuru hizmetleri sunmaktad\u0131r. Sondaj \u00e7amuru ekibi, T\u00fcrkiye'de 200'den fazla Petrol ve Dogalgaz ile 60 Jeotermal kuyu projesi i\u00e7in \u00e7\u00f6z\u00fcmler tasarlam\u0131\u015f ve uygulam\u0131\u015ft\u0131r. \u00c7e\u015fitli ihtiya\u00e7lara uyum sa\u011flama konusundaki uzmanl\u0131\u011f\u0131m\u0131z ve operasyonel yeteneklerimizle uzun vadeli m\u00fc\u015fteri memnuniyeti ge\u00e7mi\u015fine sahibiz. Viking Sondaj \u00e7amuru ekibi, petrol sahalar\u0131 i\u00e7in daha y\u00fcksek standartlar belirleme yakla\u015f\u0131m\u0131 sayesinde say\u0131s\u0131z Petrol ve Do\u011falgaz ile Jeotermal Enerji i\u015fletmecisiyle uzun vadeli bir operasyonel ili\u015fki s\u00fcrd\u00fcrm\u00fc\u015ft\u00fcr. \u015eimdiye kadar sunulan \u00e7\u00f6z\u00fcmler, m\u00fc\u015fterilerimizin operasyonlar\u0131 i\u00e7in g\u00f6zle g\u00f6r\u00fcl\u00fcr geli\u015fmeler sa\u011flam\u0131\u015ft\u0131r. Bununla birlikte Viking, \u00e7evresel etkileri, riskleri ve maliyetleri en aza indirmek i\u00e7in ara\u015ft\u0131rma ve geli\u015ftirme faaliyetleriyle performans\u0131 her zaman bir ad\u0131m \u00f6teye ta\u015f\u0131maktad\u0131r.<\/p>\n<p>\u201c\u00c7amur M\u00fchendisi\u201d, petrol ve\/veya gaz sondaj kulesinde bir sondaj s\u0131v\u0131 veya tamamlama s\u0131v\u0131 sistemini devralmaktan sorumlu olan bir petrol sahas\u0131 hizmet \u015firketindeki ki\u015fiye verilen isimdir. Bu ki\u015fi tipik olarak sondaj \u00e7amuru \u015firketinde \u00e7al\u0131\u015f\u0131r ve sondaj \u00e7amuru teknolojisi ve kimyasallar\u0131 konusunda \u00f6zel olarak e\u011fitilmi\u015ftir.<\/p>\n<ul>\n<li>Daha sonraki a\u015fama program\u0131n\u0131n bir par\u00e7as\u0131 olarak belirli sondaj \u00e7amuru \u00fcr\u00fcnlerinin veya bunlar\u0131n kombinasyonlar\u0131n\u0131n yer alt\u0131 ortam\u0131nda nas\u0131l davranaca\u011f\u0131n\u0131 \u00f6ng\u00f6rmek ve belirlemek.<\/li>\n<li>\u00c7amur programlar\u0131 haz\u0131rlamak.<\/li>\n<li>Sondaj ve kuyu tamamlama s\u0131v\u0131lar\u0131 i\u00e7in yerinde m\u00fchendislik hizmetleri.<\/li>\n<li>Soldaj \u00e7amuru \u00fcr\u00fcnlerini m\u00fc\u015fterinin sahas\u0131na teslim etmek.<\/li>\n<li>Sondaj performans\u0131n\u0131 optimize etmek ve ak\u0131\u015fkanlarla ilgili sorunlarla ili\u015fkili riski en aza indirmek.<\/li>\n<li>Kat\u0131 madde kontrol sistemlerini izlemek.<\/li>\n<li>Bas\u0131n\u00e7 kontrol\u00fc yapmak.<\/li>\n<li>Sondaj \u00e7amurunun maliyeti, genellikle bir kuyunun toplam maliyetinin yakla\u015f\u0131k 'u kadard\u0131r. (bu oran b\u00fcy\u00fck \u00f6l\u00e7\u00fcde de\u011fi\u015febilir).<\/li>\n<\/ul>\n<\/div>\n\t\t<\/div><\/div><div id=\"pgc-1307-1-2\"  class=\"panel-grid-cell\" ><\/div><\/div><\/div><div id=\"pg-1307-2\"  class=\"panel-grid\" ><div class=\"panel-grid-core\"><div id=\"pgc-1307-2-0\"  class=\"panel-grid-cell\" ><\/div><div id=\"pgc-1307-2-1\"  class=\"panel-grid-cell\" ><div class=\"panel-widget-style\" ><p><img decoding=\"async\" src=\"https:\/\/viking-intl.com\/wp-content\/uploads\/2026\/02\/Drilling-Fluid.png\" alt=\"\" ><\/p><\/div><\/div><div id=\"pgc-1307-2-2\"  class=\"panel-grid-cell\" ><\/div><\/div><\/div><div id=\"pg-1307-3\"  class=\"panel-grid\" ><div class=\"panel-grid-core\"><div id=\"pgc-1307-3-0\"  class=\"panel-grid-cell\" ><\/div><div id=\"pgc-1307-3-1\"  class=\"panel-grid-cell\" ><div class=\"panel-widget-style\" ><p><img decoding=\"async\" src=\"https:\/\/viking-intl.com\/wp-content\/uploads\/2024\/12\/Picture8.jpg\" alt=\"\" ><\/p><\/div><\/div><div id=\"pgc-1307-3-2\"  class=\"panel-grid-cell\" ><\/div><\/div><\/div>","protected":false},"excerpt":{"rendered":"<p>Viking International provides Drilling Fluids services with the proven quality since 2010, Drilling Fluids team has designed and applied solutions for more than 200 Oil &amp; Gas and 60 Geothermal wells projects in Turkey. We have a track record of long-term customer satisfaction with our expertise and operational capabilities to adapting varying needs. Viking Drilling<\/p>\n<p class=\"more-link\"><a href=\"https:\/\/viking-intl.com\/tr\/drilling-fluid\/\" class=\"themebutton2\">Daha Fazla Oku<\/a><\/p>","protected":false},"author":1,"featured_media":0,"parent":0,"menu_order":0,"comment_status":"closed","ping_status":"closed","template":"","meta":{"footnotes":""},"categories":[63],"tags":[],"class_list":["post-1307","page","type-page","status-publish","hentry","category-drilling-fluid"],"_links":{"self":[{"href":"https:\/\/viking-intl.com\/tr\/wp-json\/wp\/v2\/pages\/1307","targetHints":{"allow":["GET"]}}],"collection":[{"href":"https:\/\/viking-intl.com\/tr\/wp-json\/wp\/v2\/pages"}],"about":[{"href":"https:\/\/viking-intl.com\/tr\/wp-json\/wp\/v2\/types\/page"}],"author":[{"embeddable":true,"href":"https:\/\/viking-intl.com\/tr\/wp-json\/wp\/v2\/users\/1"}],"replies":[{"embeddable":true,"href":"https:\/\/viking-intl.com\/tr\/wp-json\/wp\/v2\/comments?post=1307"}],"version-history":[{"count":6,"href":"https:\/\/viking-intl.com\/tr\/wp-json\/wp\/v2\/pages\/1307\/revisions"}],"predecessor-version":[{"id":2052,"href":"https:\/\/viking-intl.com\/tr\/wp-json\/wp\/v2\/pages\/1307\/revisions\/2052"}],"wp:attachment":[{"href":"https:\/\/viking-intl.com\/tr\/wp-json\/wp\/v2\/media?parent=1307"}],"wp:term":[{"taxonomy":"category","embeddable":true,"href":"https:\/\/viking-intl.com\/tr\/wp-json\/wp\/v2\/categories?post=1307"},{"taxonomy":"post_tag","embeddable":true,"href":"https:\/\/viking-intl.com\/tr\/wp-json\/wp\/v2\/tags?post=1307"}],"curies":[{"name":"wp","href":"https:\/\/api.w.org\/{rel}","templated":true}]}}