{"id":270,"date":"2017-11-24T16:59:13","date_gmt":"2017-11-24T13:59:13","guid":{"rendered":"https:\/\/www.viking-intl.com\/Viking-intl\/?page_id=270"},"modified":"2026-02-19T13:12:50","modified_gmt":"2026-02-19T13:12:50","slug":"sondaj-hizmetleri","status":"publish","type":"page","link":"https:\/\/viking-intl.com\/tr\/products-services\/drilling-services\/","title":{"rendered":"Sondaj Hizmetleri"},"content":{"rendered":"<div id=\"pg-270-0\"  class=\"panel-grid\" ><div class=\"panel-grid-core\"><div id=\"pgc-270-0-0\"  class=\"panel-grid-cell\" ><\/div><div id=\"pgc-270-0-1\"  class=\"panel-grid-cell\" ><div class=\"panel-widget-style\" ><div class=\"thinkupslider-sc style1\" data-height=\"200\"><div id=\"thinkupshortcodesthinkup_builder_thinkupslider\" class=\"thinkupslider-sc-core\"><div class=\"rslides-container\" data-speed=\"4000\"><div class=\"rslides-inner page-inner\"><ul class=\"slides\"><li><img decoding=\"async\" src=\"https:\/\/viking-intl.com\/wp-content\/themes\/Renden_Pro\/images\/transparent.png\" style=\"background: url(https:\/\/viking-intl.com\/wp-content\/uploads\/2017\/11\/4-Raising-Substructure-on-Rig-I-10-in-No-Iraq_1st-picture_Randy-Arnold_VS_913.jpg) no-repeat center; background-size: cover;\" alt=\"\" \/><div class=\"rslides-content\"><div class=\"wrap-safari\"><div class=\"rslides-content-inner\"><div class=\"featured\"><\/div><\/div><\/div><\/div><\/li><li><img decoding=\"async\" src=\"https:\/\/viking-intl.com\/wp-content\/themes\/Renden_Pro\/images\/transparent.png\" style=\"background: url(https:\/\/viking-intl.com\/wp-content\/uploads\/2024\/12\/29-Rig-31-Delvina-Albania_Hugo-Egas_VS_0314-1.jpg) no-repeat center; background-size: cover;\" alt=\"\" \/><div class=\"rslides-content\"><div class=\"wrap-safari\"><div class=\"rslides-content-inner\"><div class=\"featured\"><\/div><\/div><\/div><\/div><\/li><\/ul><\/div><\/div><\/div><\/div><\/div><\/div><div id=\"pgc-270-0-2\"  class=\"panel-grid-cell\" ><\/div><\/div><\/div><div id=\"pg-270-1\"  class=\"panel-grid\" ><div class=\"panel-grid-core\"><div id=\"pgc-270-1-0\"  class=\"panel-grid-cell\" ><\/div><div id=\"pgc-270-1-1\"  class=\"panel-grid-cell\" ><div class=\"panel-widget-style\" ><div class=\"customtitle style5\"><h3 style=\"font-weight: 700;font-style: normal;\"><span>Kontratl\u0131 Sondaj Kuleleri<\/span><\/h3><\/div><\/div><\/div><div id=\"pgc-270-1-2\"  class=\"panel-grid-cell\" ><\/div><\/div><\/div><div id=\"pg-270-2\"  class=\"panel-grid\" ><div class=\"panel-grid-core\"><div id=\"pgc-270-2-0\"  class=\"panel-grid-cell\" ><\/div><div id=\"pgc-270-2-1\"  class=\"panel-grid-cell\" ><div class=\"panel-widget-style\" >\t\t\t<div class=\"textwidget\"><p>Viking Services, \u00f6ncelikle MENA ve Orta\/Do\u011fu Avrupa (CEE) b\u00f6lgelerindeki petrol ve do\u011fal gaz \u00fcretim b\u00f6lgelerinde faaliyet g\u00f6steren, s\u00fcrekli geni\u015fleyen pazar odakl\u0131 karasal sondaj kuleleri filosunu kullanarak karasal s\u00f6zle\u015fmeli sondaj hizmetleri sunmaktad\u0131r. Viking\u2019in Sondaj Hizmetleri ekibi, performans odakl\u0131 bir yakla\u015f\u0131mla; teknolojik olarak ileri ekipmanlar, geni\u015f sekt\u00f6r deneyimi, g\u00fcvenli \u00e7al\u0131\u015fma ortam\u0131 ve y\u00fcksek kaliteli hizmet sunarak d\u00fcnya genelindeki petrol ve gaz m\u00fc\u015fterilerine hizmet vermektedir.<\/p>\n<p>Kule filomuza yat\u0131r\u0131m yapmaya devam ederek, Viking Services\u2019\u0131n kulelerinin kalite ve \u00e7ok y\u00f6nl\u00fcl\u00fc\u011f\u00fcn\u00fc art\u0131r\u0131yor; teknolojideki geli\u015fmelerden yararlanmak i\u00e7in gerekli yeni sondaj uygulamalar\u0131na uyum sa\u011flayabilecek \u015fekilde yeniden yap\u0131land\u0131r\u0131labilen ve\/veya y\u00fcksek derecede uzmanla\u015fm\u0131\u015f kuleler edinmekteyiz. Farkl\u0131 operasyonel sahalardaki kuyular\u0131n sondaj ihtiya\u00e7lar\u0131n\u0131 kar\u015f\u0131layacak \u015fekilde kuleler tasarl\u0131yor ve in\u015fa ediyoruz.<\/p>\n<p>M\u00fc\u015fterilerimizin sondaj verimlili\u011fi, g\u00fcvenlik ve kalite beklentilerini a\u015fmaya kararl\u0131y\u0131z. A\u015fa\u011f\u0131daki ilkeler do\u011frultusunda hareket ediyoruz: \u00e7al\u0131\u015fanlar\u0131m\u0131z en de\u011ferli varl\u0131\u011f\u0131m\u0131zd\u0131r, g\u00fcvenlik en \u00f6ncelikli sorumlulu\u011fumuzdur ve finansal disiplin ile operasyonel m\u00fckemmeliyet \u00e7al\u0131\u015fma anlay\u0131\u015f\u0131m\u0131z\u0131n temelini olu\u015fturur.<\/p>\n<p>Teknolojimiz, uzmanl\u0131\u011f\u0131m\u0131z ve y\u00fcksek kaliteli ekipmanlar\u0131m\u0131z sayesinde zorlu sondaj projelerinde sonu\u00e7 elde edebiliyor ve m\u00fc\u015fterilerimizin kat\u0131 gereksinimlerini kar\u015f\u0131layabiliyoruz. Operasyonel tehlikeleri ortadan kald\u0131rarak ve personeli riskli alanlardan uzakla\u015ft\u0131rarak \u00fcretken olmayan s\u00fcreyi azaltan ve g\u00fcvenli\u011fi art\u0131ran otomasyon \u00f6zelliklerine sahip kuleler tasarl\u0131yoruz.<\/p>\n<\/div>\n\t\t<\/div><\/div><div id=\"pgc-270-2-2\"  class=\"panel-grid-cell\" ><\/div><\/div><\/div><div id=\"pg-270-3\"  class=\"panel-grid\" ><div class=\"panel-grid-core\"><div id=\"pgc-270-3-0\"  class=\"panel-grid-cell\" ><\/div><div id=\"pgc-270-3-1\"  class=\"panel-grid-cell\" ><div class=\"panel-widget-style\" ><div class=\"divider\"><\/div><\/div><\/div><div id=\"pgc-270-3-2\"  class=\"panel-grid-cell\" ><\/div><\/div><\/div><div id=\"pg-270-4\"  class=\"panel-grid\" ><div class=\"panel-grid-core\"><div id=\"pgc-270-4-0\"  class=\"panel-grid-cell\" ><\/div><div id=\"pgc-270-4-1\"  class=\"panel-grid-cell\" ><\/div><div id=\"pgc-270-4-2\"  class=\"panel-grid-cell\" ><div class=\"panel-widget-style\" ><div class=\"services-builder style1\"><div class=\"iconimage\"><a href=\"https:\/\/viking-intl.com\/tr\/urunler-hizmetler\/sondaj-hizmetleri\/delme\/\"><img decoding=\"async\" src=\"https:\/\/viking-intl.com\/wp-content\/uploads\/2024\/12\/Rig-I-31-Delvina-Albania_Erol-Diniz_VS_0614-1.jpg\" alt=\"Sondaj Hizmetleri\" \/><\/a><\/div><div class=\"iconmain\"><h3>Sondaj Hizmetleri<\/h3><p class=\"iconurl\"><a href=\"https:\/\/viking-intl.com\/tr\/urunler-hizmetler\/sondaj-hizmetleri\/delme\/\">Daha fazla bilgi edinin<\/a><\/p><\/div><\/div><\/div><\/div><div id=\"pgc-270-4-3\"  class=\"panel-grid-cell\" ><\/div><div id=\"pgc-270-4-4\"  class=\"panel-grid-cell\" ><\/div><\/div><\/div>","protected":false},"excerpt":{"rendered":"<p>Contract Drilling Rigs Viking Services provides onshore contract drilling services with an ever-expanding fleet of marketable land-based drilling rigs that operate primarily in the oil and natural gas producing regions within the MENA and CEE areas. Viking\u2019s Drilling Services team is performance-oriented, providing technologically advanced equipment, extensive industry experience, a safe operating environment, and quality<\/p>\n<p class=\"more-link\"><a href=\"https:\/\/viking-intl.com\/tr\/products-services\/drilling-services\/\" class=\"themebutton2\">Daha Fazla Oku<\/a><\/p>","protected":false},"author":1,"featured_media":0,"parent":287,"menu_order":0,"comment_status":"closed","ping_status":"closed","template":"","meta":{"footnotes":""},"categories":[],"tags":[3,4],"class_list":["post-270","page","type-page","status-publish","hentry","tag-drilling","tag-drilling-services"],"_links":{"self":[{"href":"https:\/\/viking-intl.com\/tr\/wp-json\/wp\/v2\/pages\/270","targetHints":{"allow":["GET"]}}],"collection":[{"href":"https:\/\/viking-intl.com\/tr\/wp-json\/wp\/v2\/pages"}],"about":[{"href":"https:\/\/viking-intl.com\/tr\/wp-json\/wp\/v2\/types\/page"}],"author":[{"embeddable":true,"href":"https:\/\/viking-intl.com\/tr\/wp-json\/wp\/v2\/users\/1"}],"replies":[{"embeddable":true,"href":"https:\/\/viking-intl.com\/tr\/wp-json\/wp\/v2\/comments?post=270"}],"version-history":[{"count":7,"href":"https:\/\/viking-intl.com\/tr\/wp-json\/wp\/v2\/pages\/270\/revisions"}],"predecessor-version":[{"id":2015,"href":"https:\/\/viking-intl.com\/tr\/wp-json\/wp\/v2\/pages\/270\/revisions\/2015"}],"up":[{"embeddable":true,"href":"https:\/\/viking-intl.com\/tr\/wp-json\/wp\/v2\/pages\/287"}],"wp:attachment":[{"href":"https:\/\/viking-intl.com\/tr\/wp-json\/wp\/v2\/media?parent=270"}],"wp:term":[{"taxonomy":"category","embeddable":true,"href":"https:\/\/viking-intl.com\/tr\/wp-json\/wp\/v2\/categories?post=270"},{"taxonomy":"post_tag","embeddable":true,"href":"https:\/\/viking-intl.com\/tr\/wp-json\/wp\/v2\/tags?post=270"}],"curies":[{"name":"wp","href":"https:\/\/api.w.org\/{rel}","templated":true}]}}