{"id":273,"date":"2017-11-24T17:03:24","date_gmt":"2017-11-24T14:03:24","guid":{"rendered":"https:\/\/www.viking-intl.com\/Viking-intl\/?page_id=273"},"modified":"2026-02-26T07:20:12","modified_gmt":"2026-02-26T07:20:12","slug":"enerji-hizmetleri","status":"publish","type":"page","link":"https:\/\/viking-intl.com\/tr\/products-services\/energy-services\/","title":{"rendered":"Enerji Hizmetleri"},"content":{"rendered":"<div id=\"pg-273-0\"  class=\"panel-grid\" ><div class=\"panel-grid-core\"><div id=\"pgc-273-0-0\"  class=\"panel-grid-cell\" ><\/div><div id=\"pgc-273-0-1\"  class=\"panel-grid-cell\" ><div class=\"panel-widget-style\" ><div class=\"thinkupslider-sc style1\" data-height=\"200\"><div id=\"thinkupshortcodesthinkup_builder_thinkupslider\" class=\"thinkupslider-sc-core\"><div class=\"rslides-container\" data-speed=\"4000\"><div class=\"rslides-inner page-inner\"><ul class=\"slides\"><li><img decoding=\"async\" src=\"https:\/\/viking-intl.com\/wp-content\/themes\/Renden_Pro\/images\/transparent.png\" style=\"background: url(https:\/\/viking-intl.com\/wp-content\/uploads\/2024\/12\/8-Fracturing.jpg) no-repeat center; background-size: cover;\" alt=\"\" \/><div class=\"rslides-content\"><div class=\"wrap-safari\"><div class=\"rslides-content-inner\"><div class=\"featured\"><\/div><\/div><\/div><\/div><\/li><li><img decoding=\"async\" src=\"https:\/\/viking-intl.com\/wp-content\/themes\/Renden_Pro\/images\/transparent.png\" style=\"background: url(https:\/\/viking-intl.com\/wp-content\/uploads\/2024\/12\/7-Wireline-1.jpg) no-repeat center; background-size: cover;\" alt=\"\" \/><div class=\"rslides-content\"><div class=\"wrap-safari\"><div class=\"rslides-content-inner\"><div class=\"featured\"><\/div><\/div><\/div><\/div><\/li><li><img decoding=\"async\" src=\"https:\/\/viking-intl.com\/wp-content\/themes\/Renden_Pro\/images\/transparent.png\" style=\"background: url(https:\/\/viking-intl.com\/wp-content\/uploads\/2017\/11\/Kay-I-16-Well_Murat-Akbay_VS_0614_Modified.jpg) no-repeat center; background-size: cover;\" alt=\"\" \/><div class=\"rslides-content\"><div class=\"wrap-safari\"><div class=\"rslides-content-inner\"><div class=\"featured\"><\/div><\/div><\/div><\/div><\/li><\/ul><\/div><\/div><\/div><\/div><\/div><\/div><div id=\"pgc-273-0-2\"  class=\"panel-grid-cell\" ><\/div><\/div><\/div><div id=\"pg-273-1\"  class=\"panel-grid\" ><div class=\"panel-grid-core\"><div id=\"pgc-273-1-0\"  class=\"panel-grid-cell\" ><\/div><div id=\"pgc-273-1-1\"  class=\"panel-grid-cell\" ><div class=\"panel-widget-style\" ><div class=\"customtitle style5\"><h3 style=\"font-weight: 700;font-style: normal;\"><span>S\u00f6zle\u015fmeli Enerji Hizmetleri<\/span><\/h3><\/div><\/div><\/div><div id=\"pgc-273-1-2\"  class=\"panel-grid-cell\" ><\/div><\/div><\/div><div id=\"pg-273-2\"  class=\"panel-grid\" ><div class=\"panel-grid-core\"><div id=\"pgc-273-2-0\"  class=\"panel-grid-cell\" ><\/div><div id=\"pgc-273-2-1\"  class=\"panel-grid-cell\" ><div class=\"panel-widget-style\" >\t\t\t<div class=\"textwidget\"><p>Viking Services\u2019\u0131n Enerji Hizmetleri b\u00f6l\u00fcm\u00fc, petrol ve do\u011fal gaz operasyonlar\u0131n\u0131n t\u00fcm ya\u015fam d\u00f6ng\u00fcs\u00fcn\u00fc desteklemek \u00fczere tasarlanm\u0131\u015f entegre ve y\u00fcksek performansl\u0131 kuyu \u00e7\u00f6z\u00fcmleri sunmaktad\u0131r. Enerji Hizmetleri \u00fcr\u00fcnlerimiz, uzman teknik hizmetler ve geli\u015fmi\u015f saha ekipmanlar\u0131 arac\u0131l\u0131\u011f\u0131yla kuyu in\u015fas\u0131, tamamlama, m\u00fcdahale ve \u00fcretim s\u00fcre\u00e7lerinin optimize edilmesine odaklanmaktad\u0131r.<\/p>\n<p>Enerji Hizmetleri ekibimiz; \u00c7imentolama, Stim\u00fclasyon ve Coiled Tubing, Y\u00f6nl\u00fc Sondaj ve Wireline hizmetleri sunarak kuyu b\u00fct\u00fcnl\u00fc\u011f\u00fcn\u00fc art\u0131r\u0131r, rezervuar performans\u0131n\u0131 en \u00fcst d\u00fczeye \u00e7\u0131kar\u0131r ve operasyonel verimlili\u011fi iyile\u015ftirir. Deneyimli personelimiz ve g\u00fc\u00e7l\u00fc g\u00fcvenlik k\u00fclt\u00fcr\u00fcm\u00fczle desteklenen hizmetlerimizi; hassasiyet, g\u00fcvenilirlik ve kaliteye olan ba\u011fl\u0131l\u0131kla ger\u00e7ekle\u015ftirmekteyiz.<\/p>\n<p>\u00c7imentolama \u00e7\u00f6z\u00fcmlerimiz, b\u00f6lgesel izolasyonu ve uzun vadeli kuyu b\u00fct\u00fcnl\u00fc\u011f\u00fcn\u00fc sa\u011flar. Stim\u00fclasyon ve Coiled Tubing hizmetlerimiz, rezervuar verimlili\u011fini art\u0131r\u0131r ve esnek m\u00fcdahale kabiliyeti sunar. Y\u00f6nl\u00fc sondaj teknolojileri, rezervuar temas\u0131n\u0131 en \u00fcst d\u00fczeye \u00e7\u0131karmak i\u00e7in kuyunun hassas \u015fekilde konumland\u0131r\u0131lmas\u0131n\u0131 sa\u011flarken, Wireline hizmetlerimiz kritik kuyu verilerini sunar ve verimli tamamlama deste\u011fi sa\u011flar.<\/p>\n<p>Viking Services\u2019te g\u00fcvenlik her zaman en \u00f6ncelikli sorumlulu\u011fumuzdur ve \u00e7al\u0131\u015fanlar\u0131m\u0131z en de\u011ferli varl\u0131\u011f\u0131m\u0131zd\u0131r. Disiplinli operasyonlar, teknik uzmanl\u0131k ve yenilik\u00e7i ekipman tasar\u0131mlar\u0131 sayesinde m\u00fc\u015fterilerimizin \u00fcretken olmayan s\u00fcrelerini azaltmalar\u0131na, riskleri minimize etmelerine ve \u00fcst\u00fcn performans sonu\u00e7lar\u0131 elde etmelerine yard\u0131mc\u0131 oluyoruz. Enerji Hizmetleri \u00fcr\u00fcnlerimiz, zorlu operasyonel ortamlarda g\u00fcvenilir sonu\u00e7lar sunarken m\u00fc\u015fterilerimizin kat\u0131 gereksinimlerini kar\u015f\u0131layacak \u015fekilde tasarlanm\u0131\u015ft\u0131r.<\/p>\n<\/div>\n\t\t<\/div><\/div><div id=\"pgc-273-2-2\"  class=\"panel-grid-cell\" ><\/div><\/div><\/div><div id=\"pg-273-3\"  class=\"panel-grid\" ><div class=\"panel-grid-core\"><div id=\"pgc-273-3-0\"  class=\"panel-grid-cell\" ><\/div><div id=\"pgc-273-3-1\"  class=\"panel-grid-cell\" ><div class=\"panel-widget-style\" ><div class=\"divider\"><\/div><\/div><\/div><div id=\"pgc-273-3-2\"  class=\"panel-grid-cell\" ><\/div><\/div><\/div><div id=\"pg-273-4\"  class=\"panel-grid\" ><div class=\"panel-grid-core\"><div id=\"pgc-273-4-0\"  class=\"panel-grid-cell\" ><\/div><div id=\"pgc-273-4-1\"  class=\"panel-grid-cell\" ><div class=\"panel-widget-style\" ><div class=\"sc-featured sc-carousel\"><div class=\"entry-header\"><a href=\"https:\/\/viking-intl.com\/tr\/urunler-hizmetler\/enerji-hizmetleri\/asit-giderme-hizmetleri\/\"><img decoding=\"async\" src=\"https:\/\/viking-intl.com\/wp-content\/uploads\/2024\/12\/9-Acidizing.jpg\" \/><div class=\"image-overlay overlay2\"><div class=\"image-overlay-inner\"><div class=\"prettyphoto-wrap\"><span><i class=\"fa fa-briefcase\"><\/i><\/span><\/div><\/div><\/div><\/a><\/div><h3>Asitleme Servisleri<\/h3><\/div><\/div><\/div><div id=\"pgc-273-4-2\"  class=\"panel-grid-cell\" ><div class=\"panel-widget-style\" ><div class=\"sc-featured sc-carousel\"><div class=\"entry-header\"><a href=\"https:\/\/viking-intl.com\/tr\/urunler-hizmetler\/enerji-hizmetleri\/cimento-hizmetleri\/\"><img decoding=\"async\" src=\"https:\/\/viking-intl.com\/wp-content\/uploads\/2024\/12\/10-Cementing.jpg\" \/><div class=\"image-overlay overlay2\"><div class=\"image-overlay-inner\"><div class=\"prettyphoto-wrap\"><span><i class=\"fa fa-briefcase\"><\/i><\/span><\/div><\/div><\/div><\/a><\/div><h3>\u00c7imentolama Servisleri<\/h3><\/div><\/div><\/div><div id=\"pgc-273-4-3\"  class=\"panel-grid-cell\" ><div class=\"panel-widget-style\" ><div class=\"sc-featured sc-carousel\"><div class=\"entry-header\"><a href=\"https:\/\/viking-intl.com\/tr\/urunler-hizmetler\/enerji-hizmetleri\/sarmal-boru\/\"><img decoding=\"async\" src=\"https:\/\/viking-intl.com\/wp-content\/uploads\/2024\/12\/13-Coil-Tubing.jpg\" \/><div class=\"image-overlay overlay2\"><div class=\"image-overlay-inner\"><div class=\"prettyphoto-wrap\"><span><i class=\"fa fa-briefcase\"><\/i><\/span><\/div><\/div><\/div><\/a><\/div><h3>Coil Tubing Servisleri<\/h3><\/div><\/div><\/div><div id=\"pgc-273-4-4\"  class=\"panel-grid-cell\" ><\/div><\/div><\/div><div id=\"pg-273-5\"  class=\"panel-grid\" ><div class=\"panel-grid-core\"><div id=\"pgc-273-5-0\"  class=\"panel-grid-cell\" ><\/div><div id=\"pgc-273-5-1\"  class=\"panel-grid-cell\" ><div class=\"panel-widget-style\" ><div class=\"sc-featured sc-carousel\"><div class=\"entry-header\"><a href=\"https:\/\/viking-intl.com\/tr\/urunler-hizmetler\/enerji-hizmetleri\/tamamlama-hizmetleri\/\"><img decoding=\"async\" src=\"https:\/\/viking-intl.com\/wp-content\/uploads\/2024\/12\/Company_8-300x109.jpg\" \/><div class=\"image-overlay overlay2\"><div class=\"image-overlay-inner\"><div class=\"prettyphoto-wrap\"><span><i class=\"fa fa-briefcase\"><\/i><\/span><\/div><\/div><\/div><\/a><\/div><h3>Kuyu Tamamlama Hizmetleri<\/h3><\/div><\/div><\/div><div id=\"pgc-273-5-2\"  class=\"panel-grid-cell\" ><div class=\"panel-widget-style\" ><div class=\"sc-featured sc-carousel\"><div class=\"entry-header\"><a href=\"https:\/\/viking-intl.com\/tr\/matkap-sivisi\/\"><img decoding=\"async\" src=\"https:\/\/viking-intl.com\/wp-content\/uploads\/2024\/12\/Drillling-Fluid-1.jpg\" \/><div class=\"image-overlay overlay2\"><div class=\"image-overlay-inner\"><div class=\"prettyphoto-wrap\"><span><i class=\"fa fa-briefcase\"><\/i><\/span><\/div><\/div><\/div><\/a><\/div><h3>Sondaj \u00c7amuru Servisleri<\/h3><\/div><\/div><\/div><div id=\"pgc-273-5-3\"  class=\"panel-grid-cell\" ><div class=\"panel-widget-style\" ><div class=\"sc-featured sc-carousel\"><div class=\"entry-header\"><a href=\"https:\/\/viking-intl.com\/tr\/urunler-hizmetler\/sondaj-hizmetleri\/yonlu-sondaj-hizmetleri\/\"><img decoding=\"async\" src=\"https:\/\/viking-intl.com\/wp-content\/uploads\/2024\/12\/6-Directional_Drilling-1-300x109.jpg\" \/><div class=\"image-overlay overlay2\"><div class=\"image-overlay-inner\"><div class=\"prettyphoto-wrap\"><span><i class=\"fa fa-briefcase\"><\/i><\/span><\/div><\/div><\/div><\/a><\/div><h3>Y\u00f6nl\u00fc Sondaj Hizmetleri<\/h3><\/div><\/div><\/div><div id=\"pgc-273-5-4\"  class=\"panel-grid-cell\" ><\/div><\/div><\/div><div id=\"pg-273-6\"  class=\"panel-grid\" ><div class=\"panel-grid-core\"><div id=\"pgc-273-6-0\"  class=\"panel-grid-cell\" ><\/div><div id=\"pgc-273-6-1\"  class=\"panel-grid-cell\" ><div class=\"panel-widget-style\" ><div class=\"sc-featured sc-carousel\"><div class=\"entry-header\"><a href=\"https:\/\/viking-intl.com\/tr\/urunler-hizmetler\/enerji-hizmetleri\/jeolojide-kuyu-kayit-hizmetleri\/\"><img decoding=\"async\" src=\"https:\/\/viking-intl.com\/wp-content\/uploads\/2024\/12\/5-Mudlogging.jpg\" \/><div class=\"image-overlay overlay2\"><div class=\"image-overlay-inner\"><div class=\"prettyphoto-wrap\"><span><i class=\"fa fa-briefcase\"><\/i><\/span><\/div><\/div><\/div><\/a><\/div><h3>Mudlogging Servisleri<\/h3><\/div><\/div><\/div><div id=\"pgc-273-6-2\"  class=\"panel-grid-cell\" ><div class=\"panel-widget-style\" ><div class=\"sc-featured sc-carousel\"><div class=\"entry-header\"><a href=\"https:\/\/viking-intl.com\/tr\/urunler-hizmetler\/enerji-hizmetleri\/kablolu\/\"><img decoding=\"async\" src=\"https:\/\/viking-intl.com\/wp-content\/uploads\/2024\/12\/VDI11_Thrace_1042Header.jpg\" \/><div class=\"image-overlay overlay2\"><div class=\"image-overlay-inner\"><div class=\"prettyphoto-wrap\"><span><i class=\"fa fa-briefcase\"><\/i><\/span><\/div><\/div><\/div><\/a><\/div><h3>Wireline Servisleri<\/h3><\/div><\/div><\/div><div id=\"pgc-273-6-3\"  class=\"panel-grid-cell\" ><\/div><div id=\"pgc-273-6-4\"  class=\"panel-grid-cell\" ><\/div><\/div><\/div><div id=\"pg-273-7\"  class=\"panel-grid\" ><div class=\"panel-grid-core\"><div id=\"pgc-273-7-0\"  class=\"panel-grid-cell\" ><\/div><div id=\"pgc-273-7-1\"  class=\"panel-grid-cell\" ><\/div><div id=\"pgc-273-7-2\"  class=\"panel-grid-cell\" ><\/div><div id=\"pgc-273-7-3\"  class=\"panel-grid-cell\" ><\/div><div id=\"pgc-273-7-4\"  class=\"panel-grid-cell\" ><\/div><\/div><\/div>","protected":false},"excerpt":{"rendered":"<p>Contract Energy Services Viking Services\u2019 Energy Services division delivers integrated, high-performance well solutions designed to support the full lifecycle of oil and natural gas operations. Our Energy Services products focus on optimizing well construction, completion, intervention, and production through specialized technical services and advanced field equipment. Our Energy Services team provides Cementing, Stimulation and Coiled<\/p>\n<p class=\"more-link\"><a href=\"https:\/\/viking-intl.com\/tr\/products-services\/energy-services\/\" class=\"themebutton2\">Daha Fazla Oku<\/a><\/p>","protected":false},"author":1,"featured_media":0,"parent":287,"menu_order":0,"comment_status":"closed","ping_status":"closed","template":"","meta":{"footnotes":""},"categories":[6],"tags":[5,7],"class_list":["post-273","page","type-page","status-publish","hentry","category-energy-services","tag-energy-services","tag-products-services"],"_links":{"self":[{"href":"https:\/\/viking-intl.com\/tr\/wp-json\/wp\/v2\/pages\/273","targetHints":{"allow":["GET"]}}],"collection":[{"href":"https:\/\/viking-intl.com\/tr\/wp-json\/wp\/v2\/pages"}],"about":[{"href":"https:\/\/viking-intl.com\/tr\/wp-json\/wp\/v2\/types\/page"}],"author":[{"embeddable":true,"href":"https:\/\/viking-intl.com\/tr\/wp-json\/wp\/v2\/users\/1"}],"replies":[{"embeddable":true,"href":"https:\/\/viking-intl.com\/tr\/wp-json\/wp\/v2\/comments?post=273"}],"version-history":[{"count":13,"href":"https:\/\/viking-intl.com\/tr\/wp-json\/wp\/v2\/pages\/273\/revisions"}],"predecessor-version":[{"id":1995,"href":"https:\/\/viking-intl.com\/tr\/wp-json\/wp\/v2\/pages\/273\/revisions\/1995"}],"up":[{"embeddable":true,"href":"https:\/\/viking-intl.com\/tr\/wp-json\/wp\/v2\/pages\/287"}],"wp:attachment":[{"href":"https:\/\/viking-intl.com\/tr\/wp-json\/wp\/v2\/media?parent=273"}],"wp:term":[{"taxonomy":"category","embeddable":true,"href":"https:\/\/viking-intl.com\/tr\/wp-json\/wp\/v2\/categories?post=273"},{"taxonomy":"post_tag","embeddable":true,"href":"https:\/\/viking-intl.com\/tr\/wp-json\/wp\/v2\/tags?post=273"}],"curies":[{"name":"wp","href":"https:\/\/api.w.org\/{rel}","templated":true}]}}