{"id":278,"date":"2017-11-24T17:04:36","date_gmt":"2017-11-24T14:04:36","guid":{"rendered":"https:\/\/www.viking-intl.com\/Viking-intl\/?page_id=278"},"modified":"2026-02-18T14:34:08","modified_gmt":"2026-02-18T14:34:08","slug":"jeofizik-hizmetleri","status":"publish","type":"page","link":"https:\/\/viking-intl.com\/tr\/products-services\/geophysical-services\/","title":{"rendered":"Jeofizik Hizmetleri"},"content":{"rendered":"<div id=\"pg-278-0\"  class=\"panel-grid\" ><div class=\"panel-grid-core\"><div id=\"pgc-278-0-0\"  class=\"panel-grid-cell\" ><\/div><div id=\"pgc-278-0-1\"  class=\"panel-grid-cell\" ><div class=\"panel-widget-style\" ><div class=\"thinkupslider-sc style1\" data-height=\"221\"><div id=\"thinkupshortcodesthinkup_builder_thinkupslider\" class=\"thinkupslider-sc-core\"><div class=\"rslides-container\" data-speed=\"4000\"><div class=\"rslides-inner page-inner\"><ul class=\"slides\"><li><img decoding=\"async\" src=\"https:\/\/viking-intl.com\/wp-content\/themes\/Renden_Pro\/images\/transparent.png\" style=\"background: url(https:\/\/viking-intl.com\/wp-content\/uploads\/2017\/11\/14-Seismic.jpg) no-repeat center; background-size: cover;\" alt=\"\" \/><div class=\"rslides-content\"><div class=\"wrap-safari\"><div class=\"rslides-content-inner\"><div class=\"featured\"><\/div><\/div><\/div><\/div><\/li><\/ul><\/div><\/div><\/div><\/div><\/div><\/div><div id=\"pgc-278-0-2\"  class=\"panel-grid-cell\" ><\/div><\/div><\/div><div id=\"pg-278-1\"  class=\"panel-grid\" ><div class=\"panel-grid-core\"><div id=\"pgc-278-1-0\"  class=\"panel-grid-cell\" ><\/div><div id=\"pgc-278-1-1\"  class=\"panel-grid-cell\" ><div class=\"panel-widget-style\" ><div class=\"customtitle style5\"><h3 style=\"font-weight: 700;font-style: normal;\"><span>Akustik Jeofizik Hizmetleri<\/span><\/h3><\/div><\/div><\/div><div id=\"pgc-278-1-2\"  class=\"panel-grid-cell\" ><\/div><\/div><\/div><div id=\"pg-278-2\"  class=\"panel-grid\" ><div class=\"panel-grid-core\"><div id=\"pgc-278-2-0\"  class=\"panel-grid-cell\" ><\/div><div id=\"pgc-278-2-1\"  class=\"panel-grid-cell\" ><div class=\"panel-widget-style\" ><div id=\"sc-action-thinkupshortcodesthinkup_builder_calltoaction\" class=\"thinkupshortcodesthinkup_builder_calltoaction sc-action\"><div class=\"sc-action-core\"><div class=\"action-message two_third\"><div class=\"action-text\"><\/div><div class=\"action-teaser\"><p>Akustik Jeofizik Hizmetleri (AGS), Viking Services\u2019\u0131n tamam\u0131na sahip oldu\u011fu bir \u015firkettir. <\/p>\n<p>\u015eirketimiz, sekt\u00f6r\u00fcn en deneyimli profesyonellerinden olu\u015fan bir ekibi bir araya getirerek d\u00fcnya standartlar\u0131nda sismik veri toplama hizmetleri sunmaktad\u0131r. En son teknoloji ve ekipmanlar\u0131, \u00f6zelle\u015ftirilmi\u015f ve yenilik\u00e7i operasyonel yakla\u015f\u0131m\u0131m\u0131zla birle\u015ftirerek, rekabet\u00e7i fiyatlarla en y\u00fcksek kaliteyi sa\u011flamaktay\u0131z.<\/p>\n<\/div><\/div><div class=\"action-link one_third last\"><a class=\"themebutton\" href=\"https:\/\/acousticgeo.com\/\" target=\"_blank\">Daha fazla bilgi edinin<\/a><\/div><div class=\"clearboth\"><\/div><\/div><\/div><\/div><\/div><div id=\"pgc-278-2-2\"  class=\"panel-grid-cell\" ><\/div><\/div><\/div>","protected":false},"excerpt":{"rendered":"<p>Acoustic Geophysical ServicesAcoustic Geophysical Services (AGS) is Viking Services&#8217; wholly-owned company. Our company brings together a team of the industry\u2019s most seasoned professionals to deliver World-class seismic acquisition services. Leveraging the latest technology and equipment, combined with a customized and innovative operational approach, we ensure the highest quality at a competitive price. Read more<\/p>","protected":false},"author":1,"featured_media":0,"parent":287,"menu_order":0,"comment_status":"closed","ping_status":"closed","template":"","meta":{"footnotes":""},"categories":[8],"tags":[9,7],"class_list":["post-278","page","type-page","status-publish","hentry","category-geophysical-services","tag-geophysical-services","tag-products-services"],"_links":{"self":[{"href":"https:\/\/viking-intl.com\/tr\/wp-json\/wp\/v2\/pages\/278","targetHints":{"allow":["GET"]}}],"collection":[{"href":"https:\/\/viking-intl.com\/tr\/wp-json\/wp\/v2\/pages"}],"about":[{"href":"https:\/\/viking-intl.com\/tr\/wp-json\/wp\/v2\/types\/page"}],"author":[{"embeddable":true,"href":"https:\/\/viking-intl.com\/tr\/wp-json\/wp\/v2\/users\/1"}],"replies":[{"embeddable":true,"href":"https:\/\/viking-intl.com\/tr\/wp-json\/wp\/v2\/comments?post=278"}],"version-history":[{"count":9,"href":"https:\/\/viking-intl.com\/tr\/wp-json\/wp\/v2\/pages\/278\/revisions"}],"predecessor-version":[{"id":2005,"href":"https:\/\/viking-intl.com\/tr\/wp-json\/wp\/v2\/pages\/278\/revisions\/2005"}],"up":[{"embeddable":true,"href":"https:\/\/viking-intl.com\/tr\/wp-json\/wp\/v2\/pages\/287"}],"wp:attachment":[{"href":"https:\/\/viking-intl.com\/tr\/wp-json\/wp\/v2\/media?parent=278"}],"wp:term":[{"taxonomy":"category","embeddable":true,"href":"https:\/\/viking-intl.com\/tr\/wp-json\/wp\/v2\/categories?post=278"},{"taxonomy":"post_tag","embeddable":true,"href":"https:\/\/viking-intl.com\/tr\/wp-json\/wp\/v2\/tags?post=278"}],"curies":[{"name":"wp","href":"https:\/\/api.w.org\/{rel}","templated":true}]}}