{"id":288,"date":"2017-11-24T17:16:59","date_gmt":"2017-11-24T14:16:59","guid":{"rendered":"https:\/\/www.viking-intl.com\/Viking-intl\/?page_id=288"},"modified":"2026-02-20T21:25:10","modified_gmt":"2026-02-20T21:25:10","slug":"kariyerler","status":"publish","type":"page","link":"https:\/\/viking-intl.com\/tr\/careers\/","title":{"rendered":"Kariyer"},"content":{"rendered":"<div id=\"pg-288-0\"  class=\"panel-grid\" ><div class=\"panel-grid-core\"><div id=\"pgc-288-0-0\"  class=\"panel-grid-cell\" ><\/div><div id=\"pgc-288-0-1\"  class=\"panel-grid-cell\" ><div class=\"panel-widget-style\" ><div class=\"thinkupslider-sc style1\" data-height=\"200\"><div id=\"thinkupshortcodesthinkup_builder_thinkupslider\" class=\"thinkupslider-sc-core\"><div class=\"rslides-container\" data-speed=\"6000\"><div class=\"rslides-inner page-inner\"><ul class=\"slides\"><li><img decoding=\"async\" src=\"https:\/\/viking-intl.com\/wp-content\/themes\/Renden_Pro\/images\/transparent.png\" style=\"background: url(https:\/\/viking-intl.com\/wp-content\/uploads\/2024\/12\/7-Wireline.jpg) no-repeat center; background-size: cover;\" alt=\"\" \/><div class=\"rslides-content\"><div class=\"wrap-safari\"><div class=\"rslides-content-inner\"><div class=\"featured\"><\/div><\/div><\/div><\/div><\/li><\/ul><\/div><\/div><\/div><\/div><\/div><\/div><div id=\"pgc-288-0-2\"  class=\"panel-grid-cell\" ><\/div><\/div><\/div><div id=\"pg-288-1\"  class=\"panel-grid\" ><div class=\"panel-grid-core\"><div id=\"pgc-288-1-0\"  class=\"panel-grid-cell\" ><\/div><div id=\"pgc-288-1-1\"  class=\"panel-grid-cell\" ><div class=\"panel-widget-style\" >\t\t\t<div class=\"textwidget\"><p>Viking Services, d\u00fcnya genelindeki ba\u015far\u0131s\u0131n\u0131 ola\u011fan\u00fcst\u00fc \u00e7al\u0131\u015fanlar\u0131na bor\u00e7ludur. Enerji sekt\u00f6r\u00fcndeki konumu, deneyimli ve \u00e7ok uluslu petrol sahas\u0131 profesyonellerinden olu\u015fan ekibi ile entegre proje y\u00f6netimi hizmetlerine dayanmaktad\u0131r. Personelin b\u00fcy\u00fck bir k\u0131sm\u0131, m\u00fc\u015fterilere sunulan hizmetleri geli\u015ftirmek ve kariyer geli\u015fim olanaklar\u0131n\u0131 art\u0131rmak amac\u0131yla birden fazla alanda e\u011fitim alm\u0131\u015ft\u0131r.<\/p>\n<p>Viking\u2019in faaliyet g\u00f6sterdi\u011fi b\u00f6lgelerde artan varl\u0131\u011f\u0131, sekt\u00f6rlerin ve m\u00fc\u015fterilerin artan taleplerini kar\u015f\u0131lamak amac\u0131yla deneyimli personelin ve yeni mezunlar\u0131n kadroya kat\u0131lmas\u0131n\u0131 gerektirmektedir.<\/p>\n<p>Aday \u00e7al\u0131\u015fanlar\u0131n kendi kendini motive edebilen, sa\u011fl\u0131k ve g\u00fcvenlik odakl\u0131, geli\u015fime ve takdir edilmeye a\u00e7\u0131k, ayr\u0131ca arama ve \u00fcretim \u015firketlerinin b\u00fcy\u00fcmesine ve geli\u015fmesine katk\u0131 sa\u011flamaya istekli olmalar\u0131 beklenmektedir.<\/p>\n<p>Viking, rekabet\u00e7i ve yenilik\u00e7i \u00fccretlendirme planlar\u0131, rotasyonlu ve kal\u0131c\u0131 \u00e7al\u0131\u015fma pozisyonlar\u0131, emeklilik planlar\u0131, sigorta ve k\u00e2r payla\u015f\u0131m planlar\u0131 sunmaktad\u0131r.<\/p>\n<\/div>\n\t\t<\/div><\/div><div id=\"pgc-288-1-2\"  class=\"panel-grid-cell\" ><\/div><\/div><\/div><div id=\"pg-288-2\"  class=\"panel-grid\" ><div class=\"panel-grid-core\"><div id=\"pgc-288-2-0\"  class=\"panel-grid-cell\" ><\/div><div id=\"pgc-288-2-1\"  class=\"panel-grid-cell\" ><div class=\"panel-widget-style\" >\t\t\t<div class=\"textwidget\"><h3>Kariyer f\u0131rsatlar\u0131 hakk\u0131nda bilgi i\u00e7in:\u00a0<a href=\"mailto:jobs@viking-intl.com\">jobs@viking-intl.com<\/a><\/h3>\n<\/div>\n\t\t<\/div><\/div><div id=\"pgc-288-2-2\"  class=\"panel-grid-cell\" ><\/div><\/div><\/div>","protected":false},"excerpt":{"rendered":"<p>Viking\u00a0Services achieves worldwide success because of its extraordinary people. Its role in the energy industry is attributable to its team of experienced, multi-national oilfield professionals and its integrated project management services. Most personnel are trained in multiple disciplines to enhance services to customers and increase career path opportunities. Viking\u2019s growing presence throughout its operating regions<\/p>\n<p class=\"more-link\"><a href=\"https:\/\/viking-intl.com\/tr\/careers\/\" class=\"themebutton2\">Daha Fazla Oku<\/a><\/p>","protected":false},"author":1,"featured_media":0,"parent":0,"menu_order":0,"comment_status":"closed","ping_status":"closed","template":"","meta":{"footnotes":""},"categories":[12],"tags":[13],"class_list":["post-288","page","type-page","status-publish","hentry","category-carrers","tag-carrers"],"_links":{"self":[{"href":"https:\/\/viking-intl.com\/tr\/wp-json\/wp\/v2\/pages\/288","targetHints":{"allow":["GET"]}}],"collection":[{"href":"https:\/\/viking-intl.com\/tr\/wp-json\/wp\/v2\/pages"}],"about":[{"href":"https:\/\/viking-intl.com\/tr\/wp-json\/wp\/v2\/types\/page"}],"author":[{"embeddable":true,"href":"https:\/\/viking-intl.com\/tr\/wp-json\/wp\/v2\/users\/1"}],"replies":[{"embeddable":true,"href":"https:\/\/viking-intl.com\/tr\/wp-json\/wp\/v2\/comments?post=288"}],"version-history":[{"count":3,"href":"https:\/\/viking-intl.com\/tr\/wp-json\/wp\/v2\/pages\/288\/revisions"}],"predecessor-version":[{"id":2074,"href":"https:\/\/viking-intl.com\/tr\/wp-json\/wp\/v2\/pages\/288\/revisions\/2074"}],"wp:attachment":[{"href":"https:\/\/viking-intl.com\/tr\/wp-json\/wp\/v2\/media?parent=288"}],"wp:term":[{"taxonomy":"category","embeddable":true,"href":"https:\/\/viking-intl.com\/tr\/wp-json\/wp\/v2\/categories?post=288"},{"taxonomy":"post_tag","embeddable":true,"href":"https:\/\/viking-intl.com\/tr\/wp-json\/wp\/v2\/tags?post=288"}],"curies":[{"name":"wp","href":"https:\/\/api.w.org\/{rel}","templated":true}]}}