{"id":289,"date":"2017-11-24T17:16:59","date_gmt":"2017-11-24T14:16:59","guid":{"rendered":"https:\/\/www.viking-intl.com\/Viking-intl\/?page_id=289"},"modified":"2026-02-15T13:22:29","modified_gmt":"2026-02-15T13:22:29","slug":"iletisim-2","status":"publish","type":"page","link":"https:\/\/viking-intl.com\/tr\/contact-2\/","title":{"rendered":"Bize ula\u015f\u0131n"},"content":{"rendered":"<div id=\"pg-289-0\"  class=\"panel-grid\" ><div class=\"panel-grid-core\"><div id=\"pgc-289-0-0\"  class=\"panel-grid-cell\" ><div class=\"panel-widget-style\" ><p><iframe loading=\"lazy\" src=\"https:\/\/www.google.com\/maps\/d\/embed?mid=1RxEOdBr4N2AFFHGiNeIcJ0MmWACNKHyv&amp;hl=en\" width=\"840\" height=\"680\"><\/iframe><\/p><\/div><\/div><div id=\"pgc-289-0-1\"  class=\"panel-grid-cell\" ><div class=\"panel-widget-style\" >\t\t\t<div class=\"textwidget\"><table width=\"752\">\n<tbody>\n<tr>\n<td width=\"752\"><strong>Viking Services FZCO<\/strong><\/td>\n<\/tr>\n<tr>\n<td>DMCC Ticaret Merkezi, 1. Kat, M\u00fccevher &amp; Gemplex 3<\/td>\n<\/tr>\n<tr>\n<td>Dubai \/ BAE.<\/td>\n<\/tr>\n<tr>\n<td><strong>Viking International Ltd. \/ VGS\u00a0\u00a0<\/strong><\/td>\n<\/tr>\n<tr>\n<td>\u015eehit Ersan Cad. No:24\/7 \u00c7ankaya, 06680<\/td>\n<\/tr>\n<tr>\n<td>+90 3126663250<\/td>\n<\/tr>\n<tr>\n<td>Ankara \/ T\u00dcRK\u0130YE<\/td>\n<\/tr>\n<tr>\n<td><strong>VIL \/ VGS \/ ARGEN \/ DMLP<\/strong><\/td>\n<\/tr>\n<tr>\n<td>Urfa Yolu 12. km, M-OIL Arkas\u0131, G\u00f6zeli<\/td>\n<\/tr>\n<tr>\n<td>+90 4122550523\/24<\/td>\n<\/tr>\n<tr>\n<td>Diyarbak\u0131r \/ T\u00dcRK\u0130YE<\/td>\n<\/tr>\n<tr>\n<td><strong>Viking Petrol Hizmetleri<\/strong><\/td>\n<\/tr>\n<tr>\n<td>Viking petrol S.H.A.S Gazna yolu<\/td>\n<\/tr>\n<tr>\n<td>+964 750 325-5651<\/td>\n<\/tr>\n<tr>\n<td>Erbil \/ IRAK<\/td>\n<\/tr>\n<tr>\n<td><\/td>\n<\/tr>\n<tr>\n<td><strong>AGS \/ CED<\/strong><\/td>\n<\/tr>\n<tr>\n<td>1139 Budape\u015fte, Forg\u00e1ch cad. 11-13<\/td>\n<\/tr>\n<tr>\n<td>+36 13703283<\/td>\n<\/tr>\n<tr>\n<td>Budape\u015fte \/ MACAR\u0130STAN<\/td>\n<\/tr>\n<tr>\n<td><strong>CED SRL<\/strong><\/td>\n<\/tr>\n<tr>\n<td>133, Calea \u015eerban Vod\u0103 caddesi, Central Business Park, Bina a, B\u00f6l\u00fcm A2:51, 2. kat, D\u00f6rd\u00fcnc\u00fc B\u00f6lge, B\u00fckre\u015f, POSTA KODU 040205<\/td>\n<\/tr>\n<tr>\n<td>+40 21 316-6848<\/td>\n<\/tr>\n<tr>\n<td>B\u00fckre\u015f \/ ROMANYA<\/td>\n<\/tr>\n<\/tbody>\n<\/table>\n<\/div>\n\t\t<\/div><\/div><\/div><\/div>","protected":false},"excerpt":{"rendered":"<p>Viking Services FZCO DMCC Business Centre, Level 1, Jewellery &amp; Gemplex 3 Dubai \/ U.A.E. Viking International Ltd. \/\u00a0 VGS\u00a0\u00a0 Sehit Ersan Cad. No24\/7 Cankaya, 06680 +90 3126663250 Ankara \/ TURKEY VIL \/VGS\/ARGEN \/DMLP Urfa Yolu 12. km, M-OIL Arkasi, Gozeli +90 4122550523\/24 Diyarbakir \/ TURKEY Viking Oil Services Viking petrol S.H.A.S Gazna road +964<\/p>\n<p class=\"more-link\"><a href=\"https:\/\/viking-intl.com\/tr\/contact-2\/\" class=\"themebutton2\">Daha Fazla Oku<\/a><\/p>","protected":false},"author":1,"featured_media":0,"parent":0,"menu_order":0,"comment_status":"closed","ping_status":"closed","template":"template-parallax.php","meta":{"footnotes":""},"categories":[15],"tags":[14,16],"class_list":["post-289","page","type-page","status-publish","hentry","category-contact","tag-contact","tag-contact-us"],"_links":{"self":[{"href":"https:\/\/viking-intl.com\/tr\/wp-json\/wp\/v2\/pages\/289","targetHints":{"allow":["GET"]}}],"collection":[{"href":"https:\/\/viking-intl.com\/tr\/wp-json\/wp\/v2\/pages"}],"about":[{"href":"https:\/\/viking-intl.com\/tr\/wp-json\/wp\/v2\/types\/page"}],"author":[{"embeddable":true,"href":"https:\/\/viking-intl.com\/tr\/wp-json\/wp\/v2\/users\/1"}],"replies":[{"embeddable":true,"href":"https:\/\/viking-intl.com\/tr\/wp-json\/wp\/v2\/comments?post=289"}],"version-history":[{"count":2,"href":"https:\/\/viking-intl.com\/tr\/wp-json\/wp\/v2\/pages\/289\/revisions"}],"predecessor-version":[{"id":1866,"href":"https:\/\/viking-intl.com\/tr\/wp-json\/wp\/v2\/pages\/289\/revisions\/1866"}],"wp:attachment":[{"href":"https:\/\/viking-intl.com\/tr\/wp-json\/wp\/v2\/media?parent=289"}],"wp:term":[{"taxonomy":"category","embeddable":true,"href":"https:\/\/viking-intl.com\/tr\/wp-json\/wp\/v2\/categories?post=289"},{"taxonomy":"post_tag","embeddable":true,"href":"https:\/\/viking-intl.com\/tr\/wp-json\/wp\/v2\/tags?post=289"}],"curies":[{"name":"wp","href":"https:\/\/api.w.org\/{rel}","templated":true}]}}