{"id":337,"date":"2017-11-28T15:32:11","date_gmt":"2017-11-28T12:32:11","guid":{"rendered":"https:\/\/www.viking-intl.com\/Viking-intl\/?page_id=337"},"modified":"2026-02-25T14:37:08","modified_gmt":"2026-02-25T14:37:08","slug":"home-page","status":"publish","type":"page","link":"https:\/\/viking-intl.com\/tr\/","title":{"rendered":"Ana Sayfa"},"content":{"rendered":"<div id=\"pg-337-0\"  class=\"panel-grid\" ><div class=\"panel-grid-core\"><div id=\"pgc-337-0-0\"  class=\"panel-grid-cell\" ><\/div><div id=\"pgc-337-0-1\"  class=\"panel-grid-cell\" ><div class=\"panel-widget-style\" ><div class=\"customtitle style5\"><h1 style=\"font-size: 26px;font-weight: 700;font-style: normal;margin-bottom: 14px;\"><span>PORTF\u00d6Y\u00dcM\u00dcZ<\/span><\/h1><\/div><\/div><\/div><div id=\"pgc-337-0-2\"  class=\"panel-grid-cell\" ><\/div><\/div><\/div><div id=\"pg-337-1\"  class=\"panel-grid\" ><div class=\"panel-grid-core\"><div id=\"pgc-337-1-0\"  class=\"panel-grid-cell\" ><\/div><div id=\"pgc-337-1-1\"  class=\"panel-grid-cell\" ><div class=\"panel-widget-style\" ><div class=\"services-builder style1\"><div class=\"iconimage\"><a href=\"https:\/\/viking-intl.com\/tr\/urunler-hizmetler\/sondaj-hizmetleri\/\"><img decoding=\"async\" src=\"https:\/\/viking-intl.com\/wp-content\/uploads\/2024\/12\/RIG-I-31-ALBANIA-_-Onur-Demirag_VS_0414.jpg\" alt=\"Sondaj Hizmetleri\" \/><\/a><\/div><div class=\"iconmain\"><h3>Sondaj Hizmetleri<\/h3><p>Viking Services, \u00f6ncelikle MENA ve Orta\/Do\u011fu Avrupa (CEE) b\u00f6lgelerindeki petrol ve do\u011fal gaz \u00fcretim b\u00f6lgelerinde faaliyet g\u00f6steren, s\u00fcrekli geni\u015fleyen pazar odakl\u0131 karasal sondaj kuleleri filosunu kullanarak karasal s\u00f6zle\u015fmeli sondaj hizmetleri sunmaktad\u0131r. Viking\u2019in Sondaj Hizmetleri ekibi, performans odakl\u0131 bir yakla\u015f\u0131mla; teknolojik olarak ileri ekipmanlar, geni\u015f sekt\u00f6r deneyimi, g\u00fcvenli \u00e7al\u0131\u015fma ortam\u0131 ve y\u00fcksek kaliteli hizmet sunarak d\u00fcnya genelindeki petrol ve gaz m\u00fc\u015fterilerine hizmet vermektedir.<\/p>\n<p class=\"iconurl\"><a href=\"https:\/\/viking-intl.com\/tr\/urunler-hizmetler\/sondaj-hizmetleri\/\">Daha fazla oku...<\/a><\/p><\/div><\/div><\/div><\/div><div id=\"pgc-337-1-2\"  class=\"panel-grid-cell\" ><div class=\"panel-widget-style\" ><div class=\"services-builder style1\"><div class=\"iconimage\"><a href=\"https:\/\/viking-intl.com\/tr\/urunler-hizmetler\/enerji-hizmetleri\/\"><img decoding=\"async\" src=\"https:\/\/viking-intl.com\/wp-content\/uploads\/2024\/12\/31-BTD-4H-Multi-Stage-Foam-Frac-10-Stages-Sohrat-Baki-1_VS_1013.jpg\" alt=\"ENERJ\u0130 H\u0130ZMETLER\u0130\" \/><\/a><\/div><div class=\"iconmain\"><h3>ENERJ\u0130 H\u0130ZMETLER\u0130<\/h3><p>Viking Services\u2019 Energy Services b\u00f6l\u00fcm\u00fc, petrol ve do\u011fal gaz operasyonlar\u0131n\u0131n t\u00fcm ya\u015fam d\u00f6ng\u00fcs\u00fcn\u00fc desteklemek \u00fczere tasarlanm\u0131\u015f entegre, y\u00fcksek performansl\u0131 kuyu \u00e7\u00f6z\u00fcmleri sunmaktad\u0131r. Enerji Hizmetleri \u00fcr\u00fcnlerimiz, \u00f6zel teknik hizmetler ve geli\u015fmi\u015f saha ekipmanlar\u0131 arac\u0131l\u0131\u011f\u0131yla kuyu in\u015faat\u0131n\u0131, tamamlama i\u015flemini, m\u00fcdahale ve \u00fcretimini optimize etmeye odaklanmaktad\u0131r. Enerji Hizmetleri ekibimiz \u00c7imentolama, Stim\u00fclasyon ve Boru Hatt\u0131, Y\u00f6nl\u00fc Sondaj ve Tel Hizmetleri sunmaktad\u0131r.<\/p>\n<p class=\"iconurl\"><a href=\"https:\/\/viking-intl.com\/tr\/urunler-hizmetler\/enerji-hizmetleri\/\">Daha fazla oku...<\/a><\/p><\/div><\/div><\/div><\/div><div id=\"pgc-337-1-3\"  class=\"panel-grid-cell\" ><\/div><\/div><\/div><div id=\"pg-337-2\"  class=\"panel-grid\" ><div class=\"panel-grid-core\"><div id=\"pgc-337-2-0\"  class=\"panel-grid-cell\" ><\/div><div id=\"pgc-337-2-1\"  class=\"panel-grid-cell\" ><div class=\"panel-widget-style\" ><div class=\"services-builder style1\"><div class=\"iconimage\"><a href=\"https:\/\/viking-intl.com\/tr\/urunler-hizmetler\/jeofizik-hizmetleri\/\"><img decoding=\"async\" src=\"https:\/\/viking-intl.com\/wp-content\/uploads\/2024\/12\/51-VGS-1-Big-Molla-3D-Diyarbakir-2-Hulki-Ozkul_VS_1213-1-scaled.jpg\" alt=\"JEOF\u0130Z\u0130K H\u0130ZMETLER\u0130\" \/><\/a><\/div><div class=\"iconmain\"><h3>JEOF\u0130Z\u0130K H\u0130ZMETLER\u0130<\/h3><p>Acoustic Geophysical Services (AGS), Viking Services'in tamamen sahip oldu\u011fu \u015firketidir. Acoustic Geophysical Services, sekt\u00f6rdeki en deneyimli profesyonellerden olu\u015fan bir ekibi bir araya getirerek D\u00fcnya standartlar\u0131nda sismik veri toplama hizmetleri sunmaktad\u0131r. En son teknoloji ve ekipmanlardan, \u00f6zel ve yenilik\u00e7i bir operasyonel yakla\u015f\u0131mla birlikte yararlanarak, rekabet\u00e7i bir fiyata en y\u00fcksek kaliteyi sa\u011fl\u0131yoruz.<\/p>\n<p class=\"iconurl\"><a href=\"https:\/\/viking-intl.com\/tr\/urunler-hizmetler\/jeofizik-hizmetleri\/\">Daha fazla oku...<\/a><\/p><\/div><\/div><\/div><\/div><div id=\"pgc-337-2-2\"  class=\"panel-grid-cell\" ><div class=\"panel-widget-style\" ><div class=\"services-builder style1\"><div class=\"iconimage\"><a href=\"https:\/\/viking-intl.com\/tr\/urunler-hizmetler\/entegre-proje-yonetimi\/\"><img decoding=\"async\" src=\"https:\/\/viking-intl.com\/wp-content\/uploads\/2017\/11\/6-Nozzle_CeylanGurses_VS_1213-1-1-scaled.jpg\" alt=\"ENTEGRE PROJE Y\u00d6NET\u0130M\u0130\" \/><\/a><\/div><div class=\"iconmain\"><h3>ENTEGRE PROJE Y\u00d6NET\u0130M\u0130<\/h3><p>Viking Services, daha y\u00fcksek \u00fcretim sa\u011flamak, verimlili\u011fi art\u0131rmak ve operasyonel maliyetleri azaltmak amac\u0131yla i\u015finin merkezinde deneyimli bir proje y\u00f6netimi ekibi bulundurmaktad\u0131r. IPM (Entegre Proje Y\u00f6netimi) grubu, t\u00fcm \u00fcr\u00fcn hatlar\u0131 genelinde faaliyet g\u00f6stererek teknik destek arayan ve geni\u015f bir entegre kuyu \u00e7\u00f6z\u00fcmleri yelpazesi talep eden m\u00fc\u015fteriler i\u00e7in temel temas noktas\u0131 olarak g\u00f6rev yapmaktad\u0131r.<\/p>\n<p class=\"iconurl\"><a href=\"https:\/\/viking-intl.com\/tr\/urunler-hizmetler\/entegre-proje-yonetimi\/\">Daha fazla oku...<\/a><\/p><\/div><\/div><\/div><\/div><div id=\"pgc-337-2-3\"  class=\"panel-grid-cell\" ><\/div><\/div><\/div><div id=\"pg-337-3\"  class=\"panel-grid\" ><div class=\"panel-grid-core\"><div id=\"pgc-337-3-0\"  class=\"panel-grid-cell\" ><\/div><div id=\"pgc-337-3-1\"  class=\"panel-grid-cell\" ><div class=\"panel-widget-style\" ><div class=\"customtitle style5\"><h1 style=\"font-size: 26px;font-weight: 700;font-style: normal;margin-bottom: 14px;\"><span>M\u00dc\u015eTER\u0130LER\u0130M\u0130Z<\/span><\/h1><\/div><\/div><\/div><div id=\"pgc-337-3-2\"  class=\"panel-grid-cell\" ><\/div><\/div><\/div><div id=\"pg-337-4\"  class=\"panel-grid\" ><div class=\"panel-grid-core\"><div id=\"pgc-337-4-0\"  class=\"panel-grid-cell\" ><\/div><div id=\"pgc-337-4-1\"  class=\"panel-grid-cell\" ><div class=\"panel-widget-style\" ><div class=\"animated start-bounceIn\" title=\"3\"><div class=\"entry-header\"><img decoding=\"async\" src=\"https:\/\/viking-intl.com\/wp-content\/uploads\/2017\/12\/TPAO-1.jpg\" \/><\/div><\/div><div class=\"clearboth\"><\/div><\/div><\/div><div id=\"pgc-337-4-2\"  class=\"panel-grid-cell\" ><div class=\"panel-widget-style\" ><div class=\"animated start-bounceIn\" title=\"3\"><div class=\"entry-header\"><img decoding=\"async\" src=\"https:\/\/viking-intl.com\/wp-content\/uploads\/2026\/02\/TPIC.png\" \/><\/div><\/div><div class=\"clearboth\"><\/div><\/div><\/div><div id=\"pgc-337-4-3\"  class=\"panel-grid-cell\" ><div class=\"panel-widget-style\" ><div class=\"animated start-bounceIn\" title=\"3\"><div class=\"entry-header\"><img decoding=\"async\" src=\"https:\/\/viking-intl.com\/wp-content\/uploads\/2017\/12\/TransAtlantic.png\" \/><\/div><\/div><div class=\"clearboth\"><\/div><\/div><\/div><div id=\"pgc-337-4-4\"  class=\"panel-grid-cell\" ><div class=\"panel-widget-style\" ><div class=\"entry-header\"><img decoding=\"async\" src=\"https:\/\/viking-intl.com\/wp-content\/uploads\/2026\/02\/Botas.png\" \/><\/div><\/div><\/div><div id=\"pgc-337-4-5\"  class=\"panel-grid-cell\" ><\/div><\/div><\/div><div id=\"pg-337-5\"  class=\"panel-grid\" ><div class=\"panel-grid-core\"><div id=\"pgc-337-5-0\"  class=\"panel-grid-cell\" ><\/div><div id=\"pgc-337-5-1\"  class=\"panel-grid-cell\" ><div class=\"panel-widget-style\" ><div class=\"entry-header\"><img decoding=\"async\" src=\"https:\/\/viking-intl.com\/wp-content\/uploads\/2026\/02\/Arar-logo-scaled.png\" \/><\/div><\/div><\/div><div id=\"pgc-337-5-2\"  class=\"panel-grid-cell\" ><div class=\"panel-widget-style\" ><div class=\"animated start-bounceIn\" title=\"3\"><div class=\"entry-header\"><img decoding=\"async\" src=\"https:\/\/viking-intl.com\/wp-content\/uploads\/2026\/02\/Sanko.jpg\" \/><\/div><\/div><div class=\"clearboth\"><\/div><\/div><\/div><div id=\"pgc-337-5-3\"  class=\"panel-grid-cell\" ><div class=\"panel-widget-style\" ><div class=\"animated start-bounceIn\" title=\"3\"><div class=\"entry-header\"><img decoding=\"async\" src=\"https:\/\/viking-intl.com\/wp-content\/uploads\/2026\/02\/TBNG.jpg\" \/><\/div><\/div><div class=\"clearboth\"><\/div><\/div><\/div><div id=\"pgc-337-5-4\"  class=\"panel-grid-cell\" ><div class=\"panel-widget-style\" ><div class=\"animated start-bounceIn\" title=\"3\"><div class=\"entry-header\"><img decoding=\"async\" src=\"https:\/\/viking-intl.com\/wp-content\/uploads\/2026\/02\/Zorlu-Enerji.jpg\" \/><\/div><\/div><div class=\"clearboth\"><\/div><\/div><\/div><div id=\"pgc-337-5-5\"  class=\"panel-grid-cell\" ><div class=\"panel-widget-style\" ><div class=\"animated start-bounceIn\" title=\"3\"><div class=\"entry-header\"><img decoding=\"async\" src=\"https:\/\/viking-intl.com\/wp-content\/uploads\/2026\/02\/Soyak.jpg\" \/><\/div><\/div><div class=\"clearboth\"><\/div><\/div><\/div><div id=\"pgc-337-5-6\"  class=\"panel-grid-cell\" ><div class=\"panel-widget-style\" ><div class=\"entry-header\"><img decoding=\"async\" src=\"https:\/\/viking-intl.com\/wp-content\/uploads\/2026\/02\/Greeneco.jpg\" \/><\/div><\/div><\/div><div id=\"pgc-337-5-7\"  class=\"panel-grid-cell\" ><div class=\"panel-widget-style\" ><div class=\"entry-header\"><img decoding=\"async\" src=\"https:\/\/viking-intl.com\/wp-content\/uploads\/2026\/02\/Turkeler-scaled.png\" \/><\/div><\/div><\/div><div id=\"pgc-337-5-8\"  class=\"panel-grid-cell\" ><\/div><\/div><\/div><div id=\"pg-337-6\"  class=\"panel-grid\" ><div class=\"panel-grid-core\"><div id=\"pgc-337-6-0\"  class=\"panel-grid-cell\" ><\/div><div id=\"pgc-337-6-1\"  class=\"panel-grid-cell\" ><div class=\"panel-widget-style\" ><div class=\"entry-header\"><img decoding=\"async\" src=\"https:\/\/viking-intl.com\/wp-content\/uploads\/2026\/02\/Calik.jpg\" \/><\/div><\/div><\/div><div id=\"pgc-337-6-2\"  class=\"panel-grid-cell\" ><div class=\"panel-widget-style\" ><div class=\"entry-header\"><img decoding=\"async\" src=\"https:\/\/viking-intl.com\/wp-content\/uploads\/2026\/02\/oceanmec-logo.png\" \/><\/div><\/div><\/div><div id=\"pgc-337-6-3\"  class=\"panel-grid-cell\" ><div class=\"panel-widget-style\" ><div class=\"entry-header\"><img decoding=\"async\" src=\"https:\/\/viking-intl.com\/wp-content\/uploads\/2026\/02\/Kocaer.jpg\" \/><\/div><\/div><\/div><div id=\"pgc-337-6-4\"  class=\"panel-grid-cell\" ><div class=\"panel-widget-style\" ><div class=\"entry-header\"><img decoding=\"async\" src=\"https:\/\/viking-intl.com\/wp-content\/uploads\/2026\/02\/Atli.png\" \/><\/div><\/div><\/div><div id=\"pgc-337-6-5\"  class=\"panel-grid-cell\" ><div class=\"panel-widget-style\" ><div class=\"entry-header\"><img decoding=\"async\" src=\"https:\/\/viking-intl.com\/wp-content\/uploads\/2026\/02\/MasPo.png\" \/><\/div><\/div><\/div><div id=\"pgc-337-6-6\"  class=\"panel-grid-cell\" ><div class=\"panel-widget-style\" ><div class=\"entry-header\"><img decoding=\"async\" src=\"https:\/\/viking-intl.com\/wp-content\/uploads\/2026\/02\/Hez.png\" \/><\/div><\/div><\/div><div id=\"pgc-337-6-7\"  class=\"panel-grid-cell\" ><div class=\"panel-widget-style\" ><div class=\"entry-header\"><img decoding=\"async\" src=\"https:\/\/viking-intl.com\/wp-content\/uploads\/2026\/02\/Azure.png\" \/><\/div><\/div><\/div><div id=\"pgc-337-6-8\"  class=\"panel-grid-cell\" ><\/div><\/div><\/div><div id=\"pg-337-7\"  class=\"panel-grid\" ><div class=\"panel-grid-core\"><div id=\"pgc-337-7-0\"  class=\"panel-grid-cell\" ><\/div><div id=\"pgc-337-7-1\"  class=\"panel-grid-cell\" ><div class=\"panel-widget-style\" ><div class=\"entry-header\"><img decoding=\"async\" src=\"https:\/\/viking-intl.com\/wp-content\/uploads\/2026\/02\/Celikler-1.jpg\" \/><\/div><\/div><\/div><div id=\"pgc-337-7-2\"  class=\"panel-grid-cell\" ><div class=\"panel-widget-style\" ><div class=\"entry-header\"><img decoding=\"async\" src=\"https:\/\/viking-intl.com\/wp-content\/uploads\/2026\/02\/Gurmat-1.png\" \/><\/div><\/div><\/div><div id=\"pgc-337-7-3\"  class=\"panel-grid-cell\" ><div class=\"panel-widget-style\" ><div class=\"entry-header\"><img decoding=\"async\" src=\"https:\/\/viking-intl.com\/wp-content\/uploads\/2026\/02\/Marsa-1.png\" \/><\/div><\/div><\/div><div id=\"pgc-337-7-4\"  class=\"panel-grid-cell\" ><div class=\"panel-widget-style\" ><div class=\"entry-header\"><img decoding=\"async\" src=\"https:\/\/viking-intl.com\/wp-content\/uploads\/2026\/02\/Indigo-1.png\" \/><\/div><\/div><\/div><div id=\"pgc-337-7-5\"  class=\"panel-grid-cell\" ><div class=\"panel-widget-style\" ><div class=\"entry-header\"><img decoding=\"async\" src=\"https:\/\/viking-intl.com\/wp-content\/uploads\/2026\/02\/Ictas-1.png\" \/><\/div><\/div><\/div><div id=\"pgc-337-7-6\"  class=\"panel-grid-cell\" ><div class=\"panel-widget-style\" ><div class=\"entry-header\"><img decoding=\"async\" src=\"https:\/\/viking-intl.com\/wp-content\/uploads\/2026\/02\/gyp-1.png\" \/><\/div><\/div><\/div><div id=\"pgc-337-7-7\"  class=\"panel-grid-cell\" ><div class=\"panel-widget-style\" ><div class=\"entry-header\"><img decoding=\"async\" src=\"https:\/\/viking-intl.com\/wp-content\/uploads\/2026\/02\/gmklogo.png\" \/><\/div><\/div><\/div><div id=\"pgc-337-7-8\"  class=\"panel-grid-cell\" ><div class=\"panel-widget-style\" ><div class=\"entry-header\"><img decoding=\"async\" src=\"https:\/\/viking-intl.com\/wp-content\/uploads\/2026\/02\/EE.jpg\" \/><\/div><\/div><\/div><div id=\"pgc-337-7-9\"  class=\"panel-grid-cell\" ><\/div><\/div><\/div>","protected":false},"excerpt":{"rendered":"<p>OUR PORTFOLIODRILLING SERVICESViking Services provides onshore contract drilling services with an ever-expanding fleet of marketable land-based drilling rigs that operate primarily in the oil and natural gas producing regions within the MENA and CEE areas. Viking\u2019s Drilling Services team is performance-oriented, providing technologically advanced equipment, extensive industry experience, a safe operating environment, and quality service<\/p>\n<p class=\"more-link\"><a href=\"https:\/\/viking-intl.com\/tr\/\" class=\"themebutton2\">Daha Fazla Oku<\/a><\/p>","protected":false},"author":1,"featured_media":0,"parent":0,"menu_order":0,"comment_status":"closed","ping_status":"closed","template":"template-parallax.php","meta":{"footnotes":""},"categories":[],"tags":[17,18],"class_list":["post-337","page","type-page","status-publish","hentry","tag-viking-international","tag-viking-services"],"_links":{"self":[{"href":"https:\/\/viking-intl.com\/tr\/wp-json\/wp\/v2\/pages\/337","targetHints":{"allow":["GET"]}}],"collection":[{"href":"https:\/\/viking-intl.com\/tr\/wp-json\/wp\/v2\/pages"}],"about":[{"href":"https:\/\/viking-intl.com\/tr\/wp-json\/wp\/v2\/types\/page"}],"author":[{"embeddable":true,"href":"https:\/\/viking-intl.com\/tr\/wp-json\/wp\/v2\/users\/1"}],"replies":[{"embeddable":true,"href":"https:\/\/viking-intl.com\/tr\/wp-json\/wp\/v2\/comments?post=337"}],"version-history":[{"count":29,"href":"https:\/\/viking-intl.com\/tr\/wp-json\/wp\/v2\/pages\/337\/revisions"}],"predecessor-version":[{"id":1816,"href":"https:\/\/viking-intl.com\/tr\/wp-json\/wp\/v2\/pages\/337\/revisions\/1816"}],"wp:attachment":[{"href":"https:\/\/viking-intl.com\/tr\/wp-json\/wp\/v2\/media?parent=337"}],"wp:term":[{"taxonomy":"category","embeddable":true,"href":"https:\/\/viking-intl.com\/tr\/wp-json\/wp\/v2\/categories?post=337"},{"taxonomy":"post_tag","embeddable":true,"href":"https:\/\/viking-intl.com\/tr\/wp-json\/wp\/v2\/tags?post=337"}],"curies":[{"name":"wp","href":"https:\/\/api.w.org\/{rel}","templated":true}]}}