{"id":381,"date":"2017-11-29T10:24:48","date_gmt":"2017-11-29T07:24:48","guid":{"rendered":"https:\/\/www.viking-intl.com\/Viking-intl\/?page_id=381"},"modified":"2026-02-20T21:24:33","modified_gmt":"2026-02-20T21:24:33","slug":"kablolu","status":"publish","type":"page","link":"https:\/\/viking-intl.com\/tr\/products-services\/energy-services\/wireline\/","title":{"rendered":"Wireline Servisleri"},"content":{"rendered":"<div id=\"pg-381-0\"  class=\"panel-grid\" ><div class=\"panel-grid-core\"><div id=\"pgc-381-0-0\"  class=\"panel-grid-cell\" ><\/div><div id=\"pgc-381-0-1\"  class=\"panel-grid-cell\" ><div class=\"panel-widget-style\" ><div class=\"thinkupslider-sc style1\" data-height=\"200\"><div id=\"thinkupshortcodesthinkup_builder_thinkupslider\" class=\"thinkupslider-sc-core\"><div class=\"rslides-container\" data-speed=\"6000\"><div class=\"rslides-inner page-inner\"><ul class=\"slides\"><li><img decoding=\"async\" src=\"https:\/\/viking-intl.com\/wp-content\/themes\/Renden_Pro\/images\/transparent.png\" style=\"background: url(https:\/\/viking-intl.com\/wp-content\/uploads\/2024\/12\/VDI11_Thrace_1042Header-1.jpg) no-repeat center; background-size: cover;\" alt=\"\" \/><div class=\"rslides-content\"><div class=\"wrap-safari\"><div class=\"rslides-content-inner\"><div class=\"featured\"><\/div><\/div><\/div><\/div><\/li><\/ul><\/div><\/div><\/div><\/div><\/div><\/div><div id=\"pgc-381-0-2\"  class=\"panel-grid-cell\" ><\/div><\/div><\/div><div id=\"pg-381-1\"  class=\"panel-grid\" ><div class=\"panel-grid-core\"><div id=\"pgc-381-1-0\"  class=\"panel-grid-cell\" ><\/div><div id=\"pgc-381-1-1\"  class=\"panel-grid-cell\" ><div class=\"panel-widget-style\" >\t\t\t<div class=\"textwidget\"><p align=\"JUSTIFY\">Viking Services, Cased Hole Wireline (muhafazal\u0131  boru kuyu i\u00e7i kablo hatt\u0131) hizmetlerinin t\u00fcm alanlar\u0131nda \u00fcst\u00fcn performans g\u00f6stermektedir. Loglama, perforasyon, boru kurtarma ve mekanik hizmetler dahil olmak \u00fczere eksiksiz bir \u00fcr\u00fcn ve hizmet yelpazesi sunmaktay\u0131z.<\/p>\n<p align=\"JUSTIFY\">Viking Services, g\u00fcvenli\u011fi birinci \u00f6ncelik olarak benimseyerek, geni\u015f saha deneyimi, do\u011fru planlama, y\u00fcksek kaliteli ekipman ve y\u00fcksek nitelikli personelin kazand\u0131rd\u0131\u011f\u0131 g\u00fc\u00e7l\u00fc bir kombinasyona sahiptir. Uzman m\u00fchendislerimiz, m\u00fc\u015fterilerimizin talep etti\u011fi sonu\u00e7lar\u0131 elde etmek i\u00e7in g\u00fcvenilir ve kendini kan\u0131tlam\u0131\u015f ekipmanlar ile uygun teknolojiyi kullan\u0131r; ister rutin bir kuyu operasyonunda ister zorlu bas\u0131n\u00e7 kontrol uygulamalar\u0131nda olsun. Viking Services personeli, kuyu i\u00e7i problemleri h\u0131zl\u0131 ve g\u00fcvenlikten \u00f6d\u00fcn vermeden \u00e7\u00f6zme konusundaki yenilik\u00e7i ve yarat\u0131c\u0131 yakla\u015f\u0131mlar\u0131yla tan\u0131nmaktad\u0131r.<\/p>\n<p>Viking Services, petrol ve gaz sekt\u00f6r\u00fcne sundu\u011fu kaliteli loglama hizmetleriyle itibar\u0131n\u0131 olu\u015fturmu\u015ftur. Verilerimizi, en zorlu ko\u015fullarda dahi do\u011fruluk ve g\u00fcvenilirlikleriyle sekt\u00f6r genelinde tan\u0131nan Warrior Well Logging veri toplama sistemlerini kullanarak elde ediyoruz.<\/p>\n<\/div>\n\t\t<\/div><\/div><div id=\"pgc-381-1-2\"  class=\"panel-grid-cell\" ><\/div><\/div><\/div><div id=\"pg-381-2\"  class=\"panel-grid\" ><div class=\"panel-grid-core\"><div id=\"pgc-381-2-0\"  class=\"panel-grid-cell\" ><\/div><div id=\"pgc-381-2-1\"  class=\"panel-grid-cell\" ><div class=\"panel-widget-style\" ><p><img decoding=\"async\" src=\"https:\/\/viking-intl.com\/wp-content\/uploads\/2026\/02\/Casehole.png\" alt=\"\" ><\/p><\/div><div class=\"panel-widget-style\" ><p><img decoding=\"async\" src=\"https:\/\/viking-intl.com\/wp-content\/uploads\/2026\/02\/Wireline-Slickline-Services.png\" alt=\"\" ><\/p><\/div><\/div><div id=\"pgc-381-2-2\"  class=\"panel-grid-cell\" ><\/div><\/div><\/div>","protected":false},"excerpt":{"rendered":"<p>Viking Services excels in all facets of Cased Hole Wireline Services. We provide a complete line of products and services including logging, perforating, pipe recovery, and mechanical services. Viking Services has a winning combination of extensive well site experience, proper planning, high-quality equipment, and highly skilled personnel, with safety as our first priority. Our expert<\/p>\n<p class=\"more-link\"><a href=\"https:\/\/viking-intl.com\/tr\/products-services\/energy-services\/wireline\/\" class=\"themebutton2\">Daha Fazla Oku<\/a><\/p>","protected":false},"author":1,"featured_media":0,"parent":273,"menu_order":0,"comment_status":"closed","ping_status":"closed","template":"","meta":{"footnotes":""},"categories":[22],"tags":[23],"class_list":["post-381","page","type-page","status-publish","hentry","category-wireline","tag-wireline"],"_links":{"self":[{"href":"https:\/\/viking-intl.com\/tr\/wp-json\/wp\/v2\/pages\/381","targetHints":{"allow":["GET"]}}],"collection":[{"href":"https:\/\/viking-intl.com\/tr\/wp-json\/wp\/v2\/pages"}],"about":[{"href":"https:\/\/viking-intl.com\/tr\/wp-json\/wp\/v2\/types\/page"}],"author":[{"embeddable":true,"href":"https:\/\/viking-intl.com\/tr\/wp-json\/wp\/v2\/users\/1"}],"replies":[{"embeddable":true,"href":"https:\/\/viking-intl.com\/tr\/wp-json\/wp\/v2\/comments?post=381"}],"version-history":[{"count":4,"href":"https:\/\/viking-intl.com\/tr\/wp-json\/wp\/v2\/pages\/381\/revisions"}],"predecessor-version":[{"id":2072,"href":"https:\/\/viking-intl.com\/tr\/wp-json\/wp\/v2\/pages\/381\/revisions\/2072"}],"up":[{"embeddable":true,"href":"https:\/\/viking-intl.com\/tr\/wp-json\/wp\/v2\/pages\/273"}],"wp:attachment":[{"href":"https:\/\/viking-intl.com\/tr\/wp-json\/wp\/v2\/media?parent=381"}],"wp:term":[{"taxonomy":"category","embeddable":true,"href":"https:\/\/viking-intl.com\/tr\/wp-json\/wp\/v2\/categories?post=381"},{"taxonomy":"post_tag","embeddable":true,"href":"https:\/\/viking-intl.com\/tr\/wp-json\/wp\/v2\/tags?post=381"}],"curies":[{"name":"wp","href":"https:\/\/api.w.org\/{rel}","templated":true}]}}