{"id":555,"date":"2017-12-01T10:14:41","date_gmt":"2017-12-01T07:14:41","guid":{"rendered":"https:\/\/www.viking-intl.com\/Viking-intl\/?page_id=555"},"modified":"2026-02-20T11:40:28","modified_gmt":"2026-02-20T11:40:28","slug":"tarih","status":"publish","type":"page","link":"https:\/\/viking-intl.com\/tr\/our-company\/history\/","title":{"rendered":"Tarih"},"content":{"rendered":"<div id=\"pg-555-0\"  class=\"panel-grid\" ><div class=\"panel-grid-core\"><div id=\"pgc-555-0-0\"  class=\"panel-grid-cell\" ><\/div><div id=\"pgc-555-0-1\"  class=\"panel-grid-cell\" ><div class=\"panel-widget-style\" ><div class=\"thinkupslider-sc style1\" data-height=\"200\"><div id=\"thinkupshortcodesthinkup_builder_thinkupslider\" class=\"thinkupslider-sc-core\"><div class=\"rslides-container\" data-speed=\"6000\"><div class=\"rslides-inner page-inner\"><ul class=\"slides\"><li><img decoding=\"async\" src=\"https:\/\/viking-intl.com\/wp-content\/themes\/Renden_Pro\/images\/transparent.png\" style=\"background: url(https:\/\/viking-intl.com\/wp-content\/uploads\/2024\/12\/Company_7.jpg) no-repeat center; background-size: cover;\" alt=\"\" \/><div class=\"rslides-content\"><div class=\"wrap-safari\"><div class=\"rslides-content-inner\"><div class=\"featured\"><\/div><\/div><\/div><\/div><\/li><\/ul><\/div><\/div><\/div><\/div><\/div><\/div><div id=\"pgc-555-0-2\"  class=\"panel-grid-cell\" ><\/div><\/div><\/div><div id=\"pg-555-1\"  class=\"panel-grid\" ><div class=\"panel-grid-core\"><div id=\"pgc-555-1-0\"  class=\"panel-grid-cell\" ><\/div><div id=\"pgc-555-1-1\"  class=\"panel-grid-cell\" ><div class=\"panel-widget-style\" ><div class=\"customtitle style5\"><h3 style=\"font-weight: 700;font-style: normal;\"><span>Viking'in Geli\u015fimi<\/span><\/h3><\/div><\/div><\/div><div id=\"pgc-555-1-2\"  class=\"panel-grid-cell\" ><\/div><\/div><\/div><div id=\"pg-555-2\"  class=\"panel-grid\" ><div class=\"panel-grid-core\"><div id=\"pgc-555-2-0\"  class=\"panel-grid-cell\" ><\/div><div id=\"pgc-555-2-1\"  class=\"panel-grid-cell\" ><div class=\"panel-widget-style\" >\t\t\t<div class=\"textwidget\"><p><strong>Stratejik d\u00f6n\u00fc\u015f\u00fcm yoluyla g\u00fc\u00e7 in\u015fa etmek.<\/strong><\/p>\n<p>Viking Services\u2019\u0131n yolculu\u011fu; stratejik b\u00fcy\u00fcme, disiplinli uygulama ve uzun vadeli de\u011fer yaratmaya olan net ba\u011fl\u0131l\u0131k ile tan\u0131mlanmaktad\u0131r. Viking, ilk operasyonel ba\u015flang\u0131\u00e7lar\u0131ndan g\u00fcn\u00fcm\u00fczdeki pazar liderli\u011fi konumuna kadar, enerji hizmetleri sekt\u00f6r\u00fcn\u00fcn de\u011fi\u015fen dinamiklerine uyum sa\u011flamak i\u00e7in s\u00fcrekli olarak geli\u015fim g\u00f6stermi\u015ftir.<\/p>\n<p><strong>Kurulu\u015f ve Yap\u0131lanma S\u00fcreci (2008\u20132011)<\/strong><\/p>\n<p>Viking\u2019in operasyonlar\u0131, Transatlantic Group\u2019un b\u00f6lgesel faaliyetlerinin bir par\u00e7as\u0131 olarak T\u00fcrkiye ve Kuzey Irak\u2019ta ba\u015flam\u0131\u015ft\u0131r. Petrol sahas\u0131 hizmetlerine y\u00f6nelik \u00f6zel bir platform olu\u015fturma f\u0131rsat\u0131n\u0131 de\u011ferlendiren Viking Services, bu operasyonlar\u0131 y\u00f6netmek ve geni\u015fletmek amac\u0131yla resmi olarak kurulmu\u015ftur.<\/p>\n<p><strong>Hissedar Yap\u0131s\u0131n\u0131n G\u00fc\u00e7lendirilmesi (2012\u20132016)<\/strong><\/p>\n<p>2012 y\u0131l\u0131nda Abraaj Group, Viking Services\u2019taki hissesini Transatlantic Group\u2019tan sat\u0131n alarak \u015firketin ilk b\u00fcy\u00fck kurumsal yat\u0131r\u0131m\u0131n\u0131 ger\u00e7ekle\u015ftirmi\u015f ve yap\u0131land\u0131r\u0131lm\u0131\u015f b\u00fcy\u00fcmenin temelini atm\u0131\u015ft\u0131r.<\/p>\n<p>2013 y\u0131l\u0131nda BXR Group, Viking Services\u2019taki hissesini Abraaj\u2019dan sat\u0131n alm\u0131\u015ft\u0131r.<\/p>\n<p>2016 y\u0131l\u0131nda Abraaj ve BXR, Transatlantic Group\u2019tan kalan hisseyi birlikte sat\u0131n alarak sahipli\u011fi konsolide etmi\u015f ve Viking\u2019i kurumsal y\u00f6netim alt\u0131nda h\u0131zland\u0131r\u0131lm\u0131\u015f b\u00fcy\u00fcme i\u00e7in konumland\u0131rm\u0131\u015ft\u0131r.<\/p>\n<p>2016 y\u0131l\u0131nda Ahmed Lotfy\u2019nin CEO olarak atanmas\u0131, \u00f6nemli bir liderlik d\u00f6n\u00fc\u015f\u00fcm\u00fcne i\u015faret etmi\u015ftir. Yeni bir y\u00f6netim ekibi olu\u015fturularak operasyonel odak ve stratejik y\u00f6n yeniden \u015fekillendirilmi\u015ftir.<\/p>\n<p><strong>Actis Sahipli\u011fine Ge\u00e7i\u015f (2019)<\/strong><\/p>\n<p>2019 y\u0131l\u0131 itibar\u0131yla Actis, Abraaj Global Fund\u2019\u0131 devralarak Viking Services\u2019\u0131n kontrol hissedar\u0131 haline gelmi\u015ftir. Bu ge\u00e7i\u015f, Viking\u2019in kurumsal y\u00f6netim yap\u0131s\u0131n\u0131 g\u00fc\u00e7lendirmi\u015f ve sermaye deste\u011fini sa\u011flamla\u015ft\u0131rm\u0131\u015ft\u0131r.<\/p>\n<p>Bu y\u0131l, Actis Viking Services\u2019\u0131n y\u00f6netimi \u00fczerinde tam yetkiyi \u00fcstlenerek, piyasa dalgalanmalar\u0131n\u0131n ya\u015fand\u0131\u011f\u0131 bir d\u00f6nemde istikrar ve stratejik netlik sa\u011flam\u0131\u015ft\u0131r.<\/p>\n<p><strong>Dayan\u0131kl\u0131l\u0131k ve Stratejik Yeniden Odaklanma (2020\u20132022)<\/strong><\/p>\n<p>COVID-19 pandemisi s\u0131ras\u0131nda (2020\u20132021), Viking operasyonel dayan\u0131kl\u0131l\u0131\u011f\u0131 korumak ve uzun vadeli s\u00fcrd\u00fcr\u00fclebilirli\u011fi g\u00fcvence alt\u0131na almak amac\u0131yla s\u0131k\u0131 maliyet y\u00f6netimi \u00f6nlemleri uygulam\u0131\u015ft\u0131r.<\/p>\n<p>2022 y\u0131l\u0131nda \u015firket, T\u00fcrkiye\u2019deki faaliyetlerini stratejik olarak yeniden odaklayarak temel petrol ve gaz hizmetleri stratejisine geri d\u00f6nm\u00fc\u015f ve jeotermal operasyonlardan uzakla\u015fm\u0131\u015ft\u0131r. Bu de\u011fi\u015fim, Viking\u2019i temel yetkinlikleri ve pazar f\u0131rsatlar\u0131yla daha uyumlu hale getirmi\u015ftir.<\/p>\n<p><strong>Yeniden Yap\u0131lanma ve Pazar Geni\u015flemesi (2023\u20132025)<\/strong><\/p>\n<p>2023 y\u0131l\u0131nda BXR\u2019nin az\u0131nl\u0131k hissesi SPV 122 taraf\u0131ndan sat\u0131n al\u0131nm\u0131\u015f ve bu i\u015flem sonucunda Viking Services 0 Actis taraf\u0131ndan y\u00f6netilen bir \u015firket haline gelmi\u015ftir. 2023 ile 2024 y\u0131llar\u0131 aras\u0131nda Viking, operasyonel verimlili\u011fi art\u0131rmak ve kurumsal y\u00f6netim yap\u0131lar\u0131n\u0131 sadele\u015ftirmek amac\u0131yla kapsaml\u0131 bir hukuki yeniden yap\u0131lanma s\u00fcreci ba\u015flatm\u0131\u015ft\u0131r.<\/p>\n<p>2025 y\u0131l\u0131nda, yeniden yap\u0131lanma sonras\u0131 b\u00fcy\u00fcmeyi y\u00f6nlendirmek amac\u0131yla T\u00fcrkiye odakl\u0131 yeni bir kurumsal strateji resmile\u015ftirilmi\u015ftir. Bu strateji; pazar liderli\u011fi, operasyonel m\u00fckemmeliyet ve s\u00fcrd\u00fcr\u00fclebilir b\u00fcy\u00fcmeye odaklanmaktad\u0131r.<\/p>\n<p>Bu yeni d\u00f6nemin bir par\u00e7as\u0131 olarak Viking, TPAO ile i\u015f birli\u011fi yaparak pazar pay\u0131n\u0131 art\u0131rm\u0131\u015f; ayn\u0131 zamanda Romanya ve Kuzey Irak\u2019taki operasyonlar\u0131ndan stratejik olarak \u00e7\u0131karak kaynaklar\u0131n\u0131 T\u00fcrkiye\u2019deki ana pazar\u0131na odaklam\u0131\u015ft\u0131r.<\/p>\n<p><strong>\u0130leriye Bak\u0131\u015f<\/strong><\/p>\n<p>Viking Services bug\u00fcn, odaklanm\u0131\u015f, dayan\u0131kl\u0131 ve stratejik olarak uyumlu bir enerji hizmetleri sa\u011flay\u0131c\u0131s\u0131 olarak konumlanmaktad\u0131r. Disiplinli sahiplik ge\u00e7i\u015fleri, g\u00fc\u00e7l\u00fc liderlik ve uyum sa\u011flayan stratejiler sayesinde \u015firket, s\u00fcrd\u00fcr\u00fclebilir b\u00fcy\u00fcme ve uzun vadeli de\u011fer yarat\u0131m\u0131 i\u00e7in sa\u011flam bir yap\u0131 olu\u015fturmu\u015ftur.<\/p>\n<\/div>\n\t\t<\/div><\/div><div id=\"pgc-555-2-2\"  class=\"panel-grid-cell\" ><\/div><\/div><\/div><div id=\"pg-555-3\"  class=\"panel-grid\" ><div class=\"panel-grid-core\"><div id=\"pgc-555-3-0\"  class=\"panel-grid-cell\" ><\/div><div id=\"pgc-555-3-1\"  class=\"panel-grid-cell\" ><div class=\"panel-widget-style\" ><p><img decoding=\"async\" src=\"https:\/\/viking-intl.com\/wp-content\/uploads\/2026\/02\/History-Time-line-2-scaled.png\" alt=\"\" ><\/p><\/div><\/div><div id=\"pgc-555-3-2\"  class=\"panel-grid-cell\" ><\/div><\/div><\/div>","protected":false},"excerpt":{"rendered":"<p>Viking Evolution Building Strength Through Strategic Transformation Viking Services\u2019 journey is defined by strategic growth, disciplined execution, and a clear commitment to long-term value creation. From its early operational roots to its present-day market leadership, Viking has continuously evolved to meet the changing dynamics of the energy services industry. Foundations and Establishment (2008\u20132011) Viking\u2019s operations<\/p>\n<p class=\"more-link\"><a href=\"https:\/\/viking-intl.com\/tr\/our-company\/history\/\" class=\"themebutton2\">Daha Fazla Oku<\/a><\/p>","protected":false},"author":1,"featured_media":0,"parent":285,"menu_order":0,"comment_status":"closed","ping_status":"closed","template":"","meta":{"footnotes":""},"categories":[],"tags":[27],"class_list":["post-555","page","type-page","status-publish","hentry","tag-history"],"_links":{"self":[{"href":"https:\/\/viking-intl.com\/tr\/wp-json\/wp\/v2\/pages\/555","targetHints":{"allow":["GET"]}}],"collection":[{"href":"https:\/\/viking-intl.com\/tr\/wp-json\/wp\/v2\/pages"}],"about":[{"href":"https:\/\/viking-intl.com\/tr\/wp-json\/wp\/v2\/types\/page"}],"author":[{"embeddable":true,"href":"https:\/\/viking-intl.com\/tr\/wp-json\/wp\/v2\/users\/1"}],"replies":[{"embeddable":true,"href":"https:\/\/viking-intl.com\/tr\/wp-json\/wp\/v2\/comments?post=555"}],"version-history":[{"count":6,"href":"https:\/\/viking-intl.com\/tr\/wp-json\/wp\/v2\/pages\/555\/revisions"}],"predecessor-version":[{"id":2028,"href":"https:\/\/viking-intl.com\/tr\/wp-json\/wp\/v2\/pages\/555\/revisions\/2028"}],"up":[{"embeddable":true,"href":"https:\/\/viking-intl.com\/tr\/wp-json\/wp\/v2\/pages\/285"}],"wp:attachment":[{"href":"https:\/\/viking-intl.com\/tr\/wp-json\/wp\/v2\/media?parent=555"}],"wp:term":[{"taxonomy":"category","embeddable":true,"href":"https:\/\/viking-intl.com\/tr\/wp-json\/wp\/v2\/categories?post=555"},{"taxonomy":"post_tag","embeddable":true,"href":"https:\/\/viking-intl.com\/tr\/wp-json\/wp\/v2\/tags?post=555"}],"curies":[{"name":"wp","href":"https:\/\/api.w.org\/{rel}","templated":true}]}}