{"id":558,"date":"2017-12-01T10:23:37","date_gmt":"2017-12-01T07:23:37","guid":{"rendered":"https:\/\/www.viking-intl.com\/Viking-intl\/?page_id=558"},"modified":"2026-02-20T20:21:29","modified_gmt":"2026-02-20T20:21:29","slug":"saglik-guvenligi","status":"publish","type":"page","link":"https:\/\/viking-intl.com\/tr\/our-company\/health-safety\/","title":{"rendered":"Sa\u011fl\u0131k ve G\u00fcvenlik"},"content":{"rendered":"<div id=\"pg-558-0\"  class=\"panel-grid\" ><div class=\"panel-grid-core\"><div id=\"pgc-558-0-0\"  class=\"panel-grid-cell\" ><\/div><div id=\"pgc-558-0-1\"  class=\"panel-grid-cell\" ><div class=\"panel-widget-style\" ><div class=\"thinkupslider-sc style1\" data-height=\"200\"><div id=\"thinkupshortcodesthinkup_builder_thinkupslider\" class=\"thinkupslider-sc-core\"><div class=\"rslides-container\" data-speed=\"6000\"><div class=\"rslides-inner page-inner\"><ul class=\"slides\"><li><img decoding=\"async\" src=\"https:\/\/viking-intl.com\/wp-content\/themes\/Renden_Pro\/images\/transparent.png\" style=\"background: url(https:\/\/viking-intl.com\/wp-content\/uploads\/2024\/12\/Company_2.jpg) no-repeat center; background-size: cover;\" alt=\"\" \/><div class=\"rslides-content\"><div class=\"wrap-safari\"><div class=\"rslides-content-inner\"><div class=\"featured\"><\/div><\/div><\/div><\/div><\/li><\/ul><\/div><\/div><\/div><\/div><\/div><\/div><div id=\"pgc-558-0-2\"  class=\"panel-grid-cell\" ><\/div><\/div><\/div><div id=\"pg-558-1\"  class=\"panel-grid\" ><div class=\"panel-grid-core\"><div id=\"pgc-558-1-0\"  class=\"panel-grid-cell\" ><\/div><div id=\"pgc-558-1-1\"  class=\"panel-grid-cell\" ><div class=\"panel-widget-style\" >\t\t\t<div class=\"textwidget\"><p>Petrol ve gaz faaliyetlerinde sa\u011fl\u0131k, emniyet, g\u00fcvenlik ve \u00e7evre (HSSE) konular\u0131n\u0131 y\u00f6netmek, esasen risklerin y\u00f6netilmesi anlam\u0131na gelmektedir. Bu risklerin azalt\u0131lmas\u0131; verimli ve s\u00fcrd\u00fcr\u00fclebilir \u00fcretimin, \u00e7al\u0131\u015fanlar\u0131n g\u00fcn sonunda g\u00fcvenle evlerine d\u00f6nmesinin ve daha temiz bir \u00e7evrenin anahtar\u0131d\u0131r.\nViking Services, personelinin, m\u00fc\u015fterilerinin ve etkile\u015fimde bulundu\u011fu di\u011fer t\u00fcm payda\u015flar\u0131n sa\u011fl\u0131k, emniyet ve g\u00fcvenli\u011fine ba\u011fl\u0131d\u0131r. \u0130\u015f ortaklar\u0131m\u0131z\u0131n \u00e7evresel risklere maruz kalma d\u00fczeyi ve \u00e7evre y\u00f6netimi yetkinlikleri \u00f6nemli \u00f6l\u00e7\u00fcde farkl\u0131l\u0131k g\u00f6sterebilmektedir. Bu do\u011frultuda Viking Services, \u00e7evreye ili\u015fkin d\u00fczenlemelerin ve kamuoyunun \u00e7evre konusundaki hassasiyetinin artmas\u0131yla birlikte daha s\u00fcrd\u00fcr\u00fclebilir uygulamalar\u0131 hedeflemekte ve te\u015fvik etmektedir.<\/p>\n<p>Viking Services HSSE b\u00f6l\u00fcm\u00fc, personeline otoriter bir yakla\u015f\u0131mdan ziyade pozitif ve ekip odakl\u0131 bir yakla\u015f\u0131m benimsemektedir. Y\u00f6netimimizin kararl\u0131l\u0131\u011f\u0131 ile desteklenen Viking Services personelinin HSSE konusundaki bilgi birikimi ve inisiyatifi, birlikte in\u015fa etti\u011fimiz g\u00fcvenlik k\u00fclt\u00fcr\u00fcn\u00fcn temelini olu\u015fturmaktad\u0131r.<\/p>\n<\/div>\n\t\t<\/div><\/div><div id=\"pgc-558-1-2\"  class=\"panel-grid-cell\" ><\/div><\/div><\/div><div id=\"pg-558-2\"  class=\"panel-grid\" ><div class=\"panel-grid-core\"><div id=\"pgc-558-2-0\"  class=\"panel-grid-cell\" ><\/div><div id=\"pgc-558-2-1\"  class=\"panel-grid-cell\" ><div class=\"panel-widget-style\" ><div class=\"divider\"><\/div><\/div><\/div><div id=\"pgc-558-2-2\"  class=\"panel-grid-cell\" ><\/div><\/div><\/div><div id=\"pg-558-3\"  class=\"panel-grid\" ><div class=\"panel-grid-core\"><div id=\"pgc-558-3-0\"  class=\"panel-grid-cell\" ><\/div><div id=\"pgc-558-3-1\"  class=\"panel-grid-cell\" ><div class=\"panel-widget-style\" ><p><img decoding=\"async\" src=\"https:\/\/viking-intl.com\/wp-content\/uploads\/2026\/02\/VS-HSE-HD-scaled.png\" alt=\"\" ><\/p><\/div><\/div><div id=\"pgc-558-3-2\"  class=\"panel-grid-cell\" ><\/div><\/div><\/div>","protected":false},"excerpt":{"rendered":"<p>To manage health, safety, security, and environmental (HSSE) issues of oil and gas activities is a matter of managing risks. Reducing these risks is the key to efficient and sustainable production, employees going home safely at the end of the day, and a cleaner environment. Viking Services is committed to the health, safety, and security<\/p>\n<p class=\"more-link\"><a href=\"https:\/\/viking-intl.com\/tr\/our-company\/health-safety\/\" class=\"themebutton2\">Daha Fazla Oku<\/a><\/p>","protected":false},"author":1,"featured_media":0,"parent":285,"menu_order":0,"comment_status":"closed","ping_status":"closed","template":"","meta":{"footnotes":""},"categories":[],"tags":[],"class_list":["post-558","page","type-page","status-publish","hentry"],"_links":{"self":[{"href":"https:\/\/viking-intl.com\/tr\/wp-json\/wp\/v2\/pages\/558","targetHints":{"allow":["GET"]}}],"collection":[{"href":"https:\/\/viking-intl.com\/tr\/wp-json\/wp\/v2\/pages"}],"about":[{"href":"https:\/\/viking-intl.com\/tr\/wp-json\/wp\/v2\/types\/page"}],"author":[{"embeddable":true,"href":"https:\/\/viking-intl.com\/tr\/wp-json\/wp\/v2\/users\/1"}],"replies":[{"embeddable":true,"href":"https:\/\/viking-intl.com\/tr\/wp-json\/wp\/v2\/comments?post=558"}],"version-history":[{"count":9,"href":"https:\/\/viking-intl.com\/tr\/wp-json\/wp\/v2\/pages\/558\/revisions"}],"predecessor-version":[{"id":2044,"href":"https:\/\/viking-intl.com\/tr\/wp-json\/wp\/v2\/pages\/558\/revisions\/2044"}],"up":[{"embeddable":true,"href":"https:\/\/viking-intl.com\/tr\/wp-json\/wp\/v2\/pages\/285"}],"wp:attachment":[{"href":"https:\/\/viking-intl.com\/tr\/wp-json\/wp\/v2\/media?parent=558"}],"wp:term":[{"taxonomy":"category","embeddable":true,"href":"https:\/\/viking-intl.com\/tr\/wp-json\/wp\/v2\/categories?post=558"},{"taxonomy":"post_tag","embeddable":true,"href":"https:\/\/viking-intl.com\/tr\/wp-json\/wp\/v2\/tags?post=558"}],"curies":[{"name":"wp","href":"https:\/\/api.w.org\/{rel}","templated":true}]}}