{"id":571,"date":"2017-12-01T11:15:45","date_gmt":"2017-12-01T08:15:45","guid":{"rendered":"https:\/\/www.viking-intl.com\/Viking-intl\/?page_id=571"},"modified":"2026-02-20T11:36:02","modified_gmt":"2026-02-20T11:36:02","slug":"entegre-proje-yonetimi","status":"publish","type":"page","link":"https:\/\/viking-intl.com\/tr\/products-services\/integrated-project-management\/","title":{"rendered":"Entegre Proje Y\u00f6netimi"},"content":{"rendered":"<div id=\"pg-571-0\"  class=\"panel-grid\" ><div class=\"panel-grid-core\"><div id=\"pgc-571-0-0\"  class=\"panel-grid-cell\" ><\/div><div id=\"pgc-571-0-1\"  class=\"panel-grid-cell\" ><div class=\"panel-widget-style\" ><div class=\"thinkupslider-sc style1\" data-height=\"200\"><div id=\"thinkupshortcodesthinkup_builder_thinkupslider\" class=\"thinkupslider-sc-core\"><div class=\"rslides-container\" data-speed=\"6000\"><div class=\"rslides-inner page-inner\"><ul class=\"slides\"><li><img decoding=\"async\" src=\"https:\/\/viking-intl.com\/wp-content\/themes\/Renden_Pro\/images\/transparent.png\" style=\"background: url(https:\/\/viking-intl.com\/wp-content\/uploads\/2024\/12\/Company_6.jpg) no-repeat center; background-size: cover;\" alt=\"\" \/><div class=\"rslides-content\"><div class=\"wrap-safari\"><div class=\"rslides-content-inner\"><div class=\"featured\"><\/div><\/div><\/div><\/div><\/li><\/ul><\/div><\/div><\/div><\/div><\/div><\/div><div id=\"pgc-571-0-2\"  class=\"panel-grid-cell\" ><\/div><\/div><\/div><div id=\"pg-571-1\"  class=\"panel-grid\" ><div class=\"panel-grid-core\"><div id=\"pgc-571-1-0\"  class=\"panel-grid-cell\" ><\/div><div id=\"pgc-571-1-1\"  class=\"panel-grid-cell\" ><div class=\"panel-widget-style\" ><div class=\"customtitle style5\"><h3 style=\"font-weight: 700;font-style: normal;\"><span>S\u00f6zle\u015fmeli Entegre Proje Y\u00f6netimi<\/span><\/h3><\/div><\/div><\/div><div id=\"pgc-571-1-2\"  class=\"panel-grid-cell\" ><\/div><\/div><\/div><div id=\"pg-571-2\"  class=\"panel-grid\" ><div class=\"panel-grid-core\"><div id=\"pgc-571-2-0\"  class=\"panel-grid-cell\" ><\/div><div id=\"pgc-571-2-1\"  class=\"panel-grid-cell\" ><div class=\"panel-widget-style\" >\t\t\t<div class=\"textwidget\"><p>Viking Services, daha y\u00fcksek \u00fcretim sa\u011flamak, verimlili\u011fi art\u0131rmak ve operasyonel maliyetleri azaltmak amac\u0131yla i\u015finin merkezinde deneyimli bir proje y\u00f6netimi ekibi bulundurmaktad\u0131r. IPM (Entegre Proje Y\u00f6netimi) grubu, t\u00fcm \u00fcr\u00fcn hatlar\u0131 genelinde faaliyet g\u00f6stererek teknik destek arayan ve geni\u015f bir entegre kuyu \u00e7\u00f6z\u00fcmleri yelpazesi talep eden m\u00fc\u015fteriler i\u00e7in temel temas noktas\u0131 olarak g\u00f6rev yapmaktad\u0131r.<\/p>\n<p>Kuyu in\u015fas\u0131, kuyu m\u00fcdahalesi veya kuyu optimizasyonu gibi bir projenin ba\u015far\u0131l\u0131 \u015fekilde y\u00fcr\u00fct\u00fclmesi, her zaman etkili ve merkezi bir planlama s\u00fcreci ile m\u00fc\u015fterilerin hedefleriyle stratejik olarak uyumlu hizmetlerin mevcut olmas\u0131na ba\u011fl\u0131d\u0131r.<\/p>\n<p>Viking Services, entegre proje y\u00f6netimi sunarak, geni\u015f kapsaml\u0131 \u015firket i\u00e7i hizmetlerinden yararlanma imk\u00e2n\u0131 sa\u011flarken; sondaj, tamamlama ve \u00fcretim hizmetleri boyunca \u00f6zel proje de\u011ferlendirmeleri ve kuyu m\u00fchendisli\u011fini kapsayan u\u00e7tan uca bir y\u00f6netim fonksiyonu sunmaktad\u0131r.<\/p>\n<p>Viking Services, m\u00fc\u015fterilerine katma de\u011fer sa\u011flayan kesintisiz operasyonlar ger\u00e7ekle\u015ftirmek i\u00e7in entegre hizmetler sunman\u0131n \u00f6nemine g\u00fc\u00e7l\u00fc bir \u015fekilde inanmaktad\u0131r.<\/p>\n<p>IPM grubunun temel amac\u0131, m\u00fc\u015fterinin birden fazla operasyon ve hizmet sa\u011flay\u0131c\u0131 \u015firket ile muhatap olmas\u0131na gerek kalmadan, projenin ilk talep ve planlama a\u015famas\u0131ndan uygulama ve tamamlanma s\u00fcrecine kadar t\u00fcm\u00fcn\u00fc sadele\u015ftirerek y\u00f6netmektir.<\/p>\n<p>Bu s\u00fcre\u00e7 kapsam\u0131nda, \u2018Viking\u2013M\u00fc\u015fteri\u2019 aray\u00fcz\u00fc sadele\u015ftirilirken, proje verimlili\u011fi \u00f6nemli \u00f6l\u00e7\u00fcde art\u0131r\u0131lmakta ve her bir operasyon departman\u0131n\u0131n yaln\u0131zca kendi saha sorumluluklar\u0131na odaklanmas\u0131na olanak sa\u011flanmaktad\u0131r.<\/p>\n<\/div>\n\t\t<\/div><\/div><div id=\"pgc-571-2-2\"  class=\"panel-grid-cell\" ><\/div><\/div><\/div><div id=\"pg-571-3\"  class=\"panel-grid\" ><div class=\"panel-grid-core\"><div id=\"pgc-571-3-0\"  class=\"panel-grid-cell\" ><\/div><div id=\"pgc-571-3-1\"  class=\"panel-grid-cell\" ><div class=\"panel-widget-style\" ><p><img decoding=\"async\" src=\"https:\/\/viking-intl.com\/wp-content\/uploads\/2026\/02\/IPM-scaled.png\" alt=\"\" ><\/p><\/div><\/div><div id=\"pgc-571-3-2\"  class=\"panel-grid-cell\" ><\/div><\/div><\/div>","protected":false},"excerpt":{"rendered":"<p>Contract Integrated Project Management Viking Services provides an experienced project management team at the core of its business for the sole purpose of delivering higher production, improving efficiencies, and reducing operational costs. The IPM group operates across all product lines, acting as the key focal point for any customer seeking technical support and a diverse<\/p>\n<p class=\"more-link\"><a href=\"https:\/\/viking-intl.com\/tr\/products-services\/integrated-project-management\/\" class=\"themebutton2\">Daha Fazla Oku<\/a><\/p>","protected":false},"author":1,"featured_media":0,"parent":287,"menu_order":0,"comment_status":"closed","ping_status":"closed","template":"template-parallax.php","meta":{"footnotes":""},"categories":[30],"tags":[28,29],"class_list":["post-571","page","type-page","status-publish","hentry","category-ipm","tag-integrated-project-management","tag-ipm"],"_links":{"self":[{"href":"https:\/\/viking-intl.com\/tr\/wp-json\/wp\/v2\/pages\/571","targetHints":{"allow":["GET"]}}],"collection":[{"href":"https:\/\/viking-intl.com\/tr\/wp-json\/wp\/v2\/pages"}],"about":[{"href":"https:\/\/viking-intl.com\/tr\/wp-json\/wp\/v2\/types\/page"}],"author":[{"embeddable":true,"href":"https:\/\/viking-intl.com\/tr\/wp-json\/wp\/v2\/users\/1"}],"replies":[{"embeddable":true,"href":"https:\/\/viking-intl.com\/tr\/wp-json\/wp\/v2\/comments?post=571"}],"version-history":[{"count":4,"href":"https:\/\/viking-intl.com\/tr\/wp-json\/wp\/v2\/pages\/571\/revisions"}],"predecessor-version":[{"id":2024,"href":"https:\/\/viking-intl.com\/tr\/wp-json\/wp\/v2\/pages\/571\/revisions\/2024"}],"up":[{"embeddable":true,"href":"https:\/\/viking-intl.com\/tr\/wp-json\/wp\/v2\/pages\/287"}],"wp:attachment":[{"href":"https:\/\/viking-intl.com\/tr\/wp-json\/wp\/v2\/media?parent=571"}],"wp:term":[{"taxonomy":"category","embeddable":true,"href":"https:\/\/viking-intl.com\/tr\/wp-json\/wp\/v2\/categories?post=571"},{"taxonomy":"post_tag","embeddable":true,"href":"https:\/\/viking-intl.com\/tr\/wp-json\/wp\/v2\/tags?post=571"}],"curies":[{"name":"wp","href":"https:\/\/api.w.org\/{rel}","templated":true}]}}