{"id":588,"date":"2017-12-01T12:22:17","date_gmt":"2017-12-01T09:22:17","guid":{"rendered":"https:\/\/www.viking-intl.com\/Viking-intl\/?page_id=588"},"modified":"2026-02-20T20:04:43","modified_gmt":"2026-02-20T20:04:43","slug":"uzmanlik-hizmeti","status":"publish","type":"page","link":"https:\/\/viking-intl.com\/tr\/our-company\/expertise-service\/","title":{"rendered":"Uzmanl\u0131k ve Hizmet"},"content":{"rendered":"<div id=\"pg-588-0\"  class=\"panel-grid\" ><div class=\"panel-grid-core\"><div id=\"pgc-588-0-0\"  class=\"panel-grid-cell\" ><\/div><div id=\"pgc-588-0-1\"  class=\"panel-grid-cell\" ><div class=\"panel-widget-style\" ><div class=\"thinkupslider-sc style1\" data-height=\"200\"><div id=\"thinkupshortcodesthinkup_builder_thinkupslider\" class=\"thinkupslider-sc-core\"><div class=\"rslides-container\" data-speed=\"6000\"><div class=\"rslides-inner page-inner\"><ul class=\"slides\"><li><img decoding=\"async\" src=\"https:\/\/viking-intl.com\/wp-content\/themes\/Renden_Pro\/images\/transparent.png\" style=\"background: url(https:\/\/viking-intl.com\/wp-content\/uploads\/2024\/12\/news_head_img.jpg) no-repeat center; background-size: cover;\" alt=\"\" \/><div class=\"rslides-content\"><div class=\"wrap-safari\"><div class=\"rslides-content-inner\"><div class=\"featured\"><\/div><\/div><\/div><\/div><\/li><\/ul><\/div><\/div><\/div><\/div><\/div><\/div><div id=\"pgc-588-0-2\"  class=\"panel-grid-cell\" ><\/div><\/div><\/div><div id=\"pg-588-1\"  class=\"panel-grid\" ><div class=\"panel-grid-core\"><div id=\"pgc-588-1-0\"  class=\"panel-grid-cell\" ><\/div><div id=\"pgc-588-1-1\"  class=\"panel-grid-cell\" ><div class=\"panel-widget-style\" ><div class=\"customtitle style5\"><h3 style=\"font-weight: 700;font-style: normal;\"><span>\u00d6nemin Oldu\u011fu Yerde Deneyim<\/span><\/h3><\/div><\/div><\/div><div id=\"pgc-588-1-2\"  class=\"panel-grid-cell\" ><\/div><\/div><\/div><div id=\"pg-588-2\"  class=\"panel-grid\" ><div class=\"panel-grid-core\"><div id=\"pgc-588-2-0\"  class=\"panel-grid-cell\" ><\/div><div id=\"pgc-588-2-1\"  class=\"panel-grid-cell\" ><div class=\"panel-widget-style\" >\t\t\t<div class=\"textwidget\"><p>Ba\u015far\u0131n\u0131n Anahtarlar\u0131:<\/p>\n<p>De\u011ferin \u00d6nemli Oldu\u011fu Yerde Deneyim: Viking Services, kendini i\u015fine adam\u0131\u015f bir y\u00f6netim ekibi ve sahada aktif g\u00f6rev yapan personeli ile kuyunun t\u00fcm ya\u015fam d\u00f6ng\u00fcs\u00fcn\u00fcn her a\u015famas\u0131nda onlarca y\u0131ll\u0131k deneyim \u00fczerine kurulmu\u015ftur. Amac\u0131m\u0131z, hizmetlerimizle birlikte uzmanl\u0131\u011f\u0131m\u0131z\u0131 sunarak i\u015f ortaklar\u0131ndan de\u011fer ve deneyim bekleyen operat\u00f6rlere katk\u0131 sa\u011flamakt\u0131r.<\/p>\n<p>Proje Tasar\u0131m\u0131: Kuyular\u0131n\u0131z i\u00e7in ileri teknolojimizin sa\u011flayaca\u011f\u0131 faydalar\u0131 belirlemek ve nicelendirmek amac\u0131yla hem temel hem de detayl\u0131 \u00f6n de\u011ferlendirme (screening) ve m\u00fchendislik durum tespiti (due diligence) hizmetleri sunabiliriz.<\/p>\n<p>M\u00fchendislik Deste\u011fi: Deneyimli rezervuar ve kuyu m\u00fchendislerinden olu\u015fan tam zamanl\u0131 k\u00fcresel ekibimiz, projelerin potansiyeline ula\u015fmas\u0131na katk\u0131 sa\u011flar. M\u00fchendislerimiz, yerel ve b\u00f6lgesel deneyiminizi tamamlayan k\u00fcresel operasyonel uzmanl\u0131k sunarak, bizi i\u015f orta\u011f\u0131 olarak tercih etti\u011finizde katma de\u011fer sa\u011flar.<\/p>\n<p>Modern Ekipman: Viking Services, b\u00f6lgede g\u00fcncel ve teknolojik olarak ileri d\u00fczey ekipmanlar temin etme konusunda kendisiyle gurur duymaktad\u0131r. Bu ekipmanlar, sahadaki deneyimli operat\u00f6rler ile birlikte projelerinizin verimli bir \u015fekilde ger\u00e7ekle\u015ftirilmesini sa\u011flar.<\/p>\n<p>Sonu\u00e7 Odakl\u0131: Amac\u0131m\u0131z, i\u015f ortaklar\u0131m\u0131z\u0131n beklentilerini, ihtiya\u00e7lar\u0131n\u0131 ve endi\u015felerini her zaman do\u011fru \u015fekilde anlamakt\u0131r. Bu konularda kapsaml\u0131 bir anlay\u0131\u015f sa\u011flad\u0131ktan sonra, proje y\u00f6neticilerimiz, saha m\u00fchendislerimiz, saha s\u00fcperviz\u00f6rlerimiz ve ekipman uzmanlar\u0131m\u0131z; sahip olduklar\u0131 e\u011fitim ve saha deneyimi ile bu beklentileri kar\u015f\u0131lamak ve a\u015fmak i\u00e7in \u00e7al\u0131\u015f\u0131r. Ba\u015far\u0131m\u0131z\u0131n, i\u015f ortaklar\u0131m\u0131z\u0131n ba\u015far\u0131s\u0131na ba\u011fl\u0131 oldu\u011funun bilincindeyiz.<\/p>\n<\/div>\n\t\t<\/div><\/div><div id=\"pgc-588-2-2\"  class=\"panel-grid-cell\" ><\/div><\/div><\/div><div id=\"pg-588-3\"  class=\"panel-grid\" ><div class=\"panel-grid-core\"><div id=\"pgc-588-3-0\"  class=\"panel-grid-cell\" ><\/div><div id=\"pgc-588-3-1\"  class=\"panel-grid-cell\" ><div class=\"panel-widget-style\" ><p><img decoding=\"async\" src=\"https:\/\/viking-intl.com\/wp-content\/uploads\/2026\/02\/VS-Customers_New-HD-1-scaled.png\" alt=\"\" ><\/p><\/div><\/div><div id=\"pgc-588-3-2\"  class=\"panel-grid-cell\" ><\/div><\/div><\/div>","protected":false},"excerpt":{"rendered":"<p>Experience Where It Matters Keys to Success: Experience Where it Matters: With a dedicated management team and active in-field personnel Viking Services is built on decades of experience across all aspects of the life-cycle of the well. Our goal is to provide expertise, in conjunction with our services, to operators looking for value and experience<\/p>\n<p class=\"more-link\"><a href=\"https:\/\/viking-intl.com\/tr\/our-company\/expertise-service\/\" class=\"themebutton2\">Daha Fazla Oku<\/a><\/p>","protected":false},"author":1,"featured_media":0,"parent":285,"menu_order":0,"comment_status":"closed","ping_status":"closed","template":"","meta":{"footnotes":""},"categories":[],"tags":[31],"class_list":["post-588","page","type-page","status-publish","hentry","tag-expertise"],"_links":{"self":[{"href":"https:\/\/viking-intl.com\/tr\/wp-json\/wp\/v2\/pages\/588","targetHints":{"allow":["GET"]}}],"collection":[{"href":"https:\/\/viking-intl.com\/tr\/wp-json\/wp\/v2\/pages"}],"about":[{"href":"https:\/\/viking-intl.com\/tr\/wp-json\/wp\/v2\/types\/page"}],"author":[{"embeddable":true,"href":"https:\/\/viking-intl.com\/tr\/wp-json\/wp\/v2\/users\/1"}],"replies":[{"embeddable":true,"href":"https:\/\/viking-intl.com\/tr\/wp-json\/wp\/v2\/comments?post=588"}],"version-history":[{"count":7,"href":"https:\/\/viking-intl.com\/tr\/wp-json\/wp\/v2\/pages\/588\/revisions"}],"predecessor-version":[{"id":2042,"href":"https:\/\/viking-intl.com\/tr\/wp-json\/wp\/v2\/pages\/588\/revisions\/2042"}],"up":[{"embeddable":true,"href":"https:\/\/viking-intl.com\/tr\/wp-json\/wp\/v2\/pages\/285"}],"wp:attachment":[{"href":"https:\/\/viking-intl.com\/tr\/wp-json\/wp\/v2\/media?parent=588"}],"wp:term":[{"taxonomy":"category","embeddable":true,"href":"https:\/\/viking-intl.com\/tr\/wp-json\/wp\/v2\/categories?post=588"},{"taxonomy":"post_tag","embeddable":true,"href":"https:\/\/viking-intl.com\/tr\/wp-json\/wp\/v2\/tags?post=588"}],"curies":[{"name":"wp","href":"https:\/\/api.w.org\/{rel}","templated":true}]}}