{"id":677,"date":"2017-12-01T14:48:44","date_gmt":"2017-12-01T11:48:44","guid":{"rendered":"https:\/\/www.viking-intl.com\/Viking-intl\/?page_id=677"},"modified":"2026-02-20T21:11:48","modified_gmt":"2026-02-20T21:11:48","slug":"yonlu-sondaj-hizmetleri","status":"publish","type":"page","link":"https:\/\/viking-intl.com\/tr\/products-services\/drilling-services\/directional-drilling-services\/","title":{"rendered":"Y\u00f6nl\u00fc Sondaj Hizmetleri"},"content":{"rendered":"<div id=\"pg-677-0\"  class=\"panel-grid\" ><div class=\"panel-grid-core\"><div id=\"pgc-677-0-0\"  class=\"panel-grid-cell\" ><\/div><div id=\"pgc-677-0-1\"  class=\"panel-grid-cell\" ><div class=\"panel-widget-style\" ><div class=\"thinkupslider-sc style1\" data-height=\"200\"><div id=\"thinkupshortcodesthinkup_builder_thinkupslider\" class=\"thinkupslider-sc-core\"><div class=\"rslides-container\" data-speed=\"6000\"><div class=\"rslides-inner page-inner\"><ul class=\"slides\"><li><img decoding=\"async\" src=\"https:\/\/viking-intl.com\/wp-content\/themes\/Renden_Pro\/images\/transparent.png\" style=\"background: url(https:\/\/viking-intl.com\/wp-content\/uploads\/2024\/12\/6-Directional_Drilling-2.jpg) no-repeat center; background-size: cover;\" alt=\"\" \/><div class=\"rslides-content\"><div class=\"wrap-safari\"><div class=\"rslides-content-inner\"><div class=\"featured\"><\/div><\/div><\/div><\/div><\/li><\/ul><\/div><\/div><\/div><\/div><\/div><\/div><div id=\"pgc-677-0-2\"  class=\"panel-grid-cell\" ><\/div><\/div><\/div><div id=\"pg-677-1\"  class=\"panel-grid\" ><div class=\"panel-grid-core\"><div id=\"pgc-677-1-0\"  class=\"panel-grid-cell\" ><\/div><div id=\"pgc-677-1-1\"  class=\"panel-grid-cell\" ><div class=\"panel-widget-style\" >\t\t\t<div class=\"textwidget\"><p>Profesyonel ekibimiz, y\u00f6nl\u00fc sondaj uygulamalar\u0131n\u0131n her alan\u0131nda y\u0131llar\u0131n deneyimini katmaya haz\u0131r. Bu kapsamda, kuyu planlar\u0131n\u0131n \u00fc\u00e7 boyutlu olarak g\u00f6r\u00fcnt\u00fclenmesine olanak sa\u011flayan sekt\u00f6r lideri HawkEye 3D teknolojisi kullan\u0131larak kuyu planlar\u0131n\u0131n geli\u015ftirilmesi; tork ve s\u00fcr\u00fcklenme analizleri, hidrolik programlar\u0131n haz\u0131rlanmas\u0131 ve \u00e7arp\u0131\u015fma \u00f6nleme planlamas\u0131 yer almaktad\u0131r.<\/p>\n<p>\u0130\u015f i\u00e7in gerekli ara\u00e7lara sahip olmak, y\u00f6nl\u00fc sondaj \u015firketinin \u00f6nemli bir \u00f6l\u00e7\u00fct\u00fcd\u00fcr. Y\u00f6nl\u00fc sondaj ekibimiz, yatay ve \u00e7ok kollu yatay kuyular dahil olmak \u00fczere bir \u00e7ok farkl\u0131 kuyu tipinde y\u0131llara dayanan deneyime sahiptir. BICO Evenwall motorlarlar\u0131 ile donat\u0131lm\u0131\u015f olmam\u0131z, geleneksel motorlara k\u0131yasla daha y\u00fcksek dayan\u0131kl\u0131l\u0131k ve genel performans sa\u011flayarak Viking'e rekabet avantaj\u0131 kazand\u0131rmaktad\u0131r. Sondaj sekt\u00f6r\u00fcnde amac\u0131n y\u00fcksek verimli ve \u00fcretken kuyular olu\u015fturmak oldu\u011funun bilincindeyiz. Bu do\u011frultuda, Logging While Drilling (LWD) paketlerimizin kullan\u0131m\u0131, uzun vadeli etkiler yaratabilecek ger\u00e7ek zamanl\u0131 kararlar\u0131n al\u0131nmas\u0131 i\u00e7in gerekli verileri sunmaktad\u0131r.<\/p>\n<p>Diyarbak\u0131r\u2019da bulunan Down-Hole Bak\u0131m At\u00f6lyesi ile M\/LWD Teknik ve Operasyon Merkezi, saha operasyonlar\u0131m\u0131z\u0131n y\u00f6nlendirilmesi ve servis hizmetlerini sa\u011flamaktad\u0131r. \u00dclke i\u00e7erisinde tam donan\u0131ml\u0131 Seviye III servis tesisine sahip olmam\u0131z, maliyetleri en aza indirmemize ve geri d\u00f6n\u00fc\u015f s\u00fcrelerini k\u0131saltmam\u0131za olanak tan\u0131maktad\u0131r. Viking Services, her m\u00fc\u015fterinin kendine \u00f6zg\u00fc ihtiya\u00e7lar\u0131 oldu\u011funu bilmekte ve y\u00f6nl\u00fc sondaj sekt\u00f6r\u00fcn\u00fcn s\u00fcrekli de\u011fi\u015fen dinamik bir ortam oldu\u011funu anlamaktad\u0131r. Bu nedenle, yeni teknolojileri de\u011ferlendirerek sondaj uygulamalar\u0131m\u0131z\u0131 s\u00fcrekli g\u00fcncellemekteyiz.  Sekt\u00f6r\u00fcn kar\u015f\u0131la\u015fabilece\u011fi her t\u00fcrl\u00fc y\u00f6nl\u00fc sondaj zorlu\u011funa \u00e7\u00f6z\u00fcm \u00fcretmek i\u00e7in \u00e7al\u0131\u015fmay\u0131 s\u00fcrd\u00fcrmekteyiz.<\/p>\n<\/div>\n\t\t<\/div><\/div><div id=\"pgc-677-1-2\"  class=\"panel-grid-cell\" ><\/div><\/div><\/div><div id=\"pg-677-2\"  class=\"panel-grid\" ><div class=\"panel-grid-core\"><div id=\"pgc-677-2-0\"  class=\"panel-grid-cell\" ><\/div><div id=\"pgc-677-2-1\"  class=\"panel-grid-cell\" ><div class=\"panel-widget-style\" ><p><img decoding=\"async\" src=\"https:\/\/viking-intl.com\/wp-content\/uploads\/2026\/02\/Directional-Drilling.png\" alt=\"\" ><\/p><\/div><\/div><div id=\"pgc-677-2-2\"  class=\"panel-grid-cell\" ><\/div><\/div><\/div>","protected":false},"excerpt":{"rendered":"<p>Profesyonel ekibimiz, y\u00f6nl\u00fc sondaj uygulamalar\u0131na y\u0131llar\u0131n deneyimini uygulama konusunda haz\u0131rd\u0131r. Bu, sekt\u00f6r lideri teknoloji olan ve sondaj planlar\u0131n\u0131n \u00fc\u00e7 boyutlu g\u00f6r\u00fcnt\u00fclenmesini, tork ve s\u00fcr\u00fcklenme analizini, hidrolik programlar\u0131 ve \u00e7arp\u0131\u015fma \u00f6nleme planlamas\u0131n\u0131 sa\u011flayan HawkEye 3D kullan\u0131larak sondaj planlar\u0131n\u0131n geli\u015ftirilmesini i\u00e7ermektedir. \u0130\u015fi yapmak i\u00e7in ara\u00e7lara sahip olmak \u00f6nemlidir.<\/p>\n<p class=\"more-link\"><a href=\"https:\/\/viking-intl.com\/tr\/products-services\/drilling-services\/directional-drilling-services\/\" class=\"themebutton2\">Daha Fazla Oku<\/a><\/p>","protected":false},"author":1,"featured_media":0,"parent":270,"menu_order":0,"comment_status":"closed","ping_status":"closed","template":"","meta":{"footnotes":""},"categories":[36],"tags":[37,4],"class_list":["post-677","page","type-page","status-publish","hentry","category-directional-drilling","tag-directional-drilling","tag-drilling-services"],"_links":{"self":[{"href":"https:\/\/viking-intl.com\/tr\/wp-json\/wp\/v2\/pages\/677","targetHints":{"allow":["GET"]}}],"collection":[{"href":"https:\/\/viking-intl.com\/tr\/wp-json\/wp\/v2\/pages"}],"about":[{"href":"https:\/\/viking-intl.com\/tr\/wp-json\/wp\/v2\/types\/page"}],"author":[{"embeddable":true,"href":"https:\/\/viking-intl.com\/tr\/wp-json\/wp\/v2\/users\/1"}],"replies":[{"embeddable":true,"href":"https:\/\/viking-intl.com\/tr\/wp-json\/wp\/v2\/comments?post=677"}],"version-history":[{"count":4,"href":"https:\/\/viking-intl.com\/tr\/wp-json\/wp\/v2\/pages\/677\/revisions"}],"predecessor-version":[{"id":2064,"href":"https:\/\/viking-intl.com\/tr\/wp-json\/wp\/v2\/pages\/677\/revisions\/2064"}],"up":[{"embeddable":true,"href":"https:\/\/viking-intl.com\/tr\/wp-json\/wp\/v2\/pages\/270"}],"wp:attachment":[{"href":"https:\/\/viking-intl.com\/tr\/wp-json\/wp\/v2\/media?parent=677"}],"wp:term":[{"taxonomy":"category","embeddable":true,"href":"https:\/\/viking-intl.com\/tr\/wp-json\/wp\/v2\/categories?post=677"},{"taxonomy":"post_tag","embeddable":true,"href":"https:\/\/viking-intl.com\/tr\/wp-json\/wp\/v2\/tags?post=677"}],"curies":[{"name":"wp","href":"https:\/\/api.w.org\/{rel}","templated":true}]}}