{"id":821,"date":"2017-12-04T14:56:01","date_gmt":"2017-12-04T11:56:01","guid":{"rendered":"https:\/\/www.viking-intl.com\/Viking-intl\/?page_id=821"},"modified":"2026-02-20T20:58:23","modified_gmt":"2026-02-20T20:58:23","slug":"asit-giderme-hizmetleri","status":"publish","type":"page","link":"https:\/\/viking-intl.com\/tr\/products-services\/energy-services\/acidazing-services\/","title":{"rendered":"Asitleme Servisleri"},"content":{"rendered":"<div id=\"pg-821-0\"  class=\"panel-grid\" ><div class=\"panel-grid-core\"><div id=\"pgc-821-0-0\"  class=\"panel-grid-cell\" ><\/div><div id=\"pgc-821-0-1\"  class=\"panel-grid-cell\" ><div class=\"panel-widget-style\" ><div class=\"thinkupslider-sc style1\" data-height=\"200\"><div id=\"thinkupshortcodesthinkup_builder_thinkupslider\" class=\"thinkupslider-sc-core\"><div class=\"rslides-container\" data-speed=\"6000\"><div class=\"rslides-inner page-inner\"><ul class=\"slides\"><li><img decoding=\"async\" src=\"https:\/\/viking-intl.com\/wp-content\/themes\/Renden_Pro\/images\/transparent.png\" style=\"background: url(https:\/\/viking-intl.com\/wp-content\/uploads\/2024\/12\/9-Acidizing-1.jpg) no-repeat center; background-size: cover;\" alt=\"\" \/><div class=\"rslides-content\"><div class=\"wrap-safari\"><div class=\"rslides-content-inner\"><div class=\"featured\"><\/div><\/div><\/div><\/div><\/li><\/ul><\/div><\/div><\/div><\/div><\/div><\/div><div id=\"pgc-821-0-2\"  class=\"panel-grid-cell\" ><\/div><\/div><\/div><div id=\"pg-821-1\"  class=\"panel-grid\" ><div class=\"panel-grid-core\"><div id=\"pgc-821-1-0\"  class=\"panel-grid-cell\" ><\/div><div id=\"pgc-821-1-1\"  class=\"panel-grid-cell\" ><div class=\"panel-widget-style\" ><p><img decoding=\"async\" src=\"https:\/\/viking-intl.com\/wp-content\/uploads\/2026\/02\/acidizing.png\" alt=\"\" ><\/p><\/div><\/div><div id=\"pgc-821-1-2\"  class=\"panel-grid-cell\" ><\/div><\/div><\/div><div id=\"pg-821-2\"  class=\"panel-grid\" ><div class=\"panel-grid-core\"><div id=\"pgc-821-2-0\"  class=\"panel-grid-cell\" ><\/div><div id=\"pgc-821-2-1\"  class=\"panel-grid-cell\" ><div class=\"panel-widget-style\" >\t\t\t<div class=\"textwidget\"><p>Pompalama hizmetlerine ek olarak, Viking Services asitleme hizmetleri i\u00e7in kimyasal ve mekanik y\u00f6nlendiricilerle birlikte eksiksiz bir kimyasal katk\u0131 \u00fcr\u00fcnleri yelpazesi sunmaktad\u0131r.<\/p>\n<\/div>\n\t\t<\/div><\/div><div id=\"pgc-821-2-2\"  class=\"panel-grid-cell\" ><\/div><\/div><\/div>","protected":false},"excerpt":{"rendered":"<p>Pompalama hizmetlerine ek olarak, Viking Services asitleme hizmetleri i\u00e7in kimyasal ve mekanik y\u00f6nlendiricilerle birlikte eksiksiz bir kimyasal katk\u0131 \u00fcr\u00fcnleri yelpazesi sunmaktad\u0131r.<\/p>","protected":false},"author":1,"featured_media":0,"parent":273,"menu_order":0,"comment_status":"closed","ping_status":"closed","template":"","meta":{"footnotes":""},"categories":[43],"tags":[42,5],"class_list":["post-821","page","type-page","status-publish","hentry","category-acidazing","tag-acidazing","tag-energy-services"],"_links":{"self":[{"href":"https:\/\/viking-intl.com\/tr\/wp-json\/wp\/v2\/pages\/821","targetHints":{"allow":["GET"]}}],"collection":[{"href":"https:\/\/viking-intl.com\/tr\/wp-json\/wp\/v2\/pages"}],"about":[{"href":"https:\/\/viking-intl.com\/tr\/wp-json\/wp\/v2\/types\/page"}],"author":[{"embeddable":true,"href":"https:\/\/viking-intl.com\/tr\/wp-json\/wp\/v2\/users\/1"}],"replies":[{"embeddable":true,"href":"https:\/\/viking-intl.com\/tr\/wp-json\/wp\/v2\/comments?post=821"}],"version-history":[{"count":3,"href":"https:\/\/viking-intl.com\/tr\/wp-json\/wp\/v2\/pages\/821\/revisions"}],"predecessor-version":[{"id":2055,"href":"https:\/\/viking-intl.com\/tr\/wp-json\/wp\/v2\/pages\/821\/revisions\/2055"}],"up":[{"embeddable":true,"href":"https:\/\/viking-intl.com\/tr\/wp-json\/wp\/v2\/pages\/273"}],"wp:attachment":[{"href":"https:\/\/viking-intl.com\/tr\/wp-json\/wp\/v2\/media?parent=821"}],"wp:term":[{"taxonomy":"category","embeddable":true,"href":"https:\/\/viking-intl.com\/tr\/wp-json\/wp\/v2\/categories?post=821"},{"taxonomy":"post_tag","embeddable":true,"href":"https:\/\/viking-intl.com\/tr\/wp-json\/wp\/v2\/tags?post=821"}],"curies":[{"name":"wp","href":"https:\/\/api.w.org\/{rel}","templated":true}]}}