{"id":827,"date":"2017-12-04T15:03:56","date_gmt":"2017-12-04T12:03:56","guid":{"rendered":"https:\/\/www.viking-intl.com\/Viking-intl\/?page_id=827"},"modified":"2026-02-20T21:03:43","modified_gmt":"2026-02-20T21:03:43","slug":"cimento-hizmetleri","status":"publish","type":"page","link":"https:\/\/viking-intl.com\/tr\/products-services\/energy-services\/cementing-services\/","title":{"rendered":"\u00c7imentolama Servisleri"},"content":{"rendered":"<div id=\"pg-827-0\"  class=\"panel-grid\" ><div class=\"panel-grid-core\"><div id=\"pgc-827-0-0\"  class=\"panel-grid-cell\" ><\/div><div id=\"pgc-827-0-1\"  class=\"panel-grid-cell\" ><div class=\"panel-widget-style\" ><div class=\"thinkupslider-sc style1\" data-height=\"200\"><div id=\"thinkupshortcodesthinkup_builder_thinkupslider\" class=\"thinkupslider-sc-core\"><div class=\"rslides-container\" data-speed=\"6000\"><div class=\"rslides-inner page-inner\"><ul class=\"slides\"><li><img decoding=\"async\" src=\"https:\/\/viking-intl.com\/wp-content\/themes\/Renden_Pro\/images\/transparent.png\" style=\"background: url(https:\/\/viking-intl.com\/wp-content\/uploads\/2024\/12\/10-Cementing-1.jpg) no-repeat center; background-size: cover;\" alt=\"\" \/><div class=\"rslides-content\"><div class=\"wrap-safari\"><div class=\"rslides-content-inner\"><div class=\"featured\"><\/div><\/div><\/div><\/div><\/li><\/ul><\/div><\/div><\/div><\/div><\/div><\/div><div id=\"pgc-827-0-2\"  class=\"panel-grid-cell\" ><\/div><\/div><\/div><div id=\"pg-827-1\"  class=\"panel-grid\" ><div class=\"panel-grid-core\"><div id=\"pgc-827-1-0\"  class=\"panel-grid-cell\" ><\/div><div id=\"pgc-827-1-1\"  class=\"panel-grid-cell\" ><div class=\"panel-widget-style\" >\t\t\t<div class=\"textwidget\"><p><strong>G\u00fcvenilirlik ve Hassasiyet \u00d6nemli Oldu\u011funda<\/strong><\/p>\n<p>Viking'in kar\u0131\u015ft\u0131rma ve pompalama sistemleri, m\u00fc\u015fterilerimize de\u011fer ve g\u00fcvenilirlik sunmak \u00fczere \u00f6zel olarak tasarlanm\u0131\u015f bir m\u00fchendislik harikas\u0131d\u0131r. Teknolojimiz, performans, g\u00fcvenlik ve hizmetle desteklenerek en \u00fcst d\u00fczeyde kalmaya devam etmektedir.<\/p>\n<p><strong>\u00c7imentolama<\/strong><\/p>\n<p>Bas\u0131n\u00e7l\u0131 pompalama hizmetlerimiz, mevcut kuyulara yap\u0131lan iyile\u015ftirme \u00e7al\u0131\u015fmalar\u0131n\u0131n yan\u0131 s\u0131ra yeni petrol ve do\u011fal gaz kuyular\u0131n\u0131n tamamlanmas\u0131nda kullan\u0131lan \u00e7imentolama hizmetlerini i\u00e7ermektedir. Viking Services'in \u00e7imentolama hizmetleri, y\u00fcksek kaliteli \u00e7imento ve suyun \u00e7e\u015fitli kat\u0131 ve s\u0131v\u0131 katk\u0131 maddeleriyle kar\u0131\u015ft\u0131r\u0131larak bir \u00e7imento bulamac\u0131 olu\u015fturulmas\u0131ndan olu\u015fur ve bu kar\u0131\u015f\u0131m\u0131n muhafaza borusu ile kuyu deli\u011fi aras\u0131na pompalan\u0131r. \u00c7imento bulamac\u0131n\u0131n \u00f6zelliklerinin, \u00e7imento tedarik\u00e7isine ve yerel su kaynaklar\u0131na g\u00f6re de\u011fi\u015febilece\u011fini de\u011ferlendirmek \u00fczere merkezi, b\u00f6lgesel ve il\u00e7e laboratuvar test tesisleriyle s\u00f6zle\u015fme yapmaktay\u0131z. Petrol sahas\u0131 operasyonlar\u0131nda kullan\u0131lan \u00e7imentolama hizmetlerinin ana uygulamas\u0131, bir kuyunun sondaj ve tamamlama a\u015famas\u0131nda muhafaza borusu ile kuyu deli\u011fi aras\u0131na yap\u0131lan birincil \u00e7imentolamad\u0131r.<\/p>\n<\/div>\n\t\t<\/div><\/div><div id=\"pgc-827-1-2\"  class=\"panel-grid-cell\" ><\/div><\/div><\/div><div id=\"pg-827-2\"  class=\"panel-grid\" ><div class=\"panel-grid-core\"><div id=\"pgc-827-2-0\"  class=\"panel-grid-cell\" ><\/div><div id=\"pgc-827-2-1\"  class=\"panel-grid-cell\" ><div class=\"panel-widget-style\" ><p><img decoding=\"async\" src=\"https:\/\/viking-intl.com\/wp-content\/uploads\/2026\/02\/Cementing.png\" alt=\"\" ><\/p><\/div><\/div><div id=\"pgc-827-2-2\"  class=\"panel-grid-cell\" ><\/div><\/div><\/div><div id=\"pg-827-3\"  class=\"panel-grid\" ><div class=\"panel-grid-core\"><div id=\"pgc-827-3-0\"  class=\"panel-grid-cell\" ><\/div><div id=\"pgc-827-3-1\"  class=\"panel-grid-cell\" ><div class=\"panel-widget-style\" >\t\t\t<div class=\"textwidget\"><p>Viking Hizmetleri, m\u00fc\u015fterilerimizin taleplerindeki devam eden b\u00fcy\u00fcmeyi kar\u015f\u0131lamak i\u00e7in b\u00fcy\u00fcyen envanterini s\u00fcrekli olarak geni\u015fletmektedir.<\/p>\n<\/div>\n\t\t<\/div><\/div><div id=\"pgc-827-3-2\"  class=\"panel-grid-cell\" ><\/div><\/div><\/div>","protected":false},"excerpt":{"rendered":"<p>When Reliability and Precision Matters Viking Services\u2019 mixing and pumping systems have been designed and engineered specifically to bring value and dependability to our customers. Our technology stays on the cutting edge and is backed by performance, safety, and service. Cementing Our pressure pumping services consist of cementing services used in the completion of new<\/p>\n<p class=\"more-link\"><a href=\"https:\/\/viking-intl.com\/tr\/products-services\/energy-services\/cementing-services\/\" class=\"themebutton2\">Daha Fazla Oku<\/a><\/p>","protected":false},"author":1,"featured_media":0,"parent":273,"menu_order":0,"comment_status":"closed","ping_status":"closed","template":"","meta":{"footnotes":""},"categories":[44],"tags":[45,5],"class_list":["post-827","page","type-page","status-publish","hentry","category-cementing","tag-cementing","tag-energy-services"],"_links":{"self":[{"href":"https:\/\/viking-intl.com\/tr\/wp-json\/wp\/v2\/pages\/827","targetHints":{"allow":["GET"]}}],"collection":[{"href":"https:\/\/viking-intl.com\/tr\/wp-json\/wp\/v2\/pages"}],"about":[{"href":"https:\/\/viking-intl.com\/tr\/wp-json\/wp\/v2\/types\/page"}],"author":[{"embeddable":true,"href":"https:\/\/viking-intl.com\/tr\/wp-json\/wp\/v2\/users\/1"}],"replies":[{"embeddable":true,"href":"https:\/\/viking-intl.com\/tr\/wp-json\/wp\/v2\/comments?post=827"}],"version-history":[{"count":3,"href":"https:\/\/viking-intl.com\/tr\/wp-json\/wp\/v2\/pages\/827\/revisions"}],"predecessor-version":[{"id":2058,"href":"https:\/\/viking-intl.com\/tr\/wp-json\/wp\/v2\/pages\/827\/revisions\/2058"}],"up":[{"embeddable":true,"href":"https:\/\/viking-intl.com\/tr\/wp-json\/wp\/v2\/pages\/273"}],"wp:attachment":[{"href":"https:\/\/viking-intl.com\/tr\/wp-json\/wp\/v2\/media?parent=827"}],"wp:term":[{"taxonomy":"category","embeddable":true,"href":"https:\/\/viking-intl.com\/tr\/wp-json\/wp\/v2\/categories?post=827"},{"taxonomy":"post_tag","embeddable":true,"href":"https:\/\/viking-intl.com\/tr\/wp-json\/wp\/v2\/tags?post=827"}],"curies":[{"name":"wp","href":"https:\/\/api.w.org\/{rel}","templated":true}]}}